{"id":5778,"date":"2024-04-17T11:11:26","date_gmt":"2024-04-17T09:11:26","guid":{"rendered":"https:\/\/cbesrl.net\/allgemeine-verkaufsbedingungen\/"},"modified":"2024-04-17T11:11:26","modified_gmt":"2024-04-17T09:11:26","slug":"allgemeine-verkaufsbedingungen","status":"publish","type":"page","link":"https:\/\/cbesrl.net\/de\/allgemeine-verkaufsbedingungen\/","title":{"rendered":"Allgemeine Verkaufsbedingungen"},"content":{"rendered":"\t\t<div data-elementor-type=\"wp-page\" data-elementor-id=\"5778\" class=\"elementor elementor-5778 elementor-4027\" data-elementor-post-type=\"page\">\n\t\t\t\t\t\t<section class=\"elementor-section elementor-top-section elementor-element elementor-element-9725c90 elementor-section-full_width elementor-section-height-default elementor-section-height-default\" data-id=\"9725c90\" data-element_type=\"section\" data-e-type=\"section\">\n\t\t\t\t\t\t<div class=\"elementor-container elementor-column-gap-no\">\n\t\t\t\t\t<div class=\"elementor-column elementor-col-100 elementor-top-column elementor-element elementor-element-383a61d\" data-id=\"383a61d\" data-element_type=\"column\" data-e-type=\"column\">\n\t\t\t<div class=\"elementor-widget-wrap elementor-element-populated\">\n\t\t\t\t\t\t<div class=\"elementor-element elementor-element-6cd6978 elementor-widget elementor-widget-template\" data-id=\"6cd6978\" data-element_type=\"widget\" data-e-type=\"widget\" data-widget_type=\"template.default\">\n\t\t\t\t<div class=\"elementor-widget-container\">\n\t\t\t\t\t\t\t<div class=\"elementor-template\">\n\t\t\t\t\t<div data-elementor-type=\"section\" data-elementor-id=\"441\" class=\"elementor elementor-441\" data-elementor-post-type=\"elementor_library\">\n\t\t\t\t\t<section class=\"elementor-section elementor-top-section elementor-element elementor-element-c0a9c8e elementor-section-height-min-height elementor-section-stretched elementor-section-boxed elementor-section-height-default elementor-section-items-middle\" data-id=\"c0a9c8e\" data-element_type=\"section\" data-e-type=\"section\" data-settings=\"{&quot;background_background&quot;:&quot;classic&quot;,&quot;stretch_section&quot;:&quot;section-stretched&quot;,&quot;background_motion_fx_motion_fx_scrolling&quot;:&quot;yes&quot;,&quot;background_motion_fx_translateY_effect&quot;:&quot;yes&quot;,&quot;background_motion_fx_translateY_speed&quot;:{&quot;unit&quot;:&quot;px&quot;,&quot;size&quot;:4,&quot;sizes&quot;:[]},&quot;background_motion_fx_translateY_affectedRange&quot;:{&quot;unit&quot;:&quot;%&quot;,&quot;size&quot;:&quot;&quot;,&quot;sizes&quot;:{&quot;start&quot;:0,&quot;end&quot;:100}},&quot;background_motion_fx_devices&quot;:[&quot;desktop&quot;,&quot;tablet&quot;,&quot;mobile&quot;]}\">\n\t\t\t\t\t\t\t<div class=\"elementor-background-overlay\"><\/div>\n\t\t\t\t\t\t\t<div class=\"elementor-container elementor-column-gap-no\">\n\t\t\t\t\t<div class=\"elementor-column elementor-col-100 elementor-top-column elementor-element elementor-element-d17b142\" data-id=\"d17b142\" data-element_type=\"column\" data-e-type=\"column\">\n\t\t\t<div class=\"elementor-widget-wrap elementor-element-populated\">\n\t\t\t\t\t\t<div class=\"elementor-element elementor-element-3a99725 elementor-widget elementor-widget-heading\" data-id=\"3a99725\" data-element_type=\"widget\" data-e-type=\"widget\" data-widget_type=\"heading.default\">\n\t\t\t\t<div class=\"elementor-widget-container\">\n\t\t\t\t\t<h2 class=\"elementor-heading-title elementor-size-default\">Allgemeine Verkaufsbedingungen<\/h2>\t\t\t\t<\/div>\n\t\t\t\t<\/div>\n\t\t\t\t\t<\/div>\n\t\t<\/div>\n\t\t\t\t\t<\/div>\n\t\t<\/section>\n\t\t\t\t<\/div>\n\t\t\t\t<\/div>\n\t\t\t\t\t\t<\/div>\n\t\t\t\t<\/div>\n\t\t\t\t\t<\/div>\n\t\t<\/div>\n\t\t\t\t\t<\/div>\n\t\t<\/section>\n\t\t\t\t<section class=\"elementor-section elementor-top-section elementor-element elementor-element-602d3fd elementor-section-boxed elementor-section-height-default elementor-section-height-default\" data-id=\"602d3fd\" data-element_type=\"section\" data-e-type=\"section\">\n\t\t\t\t\t\t<div class=\"elementor-container elementor-column-gap-default\">\n\t\t\t\t\t<div class=\"elementor-column elementor-col-100 elementor-top-column elementor-element elementor-element-576b4c4\" data-id=\"576b4c4\" data-element_type=\"column\" data-e-type=\"column\">\n\t\t\t<div class=\"elementor-widget-wrap elementor-element-populated\">\n\t\t\t\t\t\t<div class=\"elementor-element elementor-element-fb82959 elementor-widget elementor-widget-text-editor\" data-id=\"fb82959\" data-element_type=\"widget\" data-e-type=\"widget\" data-widget_type=\"text-editor.default\">\n\t\t\t\t<div class=\"elementor-widget-container\">\n\t\t\t\t\t\t\t\t\t<p>Allgemeine Verkaufsbedingungen<\/p>\n<p>1. <b>Annahme der Gesch\u00e4ftsbedingungen<\/b><br \/>\nDiese Allgemeinen Verkaufsbedingungen regeln die Beziehung zwischen dem Kunden und unserem Online-Shop. Mit der Bestellung erkl\u00e4ren Sie sich mit diesen Bedingungen einverstanden. Bitte lesen Sie die Allgemeinen Verkaufsbedingungen sorgf\u00e4ltig durch, bevor Sie einen Kauf t\u00e4tigen.<\/p>\n<p>2.<b> Informationen \u00fcber den Verk\u00e4ufer<\/b><br \/>\nDer Verk\u00e4ufer ist CBE s.r.l. mit Sitz in Via Lazio, 13 36015 Santorso VI Italien, Umsatzsteuer-Identifikationsnummer\u00a0<span style=\"color: var( --e-global-color-46ca63a ); font-size: 1rem;\">03272120241<\/span><span style=\"color: var( --e-global-color-46ca63a ); schriftgr\u00f6\u00dfe: 1rem;\">. Sie k\u00f6nnen uns kontaktieren \u00fcber\u00a0<\/span><a style=\"background-color: #ffffff; color: #333366;\" href=\"mailto:info@cbesrl.net\">info@cbesrl.net<\/a><span style=\"color: var( --e-global-color-46ca63a ); schriftgr\u00f6\u00dfe: 1rem;\">\u00a0o <\/span>0445 069080<span style=\"color: var( --e-global-color-46ca63a ); font-size: 1rem;\">\u00a0f\u00fcr Hilfe oder zus\u00e4tzliche Informationen.<\/span><\/p>\n<p>3. <b>Produkte und Beschreibungen<\/b><br \/>\nWir tun unser Bestes, um genaue und detaillierte Beschreibungen der Produkte in unserem Online-Shop bereitzustellen. Es k\u00f6nnen jedoch Fehler oder Ungenauigkeiten auftreten. Wenn ein Produkt nicht der Beschreibung entspricht, kontaktieren Sie uns umgehend f\u00fcr eine L\u00f6sung.<\/p>\n<p>4. <b>Preise und Zahlungen<\/b><br \/>\nDie Preise der Produkte sind in unserem Online-Shop angegeben und werden in Euro ausgedr\u00fcckt, sofern nicht anders angegeben. Die Versandkosten sowie ggf. zus\u00e4tzlich anfallende Steuern und Abgaben werden im Rahmen des Kaufvorgangs angegeben.<\/p>\n<p>5. <b>Kaufvorgang<\/b><br \/>\nUm einen Einkauf in unserem Online-Shop zu t\u00e4tigen, legen Sie die gew\u00fcnschten Produkte in den Warenkorb und befolgen Sie die Anweisungen, um die Bestellung abzuschlie\u00dfen. Bitte geben Sie im Kaufprozess die abgefragten Informationen korrekt und vollst\u00e4ndig an. Sobald Sie Ihre Bestellung aufgegeben haben, erhalten Sie per E-Mail eine Best\u00e4tigung mit den Kaufdetails.<\/p>\n<p>6. <b>Versand und Lieferung<\/b><br \/>\nVersandarten und -zeiten werden in unseren Versandinformationen angegeben. Wir werden unser Bestes tun, um Bestellungen so schnell wie m\u00f6glich zu liefern, k\u00f6nnen jedoch nicht f\u00fcr Verz\u00f6gerungen verantwortlich gemacht werden, die durch Umst\u00e4nde verursacht werden, die au\u00dferhalb unserer Kontrolle liegen.<\/p>\n<p>7. <b>Widerrufsrecht<\/b><br \/>\nGem\u00e4\u00df geltendem Recht haben Sie das Recht, innerhalb von 14 Tagen nach Erhalt der Produkte vom Kauf zur\u00fcckzutreten. Um dieses Recht auszu\u00fcben, kontaktieren Sie uns innerhalb der angegebenen Frist und wir werden Ihnen Anweisungen zur R\u00fcckgabe zukommen lassen. Zur\u00fcckgesandte Produkte m\u00fcssen im gleichen Zustand sein, in dem sie erhalten wurden.<\/p>\n<p>8. <b>Haftungsbeschr\u00e4nkung<\/b><br \/>\nSoweit gesetzlich zul\u00e4ssig, haftet unser Online-Shop nicht f\u00fcr direkte, indirekte, besondere, Folge- oder sonstige Sch\u00e4den, die sich aus der Nutzung unserer Produkte oder Dienstleistungen ergeben<\/p>\n<p>9. <b>Schutz personenbezogener Daten<\/b><br \/>\nWir verarbeiten Ihre personenbezogenen Daten in \u00dcbereinstimmung mit den geltenden Datenschutzgesetzen. Weitere Informationen dar\u00fcber, wie wir Ihre Daten verwalten und sch\u00fctzen, finden Sie in unserer Datenschutzrichtlinie.<\/p>\n<p>10. <b>\u00c4nderungen der Bedingungen<\/b><br \/>\nWir behalten uns das Recht vor, jederzeit \u00c4nderungen an diesen Allgemeinen Verkaufsbedingungen vorzunehmen. Die \u00c4nderungen treten mit der Ver\u00f6ffentlichung in unserem Online-Shop in Kraft. Wir empfehlen Ihnen, regelm\u00e4\u00dfig nach Updates zu suchen.<\/p>\n<p>Dies sind die Allgemeinen Verkaufsbedingungen unseres Online-Shops. Indem Sie diese Bedingungen akzeptieren, best\u00e4tigen Sie, dass Sie gesetzlich berechtigt sind, in unserem Shop einzukaufen. Vielen Dank f\u00fcr Ihr Vertrauen und daf\u00fcr, dass Sie sich f\u00fcr unsere Produkte entschieden haben.<\/p>\n\t\t\t\t\t\t\t\t<\/div>\n\t\t\t\t<\/div>\n\t\t\t\t\t<\/div>\n\t\t<\/div>\n\t\t\t\t\t<\/div>\n\t\t<\/section>\n\t\t\t\t<section class=\"elementor-section elementor-top-section elementor-element elementor-element-f338bca elementor-section-boxed elementor-section-height-default elementor-section-height-default\" data-id=\"f338bca\" data-element_type=\"section\" data-e-type=\"section\" data-settings=\"{&quot;background_background&quot;:&quot;classic&quot;}\">\n\t\t\t\t\t\t<div class=\"elementor-container elementor-column-gap-default\">\n\t\t\t\t\t<div class=\"elementor-column elementor-col-100 elementor-top-column elementor-element elementor-element-a464257\" data-id=\"a464257\" data-element_type=\"column\" data-e-type=\"column\">\n\t\t\t<div class=\"elementor-widget-wrap elementor-element-populated\">\n\t\t\t\t\t\t<section class=\"elementor-section elementor-inner-section elementor-element elementor-element-30f9aa7 elementor-section-boxed elementor-section-height-default elementor-section-height-default\" data-id=\"30f9aa7\" data-element_type=\"section\" data-e-type=\"section\">\n\t\t\t\t\t\t<div class=\"elementor-container elementor-column-gap-default\">\n\t\t\t\t\t<div class=\"elementor-column elementor-col-100 elementor-inner-column elementor-element elementor-element-4ea9edb\" data-id=\"4ea9edb\" data-element_type=\"column\" data-e-type=\"column\">\n\t\t\t<div class=\"elementor-widget-wrap elementor-element-populated\">\n\t\t\t\t\t\t<div class=\"elementor-element elementor-element-5788185 elementor-widget elementor-widget-heading\" data-id=\"5788185\" data-element_type=\"widget\" data-e-type=\"widget\" data-widget_type=\"heading.default\">\n\t\t\t\t<div class=\"elementor-widget-container\">\n\t\t\t\t\t<h2 class=\"elementor-heading-title elementor-size-default\">Kontaktiere uns<\/h2>\t\t\t\t<\/div>\n\t\t\t\t<\/div>\n\t\t\t\t\t<\/div>\n\t\t<\/div>\n\t\t\t\t\t<\/div>\n\t\t<\/section>\n\t\t\t\t<section class=\"elementor-section elementor-inner-section elementor-element elementor-element-5d83ea8 elementor-section-boxed elementor-section-height-default elementor-section-height-default\" data-id=\"5d83ea8\" data-element_type=\"section\" data-e-type=\"section\">\n\t\t\t\t\t\t<div class=\"elementor-container elementor-column-gap-default\">\n\t\t\t\t\t<div class=\"elementor-column elementor-col-50 elementor-inner-column elementor-element elementor-element-e85a8bc\" data-id=\"e85a8bc\" data-element_type=\"column\" data-e-type=\"column\">\n\t\t\t<div class=\"elementor-widget-wrap elementor-element-populated\">\n\t\t\t\t\t\t<div class=\"elementor-element elementor-element-5a3463d elementor-widget elementor-widget-text-editor\" data-id=\"5a3463d\" data-element_type=\"widget\" data-e-type=\"widget\" data-widget_type=\"text-editor.default\">\n\t\t\t\t<div class=\"elementor-widget-container\">\n\t\t\t\t\t\t\t\t\t<p>Allgemein<\/p>\n\t\t\t\t\t\t\t\t<\/div>\n\t\t\t\t<\/div>\n\t\t\t\t<div class=\"elementor-element elementor-element-634157a elementor-icon-list--layout-traditional elementor-list-item-link-full_width elementor-widget elementor-widget-icon-list\" data-id=\"634157a\" data-element_type=\"widget\" data-e-type=\"widget\" data-widget_type=\"icon-list.default\">\n\t\t\t\t<div class=\"elementor-widget-container\">\n\t\t\t\t\t\t\t<ul class=\"elementor-icon-list-items\">\n\t\t\t\t\t\t\t<li class=\"elementor-icon-list-item\">\n\t\t\t\t\t\t\t\t\t\t\t<a href=\"mailto:info@cbesrl.net\">\n\n\t\t\t\t\t\t\t\t\t\t\t\t<span class=\"elementor-icon-list-icon\">\n\t\t\t\t\t\t\t<i aria-hidden=\"true\" class=\"fas fa-envelope\"><\/i>\t\t\t\t\t\t<\/span>\n\t\t\t\t\t\t\t\t\t\t<span class=\"elementor-icon-list-text\">info@cbesrl.net<\/span>\n\t\t\t\t\t\t\t\t\t\t\t<\/a>\n\t\t\t\t\t\t\t\t\t<\/li>\n\t\t\t\t\t\t\t\t<li class=\"elementor-icon-list-item\">\n\t\t\t\t\t\t\t\t\t\t\t<a href=\"tel:+390445069080\">\n\n\t\t\t\t\t\t\t\t\t\t\t\t<span class=\"elementor-icon-list-icon\">\n\t\t\t\t\t\t\t<i aria-hidden=\"true\" class=\"fas fa-phone-square-alt\"><\/i>\t\t\t\t\t\t<\/span>\n\t\t\t\t\t\t\t\t\t\t<span class=\"elementor-icon-list-text\">+39 0445 069080<\/span>\n\t\t\t\t\t\t\t\t\t\t\t<\/a>\n\t\t\t\t\t\t\t\t\t<\/li>\n\t\t\t\t\t\t<\/ul>\n\t\t\t\t\t\t<\/div>\n\t\t\t\t<\/div>\n\t\t\t\t\t<\/div>\n\t\t<\/div>\n\t\t\t\t<div class=\"elementor-column elementor-col-50 elementor-inner-column elementor-element elementor-element-baba0b0\" data-id=\"baba0b0\" data-element_type=\"column\" data-e-type=\"column\">\n\t\t\t<div class=\"elementor-widget-wrap elementor-element-populated\">\n\t\t\t\t\t\t<div class=\"elementor-element elementor-element-2c49a9e elementor-widget elementor-widget-text-editor\" data-id=\"2c49a9e\" data-element_type=\"widget\" data-e-type=\"widget\" data-widget_type=\"text-editor.default\">\n\t\t\t\t<div class=\"elementor-widget-container\">\n\t\t\t\t\t\t\t\t\t<p>Technik \/ Einkauf:<\/p>\n\t\t\t\t\t\t\t\t<\/div>\n\t\t\t\t<\/div>\n\t\t\t\t<div class=\"elementor-element elementor-element-2617c16 elementor-icon-list--layout-traditional elementor-list-item-link-full_width elementor-widget elementor-widget-icon-list\" data-id=\"2617c16\" data-element_type=\"widget\" data-e-type=\"widget\" data-widget_type=\"icon-list.default\">\n\t\t\t\t<div class=\"elementor-widget-container\">\n\t\t\t\t\t\t\t<ul class=\"elementor-icon-list-items\">\n\t\t\t\t\t\t\t<li class=\"elementor-icon-list-item\">\n\t\t\t\t\t\t\t\t\t\t\t<a href=\"mailto:tech@cbesrl.net\">\n\n\t\t\t\t\t\t\t\t\t\t\t\t<span class=\"elementor-icon-list-icon\">\n\t\t\t\t\t\t\t<i aria-hidden=\"true\" class=\"fas fa-envelope\"><\/i>\t\t\t\t\t\t<\/span>\n\t\t\t\t\t\t\t\t\t\t<span class=\"elementor-icon-list-text\">tech@cbesrl.net<\/span>\n\t\t\t\t\t\t\t\t\t\t\t<\/a>\n\t\t\t\t\t\t\t\t\t<\/li>\n\t\t\t\t\t\t\t\t<li class=\"elementor-icon-list-item\">\n\t\t\t\t\t\t\t\t\t\t\t<a href=\"tel:+390445069080\">\n\n\t\t\t\t\t\t\t\t\t\t\t\t<span class=\"elementor-icon-list-icon\">\n\t\t\t\t\t\t\t<i aria-hidden=\"true\" class=\"fas fa-phone-square-alt\"><\/i>\t\t\t\t\t\t<\/span>\n\t\t\t\t\t\t\t\t\t\t<span class=\"elementor-icon-list-text\">+39 0445 069080<\/span>\n\t\t\t\t\t\t\t\t\t\t\t<\/a>\n\t\t\t\t\t\t\t\t\t<\/li>\n\t\t\t\t\t\t<\/ul>\n\t\t\t\t\t\t<\/div>\n\t\t\t\t<\/div>\n\t\t\t\t\t<\/div>\n\t\t<\/div>\n\t\t\t\t\t<\/div>\n\t\t<\/section>\n\t\t\t\t\t<\/div>\n\t\t<\/div>\n\t\t\t\t\t<\/div>\n\t\t<\/section>\n\t\t\t\t<\/div>\n\t\t","protected":false},"excerpt":{"rendered":"<p>Allgemeine Verkaufsbedingungen 1. Annahme der Gesch\u00e4ftsbedingungen Diese Allgemeinen Verkaufsbedingungen regeln die Beziehung zwischen dem Kunden und unserem Online-Shop. Mit der Bestellung erkl\u00e4ren Sie sich mit diesen Bedingungen einverstanden. Bitte lesen Sie die Allgemeinen Verkaufsbedingungen sorgf\u00e4ltig durch, bevor Sie einen Kauf t\u00e4tigen. 2. Informationen \u00fcber den Verk\u00e4ufer Der Verk\u00e4ufer ist CBE s.r.l. mit Sitz in Via [&hellip;]<\/p>\n","protected":false},"author":1,"featured_media":0,"parent":0,"menu_order":0,"comment_status":"closed","ping_status":"closed","template":"","meta":{"footnotes":""},"class_list":["post-5778","page","type-page","status-publish","hentry"],"yoast_head":"<!-- This site is optimized with the Yoast SEO plugin v27.3 - https:\/\/yoast.com\/product\/yoast-seo-wordpress\/ -->\n<title>Allgemeine Verkaufsbedingungen - CBE SRL<\/title>\n<meta name=\"robots\" content=\"index, follow, max-snippet:-1, max-image-preview:large, max-video-preview:-1\" \/>\n<link rel=\"canonical\" href=\"https:\/\/cbesrl.net\/condizioni-generali-di-vendita\/\" \/>\n<meta property=\"og:locale\" content=\"de_DE\" \/>\n<meta property=\"og:type\" content=\"article\" \/>\n<meta property=\"og:title\" content=\"Allgemeine Verkaufsbedingungen - CBE SRL\" \/>\n<meta property=\"og:description\" content=\"Allgemeine Verkaufsbedingungen 1. Annahme der Gesch\u00e4ftsbedingungen Diese Allgemeinen Verkaufsbedingungen regeln die Beziehung zwischen dem Kunden und unserem Online-Shop. Mit der Bestellung erkl\u00e4ren Sie sich mit diesen Bedingungen einverstanden. Bitte lesen Sie die Allgemeinen Verkaufsbedingungen sorgf\u00e4ltig durch, bevor Sie einen Kauf t\u00e4tigen. 2. Informationen \u00fcber den Verk\u00e4ufer Der Verk\u00e4ufer ist CBE s.r.l. mit Sitz in Via [&hellip;]\" \/>\n<meta property=\"og:url\" content=\"https:\/\/cbesrl.net\/condizioni-generali-di-vendita\/\" \/>\n<meta property=\"og:site_name\" content=\"CBE SRL\" \/>\n<meta name=\"twitter:card\" content=\"summary_large_image\" \/>\n<meta name=\"twitter:label1\" content=\"Gesch\u00e4tzte Lesezeit\" \/>\n\t<meta name=\"twitter:data1\" content=\"2\u00a0Minuten\" \/>\n<script type=\"application\/ld+json\" class=\"yoast-schema-graph\">{\"@context\":\"https:\\\/\\\/schema.org\",\"@graph\":[{\"@type\":\"WebPage\",\"@id\":\"https:\\\/\\\/cbesrl.net\\\/condizioni-generali-di-vendita\\\/\",\"url\":\"https:\\\/\\\/cbesrl.net\\\/condizioni-generali-di-vendita\\\/\",\"name\":\"Allgemeine Verkaufsbedingungen - CBE SRL\",\"isPartOf\":{\"@id\":\"https:\\\/\\\/cbesrl.net\\\/#website\"},\"datePublished\":\"2024-04-17T09:11:26+00:00\",\"breadcrumb\":{\"@id\":\"https:\\\/\\\/cbesrl.net\\\/condizioni-generali-di-vendita\\\/#breadcrumb\"},\"inLanguage\":\"de\",\"potentialAction\":[{\"@type\":\"ReadAction\",\"target\":[\"https:\\\/\\\/cbesrl.net\\\/condizioni-generali-di-vendita\\\/\"]}]},{\"@type\":\"BreadcrumbList\",\"@id\":\"https:\\\/\\\/cbesrl.net\\\/condizioni-generali-di-vendita\\\/#breadcrumb\",\"itemListElement\":[{\"@type\":\"ListItem\",\"position\":1,\"name\":\"Home\",\"item\":\"https:\\\/\\\/cbesrl.net\\\/new-home\\\/\"},{\"@type\":\"ListItem\",\"position\":2,\"name\":\"Allgemeine Verkaufsbedingungen\"}]},{\"@type\":\"WebSite\",\"@id\":\"https:\\\/\\\/cbesrl.net\\\/#website\",\"url\":\"https:\\\/\\\/cbesrl.net\\\/\",\"name\":\"CBE SRL\",\"description\":\"\",\"publisher\":{\"@id\":\"https:\\\/\\\/cbesrl.net\\\/#organization\"},\"potentialAction\":[{\"@type\":\"SearchAction\",\"target\":{\"@type\":\"EntryPoint\",\"urlTemplate\":\"https:\\\/\\\/cbesrl.net\\\/?s={search_term_string}\"},\"query-input\":{\"@type\":\"PropertyValueSpecification\",\"valueRequired\":true,\"valueName\":\"search_term_string\"}}],\"inLanguage\":\"de\"},{\"@type\":\"Organization\",\"@id\":\"https:\\\/\\\/cbesrl.net\\\/#organization\",\"name\":\"CBE SRL\",\"url\":\"https:\\\/\\\/cbesrl.net\\\/\",\"logo\":{\"@type\":\"ImageObject\",\"inLanguage\":\"de\",\"@id\":\"https:\\\/\\\/cbesrl.net\\\/#\\\/schema\\\/logo\\\/image\\\/\",\"url\":\"https:\\\/\\\/cbesrl.net\\\/wp-content\\\/uploads\\\/2022\\\/01\\\/cropped-cropped-home1-01logo-1-1.png\",\"contentUrl\":\"https:\\\/\\\/cbesrl.net\\\/wp-content\\\/uploads\\\/2022\\\/01\\\/cropped-cropped-home1-01logo-1-1.png\",\"width\":1200,\"height\":447,\"caption\":\"CBE SRL\"},\"image\":{\"@id\":\"https:\\\/\\\/cbesrl.net\\\/#\\\/schema\\\/logo\\\/image\\\/\"}}]}<\/script>\n<!-- \/ Yoast SEO plugin. -->","yoast_head_json":{"title":"Allgemeine Verkaufsbedingungen - CBE SRL","robots":{"index":"index","follow":"follow","max-snippet":"max-snippet:-1","max-image-preview":"max-image-preview:large","max-video-preview":"max-video-preview:-1"},"canonical":"https:\/\/cbesrl.net\/condizioni-generali-di-vendita\/","og_locale":"de_DE","og_type":"article","og_title":"Allgemeine Verkaufsbedingungen - CBE SRL","og_description":"Allgemeine Verkaufsbedingungen 1. Annahme der Gesch\u00e4ftsbedingungen Diese Allgemeinen Verkaufsbedingungen regeln die Beziehung zwischen dem Kunden und unserem Online-Shop. Mit der Bestellung erkl\u00e4ren Sie sich mit diesen Bedingungen einverstanden. Bitte lesen Sie die Allgemeinen Verkaufsbedingungen sorgf\u00e4ltig durch, bevor Sie einen Kauf t\u00e4tigen. 2. Informationen \u00fcber den Verk\u00e4ufer Der Verk\u00e4ufer ist CBE s.r.l. mit Sitz in Via [&hellip;]","og_url":"https:\/\/cbesrl.net\/condizioni-generali-di-vendita\/","og_site_name":"CBE SRL","twitter_card":"summary_large_image","twitter_misc":{"Gesch\u00e4tzte Lesezeit":"2\u00a0Minuten"},"schema":{"@context":"https:\/\/schema.org","@graph":[{"@type":"WebPage","@id":"https:\/\/cbesrl.net\/condizioni-generali-di-vendita\/","url":"https:\/\/cbesrl.net\/condizioni-generali-di-vendita\/","name":"Allgemeine Verkaufsbedingungen - CBE SRL","isPartOf":{"@id":"https:\/\/cbesrl.net\/#website"},"datePublished":"2024-04-17T09:11:26+00:00","breadcrumb":{"@id":"https:\/\/cbesrl.net\/condizioni-generali-di-vendita\/#breadcrumb"},"inLanguage":"de","potentialAction":[{"@type":"ReadAction","target":["https:\/\/cbesrl.net\/condizioni-generali-di-vendita\/"]}]},{"@type":"BreadcrumbList","@id":"https:\/\/cbesrl.net\/condizioni-generali-di-vendita\/#breadcrumb","itemListElement":[{"@type":"ListItem","position":1,"name":"Home","item":"https:\/\/cbesrl.net\/new-home\/"},{"@type":"ListItem","position":2,"name":"Allgemeine Verkaufsbedingungen"}]},{"@type":"WebSite","@id":"https:\/\/cbesrl.net\/#website","url":"https:\/\/cbesrl.net\/","name":"CBE SRL","description":"","publisher":{"@id":"https:\/\/cbesrl.net\/#organization"},"potentialAction":[{"@type":"SearchAction","target":{"@type":"EntryPoint","urlTemplate":"https:\/\/cbesrl.net\/?s={search_term_string}"},"query-input":{"@type":"PropertyValueSpecification","valueRequired":true,"valueName":"search_term_string"}}],"inLanguage":"de"},{"@type":"Organization","@id":"https:\/\/cbesrl.net\/#organization","name":"CBE SRL","url":"https:\/\/cbesrl.net\/","logo":{"@type":"ImageObject","inLanguage":"de","@id":"https:\/\/cbesrl.net\/#\/schema\/logo\/image\/","url":"https:\/\/cbesrl.net\/wp-content\/uploads\/2022\/01\/cropped-cropped-home1-01logo-1-1.png","contentUrl":"https:\/\/cbesrl.net\/wp-content\/uploads\/2022\/01\/cropped-cropped-home1-01logo-1-1.png","width":1200,"height":447,"caption":"CBE SRL"},"image":{"@id":"https:\/\/cbesrl.net\/#\/schema\/logo\/image\/"}}]}},"_links":{"self":[{"href":"https:\/\/cbesrl.net\/de\/wp-json\/wp\/v2\/pages\/5778","targetHints":{"allow":["GET"]}}],"collection":[{"href":"https:\/\/cbesrl.net\/de\/wp-json\/wp\/v2\/pages"}],"about":[{"href":"https:\/\/cbesrl.net\/de\/wp-json\/wp\/v2\/types\/page"}],"author":[{"embeddable":true,"href":"https:\/\/cbesrl.net\/de\/wp-json\/wp\/v2\/users\/1"}],"replies":[{"embeddable":true,"href":"https:\/\/cbesrl.net\/de\/wp-json\/wp\/v2\/comments?post=5778"}],"version-history":[{"count":1,"href":"https:\/\/cbesrl.net\/de\/wp-json\/wp\/v2\/pages\/5778\/revisions"}],"predecessor-version":[{"id":5779,"href":"https:\/\/cbesrl.net\/de\/wp-json\/wp\/v2\/pages\/5778\/revisions\/5779"}],"wp:attachment":[{"href":"https:\/\/cbesrl.net\/de\/wp-json\/wp\/v2\/media?parent=5778"}],"curies":[{"name":"wp","href":"https:\/\/api.w.org\/{rel}","templated":true}]}}