{"id":7395,"date":"2025-07-16T16:08:10","date_gmt":"2025-07-16T14:08:10","guid":{"rendered":"https:\/\/cbesrl.net\/paletten-lamellenfoerderer\/"},"modified":"2025-07-16T17:48:17","modified_gmt":"2025-07-16T15:48:17","slug":"paletten-lamellenfoerderer","status":"publish","type":"page","link":"https:\/\/cbesrl.net\/de\/automatisierungsmaschinen\/paletten-lamellenfoerderer\/","title":{"rendered":"Paletten-Lamellenf\u00f6rderer"},"content":{"rendered":"\t\t<div data-elementor-type=\"wp-page\" data-elementor-id=\"7395\" class=\"elementor elementor-7395 elementor-7157\" data-elementor-post-type=\"page\">\n\t\t\t\t\t\t<section class=\"elementor-section elementor-top-section elementor-element elementor-element-42f661b2 elementor-section-height-min-height elementor-section-stretched elementor-section-boxed elementor-section-height-default elementor-section-items-middle\" data-id=\"42f661b2\" data-element_type=\"section\" data-e-type=\"section\" data-settings=\"{&quot;background_background&quot;:&quot;classic&quot;,&quot;stretch_section&quot;:&quot;section-stretched&quot;,&quot;background_motion_fx_motion_fx_scrolling&quot;:&quot;yes&quot;,&quot;background_motion_fx_translateY_effect&quot;:&quot;yes&quot;,&quot;background_motion_fx_translateY_speed&quot;:{&quot;unit&quot;:&quot;px&quot;,&quot;size&quot;:4,&quot;sizes&quot;:[]},&quot;background_motion_fx_translateY_affectedRange&quot;:{&quot;unit&quot;:&quot;%&quot;,&quot;size&quot;:&quot;&quot;,&quot;sizes&quot;:{&quot;start&quot;:0,&quot;end&quot;:100}},&quot;background_motion_fx_devices&quot;:[&quot;desktop&quot;,&quot;tablet&quot;,&quot;mobile&quot;]}\">\n\t\t\t\t\t\t\t<div class=\"elementor-background-overlay\"><\/div>\n\t\t\t\t\t\t\t<div class=\"elementor-container elementor-column-gap-no\">\n\t\t\t\t\t<div class=\"elementor-column elementor-col-100 elementor-top-column elementor-element elementor-element-36412f7d\" data-id=\"36412f7d\" data-element_type=\"column\" data-e-type=\"column\">\n\t\t\t<div class=\"elementor-widget-wrap elementor-element-populated\">\n\t\t\t\t\t\t<div class=\"elementor-element elementor-element-4f983cf0 elementor-widget elementor-widget-heading\" data-id=\"4f983cf0\" data-element_type=\"widget\" data-e-type=\"widget\" data-widget_type=\"heading.default\">\n\t\t\t\t<div class=\"elementor-widget-container\">\n\t\t\t\t\t<h2 class=\"elementor-heading-title elementor-size-default\">Paletten-Lamellenf\u00f6rderer<\/h2>\t\t\t\t<\/div>\n\t\t\t\t<\/div>\n\t\t\t\t\t<\/div>\n\t\t<\/div>\n\t\t\t\t\t<\/div>\n\t\t<\/section>\n\t\t\t\t<section class=\"elementor-section elementor-top-section elementor-element elementor-element-902c5b7 elementor-section-boxed elementor-section-height-default elementor-section-height-default\" data-id=\"902c5b7\" data-element_type=\"section\" data-e-type=\"section\">\n\t\t\t\t\t\t<div class=\"elementor-container elementor-column-gap-default\">\n\t\t\t\t\t<div class=\"elementor-column elementor-col-100 elementor-top-column elementor-element elementor-element-9eca9e1\" data-id=\"9eca9e1\" data-element_type=\"column\" data-e-type=\"column\">\n\t\t\t<div class=\"elementor-widget-wrap elementor-element-populated\">\n\t\t\t\t\t\t<section class=\"elementor-section elementor-inner-section elementor-element elementor-element-2f26ba4 elementor-section-boxed elementor-section-height-default elementor-section-height-default\" data-id=\"2f26ba4\" data-element_type=\"section\" data-e-type=\"section\">\n\t\t\t\t\t\t<div class=\"elementor-container elementor-column-gap-default\">\n\t\t\t\t\t<div class=\"elementor-column elementor-col-50 elementor-inner-column elementor-element elementor-element-0addab7\" data-id=\"0addab7\" data-element_type=\"column\" data-e-type=\"column\">\n\t\t\t<div class=\"elementor-widget-wrap elementor-element-populated\">\n\t\t\t\t\t\t<div class=\"elementor-element elementor-element-fc46ebb elementor-widget elementor-widget-heading\" data-id=\"fc46ebb\" data-element_type=\"widget\" data-e-type=\"widget\" data-widget_type=\"heading.default\">\n\t\t\t\t<div class=\"elementor-widget-container\">\n\t\t\t\t\t<h2 class=\"elementor-heading-title elementor-size-default\">Paletten-Lamellenf\u00f6rderer<\/h2>\t\t\t\t<\/div>\n\t\t\t\t<\/div>\n\t\t\t\t<div class=\"elementor-element elementor-element-b08bf48 elementor-widget elementor-widget-text-editor\" data-id=\"b08bf48\" data-element_type=\"widget\" data-e-type=\"widget\" data-widget_type=\"text-editor.default\">\n\t\t\t\t<div class=\"elementor-widget-container\">\n\t\t\t\t\t\t\t\t\t<p>p>Paletten-Lamellenf\u00f6rderer<br \/>Unterflurmontage erm\u00f6glicht die Durchfahrt von Gabelstaplern oder Hubwagen bei Stillstand des F\u00f6rderers.<br \/>Im Betrieb k\u00f6nnen Paletten bis zu 1500 kg transportiert werden.<br \/>F\u00fcr die Installation ist eine Grubentiefe von mindestens 700 mm erforderlich. Die Standardgeschwindigkeit betr\u00e4gt 15 m\/min bei 50 Hz. Der Betrieb ist \u00fcber einen Frequenzumrichter m\u00f6glich.<br \/>Standardmotor:<br \/>Motovario, 1,5 kW.<br \/>Pulverbeschichtete Stahlkonstruktion.<br \/>Erh\u00e4ltlich in unidirektionaler und bidirektionaler Ausf\u00fchrung.<br \/>Abmessungen: L\u00e4nge x Breite x H\u00f6he mm.<\/p>\n<ul>\n<li>2300 x 1000 x 700 Paletten, 800 Paletten.<\/li>\n<li>2300 x 1200 x 700 Paletten. 1000<\/li>\n<li>2300x1500x700 Paletten 1200<\/li>\n<\/ul>\n<p>Auf Anfrage bieten wir kundenspezifische L\u00f6sungen an<\/p>\n\t\t\t\t\t\t\t\t<\/div>\n\t\t\t\t<\/div>\n\t\t\t\t\t<\/div>\n\t\t<\/div>\n\t\t\t\t<div class=\"elementor-column elementor-col-50 elementor-inner-column elementor-element elementor-element-a371fdd\" data-id=\"a371fdd\" data-element_type=\"column\" data-e-type=\"column\">\n\t\t\t<div class=\"elementor-widget-wrap elementor-element-populated\">\n\t\t\t\t\t\t<div class=\"elementor-element elementor-element-e65e459 elementor-widget elementor-widget-image\" data-id=\"e65e459\" data-element_type=\"widget\" data-e-type=\"widget\" data-widget_type=\"image.default\">\n\t\t\t\t<div class=\"elementor-widget-container\">\n\t\t\t\t\t\t\t\t\t\t\t\t\t\t\t<img fetchpriority=\"high\" decoding=\"async\" width=\"800\" height=\"533\" src=\"https:\/\/cbesrl.net\/wp-content\/uploads\/2025\/07\/slat-conveyor.jpg\" class=\"attachment-large size-large wp-image-7163\" alt=\"Nastro trasportatore pallet\" srcset=\"https:\/\/cbesrl.net\/wp-content\/uploads\/2025\/07\/slat-conveyor.jpg 800w, https:\/\/cbesrl.net\/wp-content\/uploads\/2025\/07\/slat-conveyor-300x200.jpg 300w, https:\/\/cbesrl.net\/wp-content\/uploads\/2025\/07\/slat-conveyor-768x512.jpg 768w, https:\/\/cbesrl.net\/wp-content\/uploads\/2025\/07\/slat-conveyor-600x400.jpg 600w\" sizes=\"(max-width: 800px) 100vw, 800px\" \/>\t\t\t\t\t\t\t\t\t\t\t\t\t\t\t<\/div>\n\t\t\t\t<\/div>\n\t\t\t\t\t<\/div>\n\t\t<\/div>\n\t\t\t\t\t<\/div>\n\t\t<\/section>\n\t\t\t\t\t<\/div>\n\t\t<\/div>\n\t\t\t\t\t<\/div>\n\t\t<\/section>\n\t\t\t\t<section class=\"elementor-section elementor-top-section elementor-element elementor-element-23644479 elementor-section-height-min-height elementor-section-stretched elementor-section-boxed elementor-section-height-default elementor-section-items-middle\" data-id=\"23644479\" data-element_type=\"section\" data-e-type=\"section\" data-settings=\"{&quot;background_background&quot;:&quot;classic&quot;,&quot;background_motion_fx_motion_fx_mouse&quot;:&quot;yes&quot;,&quot;background_motion_fx_motion_fx_scrolling&quot;:&quot;yes&quot;,&quot;background_motion_fx_translateY_effect&quot;:&quot;yes&quot;,&quot;background_motion_fx_translateY_speed&quot;:{&quot;unit&quot;:&quot;px&quot;,&quot;size&quot;:10,&quot;sizes&quot;:[]},&quot;stretch_section&quot;:&quot;section-stretched&quot;,&quot;background_motion_fx_translateY_affectedRange&quot;:{&quot;unit&quot;:&quot;%&quot;,&quot;size&quot;:&quot;&quot;,&quot;sizes&quot;:{&quot;start&quot;:0,&quot;end&quot;:100}},&quot;background_motion_fx_devices&quot;:[&quot;desktop&quot;,&quot;tablet&quot;,&quot;mobile&quot;]}\">\n\t\t\t\t\t\t\t<div class=\"elementor-background-overlay\"><\/div>\n\t\t\t\t\t\t\t<div class=\"elementor-container elementor-column-gap-default\">\n\t\t\t\t\t<div class=\"elementor-column elementor-col-100 elementor-top-column elementor-element elementor-element-615e6f54\" data-id=\"615e6f54\" data-element_type=\"column\" data-e-type=\"column\">\n\t\t\t<div class=\"elementor-widget-wrap elementor-element-populated\">\n\t\t\t\t\t\t<section class=\"elementor-section elementor-inner-section elementor-element elementor-element-6deb38e5 elementor-section-boxed elementor-section-height-default elementor-section-height-default\" data-id=\"6deb38e5\" data-element_type=\"section\" data-e-type=\"section\">\n\t\t\t\t\t\t<div class=\"elementor-container elementor-column-gap-default\">\n\t\t\t\t\t<div class=\"elementor-column elementor-col-50 elementor-inner-column elementor-element elementor-element-6bbc3dc4\" data-id=\"6bbc3dc4\" data-element_type=\"column\" data-e-type=\"column\">\n\t\t\t<div class=\"elementor-widget-wrap elementor-element-populated\">\n\t\t\t\t\t\t<div class=\"elementor-element elementor-element-6641710f elementor-widget elementor-widget-menu-anchor\" data-id=\"6641710f\" data-element_type=\"widget\" data-e-type=\"widget\" data-widget_type=\"menu-anchor.default\">\n\t\t\t\t<div class=\"elementor-widget-container\">\n\t\t\t\t\t\t\t<div class=\"elementor-menu-anchor\" id=\"contatto\"><\/div>\n\t\t\t\t\t\t<\/div>\n\t\t\t\t<\/div>\n\t\t\t\t<div class=\"elementor-element elementor-element-7da7a507 elementor-widget elementor-widget-heading\" data-id=\"7da7a507\" data-element_type=\"widget\" data-e-type=\"widget\" data-widget_type=\"heading.default\">\n\t\t\t\t<div class=\"elementor-widget-container\">\n\t\t\t\t\t<h2 class=\"elementor-heading-title elementor-size-default\">Kontaktieren Sie uns <br> f\u00fcr weitere Informationen<\/h2>\t\t\t\t<\/div>\n\t\t\t\t<\/div>\n\t\t\t\t<div class=\"elementor-element elementor-element-2d24889 elementor-widget elementor-widget-text-editor\" data-id=\"2d24889\" data-element_type=\"widget\" data-e-type=\"widget\" data-widget_type=\"text-editor.default\">\n\t\t\t\t<div class=\"elementor-widget-container\">\n\t\t\t\t\t\t\t\t\tM\u00f6chten Sie weitere Informationen anfordern oder ein Angebot anfordern?<br>Rufen Sie uns an oder schreiben Sie uns, wir antworten so schnell wie m\u00f6glich.\t\t\t\t\t\t\t\t<\/div>\n\t\t\t\t<\/div>\n\t\t\t\t\t<\/div>\n\t\t<\/div>\n\t\t\t\t<div class=\"elementor-column elementor-col-50 elementor-inner-column elementor-element elementor-element-3cf9f4c1\" data-id=\"3cf9f4c1\" data-element_type=\"column\" data-e-type=\"column\">\n\t\t\t<div class=\"elementor-widget-wrap elementor-element-populated\">\n\t\t\t\t\t\t<div class=\"elementor-element elementor-element-4daa7c19 linkcampo elementor-button-align-stretch elementor-widget elementor-widget-form\" data-id=\"4daa7c19\" data-element_type=\"widget\" data-e-type=\"widget\" data-settings=\"{&quot;step_next_label&quot;:&quot;Next&quot;,&quot;step_previous_label&quot;:&quot;Previous&quot;,&quot;button_width&quot;:&quot;100&quot;,&quot;step_type&quot;:&quot;number_text&quot;,&quot;step_icon_shape&quot;:&quot;circle&quot;}\" data-widget_type=\"form.default\">\n\t\t\t\t<div class=\"elementor-widget-container\">\n\t\t\t\t\t\t\t<form class=\"elementor-form\" method=\"post\" name=\"Form automazione \" aria-label=\"Form automazione \">\n\t\t\t<input type=\"hidden\" name=\"post_id\" value=\"7395\"\/>\n\t\t\t<input type=\"hidden\" name=\"form_id\" value=\"4daa7c19\"\/>\n\t\t\t<input type=\"hidden\" name=\"referer_title\" value=\"Paletten-Lamellenf\u00f6rderer - CBE SRL\" \/>\n\n\t\t\t\t\t\t\t<input type=\"hidden\" name=\"queried_id\" value=\"7395\"\/>\n\t\t\t\n\t\t\t<div class=\"elementor-form-fields-wrapper elementor-labels-above\">\n\t\t\t\t\t\t\t\t<div class=\"elementor-field-type-text elementor-field-group elementor-column elementor-field-group-name elementor-col-50\">\n\t\t\t\t\t\t\t\t\t\t\t\t\t<input size=\"1\" type=\"text\" name=\"form_fields[name]\" id=\"form-field-name\" class=\"elementor-field elementor-size-sm  elementor-field-textual\" placeholder=\"Vorname\">\n\t\t\t\t\t\t\t\t\t\t\t<\/div>\n\t\t\t\t\t\t\t\t<div class=\"elementor-field-type-text elementor-field-group elementor-column elementor-field-group-field_5e034d2 elementor-col-50\">\n\t\t\t\t\t\t\t\t\t\t\t\t\t<input size=\"1\" type=\"text\" name=\"form_fields[field_5e034d2]\" id=\"form-field-field_5e034d2\" class=\"elementor-field elementor-size-sm  elementor-field-textual\" placeholder=\"Gesellschaft\">\n\t\t\t\t\t\t\t\t\t\t\t<\/div>\n\t\t\t\t\t\t\t\t<div class=\"elementor-field-type-email elementor-field-group elementor-column elementor-field-group-email elementor-col-100 elementor-field-required\">\n\t\t\t\t\t\t\t\t\t\t\t\t\t<input size=\"1\" type=\"email\" name=\"form_fields[email]\" id=\"form-field-email\" class=\"elementor-field elementor-size-sm  elementor-field-textual\" placeholder=\"Email\" required=\"required\">\n\t\t\t\t\t\t\t\t\t\t\t<\/div>\n\t\t\t\t\t\t\t\t<div class=\"elementor-field-type-textarea elementor-field-group elementor-column elementor-field-group-message elementor-col-100\">\n\t\t\t\t\t<textarea class=\"elementor-field-textual elementor-field  elementor-size-sm\" name=\"form_fields[message]\" id=\"form-field-message\" rows=\"4\" placeholder=\"Mitteilung\"><\/textarea>\t\t\t\t<\/div>\n\t\t\t\t\t\t\t\t<div class=\"elementor-field-type-acceptance elementor-field-group elementor-column elementor-field-group-field_ec3d547 elementor-col-100 elementor-field-required\">\n\t\t\t\t\t\t\t<div class=\"elementor-field-subgroup\">\n\t\t\t<span class=\"elementor-field-option\">\n\t\t\t\t<input type=\"checkbox\" name=\"form_fields[field_ec3d547]\" id=\"form-field-field_ec3d547\" class=\"elementor-field elementor-size-sm  elementor-acceptance-field\" required=\"required\">\n\t\t\t\t<label for=\"form-field-field_ec3d547\">Um die Kontaktanfrage zu senden, ist es notwendig, die Datenschutzbestimmungen zu akzeptieren. Ich erkl\u00e4re, dass ich die obigen <a href=\"https:\/\/cbesrl.net\/informativa\/\" target=\"_blank\"> Informationen <\/a> gelesen habe und die Behandlung genehmige.<\/label>\t\t\t<\/span>\n\t\t<\/div>\n\t\t\t\t\t\t<\/div>\n\t\t\t\t\t\t\t\t<div class=\"elementor-field-type-recaptcha_v3 elementor-field-group elementor-column elementor-field-group-field_43fc4d3 elementor-col-100 recaptcha_v3-inline\">\n\t\t\t\t\t<div class=\"elementor-field\" id=\"form-field-field_43fc4d3\"><div class=\"elementor-g-recaptcha\" data-sitekey=\"6Lc90-IrAAAAAJcnn7LcmpUkWzi4vUegYsJkfgOA\" data-type=\"v3\" data-action=\"Form\" data-badge=\"inline\" data-size=\"invisible\"><\/div><\/div>\t\t\t\t<\/div>\n\t\t\t\t\t\t\t\t<div class=\"elementor-field-type-text\">\n\t\t\t\t\t<input size=\"1\" type=\"text\" name=\"form_fields[field_5f6bf92]\" id=\"form-field-field_5f6bf92\" class=\"elementor-field elementor-size-sm \" style=\"display:none !important;\">\t\t\t\t<\/div>\n\t\t\t\t\t\t\t\t<div class=\"elementor-field-group elementor-column elementor-field-type-submit elementor-col-100 e-form__buttons\">\n\t\t\t\t\t<button class=\"elementor-button elementor-size-sm\" type=\"submit\">\n\t\t\t\t\t\t<span class=\"elementor-button-content-wrapper\">\n\t\t\t\t\t\t\t\t\t\t\t\t\t\t\t\t\t\t\t\t\t\t<span class=\"elementor-button-text\">Senden<\/span>\n\t\t\t\t\t\t\t\t\t\t\t\t\t<\/span>\n\t\t\t\t\t<\/button>\n\t\t\t\t<\/div>\n\t\t\t<\/div>\n\t\t<\/form>\n\t\t\t\t\t\t<\/div>\n\t\t\t\t<\/div>\n\t\t\t\t\t<\/div>\n\t\t<\/div>\n\t\t\t\t\t<\/div>\n\t\t<\/section>\n\t\t\t\t\t<\/div>\n\t\t<\/div>\n\t\t\t\t\t<\/div>\n\t\t<\/section>\n\t\t\t\t<\/div>\n\t\t","protected":false},"excerpt":{"rendered":"<p>p>Paletten-Lamellenf\u00f6rdererUnterflurmontage erm\u00f6glicht die Durchfahrt von Gabelstaplern oder Hubwagen bei Stillstand des F\u00f6rderers.Im Betrieb k\u00f6nnen Paletten bis zu 1500 kg transportiert werden.F\u00fcr die Installation ist eine Grubentiefe von mindestens 700 mm erforderlich. Die Standardgeschwindigkeit betr\u00e4gt 15 m\/min bei 50 Hz. Der Betrieb ist \u00fcber einen Frequenzumrichter m\u00f6glich.Standardmotor:Motovario, 1,5 kW.Pulverbeschichtete Stahlkonstruktion.Erh\u00e4ltlich in unidirektionaler und bidirektionaler Ausf\u00fchrung.Abmessungen: L\u00e4nge [&hellip;]<\/p>\n","protected":false},"author":1,"featured_media":0,"parent":7471,"menu_order":0,"comment_status":"closed","ping_status":"closed","template":"elementor_header_footer","meta":{"footnotes":""},"class_list":["post-7395","page","type-page","status-publish","hentry"],"yoast_head":"<!-- This site is optimized with the Yoast SEO plugin v27.3 - https:\/\/yoast.com\/product\/yoast-seo-wordpress\/ -->\n<title>Paletten-Lamellenf\u00f6rderer - CBE SRL<\/title>\n<meta name=\"robots\" content=\"index, follow, max-snippet:-1, max-image-preview:large, max-video-preview:-1\" \/>\n<link rel=\"canonical\" href=\"https:\/\/cbesrl.net\/macchinari-per-lautomazione\/pallet-slat-conveyor\/\" \/>\n<meta property=\"og:locale\" content=\"de_DE\" \/>\n<meta property=\"og:type\" content=\"article\" \/>\n<meta property=\"og:title\" content=\"Paletten-Lamellenf\u00f6rderer - CBE SRL\" \/>\n<meta property=\"og:description\" content=\"p&gt;Paletten-Lamellenf\u00f6rdererUnterflurmontage erm\u00f6glicht die Durchfahrt von Gabelstaplern oder Hubwagen bei Stillstand des F\u00f6rderers.Im Betrieb k\u00f6nnen Paletten bis zu 1500 kg transportiert werden.F\u00fcr die Installation ist eine Grubentiefe von mindestens 700 mm erforderlich. Die Standardgeschwindigkeit betr\u00e4gt 15 m\/min bei 50 Hz. Der Betrieb ist \u00fcber einen Frequenzumrichter m\u00f6glich.Standardmotor:Motovario, 1,5 kW.Pulverbeschichtete Stahlkonstruktion.Erh\u00e4ltlich in unidirektionaler und bidirektionaler Ausf\u00fchrung.Abmessungen: L\u00e4nge [&hellip;]\" \/>\n<meta property=\"og:url\" content=\"https:\/\/cbesrl.net\/macchinari-per-lautomazione\/pallet-slat-conveyor\/\" \/>\n<meta property=\"og:site_name\" content=\"CBE SRL\" \/>\n<meta property=\"article:modified_time\" content=\"2025-07-16T15:48:17+00:00\" \/>\n<meta property=\"og:image\" content=\"https:\/\/cbesrl.net\/wp-content\/uploads\/2025\/07\/slat-conveyor.jpg\" \/>\n\t<meta property=\"og:image:width\" content=\"800\" \/>\n\t<meta property=\"og:image:height\" content=\"533\" \/>\n\t<meta property=\"og:image:type\" content=\"image\/jpeg\" \/>\n<meta name=\"twitter:card\" content=\"summary_large_image\" \/>\n<meta name=\"twitter:label1\" content=\"Gesch\u00e4tzte Lesezeit\" \/>\n\t<meta name=\"twitter:data1\" content=\"1\u00a0Minute\" \/>\n<script type=\"application\/ld+json\" class=\"yoast-schema-graph\">{\"@context\":\"https:\\\/\\\/schema.org\",\"@graph\":[{\"@type\":\"WebPage\",\"@id\":\"https:\\\/\\\/cbesrl.net\\\/macchinari-per-lautomazione\\\/pallet-slat-conveyor\\\/\",\"url\":\"https:\\\/\\\/cbesrl.net\\\/macchinari-per-lautomazione\\\/pallet-slat-conveyor\\\/\",\"name\":\"Paletten-Lamellenf\u00f6rderer - CBE SRL\",\"isPartOf\":{\"@id\":\"https:\\\/\\\/cbesrl.net\\\/#website\"},\"primaryImageOfPage\":{\"@id\":\"https:\\\/\\\/cbesrl.net\\\/macchinari-per-lautomazione\\\/pallet-slat-conveyor\\\/#primaryimage\"},\"image\":{\"@id\":\"https:\\\/\\\/cbesrl.net\\\/macchinari-per-lautomazione\\\/pallet-slat-conveyor\\\/#primaryimage\"},\"thumbnailUrl\":\"https:\\\/\\\/cbesrl.net\\\/wp-content\\\/uploads\\\/2025\\\/07\\\/slat-conveyor.jpg\",\"datePublished\":\"2025-07-16T14:08:10+00:00\",\"dateModified\":\"2025-07-16T15:48:17+00:00\",\"breadcrumb\":{\"@id\":\"https:\\\/\\\/cbesrl.net\\\/macchinari-per-lautomazione\\\/pallet-slat-conveyor\\\/#breadcrumb\"},\"inLanguage\":\"de\",\"potentialAction\":[{\"@type\":\"ReadAction\",\"target\":[\"https:\\\/\\\/cbesrl.net\\\/macchinari-per-lautomazione\\\/pallet-slat-conveyor\\\/\"]}]},{\"@type\":\"ImageObject\",\"inLanguage\":\"de\",\"@id\":\"https:\\\/\\\/cbesrl.net\\\/macchinari-per-lautomazione\\\/pallet-slat-conveyor\\\/#primaryimage\",\"url\":\"https:\\\/\\\/cbesrl.net\\\/wp-content\\\/uploads\\\/2025\\\/07\\\/slat-conveyor.jpg\",\"contentUrl\":\"https:\\\/\\\/cbesrl.net\\\/wp-content\\\/uploads\\\/2025\\\/07\\\/slat-conveyor.jpg\"},{\"@type\":\"BreadcrumbList\",\"@id\":\"https:\\\/\\\/cbesrl.net\\\/macchinari-per-lautomazione\\\/pallet-slat-conveyor\\\/#breadcrumb\",\"itemListElement\":[{\"@type\":\"ListItem\",\"position\":1,\"name\":\"Home\",\"item\":\"https:\\\/\\\/cbesrl.net\\\/new-home\\\/\"},{\"@type\":\"ListItem\",\"position\":2,\"name\":\"Automatisierungsmaschinen\",\"item\":\"https:\\\/\\\/cbesrl.net\\\/macchinari-per-lautomazione\\\/\"},{\"@type\":\"ListItem\",\"position\":3,\"name\":\"Paletten-Lamellenf\u00f6rderer\"}]},{\"@type\":\"WebSite\",\"@id\":\"https:\\\/\\\/cbesrl.net\\\/#website\",\"url\":\"https:\\\/\\\/cbesrl.net\\\/\",\"name\":\"CBE SRL\",\"description\":\"\",\"publisher\":{\"@id\":\"https:\\\/\\\/cbesrl.net\\\/#organization\"},\"potentialAction\":[{\"@type\":\"SearchAction\",\"target\":{\"@type\":\"EntryPoint\",\"urlTemplate\":\"https:\\\/\\\/cbesrl.net\\\/?s={search_term_string}\"},\"query-input\":{\"@type\":\"PropertyValueSpecification\",\"valueRequired\":true,\"valueName\":\"search_term_string\"}}],\"inLanguage\":\"de\"},{\"@type\":\"Organization\",\"@id\":\"https:\\\/\\\/cbesrl.net\\\/#organization\",\"name\":\"CBE SRL\",\"url\":\"https:\\\/\\\/cbesrl.net\\\/\",\"logo\":{\"@type\":\"ImageObject\",\"inLanguage\":\"de\",\"@id\":\"https:\\\/\\\/cbesrl.net\\\/#\\\/schema\\\/logo\\\/image\\\/\",\"url\":\"https:\\\/\\\/cbesrl.net\\\/wp-content\\\/uploads\\\/2022\\\/01\\\/cropped-cropped-home1-01logo-1-1.png\",\"contentUrl\":\"https:\\\/\\\/cbesrl.net\\\/wp-content\\\/uploads\\\/2022\\\/01\\\/cropped-cropped-home1-01logo-1-1.png\",\"width\":1200,\"height\":447,\"caption\":\"CBE SRL\"},\"image\":{\"@id\":\"https:\\\/\\\/cbesrl.net\\\/#\\\/schema\\\/logo\\\/image\\\/\"}}]}<\/script>\n<!-- \/ Yoast SEO plugin. -->","yoast_head_json":{"title":"Paletten-Lamellenf\u00f6rderer - CBE SRL","robots":{"index":"index","follow":"follow","max-snippet":"max-snippet:-1","max-image-preview":"max-image-preview:large","max-video-preview":"max-video-preview:-1"},"canonical":"https:\/\/cbesrl.net\/macchinari-per-lautomazione\/pallet-slat-conveyor\/","og_locale":"de_DE","og_type":"article","og_title":"Paletten-Lamellenf\u00f6rderer - CBE SRL","og_description":"p>Paletten-Lamellenf\u00f6rdererUnterflurmontage erm\u00f6glicht die Durchfahrt von Gabelstaplern oder Hubwagen bei Stillstand des F\u00f6rderers.Im Betrieb k\u00f6nnen Paletten bis zu 1500 kg transportiert werden.F\u00fcr die Installation ist eine Grubentiefe von mindestens 700 mm erforderlich. Die Standardgeschwindigkeit betr\u00e4gt 15 m\/min bei 50 Hz. Der Betrieb ist \u00fcber einen Frequenzumrichter m\u00f6glich.Standardmotor:Motovario, 1,5 kW.Pulverbeschichtete Stahlkonstruktion.Erh\u00e4ltlich in unidirektionaler und bidirektionaler Ausf\u00fchrung.Abmessungen: L\u00e4nge [&hellip;]","og_url":"https:\/\/cbesrl.net\/macchinari-per-lautomazione\/pallet-slat-conveyor\/","og_site_name":"CBE SRL","article_modified_time":"2025-07-16T15:48:17+00:00","og_image":[{"width":800,"height":533,"url":"https:\/\/cbesrl.net\/wp-content\/uploads\/2025\/07\/slat-conveyor.jpg","type":"image\/jpeg"}],"twitter_card":"summary_large_image","twitter_misc":{"Gesch\u00e4tzte Lesezeit":"1\u00a0Minute"},"schema":{"@context":"https:\/\/schema.org","@graph":[{"@type":"WebPage","@id":"https:\/\/cbesrl.net\/macchinari-per-lautomazione\/pallet-slat-conveyor\/","url":"https:\/\/cbesrl.net\/macchinari-per-lautomazione\/pallet-slat-conveyor\/","name":"Paletten-Lamellenf\u00f6rderer - CBE SRL","isPartOf":{"@id":"https:\/\/cbesrl.net\/#website"},"primaryImageOfPage":{"@id":"https:\/\/cbesrl.net\/macchinari-per-lautomazione\/pallet-slat-conveyor\/#primaryimage"},"image":{"@id":"https:\/\/cbesrl.net\/macchinari-per-lautomazione\/pallet-slat-conveyor\/#primaryimage"},"thumbnailUrl":"https:\/\/cbesrl.net\/wp-content\/uploads\/2025\/07\/slat-conveyor.jpg","datePublished":"2025-07-16T14:08:10+00:00","dateModified":"2025-07-16T15:48:17+00:00","breadcrumb":{"@id":"https:\/\/cbesrl.net\/macchinari-per-lautomazione\/pallet-slat-conveyor\/#breadcrumb"},"inLanguage":"de","potentialAction":[{"@type":"ReadAction","target":["https:\/\/cbesrl.net\/macchinari-per-lautomazione\/pallet-slat-conveyor\/"]}]},{"@type":"ImageObject","inLanguage":"de","@id":"https:\/\/cbesrl.net\/macchinari-per-lautomazione\/pallet-slat-conveyor\/#primaryimage","url":"https:\/\/cbesrl.net\/wp-content\/uploads\/2025\/07\/slat-conveyor.jpg","contentUrl":"https:\/\/cbesrl.net\/wp-content\/uploads\/2025\/07\/slat-conveyor.jpg"},{"@type":"BreadcrumbList","@id":"https:\/\/cbesrl.net\/macchinari-per-lautomazione\/pallet-slat-conveyor\/#breadcrumb","itemListElement":[{"@type":"ListItem","position":1,"name":"Home","item":"https:\/\/cbesrl.net\/new-home\/"},{"@type":"ListItem","position":2,"name":"Automatisierungsmaschinen","item":"https:\/\/cbesrl.net\/macchinari-per-lautomazione\/"},{"@type":"ListItem","position":3,"name":"Paletten-Lamellenf\u00f6rderer"}]},{"@type":"WebSite","@id":"https:\/\/cbesrl.net\/#website","url":"https:\/\/cbesrl.net\/","name":"CBE SRL","description":"","publisher":{"@id":"https:\/\/cbesrl.net\/#organization"},"potentialAction":[{"@type":"SearchAction","target":{"@type":"EntryPoint","urlTemplate":"https:\/\/cbesrl.net\/?s={search_term_string}"},"query-input":{"@type":"PropertyValueSpecification","valueRequired":true,"valueName":"search_term_string"}}],"inLanguage":"de"},{"@type":"Organization","@id":"https:\/\/cbesrl.net\/#organization","name":"CBE SRL","url":"https:\/\/cbesrl.net\/","logo":{"@type":"ImageObject","inLanguage":"de","@id":"https:\/\/cbesrl.net\/#\/schema\/logo\/image\/","url":"https:\/\/cbesrl.net\/wp-content\/uploads\/2022\/01\/cropped-cropped-home1-01logo-1-1.png","contentUrl":"https:\/\/cbesrl.net\/wp-content\/uploads\/2022\/01\/cropped-cropped-home1-01logo-1-1.png","width":1200,"height":447,"caption":"CBE SRL"},"image":{"@id":"https:\/\/cbesrl.net\/#\/schema\/logo\/image\/"}}]}},"_links":{"self":[{"href":"https:\/\/cbesrl.net\/de\/wp-json\/wp\/v2\/pages\/7395","targetHints":{"allow":["GET"]}}],"collection":[{"href":"https:\/\/cbesrl.net\/de\/wp-json\/wp\/v2\/pages"}],"about":[{"href":"https:\/\/cbesrl.net\/de\/wp-json\/wp\/v2\/types\/page"}],"author":[{"embeddable":true,"href":"https:\/\/cbesrl.net\/de\/wp-json\/wp\/v2\/users\/1"}],"replies":[{"embeddable":true,"href":"https:\/\/cbesrl.net\/de\/wp-json\/wp\/v2\/comments?post=7395"}],"version-history":[{"count":1,"href":"https:\/\/cbesrl.net\/de\/wp-json\/wp\/v2\/pages\/7395\/revisions"}],"predecessor-version":[{"id":7396,"href":"https:\/\/cbesrl.net\/de\/wp-json\/wp\/v2\/pages\/7395\/revisions\/7396"}],"up":[{"embeddable":true,"href":"https:\/\/cbesrl.net\/de\/wp-json\/wp\/v2\/pages\/7471"}],"wp:attachment":[{"href":"https:\/\/cbesrl.net\/de\/wp-json\/wp\/v2\/media?parent=7395"}],"curies":[{"name":"wp","href":"https:\/\/api.w.org\/{rel}","templated":true}]}}