{"id":4450,"date":"2023-07-01T12:11:19","date_gmt":"2023-07-01T10:11:19","guid":{"rendered":"https:\/\/cbesrl.net\/shop\/schutzanzug\/"},"modified":"2024-03-07T14:59:53","modified_gmt":"2024-03-07T13:59:53","slug":"schutzanzug","status":"publish","type":"product","link":"https:\/\/cbesrl.net\/de\/prodotti\/zubehor-und-ersatzteile-fur-sublimatoren\/schutzanzug\/","title":{"rendered":"Schutzanzug"},"content":{"rendered":"<p><strong>Wichtigste Merkmale<\/strong><\/p>\n<ul>\n<li>Schutzanzug des Typs 5\/6 aus extrem leichtem und atmungsaktivem Material, der Schutz vor gef\u00e4hrlichem Staub, begrenzten Fl\u00fcssigkeitsspritzern und -spritzern bietet<\/li>\n<li>Hergestellt aus hochatmungsaktivem SMMMS-Vliesstoff, der eine effektive Ableitung von K\u00f6rperw\u00e4rme und -feuchtigkeit und eine geringere thermische Belastung gew\u00e4hrleistet<\/li>\n<li>Mehrlagiges 43 g\/m2 weiches und strapazierf\u00e4higes SMS f\u00fcr hohe Leistung<\/li>\n<li>Kapuze mit 3 Klappen, doppeltem Rei\u00dfverschluss, Schutzklappe mit elastischem R\u00fccken und Kn\u00f6cheln zur Verringerung des Risikos von Hautkontakt<\/li>\n<li>Antistatik-Beschichtung EN 1149-5 zur Verringerung elektrostatischer Entladungen und der Gefahr von Funkenbildung<\/li>\n<li>Best\u00e4ndigkeit gegen Nuklearteilchen EN 1073-2<\/li>\n<li>Strickb\u00fcndchen f\u00fcr bequemes und sicheres Anlegen der Arme\n<p>Gr\u00f6\u00dfe XL<\/li>\n<\/ul>\n","protected":false},"excerpt":{"rendered":"<p>Sch\u00fctzen Sie sich und Ihre Kleidung vor Windb\u00f6en und Rauch mit dem 3M\u2122 Schutzanzug<br \/>\nSchutzanzug Typ 5\/6 aus extrem leichtem und atmungsaktivem Material zum Schutz vor gef\u00e4hrlichem Staub. Hergestellt aus hoch atmungsaktivem SMMMS-Vliesstoff, der f\u00fcr eine effektive Ableitung von K\u00f6rperw\u00e4rme und Feuchtigkeit sorgt und die thermische Belastung reduziert<\/p>\n","protected":false},"featured_media":4132,"comment_status":"open","ping_status":"closed","template":"","meta":[],"product_brand":[],"product_cat":[87],"product_tag":[],"class_list":{"0":"post-4450","1":"product","2":"type-product","3":"status-publish","4":"has-post-thumbnail","6":"product_cat-zubehor-und-ersatzteile-fur-sublimatoren","7":"pa_taglie-xl-de","9":"first","10":"instock","11":"taxable","12":"shipping-taxable","13":"purchasable","14":"product-type-simple"},"yoast_head":"<!-- This site is optimized with the Yoast SEO plugin v27.3 - https:\/\/yoast.com\/product\/yoast-seo-wordpress\/ -->\n<title>Imkeranzug - CBESRL<\/title>\n<meta name=\"description\" content=\"Bleiben Sie w\u00e4hrend der Imkerei mit unserem Imkeranzug gesch\u00fctzt, der f\u00fcr Komfort und Sicherheit entwickelt wurde, bei CBESRL.\" \/>\n<meta name=\"robots\" content=\"index, follow, max-snippet:-1, max-image-preview:large, max-video-preview:-1\" \/>\n<link rel=\"canonical\" href=\"https:\/\/cbesrl.net\/prodotti\/accessori\/tuta-protettiva\/\" \/>\n<meta property=\"og:locale\" content=\"de_DE\" \/>\n<meta property=\"og:type\" content=\"article\" \/>\n<meta property=\"og:title\" content=\"Imkeranzug - CBESRL\" \/>\n<meta property=\"og:description\" content=\"Bleiben Sie w\u00e4hrend der Imkerei mit unserem Imkeranzug gesch\u00fctzt, der f\u00fcr Komfort und Sicherheit entwickelt wurde, bei CBESRL.\" \/>\n<meta property=\"og:url\" content=\"https:\/\/cbesrl.net\/prodotti\/accessori\/tuta-protettiva\/\" \/>\n<meta property=\"og:site_name\" content=\"CBE SRL\" \/>\n<meta property=\"article:modified_time\" content=\"2024-03-07T13:59:53+00:00\" \/>\n<meta property=\"og:image\" content=\"https:\/\/cbesrl.net\/wp-content\/uploads\/2023\/08\/image003.png\" \/>\n\t<meta property=\"og:image:width\" content=\"412\" \/>\n\t<meta property=\"og:image:height\" content=\"476\" \/>\n\t<meta property=\"og:image:type\" content=\"image\/png\" \/>\n<meta name=\"twitter:card\" content=\"summary_large_image\" \/>\n<meta name=\"twitter:label1\" content=\"Gesch\u00e4tzte Lesezeit\" \/>\n\t<meta name=\"twitter:data1\" content=\"1\u00a0Minute\" \/>\n<script type=\"application\/ld+json\" class=\"yoast-schema-graph\">{\"@context\":\"https:\\\/\\\/schema.org\",\"@graph\":[{\"@type\":\"WebPage\",\"@id\":\"https:\\\/\\\/cbesrl.net\\\/prodotti\\\/accessori\\\/tuta-protettiva\\\/\",\"url\":\"https:\\\/\\\/cbesrl.net\\\/prodotti\\\/accessori\\\/tuta-protettiva\\\/\",\"name\":\"Imkeranzug - CBESRL\",\"isPartOf\":{\"@id\":\"https:\\\/\\\/cbesrl.net\\\/#website\"},\"primaryImageOfPage\":{\"@id\":\"https:\\\/\\\/cbesrl.net\\\/prodotti\\\/accessori\\\/tuta-protettiva\\\/#primaryimage\"},\"image\":{\"@id\":\"https:\\\/\\\/cbesrl.net\\\/prodotti\\\/accessori\\\/tuta-protettiva\\\/#primaryimage\"},\"thumbnailUrl\":\"https:\\\/\\\/cbesrl.net\\\/wp-content\\\/uploads\\\/2023\\\/08\\\/image003.png\",\"datePublished\":\"2023-07-01T10:11:19+00:00\",\"dateModified\":\"2024-03-07T13:59:53+00:00\",\"description\":\"Bleiben Sie w\u00e4hrend der Imkerei mit unserem Imkeranzug gesch\u00fctzt, der f\u00fcr Komfort und Sicherheit entwickelt wurde, bei CBESRL.\",\"breadcrumb\":{\"@id\":\"https:\\\/\\\/cbesrl.net\\\/prodotti\\\/accessori\\\/tuta-protettiva\\\/#breadcrumb\"},\"inLanguage\":\"de\",\"potentialAction\":[{\"@type\":\"ReadAction\",\"target\":[\"https:\\\/\\\/cbesrl.net\\\/prodotti\\\/accessori\\\/tuta-protettiva\\\/\"]}]},{\"@type\":\"ImageObject\",\"inLanguage\":\"de\",\"@id\":\"https:\\\/\\\/cbesrl.net\\\/prodotti\\\/accessori\\\/tuta-protettiva\\\/#primaryimage\",\"url\":\"https:\\\/\\\/cbesrl.net\\\/wp-content\\\/uploads\\\/2023\\\/08\\\/image003.png\",\"contentUrl\":\"https:\\\/\\\/cbesrl.net\\\/wp-content\\\/uploads\\\/2023\\\/08\\\/image003.png\",\"width\":412,\"height\":476,\"caption\":\"tuta apicoltura\"},{\"@type\":\"BreadcrumbList\",\"@id\":\"https:\\\/\\\/cbesrl.net\\\/prodotti\\\/accessori\\\/tuta-protettiva\\\/#breadcrumb\",\"itemListElement\":[{\"@type\":\"ListItem\",\"position\":1,\"name\":\"Home\",\"item\":\"https:\\\/\\\/cbesrl.net\\\/new-home\\\/\"},{\"@type\":\"ListItem\",\"position\":2,\"name\":\"Shop\",\"item\":\"https:\\\/\\\/cbesrl.net\\\/de\\\/shop-2\\\/\"},{\"@type\":\"ListItem\",\"position\":3,\"name\":\"Schutzanzug\"}]},{\"@type\":\"WebSite\",\"@id\":\"https:\\\/\\\/cbesrl.net\\\/#website\",\"url\":\"https:\\\/\\\/cbesrl.net\\\/\",\"name\":\"CBE SRL\",\"description\":\"\",\"publisher\":{\"@id\":\"https:\\\/\\\/cbesrl.net\\\/#organization\"},\"potentialAction\":[{\"@type\":\"SearchAction\",\"target\":{\"@type\":\"EntryPoint\",\"urlTemplate\":\"https:\\\/\\\/cbesrl.net\\\/?s={search_term_string}\"},\"query-input\":{\"@type\":\"PropertyValueSpecification\",\"valueRequired\":true,\"valueName\":\"search_term_string\"}}],\"inLanguage\":\"de\"},{\"@type\":\"Organization\",\"@id\":\"https:\\\/\\\/cbesrl.net\\\/#organization\",\"name\":\"CBE SRL\",\"url\":\"https:\\\/\\\/cbesrl.net\\\/\",\"logo\":{\"@type\":\"ImageObject\",\"inLanguage\":\"de\",\"@id\":\"https:\\\/\\\/cbesrl.net\\\/#\\\/schema\\\/logo\\\/image\\\/\",\"url\":\"https:\\\/\\\/cbesrl.net\\\/wp-content\\\/uploads\\\/2022\\\/01\\\/cropped-cropped-home1-01logo-1-1.png\",\"contentUrl\":\"https:\\\/\\\/cbesrl.net\\\/wp-content\\\/uploads\\\/2022\\\/01\\\/cropped-cropped-home1-01logo-1-1.png\",\"width\":1200,\"height\":447,\"caption\":\"CBE SRL\"},\"image\":{\"@id\":\"https:\\\/\\\/cbesrl.net\\\/#\\\/schema\\\/logo\\\/image\\\/\"}}]}<\/script>\n<!-- \/ Yoast SEO plugin. -->","yoast_head_json":{"title":"Imkeranzug - CBESRL","description":"Bleiben Sie w\u00e4hrend der Imkerei mit unserem Imkeranzug gesch\u00fctzt, der f\u00fcr Komfort und Sicherheit entwickelt wurde, bei CBESRL.","robots":{"index":"index","follow":"follow","max-snippet":"max-snippet:-1","max-image-preview":"max-image-preview:large","max-video-preview":"max-video-preview:-1"},"canonical":"https:\/\/cbesrl.net\/prodotti\/accessori\/tuta-protettiva\/","og_locale":"de_DE","og_type":"article","og_title":"Imkeranzug - CBESRL","og_description":"Bleiben Sie w\u00e4hrend der Imkerei mit unserem Imkeranzug gesch\u00fctzt, der f\u00fcr Komfort und Sicherheit entwickelt wurde, bei CBESRL.","og_url":"https:\/\/cbesrl.net\/prodotti\/accessori\/tuta-protettiva\/","og_site_name":"CBE SRL","article_modified_time":"2024-03-07T13:59:53+00:00","og_image":[{"width":412,"height":476,"url":"https:\/\/cbesrl.net\/wp-content\/uploads\/2023\/08\/image003.png","type":"image\/png"}],"twitter_card":"summary_large_image","twitter_misc":{"Gesch\u00e4tzte Lesezeit":"1\u00a0Minute"},"schema":{"@context":"https:\/\/schema.org","@graph":[{"@type":"WebPage","@id":"https:\/\/cbesrl.net\/prodotti\/accessori\/tuta-protettiva\/","url":"https:\/\/cbesrl.net\/prodotti\/accessori\/tuta-protettiva\/","name":"Imkeranzug - CBESRL","isPartOf":{"@id":"https:\/\/cbesrl.net\/#website"},"primaryImageOfPage":{"@id":"https:\/\/cbesrl.net\/prodotti\/accessori\/tuta-protettiva\/#primaryimage"},"image":{"@id":"https:\/\/cbesrl.net\/prodotti\/accessori\/tuta-protettiva\/#primaryimage"},"thumbnailUrl":"https:\/\/cbesrl.net\/wp-content\/uploads\/2023\/08\/image003.png","datePublished":"2023-07-01T10:11:19+00:00","dateModified":"2024-03-07T13:59:53+00:00","description":"Bleiben Sie w\u00e4hrend der Imkerei mit unserem Imkeranzug gesch\u00fctzt, der f\u00fcr Komfort und Sicherheit entwickelt wurde, bei CBESRL.","breadcrumb":{"@id":"https:\/\/cbesrl.net\/prodotti\/accessori\/tuta-protettiva\/#breadcrumb"},"inLanguage":"de","potentialAction":[{"@type":"ReadAction","target":["https:\/\/cbesrl.net\/prodotti\/accessori\/tuta-protettiva\/"]}]},{"@type":"ImageObject","inLanguage":"de","@id":"https:\/\/cbesrl.net\/prodotti\/accessori\/tuta-protettiva\/#primaryimage","url":"https:\/\/cbesrl.net\/wp-content\/uploads\/2023\/08\/image003.png","contentUrl":"https:\/\/cbesrl.net\/wp-content\/uploads\/2023\/08\/image003.png","width":412,"height":476,"caption":"tuta apicoltura"},{"@type":"BreadcrumbList","@id":"https:\/\/cbesrl.net\/prodotti\/accessori\/tuta-protettiva\/#breadcrumb","itemListElement":[{"@type":"ListItem","position":1,"name":"Home","item":"https:\/\/cbesrl.net\/new-home\/"},{"@type":"ListItem","position":2,"name":"Shop","item":"https:\/\/cbesrl.net\/de\/shop-2\/"},{"@type":"ListItem","position":3,"name":"Schutzanzug"}]},{"@type":"WebSite","@id":"https:\/\/cbesrl.net\/#website","url":"https:\/\/cbesrl.net\/","name":"CBE SRL","description":"","publisher":{"@id":"https:\/\/cbesrl.net\/#organization"},"potentialAction":[{"@type":"SearchAction","target":{"@type":"EntryPoint","urlTemplate":"https:\/\/cbesrl.net\/?s={search_term_string}"},"query-input":{"@type":"PropertyValueSpecification","valueRequired":true,"valueName":"search_term_string"}}],"inLanguage":"de"},{"@type":"Organization","@id":"https:\/\/cbesrl.net\/#organization","name":"CBE SRL","url":"https:\/\/cbesrl.net\/","logo":{"@type":"ImageObject","inLanguage":"de","@id":"https:\/\/cbesrl.net\/#\/schema\/logo\/image\/","url":"https:\/\/cbesrl.net\/wp-content\/uploads\/2022\/01\/cropped-cropped-home1-01logo-1-1.png","contentUrl":"https:\/\/cbesrl.net\/wp-content\/uploads\/2022\/01\/cropped-cropped-home1-01logo-1-1.png","width":1200,"height":447,"caption":"CBE SRL"},"image":{"@id":"https:\/\/cbesrl.net\/#\/schema\/logo\/image\/"}}]}},"_links":{"self":[{"href":"https:\/\/cbesrl.net\/de\/wp-json\/wp\/v2\/product\/4450","targetHints":{"allow":["GET"]}}],"collection":[{"href":"https:\/\/cbesrl.net\/de\/wp-json\/wp\/v2\/product"}],"about":[{"href":"https:\/\/cbesrl.net\/de\/wp-json\/wp\/v2\/types\/product"}],"replies":[{"embeddable":true,"href":"https:\/\/cbesrl.net\/de\/wp-json\/wp\/v2\/comments?post=4450"}],"wp:featuredmedia":[{"embeddable":true,"href":"https:\/\/cbesrl.net\/de\/wp-json\/wp\/v2\/media\/4132"}],"wp:attachment":[{"href":"https:\/\/cbesrl.net\/de\/wp-json\/wp\/v2\/media?parent=4450"}],"wp:term":[{"taxonomy":"product_brand","embeddable":true,"href":"https:\/\/cbesrl.net\/de\/wp-json\/wp\/v2\/product_brand?post=4450"},{"taxonomy":"product_cat","embeddable":true,"href":"https:\/\/cbesrl.net\/de\/wp-json\/wp\/v2\/product_cat?post=4450"},{"taxonomy":"product_tag","embeddable":true,"href":"https:\/\/cbesrl.net\/de\/wp-json\/wp\/v2\/product_tag?post=4450"}],"curies":[{"name":"wp","href":"https:\/\/api.w.org\/{rel}","templated":true}]}}