{"id":4456,"date":"2023-07-13T14:59:30","date_gmt":"2023-07-13T12:59:30","guid":{"rendered":"https:\/\/cbesrl.net\/shop\/3-ox-3kg-oxalsaure\/"},"modified":"2024-03-07T14:48:46","modified_gmt":"2024-03-07T13:48:46","slug":"3-ox-3kg-oxalsaure","status":"publish","type":"product","link":"https:\/\/cbesrl.net\/de\/prodotti\/zubehor-und-ersatzteile-fur-sublimatoren\/3-ox-3kg-oxalsaure\/","title":{"rendered":"3 OX &#8211; 3kg Oxals\u00e4ure"},"content":{"rendered":"","protected":false},"excerpt":{"rendered":"<p>Oxals\u00e4ure in Eimerform, pharmazeutische Qualit\u00e4t.<\/p>\n<p><strong>3 KG &#8211; 17 Euro pro kg (ohne MwSt.)<\/strong><\/p>\n<p>Die reinste auf dem Markt, garantiert wirksam. Auch zum Reinigen von Wachs.<\/p>\n<p>Pharmazeutische Qualit\u00e4t, feinste und fast 100% rein. Empfohlen f\u00fcr CBE-Sublimatoren.<\/p>\n","protected":false},"featured_media":3905,"comment_status":"open","ping_status":"closed","template":"","meta":[],"product_brand":[],"product_cat":[87],"product_tag":[],"class_list":{"0":"post-4456","1":"product","2":"type-product","3":"status-publish","4":"has-post-thumbnail","6":"product_cat-zubehor-und-ersatzteile-fur-sublimatoren","8":"first","9":"instock","10":"taxable","11":"shipping-taxable","12":"purchasable","13":"product-type-simple"},"yoast_head":"<!-- This site is optimized with the Yoast SEO plugin v27.3 - https:\/\/yoast.com\/product\/yoast-seo-wordpress\/ -->\n<title>3 kg Oxals\u00e4ure f\u00fcr Imkerei - CBESRL<\/title>\n<meta name=\"description\" content=\"Erhalten Sie 3 kg Oxals\u00e4ure f\u00fcr Imkerei, perfekt f\u00fcr die Bienenstockpflege, bei CBESRL.\" \/>\n<meta name=\"robots\" content=\"index, follow, max-snippet:-1, max-image-preview:large, max-video-preview:-1\" \/>\n<link rel=\"canonical\" href=\"https:\/\/cbesrl.net\/de\/prodotti\/zubehor-und-ersatzteile-fur-sublimatoren\/3-ox-3kg-oxalsaure\/\" \/>\n<meta property=\"og:locale\" content=\"de_DE\" \/>\n<meta property=\"og:type\" content=\"article\" \/>\n<meta property=\"og:title\" content=\"3 kg Oxals\u00e4ure f\u00fcr Imkerei - CBESRL\" \/>\n<meta property=\"og:description\" content=\"Erhalten Sie 3 kg Oxals\u00e4ure f\u00fcr Imkerei, perfekt f\u00fcr die Bienenstockpflege, bei CBESRL.\" \/>\n<meta property=\"og:url\" content=\"https:\/\/cbesrl.net\/de\/prodotti\/zubehor-und-ersatzteile-fur-sublimatoren\/3-ox-3kg-oxalsaure\/\" \/>\n<meta property=\"og:site_name\" content=\"CBE SRL\" \/>\n<meta property=\"article:modified_time\" content=\"2024-03-07T13:48:46+00:00\" \/>\n<meta property=\"og:image\" content=\"https:\/\/cbesrl.net\/wp-content\/uploads\/2023\/07\/9.jpg\" \/>\n\t<meta property=\"og:image:width\" content=\"424\" \/>\n\t<meta property=\"og:image:height\" content=\"605\" \/>\n\t<meta property=\"og:image:type\" content=\"image\/jpeg\" \/>\n<meta name=\"twitter:card\" content=\"summary_large_image\" \/>\n<meta name=\"twitter:label1\" content=\"Gesch\u00e4tzte Lesezeit\" \/>\n\t<meta name=\"twitter:data1\" content=\"1\u00a0Minute\" \/>\n<script type=\"application\/ld+json\" class=\"yoast-schema-graph\">{\"@context\":\"https:\\\/\\\/schema.org\",\"@graph\":[{\"@type\":\"WebPage\",\"@id\":\"https:\\\/\\\/cbesrl.net\\\/de\\\/prodotti\\\/zubehor-und-ersatzteile-fur-sublimatoren\\\/3-ox-3kg-oxalsaure\\\/\",\"url\":\"https:\\\/\\\/cbesrl.net\\\/de\\\/prodotti\\\/zubehor-und-ersatzteile-fur-sublimatoren\\\/3-ox-3kg-oxalsaure\\\/\",\"name\":\"3 kg Oxals\u00e4ure f\u00fcr Imkerei - CBESRL\",\"isPartOf\":{\"@id\":\"https:\\\/\\\/cbesrl.net\\\/#website\"},\"primaryImageOfPage\":{\"@id\":\"https:\\\/\\\/cbesrl.net\\\/de\\\/prodotti\\\/zubehor-und-ersatzteile-fur-sublimatoren\\\/3-ox-3kg-oxalsaure\\\/#primaryimage\"},\"image\":{\"@id\":\"https:\\\/\\\/cbesrl.net\\\/de\\\/prodotti\\\/zubehor-und-ersatzteile-fur-sublimatoren\\\/3-ox-3kg-oxalsaure\\\/#primaryimage\"},\"thumbnailUrl\":\"https:\\\/\\\/cbesrl.net\\\/wp-content\\\/uploads\\\/2023\\\/07\\\/9.jpg\",\"datePublished\":\"2023-07-13T12:59:30+00:00\",\"dateModified\":\"2024-03-07T13:48:46+00:00\",\"description\":\"Erhalten Sie 3 kg Oxals\u00e4ure f\u00fcr Imkerei, perfekt f\u00fcr die Bienenstockpflege, bei CBESRL.\",\"breadcrumb\":{\"@id\":\"https:\\\/\\\/cbesrl.net\\\/de\\\/prodotti\\\/zubehor-und-ersatzteile-fur-sublimatoren\\\/3-ox-3kg-oxalsaure\\\/#breadcrumb\"},\"inLanguage\":\"de\",\"potentialAction\":[{\"@type\":\"ReadAction\",\"target\":[\"https:\\\/\\\/cbesrl.net\\\/de\\\/prodotti\\\/zubehor-und-ersatzteile-fur-sublimatoren\\\/3-ox-3kg-oxalsaure\\\/\"]}]},{\"@type\":\"ImageObject\",\"inLanguage\":\"de\",\"@id\":\"https:\\\/\\\/cbesrl.net\\\/de\\\/prodotti\\\/zubehor-und-ersatzteile-fur-sublimatoren\\\/3-ox-3kg-oxalsaure\\\/#primaryimage\",\"url\":\"https:\\\/\\\/cbesrl.net\\\/wp-content\\\/uploads\\\/2023\\\/07\\\/9.jpg\",\"contentUrl\":\"https:\\\/\\\/cbesrl.net\\\/wp-content\\\/uploads\\\/2023\\\/07\\\/9.jpg\",\"width\":424,\"height\":605,\"caption\":\"acido ossalico apicoltura 1 kg\"},{\"@type\":\"BreadcrumbList\",\"@id\":\"https:\\\/\\\/cbesrl.net\\\/de\\\/prodotti\\\/zubehor-und-ersatzteile-fur-sublimatoren\\\/3-ox-3kg-oxalsaure\\\/#breadcrumb\",\"itemListElement\":[{\"@type\":\"ListItem\",\"position\":1,\"name\":\"Home\",\"item\":\"https:\\\/\\\/cbesrl.net\\\/new-home\\\/\"},{\"@type\":\"ListItem\",\"position\":2,\"name\":\"Shop\",\"item\":\"https:\\\/\\\/cbesrl.net\\\/de\\\/shop-2\\\/\"},{\"@type\":\"ListItem\",\"position\":3,\"name\":\"3 OX &#8211; 3kg Oxals\u00e4ure\"}]},{\"@type\":\"WebSite\",\"@id\":\"https:\\\/\\\/cbesrl.net\\\/#website\",\"url\":\"https:\\\/\\\/cbesrl.net\\\/\",\"name\":\"CBE SRL\",\"description\":\"\",\"publisher\":{\"@id\":\"https:\\\/\\\/cbesrl.net\\\/#organization\"},\"potentialAction\":[{\"@type\":\"SearchAction\",\"target\":{\"@type\":\"EntryPoint\",\"urlTemplate\":\"https:\\\/\\\/cbesrl.net\\\/?s={search_term_string}\"},\"query-input\":{\"@type\":\"PropertyValueSpecification\",\"valueRequired\":true,\"valueName\":\"search_term_string\"}}],\"inLanguage\":\"de\"},{\"@type\":\"Organization\",\"@id\":\"https:\\\/\\\/cbesrl.net\\\/#organization\",\"name\":\"CBE SRL\",\"url\":\"https:\\\/\\\/cbesrl.net\\\/\",\"logo\":{\"@type\":\"ImageObject\",\"inLanguage\":\"de\",\"@id\":\"https:\\\/\\\/cbesrl.net\\\/#\\\/schema\\\/logo\\\/image\\\/\",\"url\":\"https:\\\/\\\/cbesrl.net\\\/wp-content\\\/uploads\\\/2022\\\/01\\\/cropped-cropped-home1-01logo-1-1.png\",\"contentUrl\":\"https:\\\/\\\/cbesrl.net\\\/wp-content\\\/uploads\\\/2022\\\/01\\\/cropped-cropped-home1-01logo-1-1.png\",\"width\":1200,\"height\":447,\"caption\":\"CBE SRL\"},\"image\":{\"@id\":\"https:\\\/\\\/cbesrl.net\\\/#\\\/schema\\\/logo\\\/image\\\/\"}}]}<\/script>\n<!-- \/ Yoast SEO plugin. -->","yoast_head_json":{"title":"3 kg Oxals\u00e4ure f\u00fcr Imkerei - CBESRL","description":"Erhalten Sie 3 kg Oxals\u00e4ure f\u00fcr Imkerei, perfekt f\u00fcr die Bienenstockpflege, bei CBESRL.","robots":{"index":"index","follow":"follow","max-snippet":"max-snippet:-1","max-image-preview":"max-image-preview:large","max-video-preview":"max-video-preview:-1"},"canonical":"https:\/\/cbesrl.net\/de\/prodotti\/zubehor-und-ersatzteile-fur-sublimatoren\/3-ox-3kg-oxalsaure\/","og_locale":"de_DE","og_type":"article","og_title":"3 kg Oxals\u00e4ure f\u00fcr Imkerei - CBESRL","og_description":"Erhalten Sie 3 kg Oxals\u00e4ure f\u00fcr Imkerei, perfekt f\u00fcr die Bienenstockpflege, bei CBESRL.","og_url":"https:\/\/cbesrl.net\/de\/prodotti\/zubehor-und-ersatzteile-fur-sublimatoren\/3-ox-3kg-oxalsaure\/","og_site_name":"CBE SRL","article_modified_time":"2024-03-07T13:48:46+00:00","og_image":[{"width":424,"height":605,"url":"https:\/\/cbesrl.net\/wp-content\/uploads\/2023\/07\/9.jpg","type":"image\/jpeg"}],"twitter_card":"summary_large_image","twitter_misc":{"Gesch\u00e4tzte Lesezeit":"1\u00a0Minute"},"schema":{"@context":"https:\/\/schema.org","@graph":[{"@type":"WebPage","@id":"https:\/\/cbesrl.net\/de\/prodotti\/zubehor-und-ersatzteile-fur-sublimatoren\/3-ox-3kg-oxalsaure\/","url":"https:\/\/cbesrl.net\/de\/prodotti\/zubehor-und-ersatzteile-fur-sublimatoren\/3-ox-3kg-oxalsaure\/","name":"3 kg Oxals\u00e4ure f\u00fcr Imkerei - CBESRL","isPartOf":{"@id":"https:\/\/cbesrl.net\/#website"},"primaryImageOfPage":{"@id":"https:\/\/cbesrl.net\/de\/prodotti\/zubehor-und-ersatzteile-fur-sublimatoren\/3-ox-3kg-oxalsaure\/#primaryimage"},"image":{"@id":"https:\/\/cbesrl.net\/de\/prodotti\/zubehor-und-ersatzteile-fur-sublimatoren\/3-ox-3kg-oxalsaure\/#primaryimage"},"thumbnailUrl":"https:\/\/cbesrl.net\/wp-content\/uploads\/2023\/07\/9.jpg","datePublished":"2023-07-13T12:59:30+00:00","dateModified":"2024-03-07T13:48:46+00:00","description":"Erhalten Sie 3 kg Oxals\u00e4ure f\u00fcr Imkerei, perfekt f\u00fcr die Bienenstockpflege, bei CBESRL.","breadcrumb":{"@id":"https:\/\/cbesrl.net\/de\/prodotti\/zubehor-und-ersatzteile-fur-sublimatoren\/3-ox-3kg-oxalsaure\/#breadcrumb"},"inLanguage":"de","potentialAction":[{"@type":"ReadAction","target":["https:\/\/cbesrl.net\/de\/prodotti\/zubehor-und-ersatzteile-fur-sublimatoren\/3-ox-3kg-oxalsaure\/"]}]},{"@type":"ImageObject","inLanguage":"de","@id":"https:\/\/cbesrl.net\/de\/prodotti\/zubehor-und-ersatzteile-fur-sublimatoren\/3-ox-3kg-oxalsaure\/#primaryimage","url":"https:\/\/cbesrl.net\/wp-content\/uploads\/2023\/07\/9.jpg","contentUrl":"https:\/\/cbesrl.net\/wp-content\/uploads\/2023\/07\/9.jpg","width":424,"height":605,"caption":"acido ossalico apicoltura 1 kg"},{"@type":"BreadcrumbList","@id":"https:\/\/cbesrl.net\/de\/prodotti\/zubehor-und-ersatzteile-fur-sublimatoren\/3-ox-3kg-oxalsaure\/#breadcrumb","itemListElement":[{"@type":"ListItem","position":1,"name":"Home","item":"https:\/\/cbesrl.net\/new-home\/"},{"@type":"ListItem","position":2,"name":"Shop","item":"https:\/\/cbesrl.net\/de\/shop-2\/"},{"@type":"ListItem","position":3,"name":"3 OX &#8211; 3kg Oxals\u00e4ure"}]},{"@type":"WebSite","@id":"https:\/\/cbesrl.net\/#website","url":"https:\/\/cbesrl.net\/","name":"CBE SRL","description":"","publisher":{"@id":"https:\/\/cbesrl.net\/#organization"},"potentialAction":[{"@type":"SearchAction","target":{"@type":"EntryPoint","urlTemplate":"https:\/\/cbesrl.net\/?s={search_term_string}"},"query-input":{"@type":"PropertyValueSpecification","valueRequired":true,"valueName":"search_term_string"}}],"inLanguage":"de"},{"@type":"Organization","@id":"https:\/\/cbesrl.net\/#organization","name":"CBE SRL","url":"https:\/\/cbesrl.net\/","logo":{"@type":"ImageObject","inLanguage":"de","@id":"https:\/\/cbesrl.net\/#\/schema\/logo\/image\/","url":"https:\/\/cbesrl.net\/wp-content\/uploads\/2022\/01\/cropped-cropped-home1-01logo-1-1.png","contentUrl":"https:\/\/cbesrl.net\/wp-content\/uploads\/2022\/01\/cropped-cropped-home1-01logo-1-1.png","width":1200,"height":447,"caption":"CBE SRL"},"image":{"@id":"https:\/\/cbesrl.net\/#\/schema\/logo\/image\/"}}]}},"_links":{"self":[{"href":"https:\/\/cbesrl.net\/de\/wp-json\/wp\/v2\/product\/4456","targetHints":{"allow":["GET"]}}],"collection":[{"href":"https:\/\/cbesrl.net\/de\/wp-json\/wp\/v2\/product"}],"about":[{"href":"https:\/\/cbesrl.net\/de\/wp-json\/wp\/v2\/types\/product"}],"replies":[{"embeddable":true,"href":"https:\/\/cbesrl.net\/de\/wp-json\/wp\/v2\/comments?post=4456"}],"wp:featuredmedia":[{"embeddable":true,"href":"https:\/\/cbesrl.net\/de\/wp-json\/wp\/v2\/media\/3905"}],"wp:attachment":[{"href":"https:\/\/cbesrl.net\/de\/wp-json\/wp\/v2\/media?parent=4456"}],"wp:term":[{"taxonomy":"product_brand","embeddable":true,"href":"https:\/\/cbesrl.net\/de\/wp-json\/wp\/v2\/product_brand?post=4456"},{"taxonomy":"product_cat","embeddable":true,"href":"https:\/\/cbesrl.net\/de\/wp-json\/wp\/v2\/product_cat?post=4456"},{"taxonomy":"product_tag","embeddable":true,"href":"https:\/\/cbesrl.net\/de\/wp-json\/wp\/v2\/product_tag?post=4456"}],"curies":[{"name":"wp","href":"https:\/\/api.w.org\/{rel}","templated":true}]}}