{"id":4466,"date":"2023-08-01T19:18:06","date_gmt":"2023-08-01T17:18:06","guid":{"rendered":"https:\/\/cbesrl.net\/shop\/big-daddy-sublimator-10gr\/"},"modified":"2023-09-21T16:30:26","modified_gmt":"2023-09-21T14:30:26","slug":"big-daddy-sublimator-10gr","status":"publish","type":"product","link":"https:\/\/cbesrl.net\/de\/prodotti\/rocket-de\/big-daddy-sublimator-10gr\/","title":{"rendered":"BIG DADDY &#8211; Sublimator 10gr"},"content":{"rendered":"<p>Oxals\u00e4ure-Sublimator f\u00fcr Doppel- oder Halbdosenbeuten, mit elektronischer Steuerung (Temperaturregler) erm\u00f6glicht die Sublimation von Oxals\u00e4ure bei der richtigen Temperatur. Es besteht die M\u00f6glichkeit, die Arbeitstemperatur auf Ihre eigenen Standards einzustellen.<br \/>\nM\u00f6glichkeit der Beladung bis zu 10 g. Konstruktion aus rostfreiem Stahl, einphasiger 220-Volt-Widerstand. Schnelle Sublimation.<br \/>\nKupferrohr mit Verstopfungsschutz. Pr\u00e4zises, selbstlernendes System zur Begrenzung der thermischen Drift. CE-konforme Konstruktion. WAS K\u00d6NNEN WIR SAGEN, WENN NICHT &#8230; ATEMBERAUBEND!<\/p>\n","protected":false},"excerpt":{"rendered":"<p>Mega pro oxals\u00e4ure sublimator, f\u00fcr einzelne oder doppelte Bienenst\u00f6cke<\/p>\n<p>Sublimator Modell hyper mega ultra pro hidra Version, super powered hat alles, bis zu 10 g kein Temperaturverlust, arbeiten nonstop ohne Pause<\/p>\n<p><strong>&lt;1000 W 230V<\/strong><\/p>\n","protected":false},"featured_media":3866,"comment_status":"open","ping_status":"closed","template":"","meta":[],"product_brand":[],"product_cat":[92,118],"product_tag":[],"class_list":{"0":"post-4466","1":"product","2":"type-product","3":"status-publish","4":"has-post-thumbnail","6":"product_cat-rocket-de","7":"product_cat-sublimatoren","9":"first","10":"instock","11":"featured","12":"taxable","13":"shipping-taxable","14":"purchasable","15":"product-type-simple"},"yoast_head":"<!-- This site is optimized with the Yoast SEO plugin v27.3 - https:\/\/yoast.com\/product\/yoast-seo-wordpress\/ -->\n<title>BIG DADDY - Sublimator 10gr - CBE SRL<\/title>\n<meta name=\"robots\" content=\"index, follow, max-snippet:-1, max-image-preview:large, max-video-preview:-1\" \/>\n<link rel=\"canonical\" href=\"https:\/\/cbesrl.net\/de\/prodotti\/rocket-de\/big-daddy-sublimator-10gr\/\" \/>\n<meta property=\"og:locale\" content=\"de_DE\" \/>\n<meta property=\"og:type\" content=\"article\" \/>\n<meta property=\"og:title\" content=\"BIG DADDY - Sublimator 10gr - CBE SRL\" \/>\n<meta property=\"og:description\" content=\"Mega pro oxals\u00e4ure sublimator, f\u00fcr einzelne oder doppelte Bienenst\u00f6cke  Sublimator Modell hyper mega ultra pro hidra Version, super powered hat alles, bis zu 10 g kein Temperaturverlust, arbeiten nonstop ohne Pause  &lt;1000 W 230V\" \/>\n<meta property=\"og:url\" content=\"https:\/\/cbesrl.net\/de\/prodotti\/rocket-de\/big-daddy-sublimator-10gr\/\" \/>\n<meta property=\"og:site_name\" content=\"CBE SRL\" \/>\n<meta property=\"article:modified_time\" content=\"2023-09-21T14:30:26+00:00\" \/>\n<meta property=\"og:image\" content=\"https:\/\/cbesrl.net\/wp-content\/uploads\/2023\/07\/49.jpg\" \/>\n\t<meta property=\"og:image:width\" content=\"1583\" \/>\n\t<meta property=\"og:image:height\" content=\"1187\" \/>\n\t<meta property=\"og:image:type\" content=\"image\/jpeg\" \/>\n<meta name=\"twitter:card\" content=\"summary_large_image\" \/>\n<script type=\"application\/ld+json\" class=\"yoast-schema-graph\">{\"@context\":\"https:\\\/\\\/schema.org\",\"@graph\":[{\"@type\":\"WebPage\",\"@id\":\"https:\\\/\\\/cbesrl.net\\\/de\\\/prodotti\\\/rocket-de\\\/big-daddy-sublimator-10gr\\\/\",\"url\":\"https:\\\/\\\/cbesrl.net\\\/de\\\/prodotti\\\/rocket-de\\\/big-daddy-sublimator-10gr\\\/\",\"name\":\"BIG DADDY - Sublimator 10gr - CBE SRL\",\"isPartOf\":{\"@id\":\"https:\\\/\\\/cbesrl.net\\\/#website\"},\"primaryImageOfPage\":{\"@id\":\"https:\\\/\\\/cbesrl.net\\\/de\\\/prodotti\\\/rocket-de\\\/big-daddy-sublimator-10gr\\\/#primaryimage\"},\"image\":{\"@id\":\"https:\\\/\\\/cbesrl.net\\\/de\\\/prodotti\\\/rocket-de\\\/big-daddy-sublimator-10gr\\\/#primaryimage\"},\"thumbnailUrl\":\"https:\\\/\\\/cbesrl.net\\\/wp-content\\\/uploads\\\/2023\\\/07\\\/49.jpg\",\"datePublished\":\"2023-08-01T17:18:06+00:00\",\"dateModified\":\"2023-09-21T14:30:26+00:00\",\"breadcrumb\":{\"@id\":\"https:\\\/\\\/cbesrl.net\\\/de\\\/prodotti\\\/rocket-de\\\/big-daddy-sublimator-10gr\\\/#breadcrumb\"},\"inLanguage\":\"de\",\"potentialAction\":[{\"@type\":\"ReadAction\",\"target\":[\"https:\\\/\\\/cbesrl.net\\\/de\\\/prodotti\\\/rocket-de\\\/big-daddy-sublimator-10gr\\\/\"]}]},{\"@type\":\"ImageObject\",\"inLanguage\":\"de\",\"@id\":\"https:\\\/\\\/cbesrl.net\\\/de\\\/prodotti\\\/rocket-de\\\/big-daddy-sublimator-10gr\\\/#primaryimage\",\"url\":\"https:\\\/\\\/cbesrl.net\\\/wp-content\\\/uploads\\\/2023\\\/07\\\/49.jpg\",\"contentUrl\":\"https:\\\/\\\/cbesrl.net\\\/wp-content\\\/uploads\\\/2023\\\/07\\\/49.jpg\",\"width\":1583,\"height\":1187},{\"@type\":\"BreadcrumbList\",\"@id\":\"https:\\\/\\\/cbesrl.net\\\/de\\\/prodotti\\\/rocket-de\\\/big-daddy-sublimator-10gr\\\/#breadcrumb\",\"itemListElement\":[{\"@type\":\"ListItem\",\"position\":1,\"name\":\"Home\",\"item\":\"https:\\\/\\\/cbesrl.net\\\/new-home\\\/\"},{\"@type\":\"ListItem\",\"position\":2,\"name\":\"Shop\",\"item\":\"https:\\\/\\\/cbesrl.net\\\/de\\\/shop-2\\\/\"},{\"@type\":\"ListItem\",\"position\":3,\"name\":\"BIG DADDY &#8211; Sublimator 10gr\"}]},{\"@type\":\"WebSite\",\"@id\":\"https:\\\/\\\/cbesrl.net\\\/#website\",\"url\":\"https:\\\/\\\/cbesrl.net\\\/\",\"name\":\"CBE SRL\",\"description\":\"\",\"publisher\":{\"@id\":\"https:\\\/\\\/cbesrl.net\\\/#organization\"},\"potentialAction\":[{\"@type\":\"SearchAction\",\"target\":{\"@type\":\"EntryPoint\",\"urlTemplate\":\"https:\\\/\\\/cbesrl.net\\\/?s={search_term_string}\"},\"query-input\":{\"@type\":\"PropertyValueSpecification\",\"valueRequired\":true,\"valueName\":\"search_term_string\"}}],\"inLanguage\":\"de\"},{\"@type\":\"Organization\",\"@id\":\"https:\\\/\\\/cbesrl.net\\\/#organization\",\"name\":\"CBE SRL\",\"url\":\"https:\\\/\\\/cbesrl.net\\\/\",\"logo\":{\"@type\":\"ImageObject\",\"inLanguage\":\"de\",\"@id\":\"https:\\\/\\\/cbesrl.net\\\/#\\\/schema\\\/logo\\\/image\\\/\",\"url\":\"https:\\\/\\\/cbesrl.net\\\/wp-content\\\/uploads\\\/2022\\\/01\\\/cropped-cropped-home1-01logo-1-1.png\",\"contentUrl\":\"https:\\\/\\\/cbesrl.net\\\/wp-content\\\/uploads\\\/2022\\\/01\\\/cropped-cropped-home1-01logo-1-1.png\",\"width\":1200,\"height\":447,\"caption\":\"CBE SRL\"},\"image\":{\"@id\":\"https:\\\/\\\/cbesrl.net\\\/#\\\/schema\\\/logo\\\/image\\\/\"}}]}<\/script>\n<!-- \/ Yoast SEO plugin. -->","yoast_head_json":{"title":"BIG DADDY - Sublimator 10gr - CBE SRL","robots":{"index":"index","follow":"follow","max-snippet":"max-snippet:-1","max-image-preview":"max-image-preview:large","max-video-preview":"max-video-preview:-1"},"canonical":"https:\/\/cbesrl.net\/de\/prodotti\/rocket-de\/big-daddy-sublimator-10gr\/","og_locale":"de_DE","og_type":"article","og_title":"BIG DADDY - Sublimator 10gr - CBE SRL","og_description":"Mega pro oxals\u00e4ure sublimator, f\u00fcr einzelne oder doppelte Bienenst\u00f6cke  Sublimator Modell hyper mega ultra pro hidra Version, super powered hat alles, bis zu 10 g kein Temperaturverlust, arbeiten nonstop ohne Pause  &lt;1000 W 230V","og_url":"https:\/\/cbesrl.net\/de\/prodotti\/rocket-de\/big-daddy-sublimator-10gr\/","og_site_name":"CBE SRL","article_modified_time":"2023-09-21T14:30:26+00:00","og_image":[{"width":1583,"height":1187,"url":"https:\/\/cbesrl.net\/wp-content\/uploads\/2023\/07\/49.jpg","type":"image\/jpeg"}],"twitter_card":"summary_large_image","schema":{"@context":"https:\/\/schema.org","@graph":[{"@type":"WebPage","@id":"https:\/\/cbesrl.net\/de\/prodotti\/rocket-de\/big-daddy-sublimator-10gr\/","url":"https:\/\/cbesrl.net\/de\/prodotti\/rocket-de\/big-daddy-sublimator-10gr\/","name":"BIG DADDY - Sublimator 10gr - CBE SRL","isPartOf":{"@id":"https:\/\/cbesrl.net\/#website"},"primaryImageOfPage":{"@id":"https:\/\/cbesrl.net\/de\/prodotti\/rocket-de\/big-daddy-sublimator-10gr\/#primaryimage"},"image":{"@id":"https:\/\/cbesrl.net\/de\/prodotti\/rocket-de\/big-daddy-sublimator-10gr\/#primaryimage"},"thumbnailUrl":"https:\/\/cbesrl.net\/wp-content\/uploads\/2023\/07\/49.jpg","datePublished":"2023-08-01T17:18:06+00:00","dateModified":"2023-09-21T14:30:26+00:00","breadcrumb":{"@id":"https:\/\/cbesrl.net\/de\/prodotti\/rocket-de\/big-daddy-sublimator-10gr\/#breadcrumb"},"inLanguage":"de","potentialAction":[{"@type":"ReadAction","target":["https:\/\/cbesrl.net\/de\/prodotti\/rocket-de\/big-daddy-sublimator-10gr\/"]}]},{"@type":"ImageObject","inLanguage":"de","@id":"https:\/\/cbesrl.net\/de\/prodotti\/rocket-de\/big-daddy-sublimator-10gr\/#primaryimage","url":"https:\/\/cbesrl.net\/wp-content\/uploads\/2023\/07\/49.jpg","contentUrl":"https:\/\/cbesrl.net\/wp-content\/uploads\/2023\/07\/49.jpg","width":1583,"height":1187},{"@type":"BreadcrumbList","@id":"https:\/\/cbesrl.net\/de\/prodotti\/rocket-de\/big-daddy-sublimator-10gr\/#breadcrumb","itemListElement":[{"@type":"ListItem","position":1,"name":"Home","item":"https:\/\/cbesrl.net\/new-home\/"},{"@type":"ListItem","position":2,"name":"Shop","item":"https:\/\/cbesrl.net\/de\/shop-2\/"},{"@type":"ListItem","position":3,"name":"BIG DADDY &#8211; Sublimator 10gr"}]},{"@type":"WebSite","@id":"https:\/\/cbesrl.net\/#website","url":"https:\/\/cbesrl.net\/","name":"CBE SRL","description":"","publisher":{"@id":"https:\/\/cbesrl.net\/#organization"},"potentialAction":[{"@type":"SearchAction","target":{"@type":"EntryPoint","urlTemplate":"https:\/\/cbesrl.net\/?s={search_term_string}"},"query-input":{"@type":"PropertyValueSpecification","valueRequired":true,"valueName":"search_term_string"}}],"inLanguage":"de"},{"@type":"Organization","@id":"https:\/\/cbesrl.net\/#organization","name":"CBE SRL","url":"https:\/\/cbesrl.net\/","logo":{"@type":"ImageObject","inLanguage":"de","@id":"https:\/\/cbesrl.net\/#\/schema\/logo\/image\/","url":"https:\/\/cbesrl.net\/wp-content\/uploads\/2022\/01\/cropped-cropped-home1-01logo-1-1.png","contentUrl":"https:\/\/cbesrl.net\/wp-content\/uploads\/2022\/01\/cropped-cropped-home1-01logo-1-1.png","width":1200,"height":447,"caption":"CBE SRL"},"image":{"@id":"https:\/\/cbesrl.net\/#\/schema\/logo\/image\/"}}]}},"_links":{"self":[{"href":"https:\/\/cbesrl.net\/de\/wp-json\/wp\/v2\/product\/4466","targetHints":{"allow":["GET"]}}],"collection":[{"href":"https:\/\/cbesrl.net\/de\/wp-json\/wp\/v2\/product"}],"about":[{"href":"https:\/\/cbesrl.net\/de\/wp-json\/wp\/v2\/types\/product"}],"replies":[{"embeddable":true,"href":"https:\/\/cbesrl.net\/de\/wp-json\/wp\/v2\/comments?post=4466"}],"wp:featuredmedia":[{"embeddable":true,"href":"https:\/\/cbesrl.net\/de\/wp-json\/wp\/v2\/media\/3866"}],"wp:attachment":[{"href":"https:\/\/cbesrl.net\/de\/wp-json\/wp\/v2\/media?parent=4466"}],"wp:term":[{"taxonomy":"product_brand","embeddable":true,"href":"https:\/\/cbesrl.net\/de\/wp-json\/wp\/v2\/product_brand?post=4466"},{"taxonomy":"product_cat","embeddable":true,"href":"https:\/\/cbesrl.net\/de\/wp-json\/wp\/v2\/product_cat?post=4466"},{"taxonomy":"product_tag","embeddable":true,"href":"https:\/\/cbesrl.net\/de\/wp-json\/wp\/v2\/product_tag?post=4466"}],"curies":[{"name":"wp","href":"https:\/\/api.w.org\/{rel}","templated":true}]}}