{"id":4586,"date":"2023-08-01T18:14:37","date_gmt":"2023-08-01T16:14:37","guid":{"rendered":"https:\/\/cbesrl.net\/shop\/f400-pro-nuke-hidra\/"},"modified":"2023-09-21T16:30:56","modified_gmt":"2023-09-21T14:30:56","slug":"f400-pro-nuke-hidra","status":"publish","type":"product","link":"https:\/\/cbesrl.net\/de\/prodotti\/iper-ultra-pro-de\/f400-pro-nuke-hidra\/","title":{"rendered":"F400 PRO NUKE HIDRA"},"content":{"rendered":"<p>Einfach zu bedienender Oxals\u00e4ure-Sublimator. Dieser Sublimator mit seinem elektronischen Bedienfeld (Temperaturregler) erm\u00f6glicht die Sublimation von Oxals\u00e4ure bei der richtigen Temperatur. Er funktioniert elektrisch oder mit einer Autobatterie und\/oder einem Inverter. Er wird durch den Deckel verschlossen. Die richtige Sublimationstemperatur (nicht kochend) wird automatisch geregelt und ist auf dem Display immer gut sichtbar. Es besteht die M\u00f6glichkeit, die Arbeitstemperatur nach eigenen W\u00fcnschen einzustellen. Es k\u00f6nnen bis zu 5 g eingef\u00fcllt werden. Konstruktion aus rostfreiem Stahl 220 Volt Einphasen-Heizung, mit Auto-Inverter (nicht im Lieferumfang enthalten) Schnelle Sublimation Verstopfungsfreies Kupferrohr Pr\u00e4zises und selbstlernendes System zur Begrenzung der thermischen Drift. CE-konforme Konstruktion.<\/p>\n","protected":false},"excerpt":{"rendered":"<p>Ultra pro verbessert Oxals\u00e4ure Sublimator, mit Hahn, Universal-Version.<\/p>\n<p>Sublimator Modell MEGA PRO NUKE VESION HIDRA LIGHT, NEUER EINTRITT, SUPER LEISTUNGSF\u00c4HIG, HAT ALLES, BIS ZU 5 GR, WENN SIE NACHHALTIG HABEN!<\/p>\n<p><strong>&lt;400 W 230V<\/strong><\/p>\n","protected":false},"featured_media":3858,"comment_status":"open","ping_status":"closed","template":"","meta":[],"product_brand":[],"product_cat":[109,118],"product_tag":[],"class_list":{"0":"post-4586","1":"product","2":"type-product","3":"status-publish","4":"has-post-thumbnail","6":"product_cat-iper-ultra-pro-de","7":"product_cat-sublimatoren","9":"first","10":"instock","11":"featured","12":"taxable","13":"shipping-taxable","14":"purchasable","15":"product-type-simple"},"yoast_head":"<!-- This site is optimized with the Yoast SEO plugin v27.3 - https:\/\/yoast.com\/product\/yoast-seo-wordpress\/ -->\n<title>F400 PRO NUKE HIDRA - CBE SRL<\/title>\n<meta name=\"robots\" content=\"index, follow, max-snippet:-1, max-image-preview:large, max-video-preview:-1\" \/>\n<link rel=\"canonical\" href=\"https:\/\/cbesrl.net\/de\/prodotti\/iper-ultra-pro-de\/f400-pro-nuke-hidra\/\" \/>\n<meta property=\"og:locale\" content=\"de_DE\" \/>\n<meta property=\"og:type\" content=\"article\" \/>\n<meta property=\"og:title\" content=\"F400 PRO NUKE HIDRA - CBE SRL\" \/>\n<meta property=\"og:description\" content=\"Ultra pro verbessert Oxals\u00e4ure Sublimator, mit Hahn, Universal-Version.  Sublimator Modell MEGA PRO NUKE VESION HIDRA LIGHT, NEUER EINTRITT, SUPER LEISTUNGSF\u00c4HIG, HAT ALLES, BIS ZU 5 GR, WENN SIE NACHHALTIG HABEN!  &lt;400 W 230V\" \/>\n<meta property=\"og:url\" content=\"https:\/\/cbesrl.net\/de\/prodotti\/iper-ultra-pro-de\/f400-pro-nuke-hidra\/\" \/>\n<meta property=\"og:site_name\" content=\"CBE SRL\" \/>\n<meta property=\"article:modified_time\" content=\"2023-09-21T14:30:56+00:00\" \/>\n<meta property=\"og:image\" content=\"https:\/\/cbesrl.net\/wp-content\/uploads\/2023\/07\/40.jpg\" \/>\n\t<meta property=\"og:image:width\" content=\"1645\" \/>\n\t<meta property=\"og:image:height\" content=\"1228\" \/>\n\t<meta property=\"og:image:type\" content=\"image\/jpeg\" \/>\n<meta name=\"twitter:card\" content=\"summary_large_image\" \/>\n<meta name=\"twitter:label1\" content=\"Gesch\u00e4tzte Lesezeit\" \/>\n\t<meta name=\"twitter:data1\" content=\"1\u00a0Minute\" \/>\n<script type=\"application\/ld+json\" class=\"yoast-schema-graph\">{\"@context\":\"https:\\\/\\\/schema.org\",\"@graph\":[{\"@type\":\"WebPage\",\"@id\":\"https:\\\/\\\/cbesrl.net\\\/de\\\/prodotti\\\/iper-ultra-pro-de\\\/f400-pro-nuke-hidra\\\/\",\"url\":\"https:\\\/\\\/cbesrl.net\\\/de\\\/prodotti\\\/iper-ultra-pro-de\\\/f400-pro-nuke-hidra\\\/\",\"name\":\"F400 PRO NUKE HIDRA - CBE SRL\",\"isPartOf\":{\"@id\":\"https:\\\/\\\/cbesrl.net\\\/#website\"},\"primaryImageOfPage\":{\"@id\":\"https:\\\/\\\/cbesrl.net\\\/de\\\/prodotti\\\/iper-ultra-pro-de\\\/f400-pro-nuke-hidra\\\/#primaryimage\"},\"image\":{\"@id\":\"https:\\\/\\\/cbesrl.net\\\/de\\\/prodotti\\\/iper-ultra-pro-de\\\/f400-pro-nuke-hidra\\\/#primaryimage\"},\"thumbnailUrl\":\"https:\\\/\\\/cbesrl.net\\\/wp-content\\\/uploads\\\/2023\\\/07\\\/40.jpg\",\"datePublished\":\"2023-08-01T16:14:37+00:00\",\"dateModified\":\"2023-09-21T14:30:56+00:00\",\"breadcrumb\":{\"@id\":\"https:\\\/\\\/cbesrl.net\\\/de\\\/prodotti\\\/iper-ultra-pro-de\\\/f400-pro-nuke-hidra\\\/#breadcrumb\"},\"inLanguage\":\"de\",\"potentialAction\":[{\"@type\":\"ReadAction\",\"target\":[\"https:\\\/\\\/cbesrl.net\\\/de\\\/prodotti\\\/iper-ultra-pro-de\\\/f400-pro-nuke-hidra\\\/\"]}]},{\"@type\":\"ImageObject\",\"inLanguage\":\"de\",\"@id\":\"https:\\\/\\\/cbesrl.net\\\/de\\\/prodotti\\\/iper-ultra-pro-de\\\/f400-pro-nuke-hidra\\\/#primaryimage\",\"url\":\"https:\\\/\\\/cbesrl.net\\\/wp-content\\\/uploads\\\/2023\\\/07\\\/40.jpg\",\"contentUrl\":\"https:\\\/\\\/cbesrl.net\\\/wp-content\\\/uploads\\\/2023\\\/07\\\/40.jpg\",\"width\":1645,\"height\":1228},{\"@type\":\"BreadcrumbList\",\"@id\":\"https:\\\/\\\/cbesrl.net\\\/de\\\/prodotti\\\/iper-ultra-pro-de\\\/f400-pro-nuke-hidra\\\/#breadcrumb\",\"itemListElement\":[{\"@type\":\"ListItem\",\"position\":1,\"name\":\"Home\",\"item\":\"https:\\\/\\\/cbesrl.net\\\/new-home\\\/\"},{\"@type\":\"ListItem\",\"position\":2,\"name\":\"Shop\",\"item\":\"https:\\\/\\\/cbesrl.net\\\/de\\\/shop-2\\\/\"},{\"@type\":\"ListItem\",\"position\":3,\"name\":\"F400 PRO NUKE HIDRA\"}]},{\"@type\":\"WebSite\",\"@id\":\"https:\\\/\\\/cbesrl.net\\\/#website\",\"url\":\"https:\\\/\\\/cbesrl.net\\\/\",\"name\":\"CBE SRL\",\"description\":\"\",\"publisher\":{\"@id\":\"https:\\\/\\\/cbesrl.net\\\/#organization\"},\"potentialAction\":[{\"@type\":\"SearchAction\",\"target\":{\"@type\":\"EntryPoint\",\"urlTemplate\":\"https:\\\/\\\/cbesrl.net\\\/?s={search_term_string}\"},\"query-input\":{\"@type\":\"PropertyValueSpecification\",\"valueRequired\":true,\"valueName\":\"search_term_string\"}}],\"inLanguage\":\"de\"},{\"@type\":\"Organization\",\"@id\":\"https:\\\/\\\/cbesrl.net\\\/#organization\",\"name\":\"CBE SRL\",\"url\":\"https:\\\/\\\/cbesrl.net\\\/\",\"logo\":{\"@type\":\"ImageObject\",\"inLanguage\":\"de\",\"@id\":\"https:\\\/\\\/cbesrl.net\\\/#\\\/schema\\\/logo\\\/image\\\/\",\"url\":\"https:\\\/\\\/cbesrl.net\\\/wp-content\\\/uploads\\\/2022\\\/01\\\/cropped-cropped-home1-01logo-1-1.png\",\"contentUrl\":\"https:\\\/\\\/cbesrl.net\\\/wp-content\\\/uploads\\\/2022\\\/01\\\/cropped-cropped-home1-01logo-1-1.png\",\"width\":1200,\"height\":447,\"caption\":\"CBE SRL\"},\"image\":{\"@id\":\"https:\\\/\\\/cbesrl.net\\\/#\\\/schema\\\/logo\\\/image\\\/\"}}]}<\/script>\n<!-- \/ Yoast SEO plugin. -->","yoast_head_json":{"title":"F400 PRO NUKE HIDRA - CBE SRL","robots":{"index":"index","follow":"follow","max-snippet":"max-snippet:-1","max-image-preview":"max-image-preview:large","max-video-preview":"max-video-preview:-1"},"canonical":"https:\/\/cbesrl.net\/de\/prodotti\/iper-ultra-pro-de\/f400-pro-nuke-hidra\/","og_locale":"de_DE","og_type":"article","og_title":"F400 PRO NUKE HIDRA - CBE SRL","og_description":"Ultra pro verbessert Oxals\u00e4ure Sublimator, mit Hahn, Universal-Version.  Sublimator Modell MEGA PRO NUKE VESION HIDRA LIGHT, NEUER EINTRITT, SUPER LEISTUNGSF\u00c4HIG, HAT ALLES, BIS ZU 5 GR, WENN SIE NACHHALTIG HABEN!  &lt;400 W 230V","og_url":"https:\/\/cbesrl.net\/de\/prodotti\/iper-ultra-pro-de\/f400-pro-nuke-hidra\/","og_site_name":"CBE SRL","article_modified_time":"2023-09-21T14:30:56+00:00","og_image":[{"width":1645,"height":1228,"url":"https:\/\/cbesrl.net\/wp-content\/uploads\/2023\/07\/40.jpg","type":"image\/jpeg"}],"twitter_card":"summary_large_image","twitter_misc":{"Gesch\u00e4tzte Lesezeit":"1\u00a0Minute"},"schema":{"@context":"https:\/\/schema.org","@graph":[{"@type":"WebPage","@id":"https:\/\/cbesrl.net\/de\/prodotti\/iper-ultra-pro-de\/f400-pro-nuke-hidra\/","url":"https:\/\/cbesrl.net\/de\/prodotti\/iper-ultra-pro-de\/f400-pro-nuke-hidra\/","name":"F400 PRO NUKE HIDRA - CBE SRL","isPartOf":{"@id":"https:\/\/cbesrl.net\/#website"},"primaryImageOfPage":{"@id":"https:\/\/cbesrl.net\/de\/prodotti\/iper-ultra-pro-de\/f400-pro-nuke-hidra\/#primaryimage"},"image":{"@id":"https:\/\/cbesrl.net\/de\/prodotti\/iper-ultra-pro-de\/f400-pro-nuke-hidra\/#primaryimage"},"thumbnailUrl":"https:\/\/cbesrl.net\/wp-content\/uploads\/2023\/07\/40.jpg","datePublished":"2023-08-01T16:14:37+00:00","dateModified":"2023-09-21T14:30:56+00:00","breadcrumb":{"@id":"https:\/\/cbesrl.net\/de\/prodotti\/iper-ultra-pro-de\/f400-pro-nuke-hidra\/#breadcrumb"},"inLanguage":"de","potentialAction":[{"@type":"ReadAction","target":["https:\/\/cbesrl.net\/de\/prodotti\/iper-ultra-pro-de\/f400-pro-nuke-hidra\/"]}]},{"@type":"ImageObject","inLanguage":"de","@id":"https:\/\/cbesrl.net\/de\/prodotti\/iper-ultra-pro-de\/f400-pro-nuke-hidra\/#primaryimage","url":"https:\/\/cbesrl.net\/wp-content\/uploads\/2023\/07\/40.jpg","contentUrl":"https:\/\/cbesrl.net\/wp-content\/uploads\/2023\/07\/40.jpg","width":1645,"height":1228},{"@type":"BreadcrumbList","@id":"https:\/\/cbesrl.net\/de\/prodotti\/iper-ultra-pro-de\/f400-pro-nuke-hidra\/#breadcrumb","itemListElement":[{"@type":"ListItem","position":1,"name":"Home","item":"https:\/\/cbesrl.net\/new-home\/"},{"@type":"ListItem","position":2,"name":"Shop","item":"https:\/\/cbesrl.net\/de\/shop-2\/"},{"@type":"ListItem","position":3,"name":"F400 PRO NUKE HIDRA"}]},{"@type":"WebSite","@id":"https:\/\/cbesrl.net\/#website","url":"https:\/\/cbesrl.net\/","name":"CBE SRL","description":"","publisher":{"@id":"https:\/\/cbesrl.net\/#organization"},"potentialAction":[{"@type":"SearchAction","target":{"@type":"EntryPoint","urlTemplate":"https:\/\/cbesrl.net\/?s={search_term_string}"},"query-input":{"@type":"PropertyValueSpecification","valueRequired":true,"valueName":"search_term_string"}}],"inLanguage":"de"},{"@type":"Organization","@id":"https:\/\/cbesrl.net\/#organization","name":"CBE SRL","url":"https:\/\/cbesrl.net\/","logo":{"@type":"ImageObject","inLanguage":"de","@id":"https:\/\/cbesrl.net\/#\/schema\/logo\/image\/","url":"https:\/\/cbesrl.net\/wp-content\/uploads\/2022\/01\/cropped-cropped-home1-01logo-1-1.png","contentUrl":"https:\/\/cbesrl.net\/wp-content\/uploads\/2022\/01\/cropped-cropped-home1-01logo-1-1.png","width":1200,"height":447,"caption":"CBE SRL"},"image":{"@id":"https:\/\/cbesrl.net\/#\/schema\/logo\/image\/"}}]}},"_links":{"self":[{"href":"https:\/\/cbesrl.net\/de\/wp-json\/wp\/v2\/product\/4586","targetHints":{"allow":["GET"]}}],"collection":[{"href":"https:\/\/cbesrl.net\/de\/wp-json\/wp\/v2\/product"}],"about":[{"href":"https:\/\/cbesrl.net\/de\/wp-json\/wp\/v2\/types\/product"}],"replies":[{"embeddable":true,"href":"https:\/\/cbesrl.net\/de\/wp-json\/wp\/v2\/comments?post=4586"}],"wp:featuredmedia":[{"embeddable":true,"href":"https:\/\/cbesrl.net\/de\/wp-json\/wp\/v2\/media\/3858"}],"wp:attachment":[{"href":"https:\/\/cbesrl.net\/de\/wp-json\/wp\/v2\/media?parent=4586"}],"wp:term":[{"taxonomy":"product_brand","embeddable":true,"href":"https:\/\/cbesrl.net\/de\/wp-json\/wp\/v2\/product_brand?post=4586"},{"taxonomy":"product_cat","embeddable":true,"href":"https:\/\/cbesrl.net\/de\/wp-json\/wp\/v2\/product_cat?post=4586"},{"taxonomy":"product_tag","embeddable":true,"href":"https:\/\/cbesrl.net\/de\/wp-json\/wp\/v2\/product_tag?post=4586"}],"curies":[{"name":"wp","href":"https:\/\/api.w.org\/{rel}","templated":true}]}}