{"id":4587,"date":"2023-08-01T17:37:41","date_gmt":"2023-08-01T15:37:41","guid":{"rendered":"https:\/\/cbesrl.net\/shop\/f400-pro-nuke-eski\/"},"modified":"2023-09-21T16:31:06","modified_gmt":"2023-09-21T14:31:06","slug":"f400-pro-nuke-eski","status":"publish","type":"product","link":"https:\/\/cbesrl.net\/de\/prodotti\/super-pro-de\/f400-pro-nuke-eski\/","title":{"rendered":"F400 PRO NUKE ESKI"},"content":{"rendered":"<p>Einfach zu bedienender Oxals\u00e4ure-Sublimator, mit seinem elektronischen Bedienfeld (Temperaturregler) erm\u00f6glicht die Sublimation von Oxals\u00e4ure bei der richtigen Temperatur (nicht kochend) wird automatisch gesteuert, und ist immer deutlich sichtbar auf dem Display. Es funktioniert elektrisch oder mit der Autobatterie und\/oder dem Inverter. Er wird durch den Deckel verschlossen. Kann bis zu 5,0 g aufgeladen werden. Konstruktion aus rostfreiem Stahl Widerstand bei 220 Volt einphasig oder mit Autoinverter (nicht im Lieferumfang enthalten) Schnelle Sublimation Verstopfungsfreies Kupferrohr Genaues und pr\u00e4zises selbstlernendes System zur Begrenzung der thermischen Drift. CE-konforme Konstruktion.<\/p>\n","protected":false},"excerpt":{"rendered":"<p>F400-ESK ENHACED und pro neues Modell.<\/p>\n<p>Sublimator Modell mega pro nuke vesion eskimox Licht, neuer Eintrag, super powered hat alles. Bis zu 5 gr empfohlen mit mindestens +3 Kappen, wenn Sie Atem zu ersparen haben!<\/p>\n<p><strong>&lt;400 W 230V<\/strong><\/p>\n","protected":false},"featured_media":3836,"comment_status":"open","ping_status":"closed","template":"","meta":[],"product_brand":[],"product_cat":[118,110],"product_tag":[],"class_list":{"0":"post-4587","1":"product","2":"type-product","3":"status-publish","4":"has-post-thumbnail","6":"product_cat-sublimatoren","7":"product_cat-super-pro-de","9":"first","10":"instock","11":"featured","12":"taxable","13":"shipping-taxable","14":"purchasable","15":"product-type-simple"},"yoast_head":"<!-- This site is optimized with the Yoast SEO plugin v27.3 - https:\/\/yoast.com\/product\/yoast-seo-wordpress\/ -->\n<title>F400 PRO NUKE ESKI - CBE SRL<\/title>\n<meta name=\"robots\" content=\"index, follow, max-snippet:-1, max-image-preview:large, max-video-preview:-1\" \/>\n<link rel=\"canonical\" href=\"https:\/\/cbesrl.net\/de\/prodotti\/super-pro-de\/f400-pro-nuke-eski\/\" \/>\n<meta property=\"og:locale\" content=\"de_DE\" \/>\n<meta property=\"og:type\" content=\"article\" \/>\n<meta property=\"og:title\" content=\"F400 PRO NUKE ESKI - CBE SRL\" \/>\n<meta property=\"og:description\" content=\"F400-ESK ENHACED und pro neues Modell.  Sublimator Modell mega pro nuke vesion eskimox Licht, neuer Eintrag, super powered hat alles. Bis zu 5 gr empfohlen mit mindestens +3 Kappen, wenn Sie Atem zu ersparen haben!  &lt;400 W 230V\" \/>\n<meta property=\"og:url\" content=\"https:\/\/cbesrl.net\/de\/prodotti\/super-pro-de\/f400-pro-nuke-eski\/\" \/>\n<meta property=\"og:site_name\" content=\"CBE SRL\" \/>\n<meta property=\"article:modified_time\" content=\"2023-09-21T14:31:06+00:00\" \/>\n<meta property=\"og:image\" content=\"https:\/\/cbesrl.net\/wp-content\/uploads\/2023\/07\/39.jpg\" \/>\n\t<meta property=\"og:image:width\" content=\"1507\" \/>\n\t<meta property=\"og:image:height\" content=\"1130\" \/>\n\t<meta property=\"og:image:type\" content=\"image\/jpeg\" \/>\n<meta name=\"twitter:card\" content=\"summary_large_image\" \/>\n<script type=\"application\/ld+json\" class=\"yoast-schema-graph\">{\"@context\":\"https:\\\/\\\/schema.org\",\"@graph\":[{\"@type\":\"WebPage\",\"@id\":\"https:\\\/\\\/cbesrl.net\\\/de\\\/prodotti\\\/super-pro-de\\\/f400-pro-nuke-eski\\\/\",\"url\":\"https:\\\/\\\/cbesrl.net\\\/de\\\/prodotti\\\/super-pro-de\\\/f400-pro-nuke-eski\\\/\",\"name\":\"F400 PRO NUKE ESKI - CBE SRL\",\"isPartOf\":{\"@id\":\"https:\\\/\\\/cbesrl.net\\\/#website\"},\"primaryImageOfPage\":{\"@id\":\"https:\\\/\\\/cbesrl.net\\\/de\\\/prodotti\\\/super-pro-de\\\/f400-pro-nuke-eski\\\/#primaryimage\"},\"image\":{\"@id\":\"https:\\\/\\\/cbesrl.net\\\/de\\\/prodotti\\\/super-pro-de\\\/f400-pro-nuke-eski\\\/#primaryimage\"},\"thumbnailUrl\":\"https:\\\/\\\/cbesrl.net\\\/wp-content\\\/uploads\\\/2023\\\/07\\\/39.jpg\",\"datePublished\":\"2023-08-01T15:37:41+00:00\",\"dateModified\":\"2023-09-21T14:31:06+00:00\",\"breadcrumb\":{\"@id\":\"https:\\\/\\\/cbesrl.net\\\/de\\\/prodotti\\\/super-pro-de\\\/f400-pro-nuke-eski\\\/#breadcrumb\"},\"inLanguage\":\"de\",\"potentialAction\":[{\"@type\":\"ReadAction\",\"target\":[\"https:\\\/\\\/cbesrl.net\\\/de\\\/prodotti\\\/super-pro-de\\\/f400-pro-nuke-eski\\\/\"]}]},{\"@type\":\"ImageObject\",\"inLanguage\":\"de\",\"@id\":\"https:\\\/\\\/cbesrl.net\\\/de\\\/prodotti\\\/super-pro-de\\\/f400-pro-nuke-eski\\\/#primaryimage\",\"url\":\"https:\\\/\\\/cbesrl.net\\\/wp-content\\\/uploads\\\/2023\\\/07\\\/39.jpg\",\"contentUrl\":\"https:\\\/\\\/cbesrl.net\\\/wp-content\\\/uploads\\\/2023\\\/07\\\/39.jpg\",\"width\":1507,\"height\":1130},{\"@type\":\"BreadcrumbList\",\"@id\":\"https:\\\/\\\/cbesrl.net\\\/de\\\/prodotti\\\/super-pro-de\\\/f400-pro-nuke-eski\\\/#breadcrumb\",\"itemListElement\":[{\"@type\":\"ListItem\",\"position\":1,\"name\":\"Home\",\"item\":\"https:\\\/\\\/cbesrl.net\\\/new-home\\\/\"},{\"@type\":\"ListItem\",\"position\":2,\"name\":\"Shop\",\"item\":\"https:\\\/\\\/cbesrl.net\\\/de\\\/shop-2\\\/\"},{\"@type\":\"ListItem\",\"position\":3,\"name\":\"F400 PRO NUKE ESKI\"}]},{\"@type\":\"WebSite\",\"@id\":\"https:\\\/\\\/cbesrl.net\\\/#website\",\"url\":\"https:\\\/\\\/cbesrl.net\\\/\",\"name\":\"CBE SRL\",\"description\":\"\",\"publisher\":{\"@id\":\"https:\\\/\\\/cbesrl.net\\\/#organization\"},\"potentialAction\":[{\"@type\":\"SearchAction\",\"target\":{\"@type\":\"EntryPoint\",\"urlTemplate\":\"https:\\\/\\\/cbesrl.net\\\/?s={search_term_string}\"},\"query-input\":{\"@type\":\"PropertyValueSpecification\",\"valueRequired\":true,\"valueName\":\"search_term_string\"}}],\"inLanguage\":\"de\"},{\"@type\":\"Organization\",\"@id\":\"https:\\\/\\\/cbesrl.net\\\/#organization\",\"name\":\"CBE SRL\",\"url\":\"https:\\\/\\\/cbesrl.net\\\/\",\"logo\":{\"@type\":\"ImageObject\",\"inLanguage\":\"de\",\"@id\":\"https:\\\/\\\/cbesrl.net\\\/#\\\/schema\\\/logo\\\/image\\\/\",\"url\":\"https:\\\/\\\/cbesrl.net\\\/wp-content\\\/uploads\\\/2022\\\/01\\\/cropped-cropped-home1-01logo-1-1.png\",\"contentUrl\":\"https:\\\/\\\/cbesrl.net\\\/wp-content\\\/uploads\\\/2022\\\/01\\\/cropped-cropped-home1-01logo-1-1.png\",\"width\":1200,\"height\":447,\"caption\":\"CBE SRL\"},\"image\":{\"@id\":\"https:\\\/\\\/cbesrl.net\\\/#\\\/schema\\\/logo\\\/image\\\/\"}}]}<\/script>\n<!-- \/ Yoast SEO plugin. -->","yoast_head_json":{"title":"F400 PRO NUKE ESKI - CBE SRL","robots":{"index":"index","follow":"follow","max-snippet":"max-snippet:-1","max-image-preview":"max-image-preview:large","max-video-preview":"max-video-preview:-1"},"canonical":"https:\/\/cbesrl.net\/de\/prodotti\/super-pro-de\/f400-pro-nuke-eski\/","og_locale":"de_DE","og_type":"article","og_title":"F400 PRO NUKE ESKI - CBE SRL","og_description":"F400-ESK ENHACED und pro neues Modell.  Sublimator Modell mega pro nuke vesion eskimox Licht, neuer Eintrag, super powered hat alles. Bis zu 5 gr empfohlen mit mindestens +3 Kappen, wenn Sie Atem zu ersparen haben!  &lt;400 W 230V","og_url":"https:\/\/cbesrl.net\/de\/prodotti\/super-pro-de\/f400-pro-nuke-eski\/","og_site_name":"CBE SRL","article_modified_time":"2023-09-21T14:31:06+00:00","og_image":[{"width":1507,"height":1130,"url":"https:\/\/cbesrl.net\/wp-content\/uploads\/2023\/07\/39.jpg","type":"image\/jpeg"}],"twitter_card":"summary_large_image","schema":{"@context":"https:\/\/schema.org","@graph":[{"@type":"WebPage","@id":"https:\/\/cbesrl.net\/de\/prodotti\/super-pro-de\/f400-pro-nuke-eski\/","url":"https:\/\/cbesrl.net\/de\/prodotti\/super-pro-de\/f400-pro-nuke-eski\/","name":"F400 PRO NUKE ESKI - CBE SRL","isPartOf":{"@id":"https:\/\/cbesrl.net\/#website"},"primaryImageOfPage":{"@id":"https:\/\/cbesrl.net\/de\/prodotti\/super-pro-de\/f400-pro-nuke-eski\/#primaryimage"},"image":{"@id":"https:\/\/cbesrl.net\/de\/prodotti\/super-pro-de\/f400-pro-nuke-eski\/#primaryimage"},"thumbnailUrl":"https:\/\/cbesrl.net\/wp-content\/uploads\/2023\/07\/39.jpg","datePublished":"2023-08-01T15:37:41+00:00","dateModified":"2023-09-21T14:31:06+00:00","breadcrumb":{"@id":"https:\/\/cbesrl.net\/de\/prodotti\/super-pro-de\/f400-pro-nuke-eski\/#breadcrumb"},"inLanguage":"de","potentialAction":[{"@type":"ReadAction","target":["https:\/\/cbesrl.net\/de\/prodotti\/super-pro-de\/f400-pro-nuke-eski\/"]}]},{"@type":"ImageObject","inLanguage":"de","@id":"https:\/\/cbesrl.net\/de\/prodotti\/super-pro-de\/f400-pro-nuke-eski\/#primaryimage","url":"https:\/\/cbesrl.net\/wp-content\/uploads\/2023\/07\/39.jpg","contentUrl":"https:\/\/cbesrl.net\/wp-content\/uploads\/2023\/07\/39.jpg","width":1507,"height":1130},{"@type":"BreadcrumbList","@id":"https:\/\/cbesrl.net\/de\/prodotti\/super-pro-de\/f400-pro-nuke-eski\/#breadcrumb","itemListElement":[{"@type":"ListItem","position":1,"name":"Home","item":"https:\/\/cbesrl.net\/new-home\/"},{"@type":"ListItem","position":2,"name":"Shop","item":"https:\/\/cbesrl.net\/de\/shop-2\/"},{"@type":"ListItem","position":3,"name":"F400 PRO NUKE ESKI"}]},{"@type":"WebSite","@id":"https:\/\/cbesrl.net\/#website","url":"https:\/\/cbesrl.net\/","name":"CBE SRL","description":"","publisher":{"@id":"https:\/\/cbesrl.net\/#organization"},"potentialAction":[{"@type":"SearchAction","target":{"@type":"EntryPoint","urlTemplate":"https:\/\/cbesrl.net\/?s={search_term_string}"},"query-input":{"@type":"PropertyValueSpecification","valueRequired":true,"valueName":"search_term_string"}}],"inLanguage":"de"},{"@type":"Organization","@id":"https:\/\/cbesrl.net\/#organization","name":"CBE SRL","url":"https:\/\/cbesrl.net\/","logo":{"@type":"ImageObject","inLanguage":"de","@id":"https:\/\/cbesrl.net\/#\/schema\/logo\/image\/","url":"https:\/\/cbesrl.net\/wp-content\/uploads\/2022\/01\/cropped-cropped-home1-01logo-1-1.png","contentUrl":"https:\/\/cbesrl.net\/wp-content\/uploads\/2022\/01\/cropped-cropped-home1-01logo-1-1.png","width":1200,"height":447,"caption":"CBE SRL"},"image":{"@id":"https:\/\/cbesrl.net\/#\/schema\/logo\/image\/"}}]}},"_links":{"self":[{"href":"https:\/\/cbesrl.net\/de\/wp-json\/wp\/v2\/product\/4587","targetHints":{"allow":["GET"]}}],"collection":[{"href":"https:\/\/cbesrl.net\/de\/wp-json\/wp\/v2\/product"}],"about":[{"href":"https:\/\/cbesrl.net\/de\/wp-json\/wp\/v2\/types\/product"}],"replies":[{"embeddable":true,"href":"https:\/\/cbesrl.net\/de\/wp-json\/wp\/v2\/comments?post=4587"}],"wp:featuredmedia":[{"embeddable":true,"href":"https:\/\/cbesrl.net\/de\/wp-json\/wp\/v2\/media\/3836"}],"wp:attachment":[{"href":"https:\/\/cbesrl.net\/de\/wp-json\/wp\/v2\/media?parent=4587"}],"wp:term":[{"taxonomy":"product_brand","embeddable":true,"href":"https:\/\/cbesrl.net\/de\/wp-json\/wp\/v2\/product_brand?post=4587"},{"taxonomy":"product_cat","embeddable":true,"href":"https:\/\/cbesrl.net\/de\/wp-json\/wp\/v2\/product_cat?post=4587"},{"taxonomy":"product_tag","embeddable":true,"href":"https:\/\/cbesrl.net\/de\/wp-json\/wp\/v2\/product_tag?post=4587"}],"curies":[{"name":"wp","href":"https:\/\/api.w.org\/{rel}","templated":true}]}}