{"id":4589,"date":"2023-08-01T15:31:09","date_gmt":"2023-08-01T13:31:09","guid":{"rendered":"https:\/\/cbesrl.net\/shop\/hidra-klassisch\/"},"modified":"2024-03-07T14:58:47","modified_gmt":"2024-03-07T13:58:47","slug":"hidra-klassisch","status":"publish","type":"product","link":"https:\/\/cbesrl.net\/de\/prodotti\/iper-pro-de\/hidra-klassisch\/","title":{"rendered":"HIDRA klassisch"},"content":{"rendered":"<p>Einfach zu bedienender Oxals\u00e4ure-Sublimator. Dieser Sublimator mit seinem elektronischen Bedienfeld (Temperaturregler) erm\u00f6glicht die Sublimation von Oxals\u00e4ure bei der richtigen Temperatur. Er funktioniert elektrisch oder mit einer Autobatterie und\/oder einem Inverter. Er wird durch den Deckel verschlossen. Die richtige Sublimationstemperatur (nicht kochend) wird automatisch geregelt und ist immer deutlich auf dem Display zu sehen. Es besteht die M\u00f6glichkeit, die Arbeitstemperatur nach eigenen W\u00fcnschen einzustellen. Es k\u00f6nnen bis zu 4 g eingef\u00fcllt werden. Konstruktion aus rostfreiem Stahl 220-Volt-Einphasen-Heizung, mit Auto-Inverter (nicht im Lieferumfang enthalten) Schnelle Sublimation Verstopfungsfreies Kupferrohr Genaues und pr\u00e4zises Selbstlernsystem zur Begrenzung der thermischen Abweichung. CE-konforme Konstruktion.<\/p>\n","protected":false},"excerpt":{"rendered":"<p>Ultra pro base Oxals\u00e4ure-Sublimator mit universeller Frontklammer.<\/p>\n<p>Ultra pro base -der Klassiker- oder mit Klammer (opt). F\u00fcr Profis oder anspruchsvolle Imker und solche mit wenig Zeit. Mit Wasserhahn. Einstellbare Temperatur. Anti-Verstopfung. F\u00fcr alle isolierten Sublimationsstellen, empfohlen an windigen Orten. Gewicht bis zu 4 g, Sie entscheiden mit der Spritze. Empfohlen f\u00fcr die Arbeit von hinten. Bleibt die beliebteste und bevorzugt von Profis!<\/p>\n<p><strong>&lt;400 W 230V<\/strong><\/p>\n","protected":false},"featured_media":3849,"comment_status":"open","ping_status":"closed","template":"","meta":[],"product_brand":[],"product_cat":[111,118],"product_tag":[],"class_list":{"0":"post-4589","1":"product","2":"type-product","3":"status-publish","4":"has-post-thumbnail","6":"product_cat-iper-pro-de","7":"product_cat-sublimatoren","9":"first","10":"instock","11":"featured","12":"taxable","13":"shipping-taxable","14":"purchasable","15":"product-type-simple"},"yoast_head":"<!-- This site is optimized with the Yoast SEO plugin v27.3 - https:\/\/yoast.com\/product\/yoast-seo-wordpress\/ -->\n<title>Batteriebetriebener Oxals\u00e4ure Sublimator - CBESRL<\/title>\n<meta name=\"description\" content=\"Entdecken Sie unseren batteriebetriebenen Oxals\u00e4ure Sublimator f\u00fcr bequeme Bienenstockpflege, bei CBESRL.\" \/>\n<meta name=\"robots\" content=\"index, follow, max-snippet:-1, max-image-preview:large, max-video-preview:-1\" \/>\n<link rel=\"canonical\" href=\"https:\/\/cbesrl.net\/de\/prodotti\/iper-pro-de\/hidra-klassisch\/\" \/>\n<meta property=\"og:locale\" content=\"de_DE\" \/>\n<meta property=\"og:type\" content=\"article\" \/>\n<meta property=\"og:title\" content=\"Batteriebetriebener Oxals\u00e4ure Sublimator - CBESRL\" \/>\n<meta property=\"og:description\" content=\"Entdecken Sie unseren batteriebetriebenen Oxals\u00e4ure Sublimator f\u00fcr bequeme Bienenstockpflege, bei CBESRL.\" \/>\n<meta property=\"og:url\" content=\"https:\/\/cbesrl.net\/de\/prodotti\/iper-pro-de\/hidra-klassisch\/\" \/>\n<meta property=\"og:site_name\" content=\"CBE SRL\" \/>\n<meta property=\"article:modified_time\" content=\"2024-03-07T13:58:47+00:00\" \/>\n<meta property=\"og:image\" content=\"https:\/\/cbesrl.net\/wp-content\/uploads\/2023\/07\/46.jpg\" \/>\n\t<meta property=\"og:image:width\" content=\"1600\" \/>\n\t<meta property=\"og:image:height\" content=\"1200\" \/>\n\t<meta property=\"og:image:type\" content=\"image\/jpeg\" \/>\n<meta name=\"twitter:card\" content=\"summary_large_image\" \/>\n<meta name=\"twitter:label1\" content=\"Gesch\u00e4tzte Lesezeit\" \/>\n\t<meta name=\"twitter:data1\" content=\"1\u00a0Minute\" \/>\n<script type=\"application\/ld+json\" class=\"yoast-schema-graph\">{\"@context\":\"https:\\\/\\\/schema.org\",\"@graph\":[{\"@type\":\"WebPage\",\"@id\":\"https:\\\/\\\/cbesrl.net\\\/de\\\/prodotti\\\/iper-pro-de\\\/hidra-klassisch\\\/\",\"url\":\"https:\\\/\\\/cbesrl.net\\\/de\\\/prodotti\\\/iper-pro-de\\\/hidra-klassisch\\\/\",\"name\":\"Batteriebetriebener Oxals\u00e4ure Sublimator - CBESRL\",\"isPartOf\":{\"@id\":\"https:\\\/\\\/cbesrl.net\\\/#website\"},\"primaryImageOfPage\":{\"@id\":\"https:\\\/\\\/cbesrl.net\\\/de\\\/prodotti\\\/iper-pro-de\\\/hidra-klassisch\\\/#primaryimage\"},\"image\":{\"@id\":\"https:\\\/\\\/cbesrl.net\\\/de\\\/prodotti\\\/iper-pro-de\\\/hidra-klassisch\\\/#primaryimage\"},\"thumbnailUrl\":\"https:\\\/\\\/cbesrl.net\\\/wp-content\\\/uploads\\\/2023\\\/07\\\/46.jpg\",\"datePublished\":\"2023-08-01T13:31:09+00:00\",\"dateModified\":\"2024-03-07T13:58:47+00:00\",\"description\":\"Entdecken Sie unseren batteriebetriebenen Oxals\u00e4ure Sublimator f\u00fcr bequeme Bienenstockpflege, bei CBESRL.\",\"breadcrumb\":{\"@id\":\"https:\\\/\\\/cbesrl.net\\\/de\\\/prodotti\\\/iper-pro-de\\\/hidra-klassisch\\\/#breadcrumb\"},\"inLanguage\":\"de\",\"potentialAction\":[{\"@type\":\"ReadAction\",\"target\":[\"https:\\\/\\\/cbesrl.net\\\/de\\\/prodotti\\\/iper-pro-de\\\/hidra-klassisch\\\/\"]}]},{\"@type\":\"ImageObject\",\"inLanguage\":\"de\",\"@id\":\"https:\\\/\\\/cbesrl.net\\\/de\\\/prodotti\\\/iper-pro-de\\\/hidra-klassisch\\\/#primaryimage\",\"url\":\"https:\\\/\\\/cbesrl.net\\\/wp-content\\\/uploads\\\/2023\\\/07\\\/46.jpg\",\"contentUrl\":\"https:\\\/\\\/cbesrl.net\\\/wp-content\\\/uploads\\\/2023\\\/07\\\/46.jpg\",\"width\":1600,\"height\":1200,\"caption\":\"sublimatore per acido ossalico\"},{\"@type\":\"BreadcrumbList\",\"@id\":\"https:\\\/\\\/cbesrl.net\\\/de\\\/prodotti\\\/iper-pro-de\\\/hidra-klassisch\\\/#breadcrumb\",\"itemListElement\":[{\"@type\":\"ListItem\",\"position\":1,\"name\":\"Home\",\"item\":\"https:\\\/\\\/cbesrl.net\\\/new-home\\\/\"},{\"@type\":\"ListItem\",\"position\":2,\"name\":\"Shop\",\"item\":\"https:\\\/\\\/cbesrl.net\\\/de\\\/shop-2\\\/\"},{\"@type\":\"ListItem\",\"position\":3,\"name\":\"HIDRA klassisch\"}]},{\"@type\":\"WebSite\",\"@id\":\"https:\\\/\\\/cbesrl.net\\\/#website\",\"url\":\"https:\\\/\\\/cbesrl.net\\\/\",\"name\":\"CBE SRL\",\"description\":\"\",\"publisher\":{\"@id\":\"https:\\\/\\\/cbesrl.net\\\/#organization\"},\"potentialAction\":[{\"@type\":\"SearchAction\",\"target\":{\"@type\":\"EntryPoint\",\"urlTemplate\":\"https:\\\/\\\/cbesrl.net\\\/?s={search_term_string}\"},\"query-input\":{\"@type\":\"PropertyValueSpecification\",\"valueRequired\":true,\"valueName\":\"search_term_string\"}}],\"inLanguage\":\"de\"},{\"@type\":\"Organization\",\"@id\":\"https:\\\/\\\/cbesrl.net\\\/#organization\",\"name\":\"CBE SRL\",\"url\":\"https:\\\/\\\/cbesrl.net\\\/\",\"logo\":{\"@type\":\"ImageObject\",\"inLanguage\":\"de\",\"@id\":\"https:\\\/\\\/cbesrl.net\\\/#\\\/schema\\\/logo\\\/image\\\/\",\"url\":\"https:\\\/\\\/cbesrl.net\\\/wp-content\\\/uploads\\\/2022\\\/01\\\/cropped-cropped-home1-01logo-1-1.png\",\"contentUrl\":\"https:\\\/\\\/cbesrl.net\\\/wp-content\\\/uploads\\\/2022\\\/01\\\/cropped-cropped-home1-01logo-1-1.png\",\"width\":1200,\"height\":447,\"caption\":\"CBE SRL\"},\"image\":{\"@id\":\"https:\\\/\\\/cbesrl.net\\\/#\\\/schema\\\/logo\\\/image\\\/\"}}]}<\/script>\n<!-- \/ Yoast SEO plugin. -->","yoast_head_json":{"title":"Batteriebetriebener Oxals\u00e4ure Sublimator - CBESRL","description":"Entdecken Sie unseren batteriebetriebenen Oxals\u00e4ure Sublimator f\u00fcr bequeme Bienenstockpflege, bei CBESRL.","robots":{"index":"index","follow":"follow","max-snippet":"max-snippet:-1","max-image-preview":"max-image-preview:large","max-video-preview":"max-video-preview:-1"},"canonical":"https:\/\/cbesrl.net\/de\/prodotti\/iper-pro-de\/hidra-klassisch\/","og_locale":"de_DE","og_type":"article","og_title":"Batteriebetriebener Oxals\u00e4ure Sublimator - CBESRL","og_description":"Entdecken Sie unseren batteriebetriebenen Oxals\u00e4ure Sublimator f\u00fcr bequeme Bienenstockpflege, bei CBESRL.","og_url":"https:\/\/cbesrl.net\/de\/prodotti\/iper-pro-de\/hidra-klassisch\/","og_site_name":"CBE SRL","article_modified_time":"2024-03-07T13:58:47+00:00","og_image":[{"width":1600,"height":1200,"url":"https:\/\/cbesrl.net\/wp-content\/uploads\/2023\/07\/46.jpg","type":"image\/jpeg"}],"twitter_card":"summary_large_image","twitter_misc":{"Gesch\u00e4tzte Lesezeit":"1\u00a0Minute"},"schema":{"@context":"https:\/\/schema.org","@graph":[{"@type":"WebPage","@id":"https:\/\/cbesrl.net\/de\/prodotti\/iper-pro-de\/hidra-klassisch\/","url":"https:\/\/cbesrl.net\/de\/prodotti\/iper-pro-de\/hidra-klassisch\/","name":"Batteriebetriebener Oxals\u00e4ure Sublimator - CBESRL","isPartOf":{"@id":"https:\/\/cbesrl.net\/#website"},"primaryImageOfPage":{"@id":"https:\/\/cbesrl.net\/de\/prodotti\/iper-pro-de\/hidra-klassisch\/#primaryimage"},"image":{"@id":"https:\/\/cbesrl.net\/de\/prodotti\/iper-pro-de\/hidra-klassisch\/#primaryimage"},"thumbnailUrl":"https:\/\/cbesrl.net\/wp-content\/uploads\/2023\/07\/46.jpg","datePublished":"2023-08-01T13:31:09+00:00","dateModified":"2024-03-07T13:58:47+00:00","description":"Entdecken Sie unseren batteriebetriebenen Oxals\u00e4ure Sublimator f\u00fcr bequeme Bienenstockpflege, bei CBESRL.","breadcrumb":{"@id":"https:\/\/cbesrl.net\/de\/prodotti\/iper-pro-de\/hidra-klassisch\/#breadcrumb"},"inLanguage":"de","potentialAction":[{"@type":"ReadAction","target":["https:\/\/cbesrl.net\/de\/prodotti\/iper-pro-de\/hidra-klassisch\/"]}]},{"@type":"ImageObject","inLanguage":"de","@id":"https:\/\/cbesrl.net\/de\/prodotti\/iper-pro-de\/hidra-klassisch\/#primaryimage","url":"https:\/\/cbesrl.net\/wp-content\/uploads\/2023\/07\/46.jpg","contentUrl":"https:\/\/cbesrl.net\/wp-content\/uploads\/2023\/07\/46.jpg","width":1600,"height":1200,"caption":"sublimatore per acido ossalico"},{"@type":"BreadcrumbList","@id":"https:\/\/cbesrl.net\/de\/prodotti\/iper-pro-de\/hidra-klassisch\/#breadcrumb","itemListElement":[{"@type":"ListItem","position":1,"name":"Home","item":"https:\/\/cbesrl.net\/new-home\/"},{"@type":"ListItem","position":2,"name":"Shop","item":"https:\/\/cbesrl.net\/de\/shop-2\/"},{"@type":"ListItem","position":3,"name":"HIDRA klassisch"}]},{"@type":"WebSite","@id":"https:\/\/cbesrl.net\/#website","url":"https:\/\/cbesrl.net\/","name":"CBE SRL","description":"","publisher":{"@id":"https:\/\/cbesrl.net\/#organization"},"potentialAction":[{"@type":"SearchAction","target":{"@type":"EntryPoint","urlTemplate":"https:\/\/cbesrl.net\/?s={search_term_string}"},"query-input":{"@type":"PropertyValueSpecification","valueRequired":true,"valueName":"search_term_string"}}],"inLanguage":"de"},{"@type":"Organization","@id":"https:\/\/cbesrl.net\/#organization","name":"CBE SRL","url":"https:\/\/cbesrl.net\/","logo":{"@type":"ImageObject","inLanguage":"de","@id":"https:\/\/cbesrl.net\/#\/schema\/logo\/image\/","url":"https:\/\/cbesrl.net\/wp-content\/uploads\/2022\/01\/cropped-cropped-home1-01logo-1-1.png","contentUrl":"https:\/\/cbesrl.net\/wp-content\/uploads\/2022\/01\/cropped-cropped-home1-01logo-1-1.png","width":1200,"height":447,"caption":"CBE SRL"},"image":{"@id":"https:\/\/cbesrl.net\/#\/schema\/logo\/image\/"}}]}},"_links":{"self":[{"href":"https:\/\/cbesrl.net\/de\/wp-json\/wp\/v2\/product\/4589","targetHints":{"allow":["GET"]}}],"collection":[{"href":"https:\/\/cbesrl.net\/de\/wp-json\/wp\/v2\/product"}],"about":[{"href":"https:\/\/cbesrl.net\/de\/wp-json\/wp\/v2\/types\/product"}],"replies":[{"embeddable":true,"href":"https:\/\/cbesrl.net\/de\/wp-json\/wp\/v2\/comments?post=4589"}],"wp:featuredmedia":[{"embeddable":true,"href":"https:\/\/cbesrl.net\/de\/wp-json\/wp\/v2\/media\/3849"}],"wp:attachment":[{"href":"https:\/\/cbesrl.net\/de\/wp-json\/wp\/v2\/media?parent=4589"}],"wp:term":[{"taxonomy":"product_brand","embeddable":true,"href":"https:\/\/cbesrl.net\/de\/wp-json\/wp\/v2\/product_brand?post=4589"},{"taxonomy":"product_cat","embeddable":true,"href":"https:\/\/cbesrl.net\/de\/wp-json\/wp\/v2\/product_cat?post=4589"},{"taxonomy":"product_tag","embeddable":true,"href":"https:\/\/cbesrl.net\/de\/wp-json\/wp\/v2\/product_tag?post=4589"}],"curies":[{"name":"wp","href":"https:\/\/api.w.org\/{rel}","templated":true}]}}