{"id":4592,"date":"2023-08-01T12:07:33","date_gmt":"2023-08-01T10:07:33","guid":{"rendered":"https:\/\/cbesrl.net\/shop\/eski-un-licht\/"},"modified":"2023-09-21T16:31:46","modified_gmt":"2023-09-21T14:31:46","slug":"eski-un-licht","status":"publish","type":"product","link":"https:\/\/cbesrl.net\/de\/prodotti\/ultra-pro-de\/eski-un-licht\/","title":{"rendered":"ESKI-UN LICHT"},"content":{"rendered":"<p>Einfach zu bedienender Oxals\u00e4ure-Sublimator, mit seinem elektronischen Bedienfeld (Temperaturregler) erm\u00f6glicht die Sublimation von Oxals\u00e4ure bei der richtigen Temperatur (nicht kochend) wird automatisch gesteuert, und ist immer deutlich sichtbar auf dem Display. Es funktioniert elektrisch oder mit der Autobatterie und\/oder dem Inverter. Es wird durch die Kappe geschlossen. M\u00f6glichkeit der Beladung bis zu 4 g. Konstruktion aus rostfreiem Stahl 220-Volt-Einphasen-Heizung oder mit Auto-Inverter (nicht im Lieferumfang enthalten) Schnelle Sublimation Verstopfungsfreies Kupferrohr Genaues und pr\u00e4zises selbstlernendes System zur Begrenzung der thermischen Drift. CE-konforme Konstruktion.<\/p>\n","protected":false},"excerpt":{"rendered":"<p>sublimator oxals\u00e4ure ultra professional base light version universal.<\/p>\n<p>ULTRA PRO LIGHT. LIGHT VERSION F\u00fcr diejenigen, die arbeiten wollen, ohne es zu halten. Isolierte und selbsttragende Kappe l oxalic (empfohlen +2) Einstellbare Temperatur. Anti-verstopfend. F\u00fcr alle Sublimationspositionen. Neuer Eintrag, leichte Version, aber nur in Gewicht!<\/p>\n<p><strong>&lt;400 W 230V<\/strong><\/p>\n","protected":false},"featured_media":3836,"comment_status":"open","ping_status":"closed","template":"","meta":[],"product_brand":[],"product_cat":[118,112],"product_tag":[],"class_list":{"0":"post-4592","1":"product","2":"type-product","3":"status-publish","4":"has-post-thumbnail","6":"product_cat-sublimatoren","7":"product_cat-ultra-pro-de","9":"first","10":"instock","11":"featured","12":"taxable","13":"shipping-taxable","14":"purchasable","15":"product-type-simple"},"yoast_head":"<!-- This site is optimized with the Yoast SEO plugin v27.3 - https:\/\/yoast.com\/product\/yoast-seo-wordpress\/ -->\n<title>ESKI-UN LICHT - CBE SRL<\/title>\n<meta name=\"robots\" content=\"index, follow, max-snippet:-1, max-image-preview:large, max-video-preview:-1\" \/>\n<link rel=\"canonical\" href=\"https:\/\/cbesrl.net\/de\/prodotti\/ultra-pro-de\/eski-un-licht\/\" \/>\n<meta property=\"og:locale\" content=\"de_DE\" \/>\n<meta property=\"og:type\" content=\"article\" \/>\n<meta property=\"og:title\" content=\"ESKI-UN LICHT - CBE SRL\" \/>\n<meta property=\"og:description\" content=\"sublimator oxals\u00e4ure ultra professional base light version universal.  ULTRA PRO LIGHT. LIGHT VERSION F\u00fcr diejenigen, die arbeiten wollen, ohne es zu halten. Isolierte und selbsttragende Kappe l oxalic (empfohlen +2) Einstellbare Temperatur. Anti-verstopfend. F\u00fcr alle Sublimationspositionen. Neuer Eintrag, leichte Version, aber nur in Gewicht!  &lt;400 W 230V\" \/>\n<meta property=\"og:url\" content=\"https:\/\/cbesrl.net\/de\/prodotti\/ultra-pro-de\/eski-un-licht\/\" \/>\n<meta property=\"og:site_name\" content=\"CBE SRL\" \/>\n<meta property=\"article:modified_time\" content=\"2023-09-21T14:31:46+00:00\" \/>\n<meta property=\"og:image\" content=\"https:\/\/cbesrl.net\/wp-content\/uploads\/2023\/07\/39.jpg\" \/>\n\t<meta property=\"og:image:width\" content=\"1507\" \/>\n\t<meta property=\"og:image:height\" content=\"1130\" \/>\n\t<meta property=\"og:image:type\" content=\"image\/jpeg\" \/>\n<meta name=\"twitter:card\" content=\"summary_large_image\" \/>\n<script type=\"application\/ld+json\" class=\"yoast-schema-graph\">{\"@context\":\"https:\\\/\\\/schema.org\",\"@graph\":[{\"@type\":\"WebPage\",\"@id\":\"https:\\\/\\\/cbesrl.net\\\/de\\\/prodotti\\\/ultra-pro-de\\\/eski-un-licht\\\/\",\"url\":\"https:\\\/\\\/cbesrl.net\\\/de\\\/prodotti\\\/ultra-pro-de\\\/eski-un-licht\\\/\",\"name\":\"ESKI-UN LICHT - CBE SRL\",\"isPartOf\":{\"@id\":\"https:\\\/\\\/cbesrl.net\\\/#website\"},\"primaryImageOfPage\":{\"@id\":\"https:\\\/\\\/cbesrl.net\\\/de\\\/prodotti\\\/ultra-pro-de\\\/eski-un-licht\\\/#primaryimage\"},\"image\":{\"@id\":\"https:\\\/\\\/cbesrl.net\\\/de\\\/prodotti\\\/ultra-pro-de\\\/eski-un-licht\\\/#primaryimage\"},\"thumbnailUrl\":\"https:\\\/\\\/cbesrl.net\\\/wp-content\\\/uploads\\\/2023\\\/07\\\/39.jpg\",\"datePublished\":\"2023-08-01T10:07:33+00:00\",\"dateModified\":\"2023-09-21T14:31:46+00:00\",\"breadcrumb\":{\"@id\":\"https:\\\/\\\/cbesrl.net\\\/de\\\/prodotti\\\/ultra-pro-de\\\/eski-un-licht\\\/#breadcrumb\"},\"inLanguage\":\"de\",\"potentialAction\":[{\"@type\":\"ReadAction\",\"target\":[\"https:\\\/\\\/cbesrl.net\\\/de\\\/prodotti\\\/ultra-pro-de\\\/eski-un-licht\\\/\"]}]},{\"@type\":\"ImageObject\",\"inLanguage\":\"de\",\"@id\":\"https:\\\/\\\/cbesrl.net\\\/de\\\/prodotti\\\/ultra-pro-de\\\/eski-un-licht\\\/#primaryimage\",\"url\":\"https:\\\/\\\/cbesrl.net\\\/wp-content\\\/uploads\\\/2023\\\/07\\\/39.jpg\",\"contentUrl\":\"https:\\\/\\\/cbesrl.net\\\/wp-content\\\/uploads\\\/2023\\\/07\\\/39.jpg\",\"width\":1507,\"height\":1130},{\"@type\":\"BreadcrumbList\",\"@id\":\"https:\\\/\\\/cbesrl.net\\\/de\\\/prodotti\\\/ultra-pro-de\\\/eski-un-licht\\\/#breadcrumb\",\"itemListElement\":[{\"@type\":\"ListItem\",\"position\":1,\"name\":\"Home\",\"item\":\"https:\\\/\\\/cbesrl.net\\\/new-home\\\/\"},{\"@type\":\"ListItem\",\"position\":2,\"name\":\"Shop\",\"item\":\"https:\\\/\\\/cbesrl.net\\\/de\\\/shop-2\\\/\"},{\"@type\":\"ListItem\",\"position\":3,\"name\":\"ESKI-UN LICHT\"}]},{\"@type\":\"WebSite\",\"@id\":\"https:\\\/\\\/cbesrl.net\\\/#website\",\"url\":\"https:\\\/\\\/cbesrl.net\\\/\",\"name\":\"CBE SRL\",\"description\":\"\",\"publisher\":{\"@id\":\"https:\\\/\\\/cbesrl.net\\\/#organization\"},\"potentialAction\":[{\"@type\":\"SearchAction\",\"target\":{\"@type\":\"EntryPoint\",\"urlTemplate\":\"https:\\\/\\\/cbesrl.net\\\/?s={search_term_string}\"},\"query-input\":{\"@type\":\"PropertyValueSpecification\",\"valueRequired\":true,\"valueName\":\"search_term_string\"}}],\"inLanguage\":\"de\"},{\"@type\":\"Organization\",\"@id\":\"https:\\\/\\\/cbesrl.net\\\/#organization\",\"name\":\"CBE SRL\",\"url\":\"https:\\\/\\\/cbesrl.net\\\/\",\"logo\":{\"@type\":\"ImageObject\",\"inLanguage\":\"de\",\"@id\":\"https:\\\/\\\/cbesrl.net\\\/#\\\/schema\\\/logo\\\/image\\\/\",\"url\":\"https:\\\/\\\/cbesrl.net\\\/wp-content\\\/uploads\\\/2022\\\/01\\\/cropped-cropped-home1-01logo-1-1.png\",\"contentUrl\":\"https:\\\/\\\/cbesrl.net\\\/wp-content\\\/uploads\\\/2022\\\/01\\\/cropped-cropped-home1-01logo-1-1.png\",\"width\":1200,\"height\":447,\"caption\":\"CBE SRL\"},\"image\":{\"@id\":\"https:\\\/\\\/cbesrl.net\\\/#\\\/schema\\\/logo\\\/image\\\/\"}}]}<\/script>\n<!-- \/ Yoast SEO plugin. -->","yoast_head_json":{"title":"ESKI-UN LICHT - CBE SRL","robots":{"index":"index","follow":"follow","max-snippet":"max-snippet:-1","max-image-preview":"max-image-preview:large","max-video-preview":"max-video-preview:-1"},"canonical":"https:\/\/cbesrl.net\/de\/prodotti\/ultra-pro-de\/eski-un-licht\/","og_locale":"de_DE","og_type":"article","og_title":"ESKI-UN LICHT - CBE SRL","og_description":"sublimator oxals\u00e4ure ultra professional base light version universal.  ULTRA PRO LIGHT. LIGHT VERSION F\u00fcr diejenigen, die arbeiten wollen, ohne es zu halten. Isolierte und selbsttragende Kappe l oxalic (empfohlen +2) Einstellbare Temperatur. Anti-verstopfend. F\u00fcr alle Sublimationspositionen. Neuer Eintrag, leichte Version, aber nur in Gewicht!  &lt;400 W 230V","og_url":"https:\/\/cbesrl.net\/de\/prodotti\/ultra-pro-de\/eski-un-licht\/","og_site_name":"CBE SRL","article_modified_time":"2023-09-21T14:31:46+00:00","og_image":[{"width":1507,"height":1130,"url":"https:\/\/cbesrl.net\/wp-content\/uploads\/2023\/07\/39.jpg","type":"image\/jpeg"}],"twitter_card":"summary_large_image","schema":{"@context":"https:\/\/schema.org","@graph":[{"@type":"WebPage","@id":"https:\/\/cbesrl.net\/de\/prodotti\/ultra-pro-de\/eski-un-licht\/","url":"https:\/\/cbesrl.net\/de\/prodotti\/ultra-pro-de\/eski-un-licht\/","name":"ESKI-UN LICHT - CBE SRL","isPartOf":{"@id":"https:\/\/cbesrl.net\/#website"},"primaryImageOfPage":{"@id":"https:\/\/cbesrl.net\/de\/prodotti\/ultra-pro-de\/eski-un-licht\/#primaryimage"},"image":{"@id":"https:\/\/cbesrl.net\/de\/prodotti\/ultra-pro-de\/eski-un-licht\/#primaryimage"},"thumbnailUrl":"https:\/\/cbesrl.net\/wp-content\/uploads\/2023\/07\/39.jpg","datePublished":"2023-08-01T10:07:33+00:00","dateModified":"2023-09-21T14:31:46+00:00","breadcrumb":{"@id":"https:\/\/cbesrl.net\/de\/prodotti\/ultra-pro-de\/eski-un-licht\/#breadcrumb"},"inLanguage":"de","potentialAction":[{"@type":"ReadAction","target":["https:\/\/cbesrl.net\/de\/prodotti\/ultra-pro-de\/eski-un-licht\/"]}]},{"@type":"ImageObject","inLanguage":"de","@id":"https:\/\/cbesrl.net\/de\/prodotti\/ultra-pro-de\/eski-un-licht\/#primaryimage","url":"https:\/\/cbesrl.net\/wp-content\/uploads\/2023\/07\/39.jpg","contentUrl":"https:\/\/cbesrl.net\/wp-content\/uploads\/2023\/07\/39.jpg","width":1507,"height":1130},{"@type":"BreadcrumbList","@id":"https:\/\/cbesrl.net\/de\/prodotti\/ultra-pro-de\/eski-un-licht\/#breadcrumb","itemListElement":[{"@type":"ListItem","position":1,"name":"Home","item":"https:\/\/cbesrl.net\/new-home\/"},{"@type":"ListItem","position":2,"name":"Shop","item":"https:\/\/cbesrl.net\/de\/shop-2\/"},{"@type":"ListItem","position":3,"name":"ESKI-UN LICHT"}]},{"@type":"WebSite","@id":"https:\/\/cbesrl.net\/#website","url":"https:\/\/cbesrl.net\/","name":"CBE SRL","description":"","publisher":{"@id":"https:\/\/cbesrl.net\/#organization"},"potentialAction":[{"@type":"SearchAction","target":{"@type":"EntryPoint","urlTemplate":"https:\/\/cbesrl.net\/?s={search_term_string}"},"query-input":{"@type":"PropertyValueSpecification","valueRequired":true,"valueName":"search_term_string"}}],"inLanguage":"de"},{"@type":"Organization","@id":"https:\/\/cbesrl.net\/#organization","name":"CBE SRL","url":"https:\/\/cbesrl.net\/","logo":{"@type":"ImageObject","inLanguage":"de","@id":"https:\/\/cbesrl.net\/#\/schema\/logo\/image\/","url":"https:\/\/cbesrl.net\/wp-content\/uploads\/2022\/01\/cropped-cropped-home1-01logo-1-1.png","contentUrl":"https:\/\/cbesrl.net\/wp-content\/uploads\/2022\/01\/cropped-cropped-home1-01logo-1-1.png","width":1200,"height":447,"caption":"CBE SRL"},"image":{"@id":"https:\/\/cbesrl.net\/#\/schema\/logo\/image\/"}}]}},"_links":{"self":[{"href":"https:\/\/cbesrl.net\/de\/wp-json\/wp\/v2\/product\/4592","targetHints":{"allow":["GET"]}}],"collection":[{"href":"https:\/\/cbesrl.net\/de\/wp-json\/wp\/v2\/product"}],"about":[{"href":"https:\/\/cbesrl.net\/de\/wp-json\/wp\/v2\/types\/product"}],"replies":[{"embeddable":true,"href":"https:\/\/cbesrl.net\/de\/wp-json\/wp\/v2\/comments?post=4592"}],"wp:featuredmedia":[{"embeddable":true,"href":"https:\/\/cbesrl.net\/de\/wp-json\/wp\/v2\/media\/3836"}],"wp:attachment":[{"href":"https:\/\/cbesrl.net\/de\/wp-json\/wp\/v2\/media?parent=4592"}],"wp:term":[{"taxonomy":"product_brand","embeddable":true,"href":"https:\/\/cbesrl.net\/de\/wp-json\/wp\/v2\/product_brand?post=4592"},{"taxonomy":"product_cat","embeddable":true,"href":"https:\/\/cbesrl.net\/de\/wp-json\/wp\/v2\/product_cat?post=4592"},{"taxonomy":"product_tag","embeddable":true,"href":"https:\/\/cbesrl.net\/de\/wp-json\/wp\/v2\/product_tag?post=4592"}],"curies":[{"name":"wp","href":"https:\/\/api.w.org\/{rel}","templated":true}]}}