{"id":4593,"date":"2023-08-01T11:00:13","date_gmt":"2023-08-01T09:00:13","guid":{"rendered":"https:\/\/cbesrl.net\/shop\/eskimox-klassisch\/"},"modified":"2024-03-07T14:57:48","modified_gmt":"2024-03-07T13:57:48","slug":"eskimox-klassisch","status":"publish","type":"product","link":"https:\/\/cbesrl.net\/de\/prodotti\/ultra-pro-de\/eskimox-klassisch\/","title":{"rendered":"ESKIMOX klassisch"},"content":{"rendered":"<p>Der gro\u00dfe alte Mann&#8230; verr\u00e4t nie, der einfach zu bedienende Oxals\u00e4ure-Sublimator mit seinem elektronischen Bedienfeld (Temperaturregler) erm\u00f6glicht die Sublimation von Oxals\u00e4ure bei der richtigen Temperatur (nicht kochend) wird automatisch gesteuert, und ist immer deutlich sichtbar auf dem Display. Es funktioniert elektrisch mit 230V oder mit der Autobatterie i600 und\/oder einem Inverter. Er wird mit dem Deckel verschlossen (+2 wird ben\u00f6tigt). M\u00f6glichkeit der Ladung bis zu 4 g. Isolierte Konstruktion aus rostfreiem Stahl Schnelle Sublimation Verstopfungsfreies Kupferrohr Genaues und pr\u00e4zises selbstlernendes System zur Begrenzung der thermischen Abweichung. CE-konforme Konstruktion.<\/p>\n","protected":false},"excerpt":{"rendered":"<p>Eskimox classic ultra professional Oxals\u00e4ure-Sublimator mit Universal-Klebefolie.<br \/>\nULTRA PRO BASE -der CLASSIC- oder mit Klebefolie (opt). F\u00fcr Profis oder anspruchsvolle Imker und solche mit wenig Zeit. Selbsttragende Oxals\u00e4urekappe Einstellbare Temperatur. Anti-Verstopfung. F\u00fcr alle Sublimationspositionen EMPFOHLEN IN WINDIGEN PL\u00c4TZEN und GRAMMEN BIS 4 GR. Der gro\u00dfe Klassiker f\u00fcr Anspruchsvolle!<\/p>\n<p><strong>&lt;400 W 230V<\/strong><\/p>\n","protected":false},"featured_media":6763,"comment_status":"open","ping_status":"closed","template":"","meta":[],"product_brand":[],"product_cat":[118,112],"product_tag":[],"class_list":{"0":"post-4593","1":"product","2":"type-product","3":"status-publish","4":"has-post-thumbnail","6":"product_cat-sublimatoren","7":"product_cat-ultra-pro-de","9":"first","10":"instock","11":"featured","12":"taxable","13":"shipping-taxable","14":"purchasable","15":"product-type-simple"},"yoast_head":"<!-- This site is optimized with the Yoast SEO plugin v27.3 - https:\/\/yoast.com\/product\/yoast-seo-wordpress\/ -->\n<title>Professioneller Sublimator - CBESRL<\/title>\n<meta name=\"description\" content=\"Entdecken Sie unseren professionellen Sublimator f\u00fcr effiziente Bienenstockpflege, bei CBESRL.\" \/>\n<meta name=\"robots\" content=\"index, follow, max-snippet:-1, max-image-preview:large, max-video-preview:-1\" \/>\n<link rel=\"canonical\" href=\"https:\/\/cbesrl.net\/de\/prodotti\/ultra-pro-de\/eskimox-klassisch\/\" \/>\n<meta property=\"og:locale\" content=\"de_DE\" \/>\n<meta property=\"og:type\" content=\"article\" \/>\n<meta property=\"og:title\" content=\"Professioneller Sublimator - CBESRL\" \/>\n<meta property=\"og:description\" content=\"Entdecken Sie unseren professionellen Sublimator f\u00fcr effiziente Bienenstockpflege, bei CBESRL.\" \/>\n<meta property=\"og:url\" content=\"https:\/\/cbesrl.net\/de\/prodotti\/ultra-pro-de\/eskimox-klassisch\/\" \/>\n<meta property=\"og:site_name\" content=\"CBE SRL\" \/>\n<meta property=\"article:modified_time\" content=\"2024-03-07T13:57:48+00:00\" \/>\n<meta property=\"og:image\" content=\"https:\/\/cbesrl.net\/wp-content\/uploads\/2023\/08\/Sublimatore-1.png\" \/>\n\t<meta property=\"og:image:width\" content=\"1500\" \/>\n\t<meta property=\"og:image:height\" content=\"1000\" \/>\n\t<meta property=\"og:image:type\" content=\"image\/png\" \/>\n<meta name=\"twitter:card\" content=\"summary_large_image\" \/>\n<meta name=\"twitter:label1\" content=\"Gesch\u00e4tzte Lesezeit\" \/>\n\t<meta name=\"twitter:data1\" content=\"1\u00a0Minute\" \/>\n<script type=\"application\/ld+json\" class=\"yoast-schema-graph\">{\"@context\":\"https:\\\/\\\/schema.org\",\"@graph\":[{\"@type\":\"WebPage\",\"@id\":\"https:\\\/\\\/cbesrl.net\\\/de\\\/prodotti\\\/ultra-pro-de\\\/eskimox-klassisch\\\/\",\"url\":\"https:\\\/\\\/cbesrl.net\\\/de\\\/prodotti\\\/ultra-pro-de\\\/eskimox-klassisch\\\/\",\"name\":\"Professioneller Sublimator - CBESRL\",\"isPartOf\":{\"@id\":\"https:\\\/\\\/cbesrl.net\\\/#website\"},\"primaryImageOfPage\":{\"@id\":\"https:\\\/\\\/cbesrl.net\\\/de\\\/prodotti\\\/ultra-pro-de\\\/eskimox-klassisch\\\/#primaryimage\"},\"image\":{\"@id\":\"https:\\\/\\\/cbesrl.net\\\/de\\\/prodotti\\\/ultra-pro-de\\\/eskimox-klassisch\\\/#primaryimage\"},\"thumbnailUrl\":\"https:\\\/\\\/cbesrl.net\\\/wp-content\\\/uploads\\\/2023\\\/08\\\/Sublimatore-1.png\",\"datePublished\":\"2023-08-01T09:00:13+00:00\",\"dateModified\":\"2024-03-07T13:57:48+00:00\",\"description\":\"Entdecken Sie unseren professionellen Sublimator f\u00fcr effiziente Bienenstockpflege, bei CBESRL.\",\"breadcrumb\":{\"@id\":\"https:\\\/\\\/cbesrl.net\\\/de\\\/prodotti\\\/ultra-pro-de\\\/eskimox-klassisch\\\/#breadcrumb\"},\"inLanguage\":\"de\",\"potentialAction\":[{\"@type\":\"ReadAction\",\"target\":[\"https:\\\/\\\/cbesrl.net\\\/de\\\/prodotti\\\/ultra-pro-de\\\/eskimox-klassisch\\\/\"]}]},{\"@type\":\"ImageObject\",\"inLanguage\":\"de\",\"@id\":\"https:\\\/\\\/cbesrl.net\\\/de\\\/prodotti\\\/ultra-pro-de\\\/eskimox-klassisch\\\/#primaryimage\",\"url\":\"https:\\\/\\\/cbesrl.net\\\/wp-content\\\/uploads\\\/2023\\\/08\\\/Sublimatore-1.png\",\"contentUrl\":\"https:\\\/\\\/cbesrl.net\\\/wp-content\\\/uploads\\\/2023\\\/08\\\/Sublimatore-1.png\",\"width\":1500,\"height\":1000,\"caption\":\"sublimatore professionale\"},{\"@type\":\"BreadcrumbList\",\"@id\":\"https:\\\/\\\/cbesrl.net\\\/de\\\/prodotti\\\/ultra-pro-de\\\/eskimox-klassisch\\\/#breadcrumb\",\"itemListElement\":[{\"@type\":\"ListItem\",\"position\":1,\"name\":\"Home\",\"item\":\"https:\\\/\\\/cbesrl.net\\\/new-home\\\/\"},{\"@type\":\"ListItem\",\"position\":2,\"name\":\"Shop\",\"item\":\"https:\\\/\\\/cbesrl.net\\\/de\\\/shop-2\\\/\"},{\"@type\":\"ListItem\",\"position\":3,\"name\":\"ESKIMOX klassisch\"}]},{\"@type\":\"WebSite\",\"@id\":\"https:\\\/\\\/cbesrl.net\\\/#website\",\"url\":\"https:\\\/\\\/cbesrl.net\\\/\",\"name\":\"CBE SRL\",\"description\":\"\",\"publisher\":{\"@id\":\"https:\\\/\\\/cbesrl.net\\\/#organization\"},\"potentialAction\":[{\"@type\":\"SearchAction\",\"target\":{\"@type\":\"EntryPoint\",\"urlTemplate\":\"https:\\\/\\\/cbesrl.net\\\/?s={search_term_string}\"},\"query-input\":{\"@type\":\"PropertyValueSpecification\",\"valueRequired\":true,\"valueName\":\"search_term_string\"}}],\"inLanguage\":\"de\"},{\"@type\":\"Organization\",\"@id\":\"https:\\\/\\\/cbesrl.net\\\/#organization\",\"name\":\"CBE SRL\",\"url\":\"https:\\\/\\\/cbesrl.net\\\/\",\"logo\":{\"@type\":\"ImageObject\",\"inLanguage\":\"de\",\"@id\":\"https:\\\/\\\/cbesrl.net\\\/#\\\/schema\\\/logo\\\/image\\\/\",\"url\":\"https:\\\/\\\/cbesrl.net\\\/wp-content\\\/uploads\\\/2022\\\/01\\\/cropped-cropped-home1-01logo-1-1.png\",\"contentUrl\":\"https:\\\/\\\/cbesrl.net\\\/wp-content\\\/uploads\\\/2022\\\/01\\\/cropped-cropped-home1-01logo-1-1.png\",\"width\":1200,\"height\":447,\"caption\":\"CBE SRL\"},\"image\":{\"@id\":\"https:\\\/\\\/cbesrl.net\\\/#\\\/schema\\\/logo\\\/image\\\/\"}}]}<\/script>\n<!-- \/ Yoast SEO plugin. -->","yoast_head_json":{"title":"Professioneller Sublimator - CBESRL","description":"Entdecken Sie unseren professionellen Sublimator f\u00fcr effiziente Bienenstockpflege, bei CBESRL.","robots":{"index":"index","follow":"follow","max-snippet":"max-snippet:-1","max-image-preview":"max-image-preview:large","max-video-preview":"max-video-preview:-1"},"canonical":"https:\/\/cbesrl.net\/de\/prodotti\/ultra-pro-de\/eskimox-klassisch\/","og_locale":"de_DE","og_type":"article","og_title":"Professioneller Sublimator - CBESRL","og_description":"Entdecken Sie unseren professionellen Sublimator f\u00fcr effiziente Bienenstockpflege, bei CBESRL.","og_url":"https:\/\/cbesrl.net\/de\/prodotti\/ultra-pro-de\/eskimox-klassisch\/","og_site_name":"CBE SRL","article_modified_time":"2024-03-07T13:57:48+00:00","og_image":[{"width":1500,"height":1000,"url":"https:\/\/cbesrl.net\/wp-content\/uploads\/2023\/08\/Sublimatore-1.png","type":"image\/png"}],"twitter_card":"summary_large_image","twitter_misc":{"Gesch\u00e4tzte Lesezeit":"1\u00a0Minute"},"schema":{"@context":"https:\/\/schema.org","@graph":[{"@type":"WebPage","@id":"https:\/\/cbesrl.net\/de\/prodotti\/ultra-pro-de\/eskimox-klassisch\/","url":"https:\/\/cbesrl.net\/de\/prodotti\/ultra-pro-de\/eskimox-klassisch\/","name":"Professioneller Sublimator - CBESRL","isPartOf":{"@id":"https:\/\/cbesrl.net\/#website"},"primaryImageOfPage":{"@id":"https:\/\/cbesrl.net\/de\/prodotti\/ultra-pro-de\/eskimox-klassisch\/#primaryimage"},"image":{"@id":"https:\/\/cbesrl.net\/de\/prodotti\/ultra-pro-de\/eskimox-klassisch\/#primaryimage"},"thumbnailUrl":"https:\/\/cbesrl.net\/wp-content\/uploads\/2023\/08\/Sublimatore-1.png","datePublished":"2023-08-01T09:00:13+00:00","dateModified":"2024-03-07T13:57:48+00:00","description":"Entdecken Sie unseren professionellen Sublimator f\u00fcr effiziente Bienenstockpflege, bei CBESRL.","breadcrumb":{"@id":"https:\/\/cbesrl.net\/de\/prodotti\/ultra-pro-de\/eskimox-klassisch\/#breadcrumb"},"inLanguage":"de","potentialAction":[{"@type":"ReadAction","target":["https:\/\/cbesrl.net\/de\/prodotti\/ultra-pro-de\/eskimox-klassisch\/"]}]},{"@type":"ImageObject","inLanguage":"de","@id":"https:\/\/cbesrl.net\/de\/prodotti\/ultra-pro-de\/eskimox-klassisch\/#primaryimage","url":"https:\/\/cbesrl.net\/wp-content\/uploads\/2023\/08\/Sublimatore-1.png","contentUrl":"https:\/\/cbesrl.net\/wp-content\/uploads\/2023\/08\/Sublimatore-1.png","width":1500,"height":1000,"caption":"sublimatore professionale"},{"@type":"BreadcrumbList","@id":"https:\/\/cbesrl.net\/de\/prodotti\/ultra-pro-de\/eskimox-klassisch\/#breadcrumb","itemListElement":[{"@type":"ListItem","position":1,"name":"Home","item":"https:\/\/cbesrl.net\/new-home\/"},{"@type":"ListItem","position":2,"name":"Shop","item":"https:\/\/cbesrl.net\/de\/shop-2\/"},{"@type":"ListItem","position":3,"name":"ESKIMOX klassisch"}]},{"@type":"WebSite","@id":"https:\/\/cbesrl.net\/#website","url":"https:\/\/cbesrl.net\/","name":"CBE SRL","description":"","publisher":{"@id":"https:\/\/cbesrl.net\/#organization"},"potentialAction":[{"@type":"SearchAction","target":{"@type":"EntryPoint","urlTemplate":"https:\/\/cbesrl.net\/?s={search_term_string}"},"query-input":{"@type":"PropertyValueSpecification","valueRequired":true,"valueName":"search_term_string"}}],"inLanguage":"de"},{"@type":"Organization","@id":"https:\/\/cbesrl.net\/#organization","name":"CBE SRL","url":"https:\/\/cbesrl.net\/","logo":{"@type":"ImageObject","inLanguage":"de","@id":"https:\/\/cbesrl.net\/#\/schema\/logo\/image\/","url":"https:\/\/cbesrl.net\/wp-content\/uploads\/2022\/01\/cropped-cropped-home1-01logo-1-1.png","contentUrl":"https:\/\/cbesrl.net\/wp-content\/uploads\/2022\/01\/cropped-cropped-home1-01logo-1-1.png","width":1200,"height":447,"caption":"CBE SRL"},"image":{"@id":"https:\/\/cbesrl.net\/#\/schema\/logo\/image\/"}}]}},"_links":{"self":[{"href":"https:\/\/cbesrl.net\/de\/wp-json\/wp\/v2\/product\/4593","targetHints":{"allow":["GET"]}}],"collection":[{"href":"https:\/\/cbesrl.net\/de\/wp-json\/wp\/v2\/product"}],"about":[{"href":"https:\/\/cbesrl.net\/de\/wp-json\/wp\/v2\/types\/product"}],"replies":[{"embeddable":true,"href":"https:\/\/cbesrl.net\/de\/wp-json\/wp\/v2\/comments?post=4593"}],"wp:featuredmedia":[{"embeddable":true,"href":"https:\/\/cbesrl.net\/de\/wp-json\/wp\/v2\/media\/6763"}],"wp:attachment":[{"href":"https:\/\/cbesrl.net\/de\/wp-json\/wp\/v2\/media?parent=4593"}],"wp:term":[{"taxonomy":"product_brand","embeddable":true,"href":"https:\/\/cbesrl.net\/de\/wp-json\/wp\/v2\/product_brand?post=4593"},{"taxonomy":"product_cat","embeddable":true,"href":"https:\/\/cbesrl.net\/de\/wp-json\/wp\/v2\/product_cat?post=4593"},{"taxonomy":"product_tag","embeddable":true,"href":"https:\/\/cbesrl.net\/de\/wp-json\/wp\/v2\/product_tag?post=4593"}],"curies":[{"name":"wp","href":"https:\/\/api.w.org\/{rel}","templated":true}]}}