{"id":4595,"date":"2023-08-01T10:14:44","date_gmt":"2023-08-01T08:14:44","guid":{"rendered":"https:\/\/cbesrl.net\/shop\/f300-hi-light-appo\/"},"modified":"2023-09-21T16:32:08","modified_gmt":"2023-09-21T14:32:08","slug":"f300-hi-light-appo","status":"publish","type":"product","link":"https:\/\/cbesrl.net\/de\/prodotti\/super-professionell\/f300-hi-light-appo\/","title":{"rendered":"F300-HI LIGHT APPO"},"content":{"rendered":"<p>Sublimator Modell PRO mit Hahn und Seitenschutz, isoliert. Es funktioniert von hinten, auch Styropor. F\u00fcr diejenigen, die 50-60 Bienenst\u00f6cke haben und schnell sein wollen. Einstellbare Temperatur. Anti-Verstopfung. Mit St\u00fctze. Abdeckung oder niedrig. Sie entscheiden mit der Spritze, wie viel Gramm. nimmt bis zu 3,5gr. Stehen Sie aufrecht und Ihr R\u00fccken wird es Ihnen danken!<\/p>\n","protected":false},"excerpt":{"rendered":"<p>F300-HIDRA<br \/>\nProfessioneller Oxals\u00e4ure-Sublimator hidra light Version, isoliert und mit Zapfhahn und Stativ.<\/p>\n<p><strong>&lt;300 W 230V<\/strong><\/p>\n","protected":false},"featured_media":3792,"comment_status":"open","ping_status":"closed","template":"","meta":[],"product_brand":[],"product_cat":[118,113],"product_tag":[],"class_list":{"0":"post-4595","1":"product","2":"type-product","3":"status-publish","4":"has-post-thumbnail","6":"product_cat-sublimatoren","7":"product_cat-super-professionell","9":"first","10":"instock","11":"featured","12":"taxable","13":"shipping-taxable","14":"purchasable","15":"product-type-simple"},"yoast_head":"<!-- This site is optimized with the Yoast SEO plugin v27.3 - https:\/\/yoast.com\/product\/yoast-seo-wordpress\/ -->\n<title>F300-HI LIGHT APPO - CBE SRL<\/title>\n<meta name=\"robots\" content=\"index, follow, max-snippet:-1, max-image-preview:large, max-video-preview:-1\" \/>\n<link rel=\"canonical\" href=\"https:\/\/cbesrl.net\/de\/prodotti\/super-professionell\/f300-hi-light-appo\/\" \/>\n<meta property=\"og:locale\" content=\"de_DE\" \/>\n<meta property=\"og:type\" content=\"article\" \/>\n<meta property=\"og:title\" content=\"F300-HI LIGHT APPO - CBE SRL\" \/>\n<meta property=\"og:description\" content=\"F300-HIDRA Professioneller Oxals\u00e4ure-Sublimator hidra light Version, isoliert und mit Zapfhahn und Stativ.  &lt;300 W 230V\" \/>\n<meta property=\"og:url\" content=\"https:\/\/cbesrl.net\/de\/prodotti\/super-professionell\/f300-hi-light-appo\/\" \/>\n<meta property=\"og:site_name\" content=\"CBE SRL\" \/>\n<meta property=\"article:modified_time\" content=\"2023-09-21T14:32:08+00:00\" \/>\n<meta property=\"og:image\" content=\"https:\/\/cbesrl.net\/wp-content\/uploads\/2023\/07\/38.jpg\" \/>\n\t<meta property=\"og:image:width\" content=\"1440\" \/>\n\t<meta property=\"og:image:height\" content=\"1082\" \/>\n\t<meta property=\"og:image:type\" content=\"image\/jpeg\" \/>\n<meta name=\"twitter:card\" content=\"summary_large_image\" \/>\n<script type=\"application\/ld+json\" class=\"yoast-schema-graph\">{\"@context\":\"https:\\\/\\\/schema.org\",\"@graph\":[{\"@type\":\"WebPage\",\"@id\":\"https:\\\/\\\/cbesrl.net\\\/de\\\/prodotti\\\/super-professionell\\\/f300-hi-light-appo\\\/\",\"url\":\"https:\\\/\\\/cbesrl.net\\\/de\\\/prodotti\\\/super-professionell\\\/f300-hi-light-appo\\\/\",\"name\":\"F300-HI LIGHT APPO - CBE SRL\",\"isPartOf\":{\"@id\":\"https:\\\/\\\/cbesrl.net\\\/#website\"},\"primaryImageOfPage\":{\"@id\":\"https:\\\/\\\/cbesrl.net\\\/de\\\/prodotti\\\/super-professionell\\\/f300-hi-light-appo\\\/#primaryimage\"},\"image\":{\"@id\":\"https:\\\/\\\/cbesrl.net\\\/de\\\/prodotti\\\/super-professionell\\\/f300-hi-light-appo\\\/#primaryimage\"},\"thumbnailUrl\":\"https:\\\/\\\/cbesrl.net\\\/wp-content\\\/uploads\\\/2023\\\/07\\\/38.jpg\",\"datePublished\":\"2023-08-01T08:14:44+00:00\",\"dateModified\":\"2023-09-21T14:32:08+00:00\",\"breadcrumb\":{\"@id\":\"https:\\\/\\\/cbesrl.net\\\/de\\\/prodotti\\\/super-professionell\\\/f300-hi-light-appo\\\/#breadcrumb\"},\"inLanguage\":\"de\",\"potentialAction\":[{\"@type\":\"ReadAction\",\"target\":[\"https:\\\/\\\/cbesrl.net\\\/de\\\/prodotti\\\/super-professionell\\\/f300-hi-light-appo\\\/\"]}]},{\"@type\":\"ImageObject\",\"inLanguage\":\"de\",\"@id\":\"https:\\\/\\\/cbesrl.net\\\/de\\\/prodotti\\\/super-professionell\\\/f300-hi-light-appo\\\/#primaryimage\",\"url\":\"https:\\\/\\\/cbesrl.net\\\/wp-content\\\/uploads\\\/2023\\\/07\\\/38.jpg\",\"contentUrl\":\"https:\\\/\\\/cbesrl.net\\\/wp-content\\\/uploads\\\/2023\\\/07\\\/38.jpg\",\"width\":1440,\"height\":1082},{\"@type\":\"BreadcrumbList\",\"@id\":\"https:\\\/\\\/cbesrl.net\\\/de\\\/prodotti\\\/super-professionell\\\/f300-hi-light-appo\\\/#breadcrumb\",\"itemListElement\":[{\"@type\":\"ListItem\",\"position\":1,\"name\":\"Home\",\"item\":\"https:\\\/\\\/cbesrl.net\\\/new-home\\\/\"},{\"@type\":\"ListItem\",\"position\":2,\"name\":\"Shop\",\"item\":\"https:\\\/\\\/cbesrl.net\\\/de\\\/shop-2\\\/\"},{\"@type\":\"ListItem\",\"position\":3,\"name\":\"F300-HI LIGHT APPO\"}]},{\"@type\":\"WebSite\",\"@id\":\"https:\\\/\\\/cbesrl.net\\\/#website\",\"url\":\"https:\\\/\\\/cbesrl.net\\\/\",\"name\":\"CBE SRL\",\"description\":\"\",\"publisher\":{\"@id\":\"https:\\\/\\\/cbesrl.net\\\/#organization\"},\"potentialAction\":[{\"@type\":\"SearchAction\",\"target\":{\"@type\":\"EntryPoint\",\"urlTemplate\":\"https:\\\/\\\/cbesrl.net\\\/?s={search_term_string}\"},\"query-input\":{\"@type\":\"PropertyValueSpecification\",\"valueRequired\":true,\"valueName\":\"search_term_string\"}}],\"inLanguage\":\"de\"},{\"@type\":\"Organization\",\"@id\":\"https:\\\/\\\/cbesrl.net\\\/#organization\",\"name\":\"CBE SRL\",\"url\":\"https:\\\/\\\/cbesrl.net\\\/\",\"logo\":{\"@type\":\"ImageObject\",\"inLanguage\":\"de\",\"@id\":\"https:\\\/\\\/cbesrl.net\\\/#\\\/schema\\\/logo\\\/image\\\/\",\"url\":\"https:\\\/\\\/cbesrl.net\\\/wp-content\\\/uploads\\\/2022\\\/01\\\/cropped-cropped-home1-01logo-1-1.png\",\"contentUrl\":\"https:\\\/\\\/cbesrl.net\\\/wp-content\\\/uploads\\\/2022\\\/01\\\/cropped-cropped-home1-01logo-1-1.png\",\"width\":1200,\"height\":447,\"caption\":\"CBE SRL\"},\"image\":{\"@id\":\"https:\\\/\\\/cbesrl.net\\\/#\\\/schema\\\/logo\\\/image\\\/\"}}]}<\/script>\n<!-- \/ Yoast SEO plugin. -->","yoast_head_json":{"title":"F300-HI LIGHT APPO - CBE SRL","robots":{"index":"index","follow":"follow","max-snippet":"max-snippet:-1","max-image-preview":"max-image-preview:large","max-video-preview":"max-video-preview:-1"},"canonical":"https:\/\/cbesrl.net\/de\/prodotti\/super-professionell\/f300-hi-light-appo\/","og_locale":"de_DE","og_type":"article","og_title":"F300-HI LIGHT APPO - CBE SRL","og_description":"F300-HIDRA Professioneller Oxals\u00e4ure-Sublimator hidra light Version, isoliert und mit Zapfhahn und Stativ.  &lt;300 W 230V","og_url":"https:\/\/cbesrl.net\/de\/prodotti\/super-professionell\/f300-hi-light-appo\/","og_site_name":"CBE SRL","article_modified_time":"2023-09-21T14:32:08+00:00","og_image":[{"width":1440,"height":1082,"url":"https:\/\/cbesrl.net\/wp-content\/uploads\/2023\/07\/38.jpg","type":"image\/jpeg"}],"twitter_card":"summary_large_image","schema":{"@context":"https:\/\/schema.org","@graph":[{"@type":"WebPage","@id":"https:\/\/cbesrl.net\/de\/prodotti\/super-professionell\/f300-hi-light-appo\/","url":"https:\/\/cbesrl.net\/de\/prodotti\/super-professionell\/f300-hi-light-appo\/","name":"F300-HI LIGHT APPO - CBE SRL","isPartOf":{"@id":"https:\/\/cbesrl.net\/#website"},"primaryImageOfPage":{"@id":"https:\/\/cbesrl.net\/de\/prodotti\/super-professionell\/f300-hi-light-appo\/#primaryimage"},"image":{"@id":"https:\/\/cbesrl.net\/de\/prodotti\/super-professionell\/f300-hi-light-appo\/#primaryimage"},"thumbnailUrl":"https:\/\/cbesrl.net\/wp-content\/uploads\/2023\/07\/38.jpg","datePublished":"2023-08-01T08:14:44+00:00","dateModified":"2023-09-21T14:32:08+00:00","breadcrumb":{"@id":"https:\/\/cbesrl.net\/de\/prodotti\/super-professionell\/f300-hi-light-appo\/#breadcrumb"},"inLanguage":"de","potentialAction":[{"@type":"ReadAction","target":["https:\/\/cbesrl.net\/de\/prodotti\/super-professionell\/f300-hi-light-appo\/"]}]},{"@type":"ImageObject","inLanguage":"de","@id":"https:\/\/cbesrl.net\/de\/prodotti\/super-professionell\/f300-hi-light-appo\/#primaryimage","url":"https:\/\/cbesrl.net\/wp-content\/uploads\/2023\/07\/38.jpg","contentUrl":"https:\/\/cbesrl.net\/wp-content\/uploads\/2023\/07\/38.jpg","width":1440,"height":1082},{"@type":"BreadcrumbList","@id":"https:\/\/cbesrl.net\/de\/prodotti\/super-professionell\/f300-hi-light-appo\/#breadcrumb","itemListElement":[{"@type":"ListItem","position":1,"name":"Home","item":"https:\/\/cbesrl.net\/new-home\/"},{"@type":"ListItem","position":2,"name":"Shop","item":"https:\/\/cbesrl.net\/de\/shop-2\/"},{"@type":"ListItem","position":3,"name":"F300-HI LIGHT APPO"}]},{"@type":"WebSite","@id":"https:\/\/cbesrl.net\/#website","url":"https:\/\/cbesrl.net\/","name":"CBE SRL","description":"","publisher":{"@id":"https:\/\/cbesrl.net\/#organization"},"potentialAction":[{"@type":"SearchAction","target":{"@type":"EntryPoint","urlTemplate":"https:\/\/cbesrl.net\/?s={search_term_string}"},"query-input":{"@type":"PropertyValueSpecification","valueRequired":true,"valueName":"search_term_string"}}],"inLanguage":"de"},{"@type":"Organization","@id":"https:\/\/cbesrl.net\/#organization","name":"CBE SRL","url":"https:\/\/cbesrl.net\/","logo":{"@type":"ImageObject","inLanguage":"de","@id":"https:\/\/cbesrl.net\/#\/schema\/logo\/image\/","url":"https:\/\/cbesrl.net\/wp-content\/uploads\/2022\/01\/cropped-cropped-home1-01logo-1-1.png","contentUrl":"https:\/\/cbesrl.net\/wp-content\/uploads\/2022\/01\/cropped-cropped-home1-01logo-1-1.png","width":1200,"height":447,"caption":"CBE SRL"},"image":{"@id":"https:\/\/cbesrl.net\/#\/schema\/logo\/image\/"}}]}},"_links":{"self":[{"href":"https:\/\/cbesrl.net\/de\/wp-json\/wp\/v2\/product\/4595","targetHints":{"allow":["GET"]}}],"collection":[{"href":"https:\/\/cbesrl.net\/de\/wp-json\/wp\/v2\/product"}],"about":[{"href":"https:\/\/cbesrl.net\/de\/wp-json\/wp\/v2\/types\/product"}],"replies":[{"embeddable":true,"href":"https:\/\/cbesrl.net\/de\/wp-json\/wp\/v2\/comments?post=4595"}],"wp:featuredmedia":[{"embeddable":true,"href":"https:\/\/cbesrl.net\/de\/wp-json\/wp\/v2\/media\/3792"}],"wp:attachment":[{"href":"https:\/\/cbesrl.net\/de\/wp-json\/wp\/v2\/media?parent=4595"}],"wp:term":[{"taxonomy":"product_brand","embeddable":true,"href":"https:\/\/cbesrl.net\/de\/wp-json\/wp\/v2\/product_brand?post=4595"},{"taxonomy":"product_cat","embeddable":true,"href":"https:\/\/cbesrl.net\/de\/wp-json\/wp\/v2\/product_cat?post=4595"},{"taxonomy":"product_tag","embeddable":true,"href":"https:\/\/cbesrl.net\/de\/wp-json\/wp\/v2\/product_tag?post=4595"}],"curies":[{"name":"wp","href":"https:\/\/api.w.org\/{rel}","templated":true}]}}