{"id":4601,"date":"2023-08-01T07:08:28","date_gmt":"2023-08-01T05:08:28","guid":{"rendered":"https:\/\/cbesrl.net\/shop\/f300-universal\/"},"modified":"2024-03-07T14:58:18","modified_gmt":"2024-03-07T13:58:18","slug":"f300-universal","status":"publish","type":"product","link":"https:\/\/cbesrl.net\/de\/prodotti\/professionell\/f300-universal\/","title":{"rendered":"F300 universal"},"content":{"rendered":"<p>Der Basisprofi. Einfach zu bedienender Oxals\u00e4ure-Sublimator, mit seinem elektronischen Bedienfeld (Temperaturregler) erm\u00f6glicht die Sublimation von Oxals\u00e4ure bei der richtigen Temperatur (nicht kochend) wird automatisch gesteuert, und ist immer deutlich sichtbar auf dem Display. Es funktioniert elektrisch oder mit der Autobatterie und\/oder dem Inverter. Er wird durch den Deckel verschlossen. Es besteht die M\u00f6glichkeit, bis zu 3 g zu laden. Konstruktion aus rostfreiem Stahl 220-Volt-Einphasen-Heizung oder mit Auto-Inverter (nicht im Lieferumfang enthalten) Schnelle Sublimation Verstopfungsfreies Kupferrohr Genaues und pr\u00e4zises selbstlernendes System zur Begrenzung der thermischen Drift. CE-konforme Konstruktion.<\/p>\n","protected":false},"excerpt":{"rendered":"<p>F300-classic PROFESSIONAL OXALS\u00c4URE-SUBLIMATOR F\u00dcR ALLE STANDORTARTEN<\/p>\n<p>Profi-Modell Sublimator. F\u00fcr diejenigen mit 20-50 Bienenst\u00f6cken, schnell. Selbsttragende Oxals\u00e4ure-Dosierkappe. Einstellbare Temperatur. Anti-Verstopfung. Bis zu 3 g. Und nicht mehr denken!<\/p>\n<p><strong>&lt;300 W 230V<\/strong><\/p>\n","protected":false},"featured_media":3745,"comment_status":"open","ping_status":"closed","template":"","meta":[],"product_brand":[],"product_cat":[114,118],"product_tag":[],"class_list":{"0":"post-4601","1":"product","2":"type-product","3":"status-publish","4":"has-post-thumbnail","6":"product_cat-professionell","7":"product_cat-sublimatoren","9":"first","10":"instock","11":"featured","12":"taxable","13":"shipping-taxable","14":"purchasable","15":"product-type-simple"},"yoast_head":"<!-- This site is optimized with the Yoast SEO plugin v27.3 - https:\/\/yoast.com\/product\/yoast-seo-wordpress\/ -->\n<title>Oxals\u00e4ure Sublimator - CBESRL<\/title>\n<meta name=\"description\" content=\"Finden Sie den perfekten Oxals\u00e4ure-Sublimator f\u00fcr Ihre Bed\u00fcrfnisse, bei CBESRL.\" \/>\n<meta name=\"robots\" content=\"index, follow, max-snippet:-1, max-image-preview:large, max-video-preview:-1\" \/>\n<link rel=\"canonical\" href=\"https:\/\/cbesrl.net\/prodotti\/sublimatori\/professionale\/f300-universal\/\" \/>\n<meta property=\"og:locale\" content=\"de_DE\" \/>\n<meta property=\"og:type\" content=\"article\" \/>\n<meta property=\"og:title\" content=\"Oxals\u00e4ure Sublimator - CBESRL\" \/>\n<meta property=\"og:description\" content=\"Finden Sie den perfekten Oxals\u00e4ure-Sublimator f\u00fcr Ihre Bed\u00fcrfnisse, bei CBESRL.\" \/>\n<meta property=\"og:url\" content=\"https:\/\/cbesrl.net\/prodotti\/sublimatori\/professionale\/f300-universal\/\" \/>\n<meta property=\"og:site_name\" content=\"CBE SRL\" \/>\n<meta property=\"article:modified_time\" content=\"2024-03-07T13:58:18+00:00\" \/>\n<meta property=\"og:image\" content=\"https:\/\/cbesrl.net\/wp-content\/uploads\/2023\/07\/ECOX-UNIVERSAL.jpg\" \/>\n\t<meta property=\"og:image:width\" content=\"924\" \/>\n\t<meta property=\"og:image:height\" content=\"692\" \/>\n\t<meta property=\"og:image:type\" content=\"image\/jpeg\" \/>\n<meta name=\"twitter:card\" content=\"summary_large_image\" \/>\n<meta name=\"twitter:label1\" content=\"Gesch\u00e4tzte Lesezeit\" \/>\n\t<meta name=\"twitter:data1\" content=\"1\u00a0Minute\" \/>\n<script type=\"application\/ld+json\" class=\"yoast-schema-graph\">{\"@context\":\"https:\\\/\\\/schema.org\",\"@graph\":[{\"@type\":\"WebPage\",\"@id\":\"https:\\\/\\\/cbesrl.net\\\/prodotti\\\/sublimatori\\\/professionale\\\/f300-universal\\\/\",\"url\":\"https:\\\/\\\/cbesrl.net\\\/prodotti\\\/sublimatori\\\/professionale\\\/f300-universal\\\/\",\"name\":\"Oxals\u00e4ure Sublimator - CBESRL\",\"isPartOf\":{\"@id\":\"https:\\\/\\\/cbesrl.net\\\/#website\"},\"primaryImageOfPage\":{\"@id\":\"https:\\\/\\\/cbesrl.net\\\/prodotti\\\/sublimatori\\\/professionale\\\/f300-universal\\\/#primaryimage\"},\"image\":{\"@id\":\"https:\\\/\\\/cbesrl.net\\\/prodotti\\\/sublimatori\\\/professionale\\\/f300-universal\\\/#primaryimage\"},\"thumbnailUrl\":\"https:\\\/\\\/cbesrl.net\\\/wp-content\\\/uploads\\\/2023\\\/07\\\/ECOX-UNIVERSAL.jpg\",\"datePublished\":\"2023-08-01T05:08:28+00:00\",\"dateModified\":\"2024-03-07T13:58:18+00:00\",\"description\":\"Finden Sie den perfekten Oxals\u00e4ure-Sublimator f\u00fcr Ihre Bed\u00fcrfnisse, bei CBESRL.\",\"breadcrumb\":{\"@id\":\"https:\\\/\\\/cbesrl.net\\\/prodotti\\\/sublimatori\\\/professionale\\\/f300-universal\\\/#breadcrumb\"},\"inLanguage\":\"de\",\"potentialAction\":[{\"@type\":\"ReadAction\",\"target\":[\"https:\\\/\\\/cbesrl.net\\\/prodotti\\\/sublimatori\\\/professionale\\\/f300-universal\\\/\"]}]},{\"@type\":\"ImageObject\",\"inLanguage\":\"de\",\"@id\":\"https:\\\/\\\/cbesrl.net\\\/prodotti\\\/sublimatori\\\/professionale\\\/f300-universal\\\/#primaryimage\",\"url\":\"https:\\\/\\\/cbesrl.net\\\/wp-content\\\/uploads\\\/2023\\\/07\\\/ECOX-UNIVERSAL.jpg\",\"contentUrl\":\"https:\\\/\\\/cbesrl.net\\\/wp-content\\\/uploads\\\/2023\\\/07\\\/ECOX-UNIVERSAL.jpg\",\"width\":924,\"height\":692,\"caption\":\"sublimatore per api\"},{\"@type\":\"BreadcrumbList\",\"@id\":\"https:\\\/\\\/cbesrl.net\\\/prodotti\\\/sublimatori\\\/professionale\\\/f300-universal\\\/#breadcrumb\",\"itemListElement\":[{\"@type\":\"ListItem\",\"position\":1,\"name\":\"Home\",\"item\":\"https:\\\/\\\/cbesrl.net\\\/new-home\\\/\"},{\"@type\":\"ListItem\",\"position\":2,\"name\":\"Shop\",\"item\":\"https:\\\/\\\/cbesrl.net\\\/de\\\/shop-2\\\/\"},{\"@type\":\"ListItem\",\"position\":3,\"name\":\"F300 universal\"}]},{\"@type\":\"WebSite\",\"@id\":\"https:\\\/\\\/cbesrl.net\\\/#website\",\"url\":\"https:\\\/\\\/cbesrl.net\\\/\",\"name\":\"CBE SRL\",\"description\":\"\",\"publisher\":{\"@id\":\"https:\\\/\\\/cbesrl.net\\\/#organization\"},\"potentialAction\":[{\"@type\":\"SearchAction\",\"target\":{\"@type\":\"EntryPoint\",\"urlTemplate\":\"https:\\\/\\\/cbesrl.net\\\/?s={search_term_string}\"},\"query-input\":{\"@type\":\"PropertyValueSpecification\",\"valueRequired\":true,\"valueName\":\"search_term_string\"}}],\"inLanguage\":\"de\"},{\"@type\":\"Organization\",\"@id\":\"https:\\\/\\\/cbesrl.net\\\/#organization\",\"name\":\"CBE SRL\",\"url\":\"https:\\\/\\\/cbesrl.net\\\/\",\"logo\":{\"@type\":\"ImageObject\",\"inLanguage\":\"de\",\"@id\":\"https:\\\/\\\/cbesrl.net\\\/#\\\/schema\\\/logo\\\/image\\\/\",\"url\":\"https:\\\/\\\/cbesrl.net\\\/wp-content\\\/uploads\\\/2022\\\/01\\\/cropped-cropped-home1-01logo-1-1.png\",\"contentUrl\":\"https:\\\/\\\/cbesrl.net\\\/wp-content\\\/uploads\\\/2022\\\/01\\\/cropped-cropped-home1-01logo-1-1.png\",\"width\":1200,\"height\":447,\"caption\":\"CBE SRL\"},\"image\":{\"@id\":\"https:\\\/\\\/cbesrl.net\\\/#\\\/schema\\\/logo\\\/image\\\/\"}}]}<\/script>\n<!-- \/ Yoast SEO plugin. -->","yoast_head_json":{"title":"Oxals\u00e4ure Sublimator - CBESRL","description":"Finden Sie den perfekten Oxals\u00e4ure-Sublimator f\u00fcr Ihre Bed\u00fcrfnisse, bei CBESRL.","robots":{"index":"index","follow":"follow","max-snippet":"max-snippet:-1","max-image-preview":"max-image-preview:large","max-video-preview":"max-video-preview:-1"},"canonical":"https:\/\/cbesrl.net\/prodotti\/sublimatori\/professionale\/f300-universal\/","og_locale":"de_DE","og_type":"article","og_title":"Oxals\u00e4ure Sublimator - CBESRL","og_description":"Finden Sie den perfekten Oxals\u00e4ure-Sublimator f\u00fcr Ihre Bed\u00fcrfnisse, bei CBESRL.","og_url":"https:\/\/cbesrl.net\/prodotti\/sublimatori\/professionale\/f300-universal\/","og_site_name":"CBE SRL","article_modified_time":"2024-03-07T13:58:18+00:00","og_image":[{"width":924,"height":692,"url":"https:\/\/cbesrl.net\/wp-content\/uploads\/2023\/07\/ECOX-UNIVERSAL.jpg","type":"image\/jpeg"}],"twitter_card":"summary_large_image","twitter_misc":{"Gesch\u00e4tzte Lesezeit":"1\u00a0Minute"},"schema":{"@context":"https:\/\/schema.org","@graph":[{"@type":"WebPage","@id":"https:\/\/cbesrl.net\/prodotti\/sublimatori\/professionale\/f300-universal\/","url":"https:\/\/cbesrl.net\/prodotti\/sublimatori\/professionale\/f300-universal\/","name":"Oxals\u00e4ure Sublimator - CBESRL","isPartOf":{"@id":"https:\/\/cbesrl.net\/#website"},"primaryImageOfPage":{"@id":"https:\/\/cbesrl.net\/prodotti\/sublimatori\/professionale\/f300-universal\/#primaryimage"},"image":{"@id":"https:\/\/cbesrl.net\/prodotti\/sublimatori\/professionale\/f300-universal\/#primaryimage"},"thumbnailUrl":"https:\/\/cbesrl.net\/wp-content\/uploads\/2023\/07\/ECOX-UNIVERSAL.jpg","datePublished":"2023-08-01T05:08:28+00:00","dateModified":"2024-03-07T13:58:18+00:00","description":"Finden Sie den perfekten Oxals\u00e4ure-Sublimator f\u00fcr Ihre Bed\u00fcrfnisse, bei CBESRL.","breadcrumb":{"@id":"https:\/\/cbesrl.net\/prodotti\/sublimatori\/professionale\/f300-universal\/#breadcrumb"},"inLanguage":"de","potentialAction":[{"@type":"ReadAction","target":["https:\/\/cbesrl.net\/prodotti\/sublimatori\/professionale\/f300-universal\/"]}]},{"@type":"ImageObject","inLanguage":"de","@id":"https:\/\/cbesrl.net\/prodotti\/sublimatori\/professionale\/f300-universal\/#primaryimage","url":"https:\/\/cbesrl.net\/wp-content\/uploads\/2023\/07\/ECOX-UNIVERSAL.jpg","contentUrl":"https:\/\/cbesrl.net\/wp-content\/uploads\/2023\/07\/ECOX-UNIVERSAL.jpg","width":924,"height":692,"caption":"sublimatore per api"},{"@type":"BreadcrumbList","@id":"https:\/\/cbesrl.net\/prodotti\/sublimatori\/professionale\/f300-universal\/#breadcrumb","itemListElement":[{"@type":"ListItem","position":1,"name":"Home","item":"https:\/\/cbesrl.net\/new-home\/"},{"@type":"ListItem","position":2,"name":"Shop","item":"https:\/\/cbesrl.net\/de\/shop-2\/"},{"@type":"ListItem","position":3,"name":"F300 universal"}]},{"@type":"WebSite","@id":"https:\/\/cbesrl.net\/#website","url":"https:\/\/cbesrl.net\/","name":"CBE SRL","description":"","publisher":{"@id":"https:\/\/cbesrl.net\/#organization"},"potentialAction":[{"@type":"SearchAction","target":{"@type":"EntryPoint","urlTemplate":"https:\/\/cbesrl.net\/?s={search_term_string}"},"query-input":{"@type":"PropertyValueSpecification","valueRequired":true,"valueName":"search_term_string"}}],"inLanguage":"de"},{"@type":"Organization","@id":"https:\/\/cbesrl.net\/#organization","name":"CBE SRL","url":"https:\/\/cbesrl.net\/","logo":{"@type":"ImageObject","inLanguage":"de","@id":"https:\/\/cbesrl.net\/#\/schema\/logo\/image\/","url":"https:\/\/cbesrl.net\/wp-content\/uploads\/2022\/01\/cropped-cropped-home1-01logo-1-1.png","contentUrl":"https:\/\/cbesrl.net\/wp-content\/uploads\/2022\/01\/cropped-cropped-home1-01logo-1-1.png","width":1200,"height":447,"caption":"CBE SRL"},"image":{"@id":"https:\/\/cbesrl.net\/#\/schema\/logo\/image\/"}}]}},"_links":{"self":[{"href":"https:\/\/cbesrl.net\/de\/wp-json\/wp\/v2\/product\/4601","targetHints":{"allow":["GET"]}}],"collection":[{"href":"https:\/\/cbesrl.net\/de\/wp-json\/wp\/v2\/product"}],"about":[{"href":"https:\/\/cbesrl.net\/de\/wp-json\/wp\/v2\/types\/product"}],"replies":[{"embeddable":true,"href":"https:\/\/cbesrl.net\/de\/wp-json\/wp\/v2\/comments?post=4601"}],"wp:featuredmedia":[{"embeddable":true,"href":"https:\/\/cbesrl.net\/de\/wp-json\/wp\/v2\/media\/3745"}],"wp:attachment":[{"href":"https:\/\/cbesrl.net\/de\/wp-json\/wp\/v2\/media?parent=4601"}],"wp:term":[{"taxonomy":"product_brand","embeddable":true,"href":"https:\/\/cbesrl.net\/de\/wp-json\/wp\/v2\/product_brand?post=4601"},{"taxonomy":"product_cat","embeddable":true,"href":"https:\/\/cbesrl.net\/de\/wp-json\/wp\/v2\/product_cat?post=4601"},{"taxonomy":"product_tag","embeddable":true,"href":"https:\/\/cbesrl.net\/de\/wp-json\/wp\/v2\/product_tag?post=4601"}],"curies":[{"name":"wp","href":"https:\/\/api.w.org\/{rel}","templated":true}]}}