{"id":4604,"date":"2023-08-01T00:00:35","date_gmt":"2023-07-31T22:00:35","guid":{"rendered":"https:\/\/cbesrl.net\/shop\/ecox-qb-sublimator-ecox-basis-fur-cubics\/"},"modified":"2024-03-07T14:56:56","modified_gmt":"2024-03-07T13:56:56","slug":"ecox-qb-sublimator-ecox-basis-fur-cubics","status":"publish","type":"product","link":"https:\/\/cbesrl.net\/de\/prodotti\/doomies-de\/ecox-qb-sublimator-ecox-basis-fur-cubics\/","title":{"rendered":"ECOX-QB &#8211; Sublimator Ecox Basis f\u00fcr Cubics"},"content":{"rendered":"","protected":false},"excerpt":{"rendered":"<p>IN + Basismodell mit verstellbarer Klammer f\u00fcr W\u00fcrfelbienenst\u00f6cke.<\/p>\n<p><strong>&lt;300 W 230V<\/strong><\/p>\n","protected":false},"featured_media":3949,"comment_status":"open","ping_status":"closed","template":"","meta":[],"product_brand":[],"product_cat":[116,118],"product_tag":[],"class_list":{"0":"post-4604","1":"product","2":"type-product","3":"status-publish","4":"has-post-thumbnail","6":"product_cat-doomies-de","7":"product_cat-sublimatoren","9":"first","10":"instock","11":"featured","12":"taxable","13":"shipping-taxable","14":"purchasable","15":"product-type-simple"},"yoast_head":"<!-- This site is optimized with the Yoast SEO plugin v27.3 - https:\/\/yoast.com\/product\/yoast-seo-wordpress\/ -->\n<title>Imker Sublimator - CBESRL<\/title>\n<meta name=\"description\" content=\"Entdecken Sie unsere Palette von Sublimatoren, die f\u00fcr die Bed\u00fcrfnisse der Imkerei entwickelt wurden, bei CBESRL.\" \/>\n<meta name=\"robots\" content=\"index, follow, max-snippet:-1, max-image-preview:large, max-video-preview:-1\" \/>\n<link rel=\"canonical\" href=\"https:\/\/cbesrl.net\/prodotti\/sublimatori\/doomies\/ecox-qb-sublimatore-ecox-base-per-cubiche\/\" \/>\n<meta property=\"og:locale\" content=\"de_DE\" \/>\n<meta property=\"og:type\" content=\"article\" \/>\n<meta property=\"og:title\" content=\"Imker Sublimator - CBESRL\" \/>\n<meta property=\"og:description\" content=\"Entdecken Sie unsere Palette von Sublimatoren, die f\u00fcr die Bed\u00fcrfnisse der Imkerei entwickelt wurden, bei CBESRL.\" \/>\n<meta property=\"og:url\" content=\"https:\/\/cbesrl.net\/prodotti\/sublimatori\/doomies\/ecox-qb-sublimatore-ecox-base-per-cubiche\/\" \/>\n<meta property=\"og:site_name\" content=\"CBE SRL\" \/>\n<meta property=\"article:modified_time\" content=\"2024-03-07T13:56:56+00:00\" \/>\n<meta property=\"og:image\" content=\"https:\/\/cbesrl.net\/wp-content\/uploads\/2023\/07\/24.jpg\" \/>\n\t<meta property=\"og:image:width\" content=\"1107\" \/>\n\t<meta property=\"og:image:height\" content=\"830\" \/>\n\t<meta property=\"og:image:type\" content=\"image\/jpeg\" \/>\n<meta name=\"twitter:card\" content=\"summary_large_image\" \/>\n<meta name=\"twitter:label1\" content=\"Gesch\u00e4tzte Lesezeit\" \/>\n\t<meta name=\"twitter:data1\" content=\"1\u00a0Minute\" \/>\n<script type=\"application\/ld+json\" class=\"yoast-schema-graph\">{\"@context\":\"https:\\\/\\\/schema.org\",\"@graph\":[{\"@type\":\"WebPage\",\"@id\":\"https:\\\/\\\/cbesrl.net\\\/prodotti\\\/sublimatori\\\/doomies\\\/ecox-qb-sublimatore-ecox-base-per-cubiche\\\/\",\"url\":\"https:\\\/\\\/cbesrl.net\\\/prodotti\\\/sublimatori\\\/doomies\\\/ecox-qb-sublimatore-ecox-base-per-cubiche\\\/\",\"name\":\"Imker Sublimator - CBESRL\",\"isPartOf\":{\"@id\":\"https:\\\/\\\/cbesrl.net\\\/#website\"},\"primaryImageOfPage\":{\"@id\":\"https:\\\/\\\/cbesrl.net\\\/prodotti\\\/sublimatori\\\/doomies\\\/ecox-qb-sublimatore-ecox-base-per-cubiche\\\/#primaryimage\"},\"image\":{\"@id\":\"https:\\\/\\\/cbesrl.net\\\/prodotti\\\/sublimatori\\\/doomies\\\/ecox-qb-sublimatore-ecox-base-per-cubiche\\\/#primaryimage\"},\"thumbnailUrl\":\"https:\\\/\\\/cbesrl.net\\\/wp-content\\\/uploads\\\/2023\\\/07\\\/24.jpg\",\"datePublished\":\"2023-07-31T22:00:35+00:00\",\"dateModified\":\"2024-03-07T13:56:56+00:00\",\"description\":\"Entdecken Sie unsere Palette von Sublimatoren, die f\u00fcr die Bed\u00fcrfnisse der Imkerei entwickelt wurden, bei CBESRL.\",\"breadcrumb\":{\"@id\":\"https:\\\/\\\/cbesrl.net\\\/prodotti\\\/sublimatori\\\/doomies\\\/ecox-qb-sublimatore-ecox-base-per-cubiche\\\/#breadcrumb\"},\"inLanguage\":\"de\",\"potentialAction\":[{\"@type\":\"ReadAction\",\"target\":[\"https:\\\/\\\/cbesrl.net\\\/prodotti\\\/sublimatori\\\/doomies\\\/ecox-qb-sublimatore-ecox-base-per-cubiche\\\/\"]}]},{\"@type\":\"ImageObject\",\"inLanguage\":\"de\",\"@id\":\"https:\\\/\\\/cbesrl.net\\\/prodotti\\\/sublimatori\\\/doomies\\\/ecox-qb-sublimatore-ecox-base-per-cubiche\\\/#primaryimage\",\"url\":\"https:\\\/\\\/cbesrl.net\\\/wp-content\\\/uploads\\\/2023\\\/07\\\/24.jpg\",\"contentUrl\":\"https:\\\/\\\/cbesrl.net\\\/wp-content\\\/uploads\\\/2023\\\/07\\\/24.jpg\",\"width\":1107,\"height\":830,\"caption\":\"sublimatore per apicoltura\"},{\"@type\":\"BreadcrumbList\",\"@id\":\"https:\\\/\\\/cbesrl.net\\\/prodotti\\\/sublimatori\\\/doomies\\\/ecox-qb-sublimatore-ecox-base-per-cubiche\\\/#breadcrumb\",\"itemListElement\":[{\"@type\":\"ListItem\",\"position\":1,\"name\":\"Home\",\"item\":\"https:\\\/\\\/cbesrl.net\\\/new-home\\\/\"},{\"@type\":\"ListItem\",\"position\":2,\"name\":\"Shop\",\"item\":\"https:\\\/\\\/cbesrl.net\\\/de\\\/shop-2\\\/\"},{\"@type\":\"ListItem\",\"position\":3,\"name\":\"ECOX-QB &#8211; Sublimator Ecox Basis f\u00fcr Cubics\"}]},{\"@type\":\"WebSite\",\"@id\":\"https:\\\/\\\/cbesrl.net\\\/#website\",\"url\":\"https:\\\/\\\/cbesrl.net\\\/\",\"name\":\"CBE SRL\",\"description\":\"\",\"publisher\":{\"@id\":\"https:\\\/\\\/cbesrl.net\\\/#organization\"},\"potentialAction\":[{\"@type\":\"SearchAction\",\"target\":{\"@type\":\"EntryPoint\",\"urlTemplate\":\"https:\\\/\\\/cbesrl.net\\\/?s={search_term_string}\"},\"query-input\":{\"@type\":\"PropertyValueSpecification\",\"valueRequired\":true,\"valueName\":\"search_term_string\"}}],\"inLanguage\":\"de\"},{\"@type\":\"Organization\",\"@id\":\"https:\\\/\\\/cbesrl.net\\\/#organization\",\"name\":\"CBE SRL\",\"url\":\"https:\\\/\\\/cbesrl.net\\\/\",\"logo\":{\"@type\":\"ImageObject\",\"inLanguage\":\"de\",\"@id\":\"https:\\\/\\\/cbesrl.net\\\/#\\\/schema\\\/logo\\\/image\\\/\",\"url\":\"https:\\\/\\\/cbesrl.net\\\/wp-content\\\/uploads\\\/2022\\\/01\\\/cropped-cropped-home1-01logo-1-1.png\",\"contentUrl\":\"https:\\\/\\\/cbesrl.net\\\/wp-content\\\/uploads\\\/2022\\\/01\\\/cropped-cropped-home1-01logo-1-1.png\",\"width\":1200,\"height\":447,\"caption\":\"CBE SRL\"},\"image\":{\"@id\":\"https:\\\/\\\/cbesrl.net\\\/#\\\/schema\\\/logo\\\/image\\\/\"}}]}<\/script>\n<!-- \/ Yoast SEO plugin. -->","yoast_head_json":{"title":"Imker Sublimator - CBESRL","description":"Entdecken Sie unsere Palette von Sublimatoren, die f\u00fcr die Bed\u00fcrfnisse der Imkerei entwickelt wurden, bei CBESRL.","robots":{"index":"index","follow":"follow","max-snippet":"max-snippet:-1","max-image-preview":"max-image-preview:large","max-video-preview":"max-video-preview:-1"},"canonical":"https:\/\/cbesrl.net\/prodotti\/sublimatori\/doomies\/ecox-qb-sublimatore-ecox-base-per-cubiche\/","og_locale":"de_DE","og_type":"article","og_title":"Imker Sublimator - CBESRL","og_description":"Entdecken Sie unsere Palette von Sublimatoren, die f\u00fcr die Bed\u00fcrfnisse der Imkerei entwickelt wurden, bei CBESRL.","og_url":"https:\/\/cbesrl.net\/prodotti\/sublimatori\/doomies\/ecox-qb-sublimatore-ecox-base-per-cubiche\/","og_site_name":"CBE SRL","article_modified_time":"2024-03-07T13:56:56+00:00","og_image":[{"width":1107,"height":830,"url":"https:\/\/cbesrl.net\/wp-content\/uploads\/2023\/07\/24.jpg","type":"image\/jpeg"}],"twitter_card":"summary_large_image","twitter_misc":{"Gesch\u00e4tzte Lesezeit":"1\u00a0Minute"},"schema":{"@context":"https:\/\/schema.org","@graph":[{"@type":"WebPage","@id":"https:\/\/cbesrl.net\/prodotti\/sublimatori\/doomies\/ecox-qb-sublimatore-ecox-base-per-cubiche\/","url":"https:\/\/cbesrl.net\/prodotti\/sublimatori\/doomies\/ecox-qb-sublimatore-ecox-base-per-cubiche\/","name":"Imker Sublimator - CBESRL","isPartOf":{"@id":"https:\/\/cbesrl.net\/#website"},"primaryImageOfPage":{"@id":"https:\/\/cbesrl.net\/prodotti\/sublimatori\/doomies\/ecox-qb-sublimatore-ecox-base-per-cubiche\/#primaryimage"},"image":{"@id":"https:\/\/cbesrl.net\/prodotti\/sublimatori\/doomies\/ecox-qb-sublimatore-ecox-base-per-cubiche\/#primaryimage"},"thumbnailUrl":"https:\/\/cbesrl.net\/wp-content\/uploads\/2023\/07\/24.jpg","datePublished":"2023-07-31T22:00:35+00:00","dateModified":"2024-03-07T13:56:56+00:00","description":"Entdecken Sie unsere Palette von Sublimatoren, die f\u00fcr die Bed\u00fcrfnisse der Imkerei entwickelt wurden, bei CBESRL.","breadcrumb":{"@id":"https:\/\/cbesrl.net\/prodotti\/sublimatori\/doomies\/ecox-qb-sublimatore-ecox-base-per-cubiche\/#breadcrumb"},"inLanguage":"de","potentialAction":[{"@type":"ReadAction","target":["https:\/\/cbesrl.net\/prodotti\/sublimatori\/doomies\/ecox-qb-sublimatore-ecox-base-per-cubiche\/"]}]},{"@type":"ImageObject","inLanguage":"de","@id":"https:\/\/cbesrl.net\/prodotti\/sublimatori\/doomies\/ecox-qb-sublimatore-ecox-base-per-cubiche\/#primaryimage","url":"https:\/\/cbesrl.net\/wp-content\/uploads\/2023\/07\/24.jpg","contentUrl":"https:\/\/cbesrl.net\/wp-content\/uploads\/2023\/07\/24.jpg","width":1107,"height":830,"caption":"sublimatore per apicoltura"},{"@type":"BreadcrumbList","@id":"https:\/\/cbesrl.net\/prodotti\/sublimatori\/doomies\/ecox-qb-sublimatore-ecox-base-per-cubiche\/#breadcrumb","itemListElement":[{"@type":"ListItem","position":1,"name":"Home","item":"https:\/\/cbesrl.net\/new-home\/"},{"@type":"ListItem","position":2,"name":"Shop","item":"https:\/\/cbesrl.net\/de\/shop-2\/"},{"@type":"ListItem","position":3,"name":"ECOX-QB &#8211; Sublimator Ecox Basis f\u00fcr Cubics"}]},{"@type":"WebSite","@id":"https:\/\/cbesrl.net\/#website","url":"https:\/\/cbesrl.net\/","name":"CBE SRL","description":"","publisher":{"@id":"https:\/\/cbesrl.net\/#organization"},"potentialAction":[{"@type":"SearchAction","target":{"@type":"EntryPoint","urlTemplate":"https:\/\/cbesrl.net\/?s={search_term_string}"},"query-input":{"@type":"PropertyValueSpecification","valueRequired":true,"valueName":"search_term_string"}}],"inLanguage":"de"},{"@type":"Organization","@id":"https:\/\/cbesrl.net\/#organization","name":"CBE SRL","url":"https:\/\/cbesrl.net\/","logo":{"@type":"ImageObject","inLanguage":"de","@id":"https:\/\/cbesrl.net\/#\/schema\/logo\/image\/","url":"https:\/\/cbesrl.net\/wp-content\/uploads\/2022\/01\/cropped-cropped-home1-01logo-1-1.png","contentUrl":"https:\/\/cbesrl.net\/wp-content\/uploads\/2022\/01\/cropped-cropped-home1-01logo-1-1.png","width":1200,"height":447,"caption":"CBE SRL"},"image":{"@id":"https:\/\/cbesrl.net\/#\/schema\/logo\/image\/"}}]}},"_links":{"self":[{"href":"https:\/\/cbesrl.net\/de\/wp-json\/wp\/v2\/product\/4604","targetHints":{"allow":["GET"]}}],"collection":[{"href":"https:\/\/cbesrl.net\/de\/wp-json\/wp\/v2\/product"}],"about":[{"href":"https:\/\/cbesrl.net\/de\/wp-json\/wp\/v2\/types\/product"}],"replies":[{"embeddable":true,"href":"https:\/\/cbesrl.net\/de\/wp-json\/wp\/v2\/comments?post=4604"}],"wp:featuredmedia":[{"embeddable":true,"href":"https:\/\/cbesrl.net\/de\/wp-json\/wp\/v2\/media\/3949"}],"wp:attachment":[{"href":"https:\/\/cbesrl.net\/de\/wp-json\/wp\/v2\/media?parent=4604"}],"wp:term":[{"taxonomy":"product_brand","embeddable":true,"href":"https:\/\/cbesrl.net\/de\/wp-json\/wp\/v2\/product_brand?post=4604"},{"taxonomy":"product_cat","embeddable":true,"href":"https:\/\/cbesrl.net\/de\/wp-json\/wp\/v2\/product_cat?post=4604"},{"taxonomy":"product_tag","embeddable":true,"href":"https:\/\/cbesrl.net\/de\/wp-json\/wp\/v2\/product_tag?post=4604"}],"curies":[{"name":"wp","href":"https:\/\/api.w.org\/{rel}","templated":true}]}}