{"id":6834,"date":"2025-04-11T12:00:15","date_gmt":"2025-04-11T10:00:16","guid":{"rendered":"https:\/\/cbesrl.net\/?post_type=product&#038;p=6834"},"modified":"2025-07-01T00:00:05","modified_gmt":"2025-06-30T22:00:05","slug":"big-daddy-sublimator-10gr-copia","status":"publish","type":"product","link":"https:\/\/cbesrl.net\/de\/prodotti\/super-professionell\/big-daddy-sublimator-10gr-copia\/","title":{"rendered":"HandyOX  &#8211; Sublimator"},"content":{"rendered":"<p>Dank der von CBE entwickelten Komponenten, dem spezialisiertesten Unternehmen, das jemals auf dem Gebiet der Oxals\u00e4uresublimation gegr\u00fcndet wurde, handelt es sich auch um einen Hochdrucksublimator.<\/p>\n<p><strong>Es handelt sich um einen Sublimator, der mit einer Batterie ausgestattet ist, Dewalt oder Makita nach Wahl des Kunden, mit 18 V und 5 A (Batterie nicht im Lieferumfang enthalten).<\/strong> Es k\u00f6nnen auch Batterien mit h\u00f6herer Stromst\u00e4rke montiert werden, jedoch immer bis zu maximal 18 V.<\/p>\n<p>Es ist einfach zu bedienen und kann dort eingesetzt werden, wo sich die Imkerei an schwer zug\u00e4nglichen Stellen befindet.<\/p>\n<p>Er beh\u00e4lt die Eigenschaften fr\u00fcherer Sublimationsger\u00e4te bei, weshalb er mit einem Thermoregler ausgestattet ist, um die richtige Temperatur aufrechtzuerhalten und leicht zu erkennen, wann Oxals\u00e4ure hinzugef\u00fcgt werden muss.<\/p>\n<p>Es ist wie die gesamte F-Serie mit verschiedenen Optionen ausgestattet, sowohl f\u00fcr die Verwendung mit Qubike-Boxen, mit kurzem Eingang (opt. QB-Anschluss) als auch f\u00fcr die Verwendung von hinten, nachdem ein kleines Loch fast am Fu\u00df des Hauses gebohrt wurde (opt. APDIE). Einfach zu montieren und anzupassen.<\/p>\n<p>Es ist mit einem selbsttragenden Verschluss ausgestattet, der nach dem Bef\u00fcllen 2,7\/3 g aufnehmen kann, die empfohlene Dosis f\u00fcr eine einzelne Familie.<\/p>\n<p>Es ist isoliert und mit Schutzvorrichtungen ausgestattet, um W\u00e4rmeverluste und Verbrennungen zu vermeiden.<\/p>\n","protected":false},"excerpt":{"rendered":"<p>Mega pro oxals\u00e4ure sublimator, f\u00fcr einzelne oder doppelte Bienenst\u00f6cke.<\/p>\n<p>Sublimator, der im gef\u00fcllten Zustand 2,7\/3 g, die empfohlene Dosis f\u00fcr eine Familie, aufnehmen kann.<\/p>\n<p><strong>Es handelt sich um einen Sublimator, der mit einer Batterie ausgestattet ist, Dewalt oder Makita nach Wahl des Kunden, mit 18 V und 5 A (Batterie nicht im Lieferumfang enthalten).<\/strong><\/p>\n","protected":false},"featured_media":6719,"comment_status":"open","ping_status":"closed","template":"","meta":[],"product_brand":[],"product_cat":[118,113],"product_tag":[],"class_list":{"0":"post-6834","1":"product","2":"type-product","3":"status-publish","4":"has-post-thumbnail","6":"product_cat-sublimatoren","7":"product_cat-super-professionell","9":"first","10":"instock","11":"featured","12":"taxable","13":"shipping-taxable","14":"purchasable","15":"product-type-simple"},"yoast_head":"<!-- This site is optimized with the Yoast SEO plugin v27.3 - https:\/\/yoast.com\/product\/yoast-seo-wordpress\/ -->\n<title>HandyOX - Sublimator - CBE SRL<\/title>\n<meta name=\"robots\" content=\"index, follow, max-snippet:-1, max-image-preview:large, max-video-preview:-1\" \/>\n<link rel=\"canonical\" href=\"https:\/\/cbesrl.net\/de\/prodotti\/super-professionell\/big-daddy-sublimator-10gr-copia\/\" \/>\n<meta property=\"og:locale\" content=\"de_DE\" \/>\n<meta property=\"og:type\" content=\"article\" \/>\n<meta property=\"og:title\" content=\"HandyOX - Sublimator - CBE SRL\" \/>\n<meta property=\"og:description\" content=\"Mega pro oxals\u00e4ure sublimator, f\u00fcr einzelne oder doppelte Bienenst\u00f6cke.  Sublimator, der im gef\u00fcllten Zustand 2,7\/3 g, die empfohlene Dosis f\u00fcr eine Familie, aufnehmen kann.  Es handelt sich um einen Sublimator, der mit einer Batterie ausgestattet ist, Dewalt oder Makita nach Wahl des Kunden, mit 18 V und 5 A (Batterie nicht im Lieferumfang enthalten).\" \/>\n<meta property=\"og:url\" content=\"https:\/\/cbesrl.net\/de\/prodotti\/super-professionell\/big-daddy-sublimator-10gr-copia\/\" \/>\n<meta property=\"og:site_name\" content=\"CBE SRL\" \/>\n<meta property=\"article:modified_time\" content=\"2025-06-30T22:00:05+00:00\" \/>\n<meta property=\"og:image\" content=\"https:\/\/cbesrl.net\/wp-content\/uploads\/2025\/02\/handy-ox-ok-scaled-e1739269538889.jpg\" \/>\n\t<meta property=\"og:image:width\" content=\"2560\" \/>\n\t<meta property=\"og:image:height\" content=\"1441\" \/>\n\t<meta property=\"og:image:type\" content=\"image\/jpeg\" \/>\n<meta name=\"twitter:card\" content=\"summary_large_image\" \/>\n<meta name=\"twitter:label1\" content=\"Gesch\u00e4tzte Lesezeit\" \/>\n\t<meta name=\"twitter:data1\" content=\"1\u00a0Minute\" \/>\n<script type=\"application\/ld+json\" class=\"yoast-schema-graph\">{\"@context\":\"https:\\\/\\\/schema.org\",\"@graph\":[{\"@type\":\"WebPage\",\"@id\":\"https:\\\/\\\/cbesrl.net\\\/de\\\/prodotti\\\/super-professionell\\\/big-daddy-sublimator-10gr-copia\\\/\",\"url\":\"https:\\\/\\\/cbesrl.net\\\/de\\\/prodotti\\\/super-professionell\\\/big-daddy-sublimator-10gr-copia\\\/\",\"name\":\"HandyOX - Sublimator - CBE SRL\",\"isPartOf\":{\"@id\":\"https:\\\/\\\/cbesrl.net\\\/#website\"},\"primaryImageOfPage\":{\"@id\":\"https:\\\/\\\/cbesrl.net\\\/de\\\/prodotti\\\/super-professionell\\\/big-daddy-sublimator-10gr-copia\\\/#primaryimage\"},\"image\":{\"@id\":\"https:\\\/\\\/cbesrl.net\\\/de\\\/prodotti\\\/super-professionell\\\/big-daddy-sublimator-10gr-copia\\\/#primaryimage\"},\"thumbnailUrl\":\"https:\\\/\\\/cbesrl.net\\\/wp-content\\\/uploads\\\/2025\\\/02\\\/handy-ox-ok-scaled-e1739269538889.jpg\",\"datePublished\":\"2025-04-11T10:00:16+00:00\",\"dateModified\":\"2025-06-30T22:00:05+00:00\",\"breadcrumb\":{\"@id\":\"https:\\\/\\\/cbesrl.net\\\/de\\\/prodotti\\\/super-professionell\\\/big-daddy-sublimator-10gr-copia\\\/#breadcrumb\"},\"inLanguage\":\"de\",\"potentialAction\":[{\"@type\":\"ReadAction\",\"target\":[\"https:\\\/\\\/cbesrl.net\\\/de\\\/prodotti\\\/super-professionell\\\/big-daddy-sublimator-10gr-copia\\\/\"]}]},{\"@type\":\"ImageObject\",\"inLanguage\":\"de\",\"@id\":\"https:\\\/\\\/cbesrl.net\\\/de\\\/prodotti\\\/super-professionell\\\/big-daddy-sublimator-10gr-copia\\\/#primaryimage\",\"url\":\"https:\\\/\\\/cbesrl.net\\\/wp-content\\\/uploads\\\/2025\\\/02\\\/handy-ox-ok-scaled-e1739269538889.jpg\",\"contentUrl\":\"https:\\\/\\\/cbesrl.net\\\/wp-content\\\/uploads\\\/2025\\\/02\\\/handy-ox-ok-scaled-e1739269538889.jpg\",\"width\":2560,\"height\":1441},{\"@type\":\"BreadcrumbList\",\"@id\":\"https:\\\/\\\/cbesrl.net\\\/de\\\/prodotti\\\/super-professionell\\\/big-daddy-sublimator-10gr-copia\\\/#breadcrumb\",\"itemListElement\":[{\"@type\":\"ListItem\",\"position\":1,\"name\":\"Home\",\"item\":\"https:\\\/\\\/cbesrl.net\\\/new-home\\\/\"},{\"@type\":\"ListItem\",\"position\":2,\"name\":\"Shop\",\"item\":\"https:\\\/\\\/cbesrl.net\\\/de\\\/shop-2\\\/\"},{\"@type\":\"ListItem\",\"position\":3,\"name\":\"HandyOX &#8211; Sublimator\"}]},{\"@type\":\"WebSite\",\"@id\":\"https:\\\/\\\/cbesrl.net\\\/#website\",\"url\":\"https:\\\/\\\/cbesrl.net\\\/\",\"name\":\"CBE SRL\",\"description\":\"\",\"publisher\":{\"@id\":\"https:\\\/\\\/cbesrl.net\\\/#organization\"},\"potentialAction\":[{\"@type\":\"SearchAction\",\"target\":{\"@type\":\"EntryPoint\",\"urlTemplate\":\"https:\\\/\\\/cbesrl.net\\\/?s={search_term_string}\"},\"query-input\":{\"@type\":\"PropertyValueSpecification\",\"valueRequired\":true,\"valueName\":\"search_term_string\"}}],\"inLanguage\":\"de\"},{\"@type\":\"Organization\",\"@id\":\"https:\\\/\\\/cbesrl.net\\\/#organization\",\"name\":\"CBE SRL\",\"url\":\"https:\\\/\\\/cbesrl.net\\\/\",\"logo\":{\"@type\":\"ImageObject\",\"inLanguage\":\"de\",\"@id\":\"https:\\\/\\\/cbesrl.net\\\/#\\\/schema\\\/logo\\\/image\\\/\",\"url\":\"https:\\\/\\\/cbesrl.net\\\/wp-content\\\/uploads\\\/2022\\\/01\\\/cropped-cropped-home1-01logo-1-1.png\",\"contentUrl\":\"https:\\\/\\\/cbesrl.net\\\/wp-content\\\/uploads\\\/2022\\\/01\\\/cropped-cropped-home1-01logo-1-1.png\",\"width\":1200,\"height\":447,\"caption\":\"CBE SRL\"},\"image\":{\"@id\":\"https:\\\/\\\/cbesrl.net\\\/#\\\/schema\\\/logo\\\/image\\\/\"}}]}<\/script>\n<!-- \/ Yoast SEO plugin. -->","yoast_head_json":{"title":"HandyOX - Sublimator - CBE SRL","robots":{"index":"index","follow":"follow","max-snippet":"max-snippet:-1","max-image-preview":"max-image-preview:large","max-video-preview":"max-video-preview:-1"},"canonical":"https:\/\/cbesrl.net\/de\/prodotti\/super-professionell\/big-daddy-sublimator-10gr-copia\/","og_locale":"de_DE","og_type":"article","og_title":"HandyOX - Sublimator - CBE SRL","og_description":"Mega pro oxals\u00e4ure sublimator, f\u00fcr einzelne oder doppelte Bienenst\u00f6cke.  Sublimator, der im gef\u00fcllten Zustand 2,7\/3 g, die empfohlene Dosis f\u00fcr eine Familie, aufnehmen kann.  Es handelt sich um einen Sublimator, der mit einer Batterie ausgestattet ist, Dewalt oder Makita nach Wahl des Kunden, mit 18 V und 5 A (Batterie nicht im Lieferumfang enthalten).","og_url":"https:\/\/cbesrl.net\/de\/prodotti\/super-professionell\/big-daddy-sublimator-10gr-copia\/","og_site_name":"CBE SRL","article_modified_time":"2025-06-30T22:00:05+00:00","og_image":[{"width":2560,"height":1441,"url":"https:\/\/cbesrl.net\/wp-content\/uploads\/2025\/02\/handy-ox-ok-scaled-e1739269538889.jpg","type":"image\/jpeg"}],"twitter_card":"summary_large_image","twitter_misc":{"Gesch\u00e4tzte Lesezeit":"1\u00a0Minute"},"schema":{"@context":"https:\/\/schema.org","@graph":[{"@type":"WebPage","@id":"https:\/\/cbesrl.net\/de\/prodotti\/super-professionell\/big-daddy-sublimator-10gr-copia\/","url":"https:\/\/cbesrl.net\/de\/prodotti\/super-professionell\/big-daddy-sublimator-10gr-copia\/","name":"HandyOX - Sublimator - CBE SRL","isPartOf":{"@id":"https:\/\/cbesrl.net\/#website"},"primaryImageOfPage":{"@id":"https:\/\/cbesrl.net\/de\/prodotti\/super-professionell\/big-daddy-sublimator-10gr-copia\/#primaryimage"},"image":{"@id":"https:\/\/cbesrl.net\/de\/prodotti\/super-professionell\/big-daddy-sublimator-10gr-copia\/#primaryimage"},"thumbnailUrl":"https:\/\/cbesrl.net\/wp-content\/uploads\/2025\/02\/handy-ox-ok-scaled-e1739269538889.jpg","datePublished":"2025-04-11T10:00:16+00:00","dateModified":"2025-06-30T22:00:05+00:00","breadcrumb":{"@id":"https:\/\/cbesrl.net\/de\/prodotti\/super-professionell\/big-daddy-sublimator-10gr-copia\/#breadcrumb"},"inLanguage":"de","potentialAction":[{"@type":"ReadAction","target":["https:\/\/cbesrl.net\/de\/prodotti\/super-professionell\/big-daddy-sublimator-10gr-copia\/"]}]},{"@type":"ImageObject","inLanguage":"de","@id":"https:\/\/cbesrl.net\/de\/prodotti\/super-professionell\/big-daddy-sublimator-10gr-copia\/#primaryimage","url":"https:\/\/cbesrl.net\/wp-content\/uploads\/2025\/02\/handy-ox-ok-scaled-e1739269538889.jpg","contentUrl":"https:\/\/cbesrl.net\/wp-content\/uploads\/2025\/02\/handy-ox-ok-scaled-e1739269538889.jpg","width":2560,"height":1441},{"@type":"BreadcrumbList","@id":"https:\/\/cbesrl.net\/de\/prodotti\/super-professionell\/big-daddy-sublimator-10gr-copia\/#breadcrumb","itemListElement":[{"@type":"ListItem","position":1,"name":"Home","item":"https:\/\/cbesrl.net\/new-home\/"},{"@type":"ListItem","position":2,"name":"Shop","item":"https:\/\/cbesrl.net\/de\/shop-2\/"},{"@type":"ListItem","position":3,"name":"HandyOX &#8211; Sublimator"}]},{"@type":"WebSite","@id":"https:\/\/cbesrl.net\/#website","url":"https:\/\/cbesrl.net\/","name":"CBE SRL","description":"","publisher":{"@id":"https:\/\/cbesrl.net\/#organization"},"potentialAction":[{"@type":"SearchAction","target":{"@type":"EntryPoint","urlTemplate":"https:\/\/cbesrl.net\/?s={search_term_string}"},"query-input":{"@type":"PropertyValueSpecification","valueRequired":true,"valueName":"search_term_string"}}],"inLanguage":"de"},{"@type":"Organization","@id":"https:\/\/cbesrl.net\/#organization","name":"CBE SRL","url":"https:\/\/cbesrl.net\/","logo":{"@type":"ImageObject","inLanguage":"de","@id":"https:\/\/cbesrl.net\/#\/schema\/logo\/image\/","url":"https:\/\/cbesrl.net\/wp-content\/uploads\/2022\/01\/cropped-cropped-home1-01logo-1-1.png","contentUrl":"https:\/\/cbesrl.net\/wp-content\/uploads\/2022\/01\/cropped-cropped-home1-01logo-1-1.png","width":1200,"height":447,"caption":"CBE SRL"},"image":{"@id":"https:\/\/cbesrl.net\/#\/schema\/logo\/image\/"}}]}},"_links":{"self":[{"href":"https:\/\/cbesrl.net\/de\/wp-json\/wp\/v2\/product\/6834","targetHints":{"allow":["GET"]}}],"collection":[{"href":"https:\/\/cbesrl.net\/de\/wp-json\/wp\/v2\/product"}],"about":[{"href":"https:\/\/cbesrl.net\/de\/wp-json\/wp\/v2\/types\/product"}],"replies":[{"embeddable":true,"href":"https:\/\/cbesrl.net\/de\/wp-json\/wp\/v2\/comments?post=6834"}],"wp:featuredmedia":[{"embeddable":true,"href":"https:\/\/cbesrl.net\/de\/wp-json\/wp\/v2\/media\/6719"}],"wp:attachment":[{"href":"https:\/\/cbesrl.net\/de\/wp-json\/wp\/v2\/media?parent=6834"}],"wp:term":[{"taxonomy":"product_brand","embeddable":true,"href":"https:\/\/cbesrl.net\/de\/wp-json\/wp\/v2\/product_brand?post=6834"},{"taxonomy":"product_cat","embeddable":true,"href":"https:\/\/cbesrl.net\/de\/wp-json\/wp\/v2\/product_cat?post=6834"},{"taxonomy":"product_tag","embeddable":true,"href":"https:\/\/cbesrl.net\/de\/wp-json\/wp\/v2\/product_tag?post=6834"}],"curies":[{"name":"wp","href":"https:\/\/api.w.org\/{rel}","templated":true}]}}