{"id":5653,"date":"2024-04-17T09:24:48","date_gmt":"2024-04-17T07:24:48","guid":{"rendered":"https:\/\/cbesrl.net\/responsabilidad-social\/"},"modified":"2024-04-17T09:24:49","modified_gmt":"2024-04-17T07:24:49","slug":"responsabilidad-social","status":"publish","type":"page","link":"https:\/\/cbesrl.net\/es\/responsabilidad-social\/","title":{"rendered":"Responsabilidad social"},"content":{"rendered":"\t\t<div data-elementor-type=\"wp-page\" data-elementor-id=\"5653\" class=\"elementor elementor-5653 elementor-29\" data-elementor-post-type=\"page\">\n\t\t\t\t\t\t<section class=\"elementor-section elementor-top-section elementor-element elementor-element-f0934ad elementor-section-height-min-height elementor-section-stretched elementor-section-boxed elementor-section-height-default elementor-section-items-middle\" data-id=\"f0934ad\" data-element_type=\"section\" data-e-type=\"section\" data-settings=\"{&quot;background_background&quot;:&quot;classic&quot;,&quot;stretch_section&quot;:&quot;section-stretched&quot;,&quot;background_motion_fx_motion_fx_scrolling&quot;:&quot;yes&quot;,&quot;background_motion_fx_translateY_effect&quot;:&quot;yes&quot;,&quot;background_motion_fx_translateY_speed&quot;:{&quot;unit&quot;:&quot;px&quot;,&quot;size&quot;:4,&quot;sizes&quot;:[]},&quot;background_motion_fx_translateY_affectedRange&quot;:{&quot;unit&quot;:&quot;%&quot;,&quot;size&quot;:&quot;&quot;,&quot;sizes&quot;:{&quot;start&quot;:0,&quot;end&quot;:100}},&quot;background_motion_fx_devices&quot;:[&quot;desktop&quot;,&quot;tablet&quot;,&quot;mobile&quot;]}\">\n\t\t\t\t\t\t\t<div class=\"elementor-background-overlay\"><\/div>\n\t\t\t\t\t\t\t<div class=\"elementor-container elementor-column-gap-no\">\n\t\t\t\t\t<div class=\"elementor-column elementor-col-100 elementor-top-column elementor-element elementor-element-50b41c0\" data-id=\"50b41c0\" data-element_type=\"column\" data-e-type=\"column\">\n\t\t\t<div class=\"elementor-widget-wrap elementor-element-populated\">\n\t\t\t\t\t\t<div class=\"elementor-element elementor-element-569a71e elementor-widget elementor-widget-heading\" data-id=\"569a71e\" data-element_type=\"widget\" data-e-type=\"widget\" data-widget_type=\"heading.default\">\n\t\t\t\t<div class=\"elementor-widget-container\">\n\t\t\t\t\t<h2 class=\"elementor-heading-title elementor-size-default\">Responsabilidad social<\/h2>\t\t\t\t<\/div>\n\t\t\t\t<\/div>\n\t\t\t\t\t<\/div>\n\t\t<\/div>\n\t\t\t\t\t<\/div>\n\t\t<\/section>\n\t\t\t\t<section class=\"elementor-section elementor-top-section elementor-element elementor-element-172267a elementor-section-boxed elementor-section-height-default elementor-section-height-default\" data-id=\"172267a\" data-element_type=\"section\" data-e-type=\"section\">\n\t\t\t\t\t\t<div class=\"elementor-container elementor-column-gap-default\">\n\t\t\t\t\t<div class=\"elementor-column elementor-col-100 elementor-top-column elementor-element elementor-element-408ef6b\" data-id=\"408ef6b\" data-element_type=\"column\" data-e-type=\"column\">\n\t\t\t<div class=\"elementor-widget-wrap elementor-element-populated\">\n\t\t\t\t\t\t<section class=\"elementor-section elementor-inner-section elementor-element elementor-element-75feb84 elementor-section-boxed elementor-section-height-default elementor-section-height-default\" data-id=\"75feb84\" data-element_type=\"section\" data-e-type=\"section\">\n\t\t\t\t\t\t<div class=\"elementor-container elementor-column-gap-default\">\n\t\t\t\t\t<div class=\"elementor-column elementor-col-100 elementor-inner-column elementor-element elementor-element-dbf619d\" data-id=\"dbf619d\" data-element_type=\"column\" data-e-type=\"column\">\n\t\t\t<div class=\"elementor-widget-wrap elementor-element-populated\">\n\t\t\t\t\t\t<div class=\"elementor-element elementor-element-8d9a904 elementor-widget elementor-widget-heading\" data-id=\"8d9a904\" data-element_type=\"widget\" data-e-type=\"widget\" id=\"green\" data-widget_type=\"heading.default\">\n\t\t\t\t<div class=\"elementor-widget-container\">\n\t\t\t\t\t<h1 class=\"elementor-heading-title elementor-size-default\">El Global que desaf\u00eda lo <span>verde<\/span><\/h1>\t\t\t\t<\/div>\n\t\t\t\t<\/div>\n\t\t\t\t<div class=\"elementor-element elementor-element-436e782 elementor-widget elementor-widget-text-editor\" data-id=\"436e782\" data-element_type=\"widget\" data-e-type=\"widget\" data-widget_type=\"text-editor.default\">\n\t\t\t\t<div class=\"elementor-widget-container\">\n\t\t\t\t\t\t\t\t\t<p>Mientras ahora todo el mundo habla de verde y sigue la ola de correcci\u00f3n (pol\u00edticamente) verde, el CBE siempre lo ha perseguido, incluso a costa de renunciar a ganancias rentables, porque est\u00e1 en su ADN. Es su esencia, la raz\u00f3n de existir. Siempre hemos estado atentos no s\u00f3lo al medio ambiente, sino tambi\u00e9n a las personas, a los animales, a la materia prima y sobre todo al producto final.<br \/>Lo que comemos nos afecta a corto y largo plazo. Nos acompa\u00f1a, nos estimula, nos fortalece pero tambi\u00e9n puede frenarnos e impedirnos continuar.<br \/>Para producir alimentos sanos se necesita una \u00e9tica verde desde el principio y los equipos de elaboraci\u00f3n y ayuda a la producci\u00f3n tambi\u00e9n deben completar el ciclo. cr\u00eda y agricultura. Nuestra pol\u00edtica de menor impacto ambiental y mejor relaci\u00f3n costo\/beneficio fue exitosa. Esto es lo que dicen cada d\u00eda nuestros clientes, cada vez m\u00e1s numerosos gracias al boca a boca. Pertenecer a este grupo es una distinci\u00f3n en el mercado.<\/p>\n<p>Siempre es dif\u00edcil ir contracorriente, desafiar la l\u00f3gica del beneficio, de lo inmediato. Ser visionario, irreprochable, no transigir es desconcertante, exigente y agotador. Pero al final vale la pena.<br \/>No medimos el \u00e9xito por la facturaci\u00f3n, sino por la satisfacci\u00f3n del cliente; cuantas veces hemos marcado la diferencia. Porque al final, en definitiva, en un mundo de conformistas, siendo voz fuera del coro, siendo l\u00edder o fuera de clase, siempre est\u00e1s indicado para que te sigan. Mientras no seas el zorro&#8230;<\/p>\n\t\t\t\t\t\t\t\t<\/div>\n\t\t\t\t<\/div>\n\t\t\t\t\t<\/div>\n\t\t<\/div>\n\t\t\t\t\t<\/div>\n\t\t<\/section>\n\t\t\t\t\t<\/div>\n\t\t<\/div>\n\t\t\t\t\t<\/div>\n\t\t<\/section>\n\t\t\t\t<section class=\"elementor-section elementor-top-section elementor-element elementor-element-8f9ccfa elementor-section-height-min-height elementor-section-boxed elementor-section-height-default elementor-section-items-middle\" data-id=\"8f9ccfa\" data-element_type=\"section\" data-e-type=\"section\" data-settings=\"{&quot;background_background&quot;:&quot;classic&quot;,&quot;background_motion_fx_motion_fx_mouse&quot;:&quot;yes&quot;}\">\n\t\t\t\t\t\t\t<div class=\"elementor-background-overlay\"><\/div>\n\t\t\t\t\t\t\t<div class=\"elementor-container elementor-column-gap-default\">\n\t\t\t\t\t<div class=\"elementor-column elementor-col-100 elementor-top-column elementor-element elementor-element-ddb59a9\" data-id=\"ddb59a9\" data-element_type=\"column\" data-e-type=\"column\">\n\t\t\t<div class=\"elementor-widget-wrap elementor-element-populated\">\n\t\t\t\t\t\t<div class=\"elementor-element elementor-element-4d10cc3 elementor-widget elementor-widget-heading\" data-id=\"4d10cc3\" data-element_type=\"widget\" data-e-type=\"widget\" data-widget_type=\"heading.default\">\n\t\t\t\t<div class=\"elementor-widget-container\">\n\t\t\t\t\t<h2 class=\"elementor-heading-title elementor-size-default\">\u00danete a nuestra Comunidad<br> de pensadores libres, independientes y emprendedores.<br>S\u00e9 \u00fanico en un grupo de \u00fanicos.<br>Te estamos esperando.<\/h2>\t\t\t\t<\/div>\n\t\t\t\t<\/div>\n\t\t\t\t\t<\/div>\n\t\t<\/div>\n\t\t\t\t\t<\/div>\n\t\t<\/section>\n\t\t\t\t<\/div>\n\t\t","protected":false},"excerpt":{"rendered":"<p>El Global que desaf\u00eda lo verde Mientras ahora todo el mundo habla de verde y sigue la ola de correcci\u00f3n (pol\u00edticamente) verde, el CBE siempre lo ha perseguido, incluso a costa de renunciar a ganancias rentables, porque est\u00e1 en su ADN. Es su esencia, la raz\u00f3n de existir. Siempre hemos estado atentos no s\u00f3lo al [&hellip;]<\/p>\n","protected":false},"author":1,"featured_media":0,"parent":0,"menu_order":0,"comment_status":"closed","ping_status":"closed","template":"elementor_header_footer","meta":{"footnotes":""},"class_list":["post-5653","page","type-page","status-publish","hentry"],"yoast_head":"<!-- This site is optimized with the Yoast SEO plugin v27.3 - https:\/\/yoast.com\/product\/yoast-seo-wordpress\/ -->\n<title>Material ap\u00edcola y productos ap\u00edcolas | CBE srl.<\/title>\n<meta name=\"description\" content=\"CBE srl se ocupa de la producci\u00f3n de material y productos ap\u00edcolas, priorizando la protecci\u00f3n del medio ambiente y el desarrollo sostenible.\" \/>\n<meta name=\"robots\" content=\"index, follow, max-snippet:-1, max-image-preview:large, max-video-preview:-1\" \/>\n<link rel=\"canonical\" href=\"https:\/\/cbesrl.net\/materiale-apistico-responsabilita-sociale\/\" \/>\n<meta property=\"og:locale\" content=\"es_ES\" \/>\n<meta property=\"og:type\" content=\"article\" \/>\n<meta property=\"og:title\" content=\"Material ap\u00edcola y productos ap\u00edcolas | CBE srl.\" \/>\n<meta property=\"og:description\" content=\"CBE srl se ocupa de la producci\u00f3n de material y productos ap\u00edcolas, priorizando la protecci\u00f3n del medio ambiente y el desarrollo sostenible.\" \/>\n<meta property=\"og:url\" content=\"https:\/\/cbesrl.net\/materiale-apistico-responsabilita-sociale\/\" \/>\n<meta property=\"og:site_name\" content=\"CBE SRL\" \/>\n<meta property=\"article:modified_time\" content=\"2024-04-17T07:24:49+00:00\" \/>\n<meta name=\"twitter:card\" content=\"summary_large_image\" \/>\n<meta name=\"twitter:label1\" content=\"Tiempo de lectura\" \/>\n\t<meta name=\"twitter:data1\" content=\"1 minuto\" \/>\n<script type=\"application\/ld+json\" class=\"yoast-schema-graph\">{\"@context\":\"https:\\\/\\\/schema.org\",\"@graph\":[{\"@type\":\"WebPage\",\"@id\":\"https:\\\/\\\/cbesrl.net\\\/materiale-apistico-responsabilita-sociale\\\/\",\"url\":\"https:\\\/\\\/cbesrl.net\\\/materiale-apistico-responsabilita-sociale\\\/\",\"name\":\"Material ap\u00edcola y productos ap\u00edcolas | CBE srl.\",\"isPartOf\":{\"@id\":\"https:\\\/\\\/cbesrl.net\\\/#website\"},\"datePublished\":\"2024-04-17T07:24:48+00:00\",\"dateModified\":\"2024-04-17T07:24:49+00:00\",\"description\":\"CBE srl se ocupa de la producci\u00f3n de material y productos ap\u00edcolas, priorizando la protecci\u00f3n del medio ambiente y el desarrollo sostenible.\",\"breadcrumb\":{\"@id\":\"https:\\\/\\\/cbesrl.net\\\/materiale-apistico-responsabilita-sociale\\\/#breadcrumb\"},\"inLanguage\":\"es\",\"potentialAction\":[{\"@type\":\"ReadAction\",\"target\":[\"https:\\\/\\\/cbesrl.net\\\/materiale-apistico-responsabilita-sociale\\\/\"]}]},{\"@type\":\"BreadcrumbList\",\"@id\":\"https:\\\/\\\/cbesrl.net\\\/materiale-apistico-responsabilita-sociale\\\/#breadcrumb\",\"itemListElement\":[{\"@type\":\"ListItem\",\"position\":1,\"name\":\"Home\",\"item\":\"https:\\\/\\\/cbesrl.net\\\/new-home\\\/\"},{\"@type\":\"ListItem\",\"position\":2,\"name\":\"Responsabilidad social\"}]},{\"@type\":\"WebSite\",\"@id\":\"https:\\\/\\\/cbesrl.net\\\/#website\",\"url\":\"https:\\\/\\\/cbesrl.net\\\/\",\"name\":\"CBE SRL\",\"description\":\"\",\"publisher\":{\"@id\":\"https:\\\/\\\/cbesrl.net\\\/#organization\"},\"potentialAction\":[{\"@type\":\"SearchAction\",\"target\":{\"@type\":\"EntryPoint\",\"urlTemplate\":\"https:\\\/\\\/cbesrl.net\\\/?s={search_term_string}\"},\"query-input\":{\"@type\":\"PropertyValueSpecification\",\"valueRequired\":true,\"valueName\":\"search_term_string\"}}],\"inLanguage\":\"es\"},{\"@type\":\"Organization\",\"@id\":\"https:\\\/\\\/cbesrl.net\\\/#organization\",\"name\":\"CBE SRL\",\"url\":\"https:\\\/\\\/cbesrl.net\\\/\",\"logo\":{\"@type\":\"ImageObject\",\"inLanguage\":\"es\",\"@id\":\"https:\\\/\\\/cbesrl.net\\\/#\\\/schema\\\/logo\\\/image\\\/\",\"url\":\"https:\\\/\\\/cbesrl.net\\\/wp-content\\\/uploads\\\/2022\\\/01\\\/cropped-cropped-home1-01logo-1-1.png\",\"contentUrl\":\"https:\\\/\\\/cbesrl.net\\\/wp-content\\\/uploads\\\/2022\\\/01\\\/cropped-cropped-home1-01logo-1-1.png\",\"width\":1200,\"height\":447,\"caption\":\"CBE SRL\"},\"image\":{\"@id\":\"https:\\\/\\\/cbesrl.net\\\/#\\\/schema\\\/logo\\\/image\\\/\"}}]}<\/script>\n<!-- \/ Yoast SEO plugin. -->","yoast_head_json":{"title":"Material ap\u00edcola y productos ap\u00edcolas | CBE srl.","description":"CBE srl se ocupa de la producci\u00f3n de material y productos ap\u00edcolas, priorizando la protecci\u00f3n del medio ambiente y el desarrollo sostenible.","robots":{"index":"index","follow":"follow","max-snippet":"max-snippet:-1","max-image-preview":"max-image-preview:large","max-video-preview":"max-video-preview:-1"},"canonical":"https:\/\/cbesrl.net\/materiale-apistico-responsabilita-sociale\/","og_locale":"es_ES","og_type":"article","og_title":"Material ap\u00edcola y productos ap\u00edcolas | CBE srl.","og_description":"CBE srl se ocupa de la producci\u00f3n de material y productos ap\u00edcolas, priorizando la protecci\u00f3n del medio ambiente y el desarrollo sostenible.","og_url":"https:\/\/cbesrl.net\/materiale-apistico-responsabilita-sociale\/","og_site_name":"CBE SRL","article_modified_time":"2024-04-17T07:24:49+00:00","twitter_card":"summary_large_image","twitter_misc":{"Tiempo de lectura":"1 minuto"},"schema":{"@context":"https:\/\/schema.org","@graph":[{"@type":"WebPage","@id":"https:\/\/cbesrl.net\/materiale-apistico-responsabilita-sociale\/","url":"https:\/\/cbesrl.net\/materiale-apistico-responsabilita-sociale\/","name":"Material ap\u00edcola y productos ap\u00edcolas | CBE srl.","isPartOf":{"@id":"https:\/\/cbesrl.net\/#website"},"datePublished":"2024-04-17T07:24:48+00:00","dateModified":"2024-04-17T07:24:49+00:00","description":"CBE srl se ocupa de la producci\u00f3n de material y productos ap\u00edcolas, priorizando la protecci\u00f3n del medio ambiente y el desarrollo sostenible.","breadcrumb":{"@id":"https:\/\/cbesrl.net\/materiale-apistico-responsabilita-sociale\/#breadcrumb"},"inLanguage":"es","potentialAction":[{"@type":"ReadAction","target":["https:\/\/cbesrl.net\/materiale-apistico-responsabilita-sociale\/"]}]},{"@type":"BreadcrumbList","@id":"https:\/\/cbesrl.net\/materiale-apistico-responsabilita-sociale\/#breadcrumb","itemListElement":[{"@type":"ListItem","position":1,"name":"Home","item":"https:\/\/cbesrl.net\/new-home\/"},{"@type":"ListItem","position":2,"name":"Responsabilidad social"}]},{"@type":"WebSite","@id":"https:\/\/cbesrl.net\/#website","url":"https:\/\/cbesrl.net\/","name":"CBE SRL","description":"","publisher":{"@id":"https:\/\/cbesrl.net\/#organization"},"potentialAction":[{"@type":"SearchAction","target":{"@type":"EntryPoint","urlTemplate":"https:\/\/cbesrl.net\/?s={search_term_string}"},"query-input":{"@type":"PropertyValueSpecification","valueRequired":true,"valueName":"search_term_string"}}],"inLanguage":"es"},{"@type":"Organization","@id":"https:\/\/cbesrl.net\/#organization","name":"CBE SRL","url":"https:\/\/cbesrl.net\/","logo":{"@type":"ImageObject","inLanguage":"es","@id":"https:\/\/cbesrl.net\/#\/schema\/logo\/image\/","url":"https:\/\/cbesrl.net\/wp-content\/uploads\/2022\/01\/cropped-cropped-home1-01logo-1-1.png","contentUrl":"https:\/\/cbesrl.net\/wp-content\/uploads\/2022\/01\/cropped-cropped-home1-01logo-1-1.png","width":1200,"height":447,"caption":"CBE SRL"},"image":{"@id":"https:\/\/cbesrl.net\/#\/schema\/logo\/image\/"}}]}},"_links":{"self":[{"href":"https:\/\/cbesrl.net\/es\/wp-json\/wp\/v2\/pages\/5653","targetHints":{"allow":["GET"]}}],"collection":[{"href":"https:\/\/cbesrl.net\/es\/wp-json\/wp\/v2\/pages"}],"about":[{"href":"https:\/\/cbesrl.net\/es\/wp-json\/wp\/v2\/types\/page"}],"author":[{"embeddable":true,"href":"https:\/\/cbesrl.net\/es\/wp-json\/wp\/v2\/users\/1"}],"replies":[{"embeddable":true,"href":"https:\/\/cbesrl.net\/es\/wp-json\/wp\/v2\/comments?post=5653"}],"version-history":[{"count":1,"href":"https:\/\/cbesrl.net\/es\/wp-json\/wp\/v2\/pages\/5653\/revisions"}],"predecessor-version":[{"id":5654,"href":"https:\/\/cbesrl.net\/es\/wp-json\/wp\/v2\/pages\/5653\/revisions\/5654"}],"wp:attachment":[{"href":"https:\/\/cbesrl.net\/es\/wp-json\/wp\/v2\/media?parent=5653"}],"curies":[{"name":"wp","href":"https:\/\/api.w.org\/{rel}","templated":true}]}}