{"id":7447,"date":"2025-07-16T17:11:05","date_gmt":"2025-07-16T15:11:05","guid":{"rendered":"https:\/\/cbesrl.net\/correas-motorizadas\/"},"modified":"2025-07-16T17:51:39","modified_gmt":"2025-07-16T15:51:39","slug":"correas-motorizadas","status":"publish","type":"page","link":"https:\/\/cbesrl.net\/es\/maquinaria-para-automatizacion\/correas-motorizadas\/","title":{"rendered":"CORREAS MOTORIZADAS"},"content":{"rendered":"\t\t<div data-elementor-type=\"wp-page\" data-elementor-id=\"7447\" class=\"elementor elementor-7447 elementor-7234\" data-elementor-post-type=\"page\">\n\t\t\t\t\t\t<section class=\"elementor-section elementor-top-section elementor-element elementor-element-42f661b2 elementor-section-height-min-height elementor-section-stretched elementor-section-boxed elementor-section-height-default elementor-section-items-middle\" data-id=\"42f661b2\" data-element_type=\"section\" data-e-type=\"section\" data-settings=\"{&quot;background_background&quot;:&quot;classic&quot;,&quot;stretch_section&quot;:&quot;section-stretched&quot;,&quot;background_motion_fx_motion_fx_scrolling&quot;:&quot;yes&quot;,&quot;background_motion_fx_translateY_effect&quot;:&quot;yes&quot;,&quot;background_motion_fx_translateY_speed&quot;:{&quot;unit&quot;:&quot;px&quot;,&quot;size&quot;:4,&quot;sizes&quot;:[]},&quot;background_motion_fx_translateY_affectedRange&quot;:{&quot;unit&quot;:&quot;%&quot;,&quot;size&quot;:&quot;&quot;,&quot;sizes&quot;:{&quot;start&quot;:0,&quot;end&quot;:100}},&quot;background_motion_fx_devices&quot;:[&quot;desktop&quot;,&quot;tablet&quot;,&quot;mobile&quot;]}\">\n\t\t\t\t\t\t\t<div class=\"elementor-background-overlay\"><\/div>\n\t\t\t\t\t\t\t<div class=\"elementor-container elementor-column-gap-no\">\n\t\t\t\t\t<div class=\"elementor-column elementor-col-100 elementor-top-column elementor-element elementor-element-36412f7d\" data-id=\"36412f7d\" data-element_type=\"column\" data-e-type=\"column\">\n\t\t\t<div class=\"elementor-widget-wrap elementor-element-populated\">\n\t\t\t\t\t\t<div class=\"elementor-element elementor-element-4f983cf0 elementor-widget elementor-widget-heading\" data-id=\"4f983cf0\" data-element_type=\"widget\" data-e-type=\"widget\" data-widget_type=\"heading.default\">\n\t\t\t\t<div class=\"elementor-widget-container\">\n\t\t\t\t\t<h2 class=\"elementor-heading-title elementor-size-default\">CORREAS MOTORIZADAS<\/h2>\t\t\t\t<\/div>\n\t\t\t\t<\/div>\n\t\t\t\t\t<\/div>\n\t\t<\/div>\n\t\t\t\t\t<\/div>\n\t\t<\/section>\n\t\t\t\t<section class=\"elementor-section elementor-top-section elementor-element elementor-element-902c5b7 elementor-section-boxed elementor-section-height-default elementor-section-height-default\" data-id=\"902c5b7\" data-element_type=\"section\" data-e-type=\"section\">\n\t\t\t\t\t\t<div class=\"elementor-container elementor-column-gap-default\">\n\t\t\t\t\t<div class=\"elementor-column elementor-col-100 elementor-top-column elementor-element elementor-element-9eca9e1\" data-id=\"9eca9e1\" data-element_type=\"column\" data-e-type=\"column\">\n\t\t\t<div class=\"elementor-widget-wrap elementor-element-populated\">\n\t\t\t\t\t\t<section class=\"elementor-section elementor-inner-section elementor-element elementor-element-2f26ba4 elementor-section-boxed elementor-section-height-default elementor-section-height-default\" data-id=\"2f26ba4\" data-element_type=\"section\" data-e-type=\"section\">\n\t\t\t\t\t\t<div class=\"elementor-container elementor-column-gap-default\">\n\t\t\t\t\t<div class=\"elementor-column elementor-col-50 elementor-inner-column elementor-element elementor-element-0addab7\" data-id=\"0addab7\" data-element_type=\"column\" data-e-type=\"column\">\n\t\t\t<div class=\"elementor-widget-wrap elementor-element-populated\">\n\t\t\t\t\t\t<div class=\"elementor-element elementor-element-fc46ebb elementor-widget elementor-widget-heading\" data-id=\"fc46ebb\" data-element_type=\"widget\" data-e-type=\"widget\" data-widget_type=\"heading.default\">\n\t\t\t\t<div class=\"elementor-widget-container\">\n\t\t\t\t\t<h2 class=\"elementor-heading-title elementor-size-default\">CORREAS MOTORIZADAS<\/h2>\t\t\t\t<\/div>\n\t\t\t\t<\/div>\n\t\t\t\t<div class=\"elementor-element elementor-element-b08bf48 elementor-widget elementor-widget-text-editor\" data-id=\"b08bf48\" data-element_type=\"widget\" data-e-type=\"widget\" data-widget_type=\"text-editor.default\">\n\t\t\t\t<div class=\"elementor-widget-container\">\n\t\t\t\t\t\t\t\t\t<p>Caracter\u00edsticas de construcci\u00f3n \u2013 Modelo FBC12-555<br \/>Estructura modular de acero inoxidable<br \/>Estructura modular de acero inoxidable<br \/>Correa de polipropileno o data-end=\u00bb264&#8243;>Polietileno<\/strong><\/p>\n<\/li>\n<li data-start=\"267\" data-end=\"325\">\n<p data-start=\"269\" data-end=\"325\">Rodillo motorizado para guiar el producto<\/p>\n<\/li>\n<li data-start=\"326\" data-end=\"364\">\n<p data-start=\"328\" data-end=\"364\">Canal de recogida de cables<\/p>\n<\/li>\n<li data-start=\"365\" data-end=\"433\">\n<p data-start=\"367\" data-end=\"433\">Perfiles laterales ajustables para la contenci\u00f3n de la bater\u00eda<\/p>\n<\/li>\n<li data-start=\"434\" data-end=\"474\">\n<p data-start=\"436\" data-end=\"474\">Patas de soporte de polipropileno<\/p>\n<\/li>\n<li data-start=\"475\" data-end=\"521\">\n<p data-start=\"477\" data-end=\"521\">Cubierta protectora para la motorizaci\u00f3n<\/p>\n<\/li>\n<li data-start=\"522\" data-end=\"567\">\n<p data-start=\"524\" data-end=\"567\">Ajuste de la altura de trabajo: \u00b1 30 mm<\/p>\n<\/li>\n<\/ul>\n<h3 data-start=\"574\" data-end=\"606\"><strong data-start=\"578\" data-end=\"606\">Caracter\u00edsticas t\u00e9cnicas<\/strong><\/h3>\n<ul data-start=\"608\" data-end=\"936\">\n<li data-start=\"608\" data-end=\"652\">\n<p data-start=\"610\" data-end=\"652\"><strong data-start=\"610\" data-end=\"637\">Dimensiones (L \u00d7 An \u00d7 Al):<\/strong> bajo pedido<\/p>\n<\/li>\n<li data-start=\"653\" data-end=\"723\">\n<p data-start=\"655\" data-end=\"723\"><strong data-start=\"655\" data-end=\"694\">Anchos est\u00e1ndar disponibles (An):<\/strong> 300, 400, 500, 600, 800 mm<\/p>\n<\/li>\n<li data-start=\"724\" data-end=\"776\">\n<p data-start=\"726\" data-end=\"776\"><strong data-start=\"726\" data-end=\"756\">Tensi\u00f3n de alimentaci\u00f3n:<\/strong> 3 \u00d7 400 V \u2013 50 Hz<\/p>\n<\/li>\n<li data-start=\"777\" data-end=\"818\">\n<p data-start=\"779\" data-end=\"818\"><strong data-start=\"779\" data-end=\"803\">Velocidad de la cinta:<\/strong> bajo pedido<\/p>\n<\/li>\n<li data-start=\"819\" data-end=\"858\">\n<p data-start=\"821\" data-end=\"858\"><strong data-start=\"821\" data-end=\"843\">Velocidad est\u00e1ndar:<\/strong> 12 metros\/min<\/p>\n<\/li>\n<li data-start=\"859\" data-end=\"887\">\n<p data-start=\"861\" data-end=\"887\"><strong data-start=\"861\" data-end=\"876\">Ruido:<\/strong> <70 dBA<\/p>\n<\/li>\n<li data-start=\"888\" data-end=\"936\">\n<p data-start=\"890\" data-end=\"936\"><strong data-start=\"890\" data-end=\"913\">Potencia consumida:<\/strong> <0,5 kW (uso normal)<\/p>\n<\/li>\n<\/ul>\n\t\t\t\t\t\t\t\t<\/div>\n\t\t\t\t<\/div>\n\t\t\t\t\t<\/div>\n\t\t<\/div>\n\t\t\t\t<div class=\"elementor-column elementor-col-50 elementor-inner-column elementor-element elementor-element-a371fdd\" data-id=\"a371fdd\" data-element_type=\"column\" data-e-type=\"column\">\n\t\t\t<div class=\"elementor-widget-wrap elementor-element-populated\">\n\t\t\t\t\t\t<div class=\"elementor-element elementor-element-e65e459 elementor-widget elementor-widget-image\" data-id=\"e65e459\" data-element_type=\"widget\" data-e-type=\"widget\" data-widget_type=\"image.default\">\n\t\t\t\t<div class=\"elementor-widget-container\">\n\t\t\t\t\t\t\t\t\t\t\t\t\t\t\t<img fetchpriority=\"high\" decoding=\"async\" width=\"800\" height=\"1010\" src=\"https:\/\/cbesrl.net\/wp-content\/uploads\/2025\/07\/2-nastri-811x1024.jpg\" class=\"attachment-large size-large wp-image-7241\" alt=\"Nastri motorizzati pallet\" srcset=\"https:\/\/cbesrl.net\/wp-content\/uploads\/2025\/07\/2-nastri-811x1024.jpg 811w, https:\/\/cbesrl.net\/wp-content\/uploads\/2025\/07\/2-nastri-238x300.jpg 238w, https:\/\/cbesrl.net\/wp-content\/uploads\/2025\/07\/2-nastri-768x969.jpg 768w, https:\/\/cbesrl.net\/wp-content\/uploads\/2025\/07\/2-nastri-600x757.jpg 600w, https:\/\/cbesrl.net\/wp-content\/uploads\/2025\/07\/2-nastri.jpg 843w\" sizes=\"(max-width: 800px) 100vw, 800px\" \/>\t\t\t\t\t\t\t\t\t\t\t\t\t\t\t<\/div>\n\t\t\t\t<\/div>\n\t\t\t\t\t<\/div>\n\t\t<\/div>\n\t\t\t\t\t<\/div>\n\t\t<\/section>\n\t\t\t\t\t<\/div>\n\t\t<\/div>\n\t\t\t\t\t<\/div>\n\t\t<\/section>\n\t\t\t\t<section class=\"elementor-section elementor-top-section elementor-element elementor-element-23644479 elementor-section-height-min-height elementor-section-stretched elementor-section-boxed elementor-section-height-default elementor-section-items-middle\" data-id=\"23644479\" data-element_type=\"section\" data-e-type=\"section\" data-settings=\"{&quot;background_background&quot;:&quot;classic&quot;,&quot;background_motion_fx_motion_fx_mouse&quot;:&quot;yes&quot;,&quot;background_motion_fx_motion_fx_scrolling&quot;:&quot;yes&quot;,&quot;background_motion_fx_translateY_effect&quot;:&quot;yes&quot;,&quot;background_motion_fx_translateY_speed&quot;:{&quot;unit&quot;:&quot;px&quot;,&quot;size&quot;:10,&quot;sizes&quot;:[]},&quot;stretch_section&quot;:&quot;section-stretched&quot;,&quot;background_motion_fx_translateY_affectedRange&quot;:{&quot;unit&quot;:&quot;%&quot;,&quot;size&quot;:&quot;&quot;,&quot;sizes&quot;:{&quot;start&quot;:0,&quot;end&quot;:100}},&quot;background_motion_fx_devices&quot;:[&quot;desktop&quot;,&quot;tablet&quot;,&quot;mobile&quot;]}\">\n\t\t\t\t\t\t\t<div class=\"elementor-background-overlay\"><\/div>\n\t\t\t\t\t\t\t<div class=\"elementor-container elementor-column-gap-default\">\n\t\t\t\t\t<div class=\"elementor-column elementor-col-100 elementor-top-column elementor-element elementor-element-615e6f54\" data-id=\"615e6f54\" data-element_type=\"column\" data-e-type=\"column\">\n\t\t\t<div class=\"elementor-widget-wrap elementor-element-populated\">\n\t\t\t\t\t\t<section class=\"elementor-section elementor-inner-section elementor-element elementor-element-6deb38e5 elementor-section-boxed elementor-section-height-default elementor-section-height-default\" data-id=\"6deb38e5\" data-element_type=\"section\" data-e-type=\"section\">\n\t\t\t\t\t\t<div class=\"elementor-container elementor-column-gap-default\">\n\t\t\t\t\t<div class=\"elementor-column elementor-col-50 elementor-inner-column elementor-element elementor-element-6bbc3dc4\" data-id=\"6bbc3dc4\" data-element_type=\"column\" data-e-type=\"column\">\n\t\t\t<div class=\"elementor-widget-wrap elementor-element-populated\">\n\t\t\t\t\t\t<div class=\"elementor-element elementor-element-6641710f elementor-widget elementor-widget-menu-anchor\" data-id=\"6641710f\" data-element_type=\"widget\" data-e-type=\"widget\" data-widget_type=\"menu-anchor.default\">\n\t\t\t\t<div class=\"elementor-widget-container\">\n\t\t\t\t\t\t\t<div class=\"elementor-menu-anchor\" id=\"contatto\"><\/div>\n\t\t\t\t\t\t<\/div>\n\t\t\t\t<\/div>\n\t\t\t\t<div class=\"elementor-element elementor-element-7da7a507 elementor-widget elementor-widget-heading\" data-id=\"7da7a507\" data-element_type=\"widget\" data-e-type=\"widget\" data-widget_type=\"heading.default\">\n\t\t\t\t<div class=\"elementor-widget-container\">\n\t\t\t\t\t<h2 class=\"elementor-heading-title elementor-size-default\">Cont\u00e1ctenos<br>para m\u00e1s informaci\u00f3n<\/h2>\t\t\t\t<\/div>\n\t\t\t\t<\/div>\n\t\t\t\t<div class=\"elementor-element elementor-element-2d24889 elementor-widget elementor-widget-text-editor\" data-id=\"2d24889\" data-element_type=\"widget\" data-e-type=\"widget\" data-widget_type=\"text-editor.default\">\n\t\t\t\t<div class=\"elementor-widget-container\">\n\t\t\t\t\t\t\t\t\t\u00bfQuieres solicitar m\u00e1s informaci\u00f3n o solicitar un presupuesto?<br>Ll\u00e1manos o escr\u00edbenos, te responderemos lo antes posible.\t\t\t\t\t\t\t\t<\/div>\n\t\t\t\t<\/div>\n\t\t\t\t\t<\/div>\n\t\t<\/div>\n\t\t\t\t<div class=\"elementor-column elementor-col-50 elementor-inner-column elementor-element elementor-element-3cf9f4c1\" data-id=\"3cf9f4c1\" data-element_type=\"column\" data-e-type=\"column\">\n\t\t\t<div class=\"elementor-widget-wrap elementor-element-populated\">\n\t\t\t\t\t\t<div class=\"elementor-element elementor-element-4daa7c19 linkcampo elementor-button-align-stretch elementor-widget elementor-widget-form\" data-id=\"4daa7c19\" data-element_type=\"widget\" data-e-type=\"widget\" data-settings=\"{&quot;step_next_label&quot;:&quot;Next&quot;,&quot;step_previous_label&quot;:&quot;Previous&quot;,&quot;button_width&quot;:&quot;100&quot;,&quot;step_type&quot;:&quot;number_text&quot;,&quot;step_icon_shape&quot;:&quot;circle&quot;}\" data-widget_type=\"form.default\">\n\t\t\t\t<div class=\"elementor-widget-container\">\n\t\t\t\t\t\t\t<form class=\"elementor-form\" method=\"post\" name=\"Form automazione \" aria-label=\"Form automazione \">\n\t\t\t<input type=\"hidden\" name=\"post_id\" value=\"7447\"\/>\n\t\t\t<input type=\"hidden\" name=\"form_id\" value=\"4daa7c19\"\/>\n\t\t\t<input type=\"hidden\" name=\"referer_title\" value=\"CORREAS MOTORIZADAS - CBE SRL\" \/>\n\n\t\t\t\t\t\t\t<input type=\"hidden\" name=\"queried_id\" value=\"7447\"\/>\n\t\t\t\n\t\t\t<div class=\"elementor-form-fields-wrapper elementor-labels-above\">\n\t\t\t\t\t\t\t\t<div class=\"elementor-field-type-text elementor-field-group elementor-column elementor-field-group-name elementor-col-50\">\n\t\t\t\t\t\t\t\t\t\t\t\t\t<input size=\"1\" type=\"text\" name=\"form_fields[name]\" id=\"form-field-name\" class=\"elementor-field elementor-size-sm  elementor-field-textual\" placeholder=\"Nombre de pila\">\n\t\t\t\t\t\t\t\t\t\t\t<\/div>\n\t\t\t\t\t\t\t\t<div class=\"elementor-field-type-text elementor-field-group elementor-column elementor-field-group-field_5e034d2 elementor-col-50\">\n\t\t\t\t\t\t\t\t\t\t\t\t\t<input size=\"1\" type=\"text\" name=\"form_fields[field_5e034d2]\" id=\"form-field-field_5e034d2\" class=\"elementor-field elementor-size-sm  elementor-field-textual\" placeholder=\"Azienda\">\n\t\t\t\t\t\t\t\t\t\t\t<\/div>\n\t\t\t\t\t\t\t\t<div class=\"elementor-field-type-email elementor-field-group elementor-column elementor-field-group-email elementor-col-100 elementor-field-required\">\n\t\t\t\t\t\t\t\t\t\t\t\t\t<input size=\"1\" type=\"email\" name=\"form_fields[email]\" id=\"form-field-email\" class=\"elementor-field elementor-size-sm  elementor-field-textual\" placeholder=\"Correo electr\u00f3nico\" required=\"required\">\n\t\t\t\t\t\t\t\t\t\t\t<\/div>\n\t\t\t\t\t\t\t\t<div class=\"elementor-field-type-textarea elementor-field-group elementor-column elementor-field-group-message elementor-col-100\">\n\t\t\t\t\t<textarea class=\"elementor-field-textual elementor-field  elementor-size-sm\" name=\"form_fields[message]\" id=\"form-field-message\" rows=\"4\" placeholder=\"Message\"><\/textarea>\t\t\t\t<\/div>\n\t\t\t\t\t\t\t\t<div class=\"elementor-field-type-acceptance elementor-field-group elementor-column elementor-field-group-field_ec3d547 elementor-col-100 elementor-field-required\">\n\t\t\t\t\t\t\t<div class=\"elementor-field-subgroup\">\n\t\t\t<span class=\"elementor-field-option\">\n\t\t\t\t<input type=\"checkbox\" name=\"form_fields[field_ec3d547]\" id=\"form-field-field_ec3d547\" class=\"elementor-field elementor-size-sm  elementor-acceptance-field\" required=\"required\">\n\t\t\t\t<label for=\"form-field-field_ec3d547\">Para poder enviar la solicitud de contacto deber\u00e1 aceptar las condiciones de privacidad. Declaro que he le\u00eddo la <a href=\"https:\/\/cbesrl.net\/formazione\/\" target=\"_blank\">informaci\u00f3n <\/a>anterior y autorizo \u200b\u200bel tratamiento.<\/label>\t\t\t<\/span>\n\t\t<\/div>\n\t\t\t\t\t\t<\/div>\n\t\t\t\t\t\t\t\t<div class=\"elementor-field-type-recaptcha_v3 elementor-field-group elementor-column elementor-field-group-field_43fc4d3 elementor-col-100 recaptcha_v3-inline\">\n\t\t\t\t\t<div class=\"elementor-field\" id=\"form-field-field_43fc4d3\"><div class=\"elementor-g-recaptcha\" data-sitekey=\"6Lc90-IrAAAAAJcnn7LcmpUkWzi4vUegYsJkfgOA\" data-type=\"v3\" data-action=\"Form\" data-badge=\"inline\" data-size=\"invisible\"><\/div><\/div>\t\t\t\t<\/div>\n\t\t\t\t\t\t\t\t<div class=\"elementor-field-type-text\">\n\t\t\t\t\t<input size=\"1\" type=\"text\" name=\"form_fields[field_5f6bf92]\" id=\"form-field-field_5f6bf92\" class=\"elementor-field elementor-size-sm \" style=\"display:none !important;\">\t\t\t\t<\/div>\n\t\t\t\t\t\t\t\t<div class=\"elementor-field-group elementor-column elementor-field-type-submit elementor-col-100 e-form__buttons\">\n\t\t\t\t\t<button class=\"elementor-button elementor-size-sm\" type=\"submit\">\n\t\t\t\t\t\t<span class=\"elementor-button-content-wrapper\">\n\t\t\t\t\t\t\t\t\t\t\t\t\t\t\t\t\t\t\t\t\t\t<span class=\"elementor-button-text\">Enviar<\/span>\n\t\t\t\t\t\t\t\t\t\t\t\t\t<\/span>\n\t\t\t\t\t<\/button>\n\t\t\t\t<\/div>\n\t\t\t<\/div>\n\t\t<\/form>\n\t\t\t\t\t\t<\/div>\n\t\t\t\t<\/div>\n\t\t\t\t\t<\/div>\n\t\t<\/div>\n\t\t\t\t\t<\/div>\n\t\t<\/section>\n\t\t\t\t\t<\/div>\n\t\t<\/div>\n\t\t\t\t\t<\/div>\n\t\t<\/section>\n\t\t\t\t<\/div>\n\t\t","protected":false},"excerpt":{"rendered":"<p>Caracter\u00edsticas de construcci\u00f3n \u2013 Modelo FBC12-555Estructura modular de acero inoxidableEstructura modular de acero inoxidableCorrea de polipropileno o data-end=\u00bb264&#8243;>Polietileno Rodillo motorizado para guiar el producto Canal de recogida de cables Perfiles laterales ajustables para la contenci\u00f3n de la bater\u00eda Patas de soporte de polipropileno Cubierta protectora para la motorizaci\u00f3n Ajuste de la altura de trabajo: \u00b1 [&hellip;]<\/p>\n","protected":false},"author":1,"featured_media":0,"parent":7475,"menu_order":0,"comment_status":"closed","ping_status":"closed","template":"elementor_header_footer","meta":{"footnotes":""},"class_list":["post-7447","page","type-page","status-publish","hentry"],"yoast_head":"<!-- This site is optimized with the Yoast SEO plugin v27.3 - https:\/\/yoast.com\/product\/yoast-seo-wordpress\/ -->\n<title>CORREAS MOTORIZADAS - CBE SRL<\/title>\n<meta name=\"robots\" content=\"index, follow, max-snippet:-1, max-image-preview:large, max-video-preview:-1\" \/>\n<link rel=\"canonical\" href=\"https:\/\/cbesrl.net\/macchinari-per-lautomazione\/nastri-motorizzati\/\" \/>\n<meta property=\"og:locale\" content=\"es_ES\" \/>\n<meta property=\"og:type\" content=\"article\" \/>\n<meta property=\"og:title\" content=\"CORREAS MOTORIZADAS - CBE SRL\" \/>\n<meta property=\"og:description\" content=\"Caracter\u00edsticas de construcci\u00f3n \u2013 Modelo FBC12-555Estructura modular de acero inoxidableEstructura modular de acero inoxidableCorrea de polipropileno o data-end=\u00bb264&#8243;&gt;Polietileno Rodillo motorizado para guiar el producto Canal de recogida de cables Perfiles laterales ajustables para la contenci\u00f3n de la bater\u00eda Patas de soporte de polipropileno Cubierta protectora para la motorizaci\u00f3n Ajuste de la altura de trabajo: \u00b1 [&hellip;]\" \/>\n<meta property=\"og:url\" content=\"https:\/\/cbesrl.net\/macchinari-per-lautomazione\/nastri-motorizzati\/\" \/>\n<meta property=\"og:site_name\" content=\"CBE SRL\" \/>\n<meta property=\"article:modified_time\" content=\"2025-07-16T15:51:39+00:00\" \/>\n<meta property=\"og:image\" content=\"https:\/\/cbesrl.net\/wp-content\/uploads\/2025\/07\/2-nastri.jpg\" \/>\n\t<meta property=\"og:image:width\" content=\"843\" \/>\n\t<meta property=\"og:image:height\" content=\"1064\" \/>\n\t<meta property=\"og:image:type\" content=\"image\/jpeg\" \/>\n<meta name=\"twitter:card\" content=\"summary_large_image\" \/>\n<script type=\"application\/ld+json\" class=\"yoast-schema-graph\">{\"@context\":\"https:\\\/\\\/schema.org\",\"@graph\":[{\"@type\":\"WebPage\",\"@id\":\"https:\\\/\\\/cbesrl.net\\\/macchinari-per-lautomazione\\\/nastri-motorizzati\\\/\",\"url\":\"https:\\\/\\\/cbesrl.net\\\/macchinari-per-lautomazione\\\/nastri-motorizzati\\\/\",\"name\":\"CORREAS MOTORIZADAS - CBE SRL\",\"isPartOf\":{\"@id\":\"https:\\\/\\\/cbesrl.net\\\/#website\"},\"primaryImageOfPage\":{\"@id\":\"https:\\\/\\\/cbesrl.net\\\/macchinari-per-lautomazione\\\/nastri-motorizzati\\\/#primaryimage\"},\"image\":{\"@id\":\"https:\\\/\\\/cbesrl.net\\\/macchinari-per-lautomazione\\\/nastri-motorizzati\\\/#primaryimage\"},\"thumbnailUrl\":\"https:\\\/\\\/cbesrl.net\\\/wp-content\\\/uploads\\\/2025\\\/07\\\/2-nastri-811x1024.jpg\",\"datePublished\":\"2025-07-16T15:11:05+00:00\",\"dateModified\":\"2025-07-16T15:51:39+00:00\",\"breadcrumb\":{\"@id\":\"https:\\\/\\\/cbesrl.net\\\/macchinari-per-lautomazione\\\/nastri-motorizzati\\\/#breadcrumb\"},\"inLanguage\":\"es\",\"potentialAction\":[{\"@type\":\"ReadAction\",\"target\":[\"https:\\\/\\\/cbesrl.net\\\/macchinari-per-lautomazione\\\/nastri-motorizzati\\\/\"]}]},{\"@type\":\"ImageObject\",\"inLanguage\":\"es\",\"@id\":\"https:\\\/\\\/cbesrl.net\\\/macchinari-per-lautomazione\\\/nastri-motorizzati\\\/#primaryimage\",\"url\":\"https:\\\/\\\/cbesrl.net\\\/wp-content\\\/uploads\\\/2025\\\/07\\\/2-nastri-811x1024.jpg\",\"contentUrl\":\"https:\\\/\\\/cbesrl.net\\\/wp-content\\\/uploads\\\/2025\\\/07\\\/2-nastri-811x1024.jpg\"},{\"@type\":\"BreadcrumbList\",\"@id\":\"https:\\\/\\\/cbesrl.net\\\/macchinari-per-lautomazione\\\/nastri-motorizzati\\\/#breadcrumb\",\"itemListElement\":[{\"@type\":\"ListItem\",\"position\":1,\"name\":\"Home\",\"item\":\"https:\\\/\\\/cbesrl.net\\\/new-home\\\/\"},{\"@type\":\"ListItem\",\"position\":2,\"name\":\"Maquinaria para Automatizaci\u00f3n\",\"item\":\"https:\\\/\\\/cbesrl.net\\\/macchinari-per-lautomazione\\\/\"},{\"@type\":\"ListItem\",\"position\":3,\"name\":\"CORREAS MOTORIZADAS\"}]},{\"@type\":\"WebSite\",\"@id\":\"https:\\\/\\\/cbesrl.net\\\/#website\",\"url\":\"https:\\\/\\\/cbesrl.net\\\/\",\"name\":\"CBE SRL\",\"description\":\"\",\"publisher\":{\"@id\":\"https:\\\/\\\/cbesrl.net\\\/#organization\"},\"potentialAction\":[{\"@type\":\"SearchAction\",\"target\":{\"@type\":\"EntryPoint\",\"urlTemplate\":\"https:\\\/\\\/cbesrl.net\\\/?s={search_term_string}\"},\"query-input\":{\"@type\":\"PropertyValueSpecification\",\"valueRequired\":true,\"valueName\":\"search_term_string\"}}],\"inLanguage\":\"es\"},{\"@type\":\"Organization\",\"@id\":\"https:\\\/\\\/cbesrl.net\\\/#organization\",\"name\":\"CBE SRL\",\"url\":\"https:\\\/\\\/cbesrl.net\\\/\",\"logo\":{\"@type\":\"ImageObject\",\"inLanguage\":\"es\",\"@id\":\"https:\\\/\\\/cbesrl.net\\\/#\\\/schema\\\/logo\\\/image\\\/\",\"url\":\"https:\\\/\\\/cbesrl.net\\\/wp-content\\\/uploads\\\/2022\\\/01\\\/cropped-cropped-home1-01logo-1-1.png\",\"contentUrl\":\"https:\\\/\\\/cbesrl.net\\\/wp-content\\\/uploads\\\/2022\\\/01\\\/cropped-cropped-home1-01logo-1-1.png\",\"width\":1200,\"height\":447,\"caption\":\"CBE SRL\"},\"image\":{\"@id\":\"https:\\\/\\\/cbesrl.net\\\/#\\\/schema\\\/logo\\\/image\\\/\"}}]}<\/script>\n<!-- \/ Yoast SEO plugin. -->","yoast_head_json":{"title":"CORREAS MOTORIZADAS - CBE SRL","robots":{"index":"index","follow":"follow","max-snippet":"max-snippet:-1","max-image-preview":"max-image-preview:large","max-video-preview":"max-video-preview:-1"},"canonical":"https:\/\/cbesrl.net\/macchinari-per-lautomazione\/nastri-motorizzati\/","og_locale":"es_ES","og_type":"article","og_title":"CORREAS MOTORIZADAS - CBE SRL","og_description":"Caracter\u00edsticas de construcci\u00f3n \u2013 Modelo FBC12-555Estructura modular de acero inoxidableEstructura modular de acero inoxidableCorrea de polipropileno o data-end=\u00bb264&#8243;>Polietileno Rodillo motorizado para guiar el producto Canal de recogida de cables Perfiles laterales ajustables para la contenci\u00f3n de la bater\u00eda Patas de soporte de polipropileno Cubierta protectora para la motorizaci\u00f3n Ajuste de la altura de trabajo: \u00b1 [&hellip;]","og_url":"https:\/\/cbesrl.net\/macchinari-per-lautomazione\/nastri-motorizzati\/","og_site_name":"CBE SRL","article_modified_time":"2025-07-16T15:51:39+00:00","og_image":[{"width":843,"height":1064,"url":"https:\/\/cbesrl.net\/wp-content\/uploads\/2025\/07\/2-nastri.jpg","type":"image\/jpeg"}],"twitter_card":"summary_large_image","schema":{"@context":"https:\/\/schema.org","@graph":[{"@type":"WebPage","@id":"https:\/\/cbesrl.net\/macchinari-per-lautomazione\/nastri-motorizzati\/","url":"https:\/\/cbesrl.net\/macchinari-per-lautomazione\/nastri-motorizzati\/","name":"CORREAS MOTORIZADAS - CBE SRL","isPartOf":{"@id":"https:\/\/cbesrl.net\/#website"},"primaryImageOfPage":{"@id":"https:\/\/cbesrl.net\/macchinari-per-lautomazione\/nastri-motorizzati\/#primaryimage"},"image":{"@id":"https:\/\/cbesrl.net\/macchinari-per-lautomazione\/nastri-motorizzati\/#primaryimage"},"thumbnailUrl":"https:\/\/cbesrl.net\/wp-content\/uploads\/2025\/07\/2-nastri-811x1024.jpg","datePublished":"2025-07-16T15:11:05+00:00","dateModified":"2025-07-16T15:51:39+00:00","breadcrumb":{"@id":"https:\/\/cbesrl.net\/macchinari-per-lautomazione\/nastri-motorizzati\/#breadcrumb"},"inLanguage":"es","potentialAction":[{"@type":"ReadAction","target":["https:\/\/cbesrl.net\/macchinari-per-lautomazione\/nastri-motorizzati\/"]}]},{"@type":"ImageObject","inLanguage":"es","@id":"https:\/\/cbesrl.net\/macchinari-per-lautomazione\/nastri-motorizzati\/#primaryimage","url":"https:\/\/cbesrl.net\/wp-content\/uploads\/2025\/07\/2-nastri-811x1024.jpg","contentUrl":"https:\/\/cbesrl.net\/wp-content\/uploads\/2025\/07\/2-nastri-811x1024.jpg"},{"@type":"BreadcrumbList","@id":"https:\/\/cbesrl.net\/macchinari-per-lautomazione\/nastri-motorizzati\/#breadcrumb","itemListElement":[{"@type":"ListItem","position":1,"name":"Home","item":"https:\/\/cbesrl.net\/new-home\/"},{"@type":"ListItem","position":2,"name":"Maquinaria para Automatizaci\u00f3n","item":"https:\/\/cbesrl.net\/macchinari-per-lautomazione\/"},{"@type":"ListItem","position":3,"name":"CORREAS MOTORIZADAS"}]},{"@type":"WebSite","@id":"https:\/\/cbesrl.net\/#website","url":"https:\/\/cbesrl.net\/","name":"CBE SRL","description":"","publisher":{"@id":"https:\/\/cbesrl.net\/#organization"},"potentialAction":[{"@type":"SearchAction","target":{"@type":"EntryPoint","urlTemplate":"https:\/\/cbesrl.net\/?s={search_term_string}"},"query-input":{"@type":"PropertyValueSpecification","valueRequired":true,"valueName":"search_term_string"}}],"inLanguage":"es"},{"@type":"Organization","@id":"https:\/\/cbesrl.net\/#organization","name":"CBE SRL","url":"https:\/\/cbesrl.net\/","logo":{"@type":"ImageObject","inLanguage":"es","@id":"https:\/\/cbesrl.net\/#\/schema\/logo\/image\/","url":"https:\/\/cbesrl.net\/wp-content\/uploads\/2022\/01\/cropped-cropped-home1-01logo-1-1.png","contentUrl":"https:\/\/cbesrl.net\/wp-content\/uploads\/2022\/01\/cropped-cropped-home1-01logo-1-1.png","width":1200,"height":447,"caption":"CBE SRL"},"image":{"@id":"https:\/\/cbesrl.net\/#\/schema\/logo\/image\/"}}]}},"_links":{"self":[{"href":"https:\/\/cbesrl.net\/es\/wp-json\/wp\/v2\/pages\/7447","targetHints":{"allow":["GET"]}}],"collection":[{"href":"https:\/\/cbesrl.net\/es\/wp-json\/wp\/v2\/pages"}],"about":[{"href":"https:\/\/cbesrl.net\/es\/wp-json\/wp\/v2\/types\/page"}],"author":[{"embeddable":true,"href":"https:\/\/cbesrl.net\/es\/wp-json\/wp\/v2\/users\/1"}],"replies":[{"embeddable":true,"href":"https:\/\/cbesrl.net\/es\/wp-json\/wp\/v2\/comments?post=7447"}],"version-history":[{"count":1,"href":"https:\/\/cbesrl.net\/es\/wp-json\/wp\/v2\/pages\/7447\/revisions"}],"predecessor-version":[{"id":7448,"href":"https:\/\/cbesrl.net\/es\/wp-json\/wp\/v2\/pages\/7447\/revisions\/7448"}],"up":[{"embeddable":true,"href":"https:\/\/cbesrl.net\/es\/wp-json\/wp\/v2\/pages\/7475"}],"wp:attachment":[{"href":"https:\/\/cbesrl.net\/es\/wp-json\/wp\/v2\/media?parent=7447"}],"curies":[{"name":"wp","href":"https:\/\/api.w.org\/{rel}","templated":true}]}}