{"id":5671,"date":"2023-07-01T12:11:19","date_gmt":"2023-07-01T10:11:19","guid":{"rendered":"https:\/\/cbesrl.net\/shop\/traje-protector\/"},"modified":"2023-07-01T12:11:19","modified_gmt":"2023-07-01T10:11:19","slug":"traje-protector","status":"publish","type":"product","link":"https:\/\/cbesrl.net\/es\/prodotti\/accesorios-y-repuestos-para-sublimadores\/traje-protector\/","title":{"rendered":"traje protector"},"content":{"rendered":"<p><strong>Caracter\u00edsticas principales<\/strong><\/p>\n<ul estilo=\"font-weight: 400;\">\n<li>prenda de protecci\u00f3n tipo 5\/6 fabricada con material extremadamente ligero y transpirable, dise\u00f1ada para ofrecer protecci\u00f3n contra polvo peligroso, salpicaduras limitadas de l\u00edquidos y salpicaduras<\/li>\n<li>Confeccionado en tejido no tejido SMMMS altamente transpirable, que garantiza una dispersi\u00f3n efectiva del calor y la humedad corporal y un estr\u00e9s t\u00e9rmico reducido<\/li>\n<li>SMS multicapa suave y resistente de 43 g\/m2 para un alto rendimiento<\/li>\n<li>Capucha de 3 solapas, cremallera de doble cierre, solapa protectora con el\u00e1stico en espalda y tobillos para reducir el riesgo de exposici\u00f3n de la piel<\/li>\n<li>Recubrimiento antiest\u00e1tico EN 1149-5 que reduce las descargas electrost\u00e1ticas y el riesgo de chispas<\/li>\n<li>Resistencia a part\u00edculas nucleares EN 1073-2<\/li>\n<li>Pu\u00f1os de punto para una inserci\u00f3n c\u00f3moda y segura del brazo<\/li>\n<\/ul>\n<p><span style=\"font-weight: 400;\">\u00a0<\/span><br style=\"font-weight: 400;\" \/><span style=\"font-weight: 400;\">Talla XL<\/span><\/p>\n","protected":false},"excerpt":{"rendered":"<p>Prot\u00e9gete y protege tu ropa de las r\u00e1fagas de viento y humo con el mono 3M\u2122<br \/>\nPrenda de protecci\u00f3n tipo 5\/6 fabricada con material extremadamente ligero y transpirable, dise\u00f1ada para ofrecer protecci\u00f3n contra el polvo peligroso. Confeccionado en tejido no tejido SMMMS altamente transpirable, que garantiza una dispersi\u00f3n eficaz del calor y la humedad corporal y un estr\u00e9s t\u00e9rmico reducido<\/p>\n","protected":false},"featured_media":5672,"comment_status":"open","ping_status":"closed","template":"","meta":[],"product_brand":[],"product_cat":[135],"product_tag":[],"class_list":{"0":"post-5671","1":"product","2":"type-product","3":"status-publish","4":"has-post-thumbnail","6":"product_cat-accesorios-y-repuestos-para-sublimadores","7":"pa_taglie-xl-es","9":"first","10":"instock","11":"taxable","12":"shipping-taxable","13":"purchasable","14":"product-type-simple"},"yoast_head":"<!-- This site is optimized with the Yoast SEO plugin v27.3 - https:\/\/yoast.com\/product\/yoast-seo-wordpress\/ -->\n<title>Traje de apicultura: seguridad y comodidad en el trabajo<\/title>\n<meta name=\"description\" content=\"Trabaja de forma segura, prot\u00e9gete a ti y a tu ropa con el traje de apicultura de 3M. Material ligero y transpirable para reducir el estr\u00e9s t\u00e9rmico.\" \/>\n<meta name=\"robots\" content=\"index, follow, max-snippet:-1, max-image-preview:large, max-video-preview:-1\" \/>\n<link rel=\"canonical\" href=\"https:\/\/cbesrl.net\/prodotti\/accessori\/tuta-protettiva\/\" \/>\n<meta property=\"og:locale\" content=\"es_ES\" \/>\n<meta property=\"og:type\" content=\"article\" \/>\n<meta property=\"og:title\" content=\"Traje de apicultura: seguridad y comodidad en el trabajo\" \/>\n<meta property=\"og:description\" content=\"Trabaja de forma segura, prot\u00e9gete a ti y a tu ropa con el traje de apicultura de 3M. Material ligero y transpirable para reducir el estr\u00e9s t\u00e9rmico.\" \/>\n<meta property=\"og:url\" content=\"https:\/\/cbesrl.net\/prodotti\/accessori\/tuta-protettiva\/\" \/>\n<meta property=\"og:site_name\" content=\"CBE SRL\" \/>\n<meta property=\"og:image\" content=\"https:\/\/cbesrl.net\/wp-content\/uploads\/2023\/08\/image003.png\" \/>\n\t<meta property=\"og:image:width\" content=\"412\" \/>\n\t<meta property=\"og:image:height\" content=\"476\" \/>\n\t<meta property=\"og:image:type\" content=\"image\/png\" \/>\n<meta name=\"twitter:card\" content=\"summary_large_image\" \/>\n<meta name=\"twitter:label1\" content=\"Tiempo de lectura\" \/>\n\t<meta name=\"twitter:data1\" content=\"1 minuto\" \/>\n<script type=\"application\/ld+json\" class=\"yoast-schema-graph\">{\"@context\":\"https:\\\/\\\/schema.org\",\"@graph\":[{\"@type\":\"WebPage\",\"@id\":\"https:\\\/\\\/cbesrl.net\\\/prodotti\\\/accessori\\\/tuta-protettiva\\\/\",\"url\":\"https:\\\/\\\/cbesrl.net\\\/prodotti\\\/accessori\\\/tuta-protettiva\\\/\",\"name\":\"Traje de apicultura: seguridad y comodidad en el trabajo\",\"isPartOf\":{\"@id\":\"https:\\\/\\\/cbesrl.net\\\/#website\"},\"primaryImageOfPage\":{\"@id\":\"https:\\\/\\\/cbesrl.net\\\/prodotti\\\/accessori\\\/tuta-protettiva\\\/#primaryimage\"},\"image\":{\"@id\":\"https:\\\/\\\/cbesrl.net\\\/prodotti\\\/accessori\\\/tuta-protettiva\\\/#primaryimage\"},\"thumbnailUrl\":\"https:\\\/\\\/cbesrl.net\\\/wp-content\\\/uploads\\\/2023\\\/08\\\/image003.png\",\"datePublished\":\"2023-07-01T10:11:19+00:00\",\"description\":\"Trabaja de forma segura, prot\u00e9gete a ti y a tu ropa con el traje de apicultura de 3M. Material ligero y transpirable para reducir el estr\u00e9s t\u00e9rmico.\",\"breadcrumb\":{\"@id\":\"https:\\\/\\\/cbesrl.net\\\/prodotti\\\/accessori\\\/tuta-protettiva\\\/#breadcrumb\"},\"inLanguage\":\"es\",\"potentialAction\":[{\"@type\":\"ReadAction\",\"target\":[\"https:\\\/\\\/cbesrl.net\\\/prodotti\\\/accessori\\\/tuta-protettiva\\\/\"]}]},{\"@type\":\"ImageObject\",\"inLanguage\":\"es\",\"@id\":\"https:\\\/\\\/cbesrl.net\\\/prodotti\\\/accessori\\\/tuta-protettiva\\\/#primaryimage\",\"url\":\"https:\\\/\\\/cbesrl.net\\\/wp-content\\\/uploads\\\/2023\\\/08\\\/image003.png\",\"contentUrl\":\"https:\\\/\\\/cbesrl.net\\\/wp-content\\\/uploads\\\/2023\\\/08\\\/image003.png\",\"width\":412,\"height\":476},{\"@type\":\"BreadcrumbList\",\"@id\":\"https:\\\/\\\/cbesrl.net\\\/prodotti\\\/accessori\\\/tuta-protettiva\\\/#breadcrumb\",\"itemListElement\":[{\"@type\":\"ListItem\",\"position\":1,\"name\":\"Home\",\"item\":\"https:\\\/\\\/cbesrl.net\\\/new-home\\\/\"},{\"@type\":\"ListItem\",\"position\":2,\"name\":\"Shop\",\"item\":\"https:\\\/\\\/cbesrl.net\\\/shop\\\/\"},{\"@type\":\"ListItem\",\"position\":3,\"name\":\"traje protector\"}]},{\"@type\":\"WebSite\",\"@id\":\"https:\\\/\\\/cbesrl.net\\\/#website\",\"url\":\"https:\\\/\\\/cbesrl.net\\\/\",\"name\":\"CBE SRL\",\"description\":\"\",\"publisher\":{\"@id\":\"https:\\\/\\\/cbesrl.net\\\/#organization\"},\"potentialAction\":[{\"@type\":\"SearchAction\",\"target\":{\"@type\":\"EntryPoint\",\"urlTemplate\":\"https:\\\/\\\/cbesrl.net\\\/?s={search_term_string}\"},\"query-input\":{\"@type\":\"PropertyValueSpecification\",\"valueRequired\":true,\"valueName\":\"search_term_string\"}}],\"inLanguage\":\"es\"},{\"@type\":\"Organization\",\"@id\":\"https:\\\/\\\/cbesrl.net\\\/#organization\",\"name\":\"CBE SRL\",\"url\":\"https:\\\/\\\/cbesrl.net\\\/\",\"logo\":{\"@type\":\"ImageObject\",\"inLanguage\":\"es\",\"@id\":\"https:\\\/\\\/cbesrl.net\\\/#\\\/schema\\\/logo\\\/image\\\/\",\"url\":\"https:\\\/\\\/cbesrl.net\\\/wp-content\\\/uploads\\\/2022\\\/01\\\/cropped-cropped-home1-01logo-1-1.png\",\"contentUrl\":\"https:\\\/\\\/cbesrl.net\\\/wp-content\\\/uploads\\\/2022\\\/01\\\/cropped-cropped-home1-01logo-1-1.png\",\"width\":1200,\"height\":447,\"caption\":\"CBE SRL\"},\"image\":{\"@id\":\"https:\\\/\\\/cbesrl.net\\\/#\\\/schema\\\/logo\\\/image\\\/\"}}]}<\/script>\n<!-- \/ Yoast SEO plugin. -->","yoast_head_json":{"title":"Traje de apicultura: seguridad y comodidad en el trabajo","description":"Trabaja de forma segura, prot\u00e9gete a ti y a tu ropa con el traje de apicultura de 3M. Material ligero y transpirable para reducir el estr\u00e9s t\u00e9rmico.","robots":{"index":"index","follow":"follow","max-snippet":"max-snippet:-1","max-image-preview":"max-image-preview:large","max-video-preview":"max-video-preview:-1"},"canonical":"https:\/\/cbesrl.net\/prodotti\/accessori\/tuta-protettiva\/","og_locale":"es_ES","og_type":"article","og_title":"Traje de apicultura: seguridad y comodidad en el trabajo","og_description":"Trabaja de forma segura, prot\u00e9gete a ti y a tu ropa con el traje de apicultura de 3M. Material ligero y transpirable para reducir el estr\u00e9s t\u00e9rmico.","og_url":"https:\/\/cbesrl.net\/prodotti\/accessori\/tuta-protettiva\/","og_site_name":"CBE SRL","og_image":[{"width":412,"height":476,"url":"https:\/\/cbesrl.net\/wp-content\/uploads\/2023\/08\/image003.png","type":"image\/png"}],"twitter_card":"summary_large_image","twitter_misc":{"Tiempo de lectura":"1 minuto"},"schema":{"@context":"https:\/\/schema.org","@graph":[{"@type":"WebPage","@id":"https:\/\/cbesrl.net\/prodotti\/accessori\/tuta-protettiva\/","url":"https:\/\/cbesrl.net\/prodotti\/accessori\/tuta-protettiva\/","name":"Traje de apicultura: seguridad y comodidad en el trabajo","isPartOf":{"@id":"https:\/\/cbesrl.net\/#website"},"primaryImageOfPage":{"@id":"https:\/\/cbesrl.net\/prodotti\/accessori\/tuta-protettiva\/#primaryimage"},"image":{"@id":"https:\/\/cbesrl.net\/prodotti\/accessori\/tuta-protettiva\/#primaryimage"},"thumbnailUrl":"https:\/\/cbesrl.net\/wp-content\/uploads\/2023\/08\/image003.png","datePublished":"2023-07-01T10:11:19+00:00","description":"Trabaja de forma segura, prot\u00e9gete a ti y a tu ropa con el traje de apicultura de 3M. Material ligero y transpirable para reducir el estr\u00e9s t\u00e9rmico.","breadcrumb":{"@id":"https:\/\/cbesrl.net\/prodotti\/accessori\/tuta-protettiva\/#breadcrumb"},"inLanguage":"es","potentialAction":[{"@type":"ReadAction","target":["https:\/\/cbesrl.net\/prodotti\/accessori\/tuta-protettiva\/"]}]},{"@type":"ImageObject","inLanguage":"es","@id":"https:\/\/cbesrl.net\/prodotti\/accessori\/tuta-protettiva\/#primaryimage","url":"https:\/\/cbesrl.net\/wp-content\/uploads\/2023\/08\/image003.png","contentUrl":"https:\/\/cbesrl.net\/wp-content\/uploads\/2023\/08\/image003.png","width":412,"height":476},{"@type":"BreadcrumbList","@id":"https:\/\/cbesrl.net\/prodotti\/accessori\/tuta-protettiva\/#breadcrumb","itemListElement":[{"@type":"ListItem","position":1,"name":"Home","item":"https:\/\/cbesrl.net\/new-home\/"},{"@type":"ListItem","position":2,"name":"Shop","item":"https:\/\/cbesrl.net\/shop\/"},{"@type":"ListItem","position":3,"name":"traje protector"}]},{"@type":"WebSite","@id":"https:\/\/cbesrl.net\/#website","url":"https:\/\/cbesrl.net\/","name":"CBE SRL","description":"","publisher":{"@id":"https:\/\/cbesrl.net\/#organization"},"potentialAction":[{"@type":"SearchAction","target":{"@type":"EntryPoint","urlTemplate":"https:\/\/cbesrl.net\/?s={search_term_string}"},"query-input":{"@type":"PropertyValueSpecification","valueRequired":true,"valueName":"search_term_string"}}],"inLanguage":"es"},{"@type":"Organization","@id":"https:\/\/cbesrl.net\/#organization","name":"CBE SRL","url":"https:\/\/cbesrl.net\/","logo":{"@type":"ImageObject","inLanguage":"es","@id":"https:\/\/cbesrl.net\/#\/schema\/logo\/image\/","url":"https:\/\/cbesrl.net\/wp-content\/uploads\/2022\/01\/cropped-cropped-home1-01logo-1-1.png","contentUrl":"https:\/\/cbesrl.net\/wp-content\/uploads\/2022\/01\/cropped-cropped-home1-01logo-1-1.png","width":1200,"height":447,"caption":"CBE SRL"},"image":{"@id":"https:\/\/cbesrl.net\/#\/schema\/logo\/image\/"}}]}},"_links":{"self":[{"href":"https:\/\/cbesrl.net\/es\/wp-json\/wp\/v2\/product\/5671","targetHints":{"allow":["GET"]}}],"collection":[{"href":"https:\/\/cbesrl.net\/es\/wp-json\/wp\/v2\/product"}],"about":[{"href":"https:\/\/cbesrl.net\/es\/wp-json\/wp\/v2\/types\/product"}],"replies":[{"embeddable":true,"href":"https:\/\/cbesrl.net\/es\/wp-json\/wp\/v2\/comments?post=5671"}],"wp:featuredmedia":[{"embeddable":true,"href":"https:\/\/cbesrl.net\/es\/wp-json\/wp\/v2\/media\/5672"}],"wp:attachment":[{"href":"https:\/\/cbesrl.net\/es\/wp-json\/wp\/v2\/media?parent=5671"}],"wp:term":[{"taxonomy":"product_brand","embeddable":true,"href":"https:\/\/cbesrl.net\/es\/wp-json\/wp\/v2\/product_brand?post=5671"},{"taxonomy":"product_cat","embeddable":true,"href":"https:\/\/cbesrl.net\/es\/wp-json\/wp\/v2\/product_cat?post=5671"},{"taxonomy":"product_tag","embeddable":true,"href":"https:\/\/cbesrl.net\/es\/wp-json\/wp\/v2\/product_tag?post=5671"}],"curies":[{"name":"wp","href":"https:\/\/api.w.org\/{rel}","templated":true}]}}