{"id":5682,"date":"2023-07-13T15:01:31","date_gmt":"2023-07-13T13:01:31","guid":{"rendered":"https:\/\/cbesrl.net\/shop\/5-ox-5kg-acido-oxalico\/"},"modified":"2023-07-13T15:01:31","modified_gmt":"2023-07-13T13:01:31","slug":"5-ox-5kg-acido-oxalico","status":"publish","type":"product","link":"https:\/\/cbesrl.net\/es\/prodotti\/accesorios-y-repuestos-para-sublimadores\/5-ox-5kg-acido-oxalico\/","title":{"rendered":"5 OX &#8211; 5kg \u00c1cido Ox\u00e1lico"},"content":{"rendered":"","protected":false},"excerpt":{"rendered":"<p>\u00c1cido ox\u00e1lico en cubo, calidad farmac\u00e9utica.<\/p>\n<p><strong>5 KG &#8211; 16 euros el kg (sin IVA)<\/strong><\/p>\n<p>El m\u00e1s puro del mercado, garant\u00eda de eficacia. Tambi\u00e9n para limpieza de cera.<\/p>\n<p>Calidad farmac\u00e9utica, m\u00e1s fina y casi 100% pura. Recomendado para sublimadores CBE.<\/p>\n","protected":false},"featured_media":5683,"comment_status":"open","ping_status":"closed","template":"","meta":[],"product_brand":[],"product_cat":[135],"product_tag":[],"class_list":{"0":"post-5682","1":"product","2":"type-product","3":"status-publish","4":"has-post-thumbnail","6":"product_cat-accesorios-y-repuestos-para-sublimadores","8":"first","9":"instock","10":"taxable","11":"shipping-taxable","12":"purchasable","13":"product-type-simple"},"yoast_head":"<!-- This site is optimized with the Yoast SEO plugin v27.3 - https:\/\/yoast.com\/product\/yoast-seo-wordpress\/ -->\n<title>\u00c1cido Ox\u00e1lico Apicultura 5 kg - CBE Srl<\/title>\n<meta name=\"description\" content=\"Protege a tus abejas con \u00e1cido ox\u00e1lico para apicultura, abastecete con el pack de 5 kg. Tratamiento eficaz y seguro para la salud de la colmena.\" \/>\n<meta name=\"robots\" content=\"index, follow, max-snippet:-1, max-image-preview:large, max-video-preview:-1\" \/>\n<link rel=\"canonical\" href=\"https:\/\/cbesrl.net\/prodotti\/accessori\/5-ox-5kg-acido-ossalico\/\" \/>\n<meta property=\"og:locale\" content=\"es_ES\" \/>\n<meta property=\"og:type\" content=\"article\" \/>\n<meta property=\"og:title\" content=\"\u00c1cido Ox\u00e1lico Apicultura 5 kg - CBE Srl\" \/>\n<meta property=\"og:description\" content=\"Protege a tus abejas con \u00e1cido ox\u00e1lico para apicultura, abastecete con el pack de 5 kg. Tratamiento eficaz y seguro para la salud de la colmena.\" \/>\n<meta property=\"og:url\" content=\"https:\/\/cbesrl.net\/prodotti\/accessori\/5-ox-5kg-acido-ossalico\/\" \/>\n<meta property=\"og:site_name\" content=\"CBE SRL\" \/>\n<meta property=\"og:image\" content=\"https:\/\/cbesrl.net\/wp-content\/uploads\/2023\/07\/9.jpg\" \/>\n\t<meta property=\"og:image:width\" content=\"424\" \/>\n\t<meta property=\"og:image:height\" content=\"605\" \/>\n\t<meta property=\"og:image:type\" content=\"image\/jpeg\" \/>\n<meta name=\"twitter:card\" content=\"summary_large_image\" \/>\n<script type=\"application\/ld+json\" class=\"yoast-schema-graph\">{\"@context\":\"https:\\\/\\\/schema.org\",\"@graph\":[{\"@type\":\"WebPage\",\"@id\":\"https:\\\/\\\/cbesrl.net\\\/prodotti\\\/accessori\\\/5-ox-5kg-acido-ossalico\\\/\",\"url\":\"https:\\\/\\\/cbesrl.net\\\/prodotti\\\/accessori\\\/5-ox-5kg-acido-ossalico\\\/\",\"name\":\"\u00c1cido Ox\u00e1lico Apicultura 5 kg - CBE Srl\",\"isPartOf\":{\"@id\":\"https:\\\/\\\/cbesrl.net\\\/#website\"},\"primaryImageOfPage\":{\"@id\":\"https:\\\/\\\/cbesrl.net\\\/prodotti\\\/accessori\\\/5-ox-5kg-acido-ossalico\\\/#primaryimage\"},\"image\":{\"@id\":\"https:\\\/\\\/cbesrl.net\\\/prodotti\\\/accessori\\\/5-ox-5kg-acido-ossalico\\\/#primaryimage\"},\"thumbnailUrl\":\"https:\\\/\\\/cbesrl.net\\\/wp-content\\\/uploads\\\/2023\\\/07\\\/9.jpg\",\"datePublished\":\"2023-07-13T13:01:31+00:00\",\"description\":\"Protege a tus abejas con \u00e1cido ox\u00e1lico para apicultura, abastecete con el pack de 5 kg. Tratamiento eficaz y seguro para la salud de la colmena.\",\"breadcrumb\":{\"@id\":\"https:\\\/\\\/cbesrl.net\\\/prodotti\\\/accessori\\\/5-ox-5kg-acido-ossalico\\\/#breadcrumb\"},\"inLanguage\":\"es\",\"potentialAction\":[{\"@type\":\"ReadAction\",\"target\":[\"https:\\\/\\\/cbesrl.net\\\/prodotti\\\/accessori\\\/5-ox-5kg-acido-ossalico\\\/\"]}]},{\"@type\":\"ImageObject\",\"inLanguage\":\"es\",\"@id\":\"https:\\\/\\\/cbesrl.net\\\/prodotti\\\/accessori\\\/5-ox-5kg-acido-ossalico\\\/#primaryimage\",\"url\":\"https:\\\/\\\/cbesrl.net\\\/wp-content\\\/uploads\\\/2023\\\/07\\\/9.jpg\",\"contentUrl\":\"https:\\\/\\\/cbesrl.net\\\/wp-content\\\/uploads\\\/2023\\\/07\\\/9.jpg\",\"width\":424,\"height\":605},{\"@type\":\"BreadcrumbList\",\"@id\":\"https:\\\/\\\/cbesrl.net\\\/prodotti\\\/accessori\\\/5-ox-5kg-acido-ossalico\\\/#breadcrumb\",\"itemListElement\":[{\"@type\":\"ListItem\",\"position\":1,\"name\":\"Home\",\"item\":\"https:\\\/\\\/cbesrl.net\\\/new-home\\\/\"},{\"@type\":\"ListItem\",\"position\":2,\"name\":\"Shop\",\"item\":\"https:\\\/\\\/cbesrl.net\\\/shop\\\/\"},{\"@type\":\"ListItem\",\"position\":3,\"name\":\"5 OX &#8211; 5kg \u00c1cido Ox\u00e1lico\"}]},{\"@type\":\"WebSite\",\"@id\":\"https:\\\/\\\/cbesrl.net\\\/#website\",\"url\":\"https:\\\/\\\/cbesrl.net\\\/\",\"name\":\"CBE SRL\",\"description\":\"\",\"publisher\":{\"@id\":\"https:\\\/\\\/cbesrl.net\\\/#organization\"},\"potentialAction\":[{\"@type\":\"SearchAction\",\"target\":{\"@type\":\"EntryPoint\",\"urlTemplate\":\"https:\\\/\\\/cbesrl.net\\\/?s={search_term_string}\"},\"query-input\":{\"@type\":\"PropertyValueSpecification\",\"valueRequired\":true,\"valueName\":\"search_term_string\"}}],\"inLanguage\":\"es\"},{\"@type\":\"Organization\",\"@id\":\"https:\\\/\\\/cbesrl.net\\\/#organization\",\"name\":\"CBE SRL\",\"url\":\"https:\\\/\\\/cbesrl.net\\\/\",\"logo\":{\"@type\":\"ImageObject\",\"inLanguage\":\"es\",\"@id\":\"https:\\\/\\\/cbesrl.net\\\/#\\\/schema\\\/logo\\\/image\\\/\",\"url\":\"https:\\\/\\\/cbesrl.net\\\/wp-content\\\/uploads\\\/2022\\\/01\\\/cropped-cropped-home1-01logo-1-1.png\",\"contentUrl\":\"https:\\\/\\\/cbesrl.net\\\/wp-content\\\/uploads\\\/2022\\\/01\\\/cropped-cropped-home1-01logo-1-1.png\",\"width\":1200,\"height\":447,\"caption\":\"CBE SRL\"},\"image\":{\"@id\":\"https:\\\/\\\/cbesrl.net\\\/#\\\/schema\\\/logo\\\/image\\\/\"}}]}<\/script>\n<!-- \/ Yoast SEO plugin. -->","yoast_head_json":{"title":"\u00c1cido Ox\u00e1lico Apicultura 5 kg - CBE Srl","description":"Protege a tus abejas con \u00e1cido ox\u00e1lico para apicultura, abastecete con el pack de 5 kg. Tratamiento eficaz y seguro para la salud de la colmena.","robots":{"index":"index","follow":"follow","max-snippet":"max-snippet:-1","max-image-preview":"max-image-preview:large","max-video-preview":"max-video-preview:-1"},"canonical":"https:\/\/cbesrl.net\/prodotti\/accessori\/5-ox-5kg-acido-ossalico\/","og_locale":"es_ES","og_type":"article","og_title":"\u00c1cido Ox\u00e1lico Apicultura 5 kg - CBE Srl","og_description":"Protege a tus abejas con \u00e1cido ox\u00e1lico para apicultura, abastecete con el pack de 5 kg. Tratamiento eficaz y seguro para la salud de la colmena.","og_url":"https:\/\/cbesrl.net\/prodotti\/accessori\/5-ox-5kg-acido-ossalico\/","og_site_name":"CBE SRL","og_image":[{"width":424,"height":605,"url":"https:\/\/cbesrl.net\/wp-content\/uploads\/2023\/07\/9.jpg","type":"image\/jpeg"}],"twitter_card":"summary_large_image","schema":{"@context":"https:\/\/schema.org","@graph":[{"@type":"WebPage","@id":"https:\/\/cbesrl.net\/prodotti\/accessori\/5-ox-5kg-acido-ossalico\/","url":"https:\/\/cbesrl.net\/prodotti\/accessori\/5-ox-5kg-acido-ossalico\/","name":"\u00c1cido Ox\u00e1lico Apicultura 5 kg - CBE Srl","isPartOf":{"@id":"https:\/\/cbesrl.net\/#website"},"primaryImageOfPage":{"@id":"https:\/\/cbesrl.net\/prodotti\/accessori\/5-ox-5kg-acido-ossalico\/#primaryimage"},"image":{"@id":"https:\/\/cbesrl.net\/prodotti\/accessori\/5-ox-5kg-acido-ossalico\/#primaryimage"},"thumbnailUrl":"https:\/\/cbesrl.net\/wp-content\/uploads\/2023\/07\/9.jpg","datePublished":"2023-07-13T13:01:31+00:00","description":"Protege a tus abejas con \u00e1cido ox\u00e1lico para apicultura, abastecete con el pack de 5 kg. Tratamiento eficaz y seguro para la salud de la colmena.","breadcrumb":{"@id":"https:\/\/cbesrl.net\/prodotti\/accessori\/5-ox-5kg-acido-ossalico\/#breadcrumb"},"inLanguage":"es","potentialAction":[{"@type":"ReadAction","target":["https:\/\/cbesrl.net\/prodotti\/accessori\/5-ox-5kg-acido-ossalico\/"]}]},{"@type":"ImageObject","inLanguage":"es","@id":"https:\/\/cbesrl.net\/prodotti\/accessori\/5-ox-5kg-acido-ossalico\/#primaryimage","url":"https:\/\/cbesrl.net\/wp-content\/uploads\/2023\/07\/9.jpg","contentUrl":"https:\/\/cbesrl.net\/wp-content\/uploads\/2023\/07\/9.jpg","width":424,"height":605},{"@type":"BreadcrumbList","@id":"https:\/\/cbesrl.net\/prodotti\/accessori\/5-ox-5kg-acido-ossalico\/#breadcrumb","itemListElement":[{"@type":"ListItem","position":1,"name":"Home","item":"https:\/\/cbesrl.net\/new-home\/"},{"@type":"ListItem","position":2,"name":"Shop","item":"https:\/\/cbesrl.net\/shop\/"},{"@type":"ListItem","position":3,"name":"5 OX &#8211; 5kg \u00c1cido Ox\u00e1lico"}]},{"@type":"WebSite","@id":"https:\/\/cbesrl.net\/#website","url":"https:\/\/cbesrl.net\/","name":"CBE SRL","description":"","publisher":{"@id":"https:\/\/cbesrl.net\/#organization"},"potentialAction":[{"@type":"SearchAction","target":{"@type":"EntryPoint","urlTemplate":"https:\/\/cbesrl.net\/?s={search_term_string}"},"query-input":{"@type":"PropertyValueSpecification","valueRequired":true,"valueName":"search_term_string"}}],"inLanguage":"es"},{"@type":"Organization","@id":"https:\/\/cbesrl.net\/#organization","name":"CBE SRL","url":"https:\/\/cbesrl.net\/","logo":{"@type":"ImageObject","inLanguage":"es","@id":"https:\/\/cbesrl.net\/#\/schema\/logo\/image\/","url":"https:\/\/cbesrl.net\/wp-content\/uploads\/2022\/01\/cropped-cropped-home1-01logo-1-1.png","contentUrl":"https:\/\/cbesrl.net\/wp-content\/uploads\/2022\/01\/cropped-cropped-home1-01logo-1-1.png","width":1200,"height":447,"caption":"CBE SRL"},"image":{"@id":"https:\/\/cbesrl.net\/#\/schema\/logo\/image\/"}}]}},"_links":{"self":[{"href":"https:\/\/cbesrl.net\/es\/wp-json\/wp\/v2\/product\/5682","targetHints":{"allow":["GET"]}}],"collection":[{"href":"https:\/\/cbesrl.net\/es\/wp-json\/wp\/v2\/product"}],"about":[{"href":"https:\/\/cbesrl.net\/es\/wp-json\/wp\/v2\/types\/product"}],"replies":[{"embeddable":true,"href":"https:\/\/cbesrl.net\/es\/wp-json\/wp\/v2\/comments?post=5682"}],"wp:featuredmedia":[{"embeddable":true,"href":"https:\/\/cbesrl.net\/es\/wp-json\/wp\/v2\/media\/5683"}],"wp:attachment":[{"href":"https:\/\/cbesrl.net\/es\/wp-json\/wp\/v2\/media?parent=5682"}],"wp:term":[{"taxonomy":"product_brand","embeddable":true,"href":"https:\/\/cbesrl.net\/es\/wp-json\/wp\/v2\/product_brand?post=5682"},{"taxonomy":"product_cat","embeddable":true,"href":"https:\/\/cbesrl.net\/es\/wp-json\/wp\/v2\/product_cat?post=5682"},{"taxonomy":"product_tag","embeddable":true,"href":"https:\/\/cbesrl.net\/es\/wp-json\/wp\/v2\/product_tag?post=5682"}],"curies":[{"name":"wp","href":"https:\/\/api.w.org\/{rel}","templated":true}]}}