{"id":5702,"date":"2023-08-01T19:18:06","date_gmt":"2023-08-01T17:18:06","guid":{"rendered":"https:\/\/cbesrl.net\/shop\/big-daddy-sublimador-10gr\/"},"modified":"2023-08-01T19:18:06","modified_gmt":"2023-08-01T17:18:06","slug":"big-daddy-sublimador-10gr","status":"publish","type":"product","link":"https:\/\/cbesrl.net\/es\/prodotti\/rocket-es\/big-daddy-sublimador-10gr\/","title":{"rendered":"BIG DADDY &#8211; Sublimador 10gr"},"content":{"rendered":"<p>Sublimador de \u00e1cido ox\u00e1lico para colmenas doble o media dosis, con control electr\u00f3nico (termorregulador) permite la sublimaci\u00f3n del \u00e1cido ox\u00e1lico a la temperatura correcta. Posibilidad de configurar la temperatura de trabajo seg\u00fan sus est\u00e1ndares.<br \/>\nPosibilidad de cargar hasta 10 gr. Estructura de acero inoxidable. Resistencia monof\u00e1sica de 220 voltios. Sublimaci\u00f3n r\u00e1pida.<br \/>\nTubo de cobre antiobstrucci\u00f3n. Sistema de autoaprendizaje exacto y preciso para limitar la deriva t\u00e9rmica. Construcci\u00f3n conforme a CE. \u00a1\u00a1QU\u00c9 PUEDO DECIR EXCEPTO&#8230; INCRE\u00cdBLE!!<\/p>\n","protected":false},"excerpt":{"rendered":"<p>Sublimador de \u00e1cido ox\u00e1lico Mega pro, para colmenas simples o dobles<\/p>\n<p>Sublimadora modelo Iper mega ultra pro, versi\u00f3n hidra, super potenciada, lo tiene todo, hasta 10 g, sin p\u00e9rdida de temperatura, trabaja sin parar sin pausas.<\/p>\n<p><strong>&lt;1000W 230V<\/strong><\/p>\n","protected":false},"featured_media":5703,"comment_status":"open","ping_status":"closed","template":"","meta":[],"product_brand":[],"product_cat":[140,141],"product_tag":[],"class_list":{"0":"post-5702","1":"product","2":"type-product","3":"status-publish","4":"has-post-thumbnail","6":"product_cat-rocket-es","7":"product_cat-sublimadores","9":"first","10":"instock","11":"featured","12":"taxable","13":"shipping-taxable","14":"purchasable","15":"product-type-simple"},"yoast_head":"<!-- This site is optimized with the Yoast SEO plugin v27.3 - https:\/\/yoast.com\/product\/yoast-seo-wordpress\/ -->\n<title>BIG DADDY - Sublimador 10gr - CBE SRL<\/title>\n<meta name=\"robots\" content=\"index, follow, max-snippet:-1, max-image-preview:large, max-video-preview:-1\" \/>\n<link rel=\"canonical\" href=\"https:\/\/cbesrl.net\/prodotti\/sublimatori\/rocket\/big-daddy\/\" \/>\n<meta property=\"og:locale\" content=\"es_ES\" \/>\n<meta property=\"og:type\" content=\"article\" \/>\n<meta property=\"og:title\" content=\"BIG DADDY - Sublimador 10gr - CBE SRL\" \/>\n<meta property=\"og:description\" content=\"Sublimador de \u00e1cido ox\u00e1lico Mega pro, para colmenas simples o dobles Sublimadora modelo Iper mega ultra pro, versi\u00f3n hidra, super potenciada, lo tiene todo, hasta 10 g, sin p\u00e9rdida de temperatura, trabaja sin parar sin pausas. &lt;1000W 230V\" \/>\n<meta property=\"og:url\" content=\"https:\/\/cbesrl.net\/prodotti\/sublimatori\/rocket\/big-daddy\/\" \/>\n<meta property=\"og:site_name\" content=\"CBE SRL\" \/>\n<meta property=\"og:image\" content=\"https:\/\/cbesrl.net\/wp-content\/uploads\/2023\/07\/49.jpg\" \/>\n\t<meta property=\"og:image:width\" content=\"1583\" \/>\n\t<meta property=\"og:image:height\" content=\"1187\" \/>\n\t<meta property=\"og:image:type\" content=\"image\/jpeg\" \/>\n<meta name=\"twitter:card\" content=\"summary_large_image\" \/>\n<script type=\"application\/ld+json\" class=\"yoast-schema-graph\">{\"@context\":\"https:\\\/\\\/schema.org\",\"@graph\":[{\"@type\":\"WebPage\",\"@id\":\"https:\\\/\\\/cbesrl.net\\\/prodotti\\\/sublimatori\\\/rocket\\\/big-daddy\\\/\",\"url\":\"https:\\\/\\\/cbesrl.net\\\/prodotti\\\/sublimatori\\\/rocket\\\/big-daddy\\\/\",\"name\":\"BIG DADDY - Sublimador 10gr - CBE SRL\",\"isPartOf\":{\"@id\":\"https:\\\/\\\/cbesrl.net\\\/#website\"},\"primaryImageOfPage\":{\"@id\":\"https:\\\/\\\/cbesrl.net\\\/prodotti\\\/sublimatori\\\/rocket\\\/big-daddy\\\/#primaryimage\"},\"image\":{\"@id\":\"https:\\\/\\\/cbesrl.net\\\/prodotti\\\/sublimatori\\\/rocket\\\/big-daddy\\\/#primaryimage\"},\"thumbnailUrl\":\"https:\\\/\\\/cbesrl.net\\\/wp-content\\\/uploads\\\/2023\\\/07\\\/49.jpg\",\"datePublished\":\"2023-08-01T17:18:06+00:00\",\"breadcrumb\":{\"@id\":\"https:\\\/\\\/cbesrl.net\\\/prodotti\\\/sublimatori\\\/rocket\\\/big-daddy\\\/#breadcrumb\"},\"inLanguage\":\"es\",\"potentialAction\":[{\"@type\":\"ReadAction\",\"target\":[\"https:\\\/\\\/cbesrl.net\\\/prodotti\\\/sublimatori\\\/rocket\\\/big-daddy\\\/\"]}]},{\"@type\":\"ImageObject\",\"inLanguage\":\"es\",\"@id\":\"https:\\\/\\\/cbesrl.net\\\/prodotti\\\/sublimatori\\\/rocket\\\/big-daddy\\\/#primaryimage\",\"url\":\"https:\\\/\\\/cbesrl.net\\\/wp-content\\\/uploads\\\/2023\\\/07\\\/49.jpg\",\"contentUrl\":\"https:\\\/\\\/cbesrl.net\\\/wp-content\\\/uploads\\\/2023\\\/07\\\/49.jpg\",\"width\":1583,\"height\":1187},{\"@type\":\"BreadcrumbList\",\"@id\":\"https:\\\/\\\/cbesrl.net\\\/prodotti\\\/sublimatori\\\/rocket\\\/big-daddy\\\/#breadcrumb\",\"itemListElement\":[{\"@type\":\"ListItem\",\"position\":1,\"name\":\"Home\",\"item\":\"https:\\\/\\\/cbesrl.net\\\/new-home\\\/\"},{\"@type\":\"ListItem\",\"position\":2,\"name\":\"Shop\",\"item\":\"https:\\\/\\\/cbesrl.net\\\/shop\\\/\"},{\"@type\":\"ListItem\",\"position\":3,\"name\":\"BIG DADDY &#8211; Sublimador 10gr\"}]},{\"@type\":\"WebSite\",\"@id\":\"https:\\\/\\\/cbesrl.net\\\/#website\",\"url\":\"https:\\\/\\\/cbesrl.net\\\/\",\"name\":\"CBE SRL\",\"description\":\"\",\"publisher\":{\"@id\":\"https:\\\/\\\/cbesrl.net\\\/#organization\"},\"potentialAction\":[{\"@type\":\"SearchAction\",\"target\":{\"@type\":\"EntryPoint\",\"urlTemplate\":\"https:\\\/\\\/cbesrl.net\\\/?s={search_term_string}\"},\"query-input\":{\"@type\":\"PropertyValueSpecification\",\"valueRequired\":true,\"valueName\":\"search_term_string\"}}],\"inLanguage\":\"es\"},{\"@type\":\"Organization\",\"@id\":\"https:\\\/\\\/cbesrl.net\\\/#organization\",\"name\":\"CBE SRL\",\"url\":\"https:\\\/\\\/cbesrl.net\\\/\",\"logo\":{\"@type\":\"ImageObject\",\"inLanguage\":\"es\",\"@id\":\"https:\\\/\\\/cbesrl.net\\\/#\\\/schema\\\/logo\\\/image\\\/\",\"url\":\"https:\\\/\\\/cbesrl.net\\\/wp-content\\\/uploads\\\/2022\\\/01\\\/cropped-cropped-home1-01logo-1-1.png\",\"contentUrl\":\"https:\\\/\\\/cbesrl.net\\\/wp-content\\\/uploads\\\/2022\\\/01\\\/cropped-cropped-home1-01logo-1-1.png\",\"width\":1200,\"height\":447,\"caption\":\"CBE SRL\"},\"image\":{\"@id\":\"https:\\\/\\\/cbesrl.net\\\/#\\\/schema\\\/logo\\\/image\\\/\"}}]}<\/script>\n<!-- \/ Yoast SEO plugin. -->","yoast_head_json":{"title":"BIG DADDY - Sublimador 10gr - CBE SRL","robots":{"index":"index","follow":"follow","max-snippet":"max-snippet:-1","max-image-preview":"max-image-preview:large","max-video-preview":"max-video-preview:-1"},"canonical":"https:\/\/cbesrl.net\/prodotti\/sublimatori\/rocket\/big-daddy\/","og_locale":"es_ES","og_type":"article","og_title":"BIG DADDY - Sublimador 10gr - CBE SRL","og_description":"Sublimador de \u00e1cido ox\u00e1lico Mega pro, para colmenas simples o dobles Sublimadora modelo Iper mega ultra pro, versi\u00f3n hidra, super potenciada, lo tiene todo, hasta 10 g, sin p\u00e9rdida de temperatura, trabaja sin parar sin pausas. &lt;1000W 230V","og_url":"https:\/\/cbesrl.net\/prodotti\/sublimatori\/rocket\/big-daddy\/","og_site_name":"CBE SRL","og_image":[{"width":1583,"height":1187,"url":"https:\/\/cbesrl.net\/wp-content\/uploads\/2023\/07\/49.jpg","type":"image\/jpeg"}],"twitter_card":"summary_large_image","schema":{"@context":"https:\/\/schema.org","@graph":[{"@type":"WebPage","@id":"https:\/\/cbesrl.net\/prodotti\/sublimatori\/rocket\/big-daddy\/","url":"https:\/\/cbesrl.net\/prodotti\/sublimatori\/rocket\/big-daddy\/","name":"BIG DADDY - Sublimador 10gr - CBE SRL","isPartOf":{"@id":"https:\/\/cbesrl.net\/#website"},"primaryImageOfPage":{"@id":"https:\/\/cbesrl.net\/prodotti\/sublimatori\/rocket\/big-daddy\/#primaryimage"},"image":{"@id":"https:\/\/cbesrl.net\/prodotti\/sublimatori\/rocket\/big-daddy\/#primaryimage"},"thumbnailUrl":"https:\/\/cbesrl.net\/wp-content\/uploads\/2023\/07\/49.jpg","datePublished":"2023-08-01T17:18:06+00:00","breadcrumb":{"@id":"https:\/\/cbesrl.net\/prodotti\/sublimatori\/rocket\/big-daddy\/#breadcrumb"},"inLanguage":"es","potentialAction":[{"@type":"ReadAction","target":["https:\/\/cbesrl.net\/prodotti\/sublimatori\/rocket\/big-daddy\/"]}]},{"@type":"ImageObject","inLanguage":"es","@id":"https:\/\/cbesrl.net\/prodotti\/sublimatori\/rocket\/big-daddy\/#primaryimage","url":"https:\/\/cbesrl.net\/wp-content\/uploads\/2023\/07\/49.jpg","contentUrl":"https:\/\/cbesrl.net\/wp-content\/uploads\/2023\/07\/49.jpg","width":1583,"height":1187},{"@type":"BreadcrumbList","@id":"https:\/\/cbesrl.net\/prodotti\/sublimatori\/rocket\/big-daddy\/#breadcrumb","itemListElement":[{"@type":"ListItem","position":1,"name":"Home","item":"https:\/\/cbesrl.net\/new-home\/"},{"@type":"ListItem","position":2,"name":"Shop","item":"https:\/\/cbesrl.net\/shop\/"},{"@type":"ListItem","position":3,"name":"BIG DADDY &#8211; Sublimador 10gr"}]},{"@type":"WebSite","@id":"https:\/\/cbesrl.net\/#website","url":"https:\/\/cbesrl.net\/","name":"CBE SRL","description":"","publisher":{"@id":"https:\/\/cbesrl.net\/#organization"},"potentialAction":[{"@type":"SearchAction","target":{"@type":"EntryPoint","urlTemplate":"https:\/\/cbesrl.net\/?s={search_term_string}"},"query-input":{"@type":"PropertyValueSpecification","valueRequired":true,"valueName":"search_term_string"}}],"inLanguage":"es"},{"@type":"Organization","@id":"https:\/\/cbesrl.net\/#organization","name":"CBE SRL","url":"https:\/\/cbesrl.net\/","logo":{"@type":"ImageObject","inLanguage":"es","@id":"https:\/\/cbesrl.net\/#\/schema\/logo\/image\/","url":"https:\/\/cbesrl.net\/wp-content\/uploads\/2022\/01\/cropped-cropped-home1-01logo-1-1.png","contentUrl":"https:\/\/cbesrl.net\/wp-content\/uploads\/2022\/01\/cropped-cropped-home1-01logo-1-1.png","width":1200,"height":447,"caption":"CBE SRL"},"image":{"@id":"https:\/\/cbesrl.net\/#\/schema\/logo\/image\/"}}]}},"_links":{"self":[{"href":"https:\/\/cbesrl.net\/es\/wp-json\/wp\/v2\/product\/5702","targetHints":{"allow":["GET"]}}],"collection":[{"href":"https:\/\/cbesrl.net\/es\/wp-json\/wp\/v2\/product"}],"about":[{"href":"https:\/\/cbesrl.net\/es\/wp-json\/wp\/v2\/types\/product"}],"replies":[{"embeddable":true,"href":"https:\/\/cbesrl.net\/es\/wp-json\/wp\/v2\/comments?post=5702"}],"wp:featuredmedia":[{"embeddable":true,"href":"https:\/\/cbesrl.net\/es\/wp-json\/wp\/v2\/media\/5703"}],"wp:attachment":[{"href":"https:\/\/cbesrl.net\/es\/wp-json\/wp\/v2\/media?parent=5702"}],"wp:term":[{"taxonomy":"product_brand","embeddable":true,"href":"https:\/\/cbesrl.net\/es\/wp-json\/wp\/v2\/product_brand?post=5702"},{"taxonomy":"product_cat","embeddable":true,"href":"https:\/\/cbesrl.net\/es\/wp-json\/wp\/v2\/product_cat?post=5702"},{"taxonomy":"product_tag","embeddable":true,"href":"https:\/\/cbesrl.net\/es\/wp-json\/wp\/v2\/product_tag?post=5702"}],"curies":[{"name":"wp","href":"https:\/\/api.w.org\/{rel}","templated":true}]}}