{"id":5704,"date":"2023-08-01T18:14:37","date_gmt":"2023-08-01T16:14:37","guid":{"rendered":"https:\/\/cbesrl.net\/shop\/f400-pro-nuke-hidra\/"},"modified":"2023-08-01T18:14:37","modified_gmt":"2023-08-01T16:14:37","slug":"f400-pro-nuke-hidra","status":"publish","type":"product","link":"https:\/\/cbesrl.net\/es\/prodotti\/sublimadores\/f400-pro-nuke-hidra\/","title":{"rendered":"F400 PRO NUKE HIDRA"},"content":{"rendered":"<p>Sublimador de \u00e1cido ox\u00e1lico f\u00e1cil de usar. Este sublimador, con su panel de control electr\u00f3nico (termorregulador) permite la sublimaci\u00f3n del \u00e1cido ox\u00e1lico a la temperatura correcta. Funciona el\u00e9ctricamente o con la bater\u00eda del coche y\/o inversor. Est\u00e1 cerrado por la tapa. La temperatura de sublimaci\u00f3n correcta (no la de ebullici\u00f3n) se controla autom\u00e1ticamente y siempre es claramente visible en la pantalla. Posibilidad de configurar la temperatura de trabajo seg\u00fan sus est\u00e1ndares. Posibilidad de cargar hasta 5 gr. Estructura de acero inoxidable Resistencia monof\u00e1sica de 220 voltios, con inversor para autom\u00f3vil (no incluido) Sublimaci\u00f3n r\u00e1pida Tubo de cobre antiobstrucci\u00f3n Sistema de autoaprendizaje exacto y preciso para limitar la deriva t\u00e9rmica. Construcci\u00f3n conforme a CE.<\/p>\n","protected":false},"excerpt":{"rendered":"<p>Sublimador de \u00e1cido ox\u00e1lico mejorado Ultra pro, con grifo, versi\u00f3n universal.<\/p>\n<p>Sublimador modelo MEGA PRO NUKE, VERSI\u00d3N HIDRA LIGHT, NUEVA ENTRADA, SUPER POTENCIA, LO TIENE TODO, \u00a1HASTA 5 GR SI TIENES EL RESPIRACI\u00d3N PARA QUEDARTE DETR\u00c1S!<\/p>\n<p><strong>&lt;400W 230V<\/strong><\/p>\n","protected":false},"featured_media":5705,"comment_status":"open","ping_status":"closed","template":"","meta":[],"product_brand":[],"product_cat":[142,141],"product_tag":[],"class_list":{"0":"post-5704","1":"product","2":"type-product","3":"status-publish","4":"has-post-thumbnail","6":"product_cat-iper-ultrapro","7":"product_cat-sublimadores","9":"first","10":"instock","11":"featured","12":"taxable","13":"shipping-taxable","14":"purchasable","15":"product-type-simple"},"yoast_head":"<!-- This site is optimized with the Yoast SEO plugin v27.3 - https:\/\/yoast.com\/product\/yoast-seo-wordpress\/ -->\n<title>F400 PRO NUKE HIDRA - CBE SRL<\/title>\n<meta name=\"robots\" content=\"index, follow, max-snippet:-1, max-image-preview:large, max-video-preview:-1\" \/>\n<link rel=\"canonical\" href=\"https:\/\/cbesrl.net\/es\/prodotti\/sublimadores\/f400-pro-nuke-hidra\/\" \/>\n<meta property=\"og:locale\" content=\"es_ES\" \/>\n<meta property=\"og:type\" content=\"article\" \/>\n<meta property=\"og:title\" content=\"F400 PRO NUKE HIDRA - CBE SRL\" \/>\n<meta property=\"og:description\" content=\"Sublimador de \u00e1cido ox\u00e1lico mejorado Ultra pro, con grifo, versi\u00f3n universal. Sublimador modelo MEGA PRO NUKE, VERSI\u00d3N HIDRA LIGHT, NUEVA ENTRADA, SUPER POTENCIA, LO TIENE TODO, \u00a1HASTA 5 GR SI TIENES EL RESPIRACI\u00d3N PARA QUEDARTE DETR\u00c1S! &lt;400W 230V\" \/>\n<meta property=\"og:url\" content=\"https:\/\/cbesrl.net\/es\/prodotti\/sublimadores\/f400-pro-nuke-hidra\/\" \/>\n<meta property=\"og:site_name\" content=\"CBE SRL\" \/>\n<meta property=\"og:image\" content=\"https:\/\/cbesrl.net\/wp-content\/uploads\/2023\/07\/40.jpg\" \/>\n\t<meta property=\"og:image:width\" content=\"1645\" \/>\n\t<meta property=\"og:image:height\" content=\"1228\" \/>\n\t<meta property=\"og:image:type\" content=\"image\/jpeg\" \/>\n<meta name=\"twitter:card\" content=\"summary_large_image\" \/>\n<meta name=\"twitter:label1\" content=\"Tiempo de lectura\" \/>\n\t<meta name=\"twitter:data1\" content=\"1 minuto\" \/>\n<script type=\"application\/ld+json\" class=\"yoast-schema-graph\">{\"@context\":\"https:\\\/\\\/schema.org\",\"@graph\":[{\"@type\":\"WebPage\",\"@id\":\"https:\\\/\\\/cbesrl.net\\\/es\\\/prodotti\\\/sublimadores\\\/f400-pro-nuke-hidra\\\/\",\"url\":\"https:\\\/\\\/cbesrl.net\\\/es\\\/prodotti\\\/sublimadores\\\/f400-pro-nuke-hidra\\\/\",\"name\":\"F400 PRO NUKE HIDRA - CBE SRL\",\"isPartOf\":{\"@id\":\"https:\\\/\\\/cbesrl.net\\\/#website\"},\"primaryImageOfPage\":{\"@id\":\"https:\\\/\\\/cbesrl.net\\\/es\\\/prodotti\\\/sublimadores\\\/f400-pro-nuke-hidra\\\/#primaryimage\"},\"image\":{\"@id\":\"https:\\\/\\\/cbesrl.net\\\/es\\\/prodotti\\\/sublimadores\\\/f400-pro-nuke-hidra\\\/#primaryimage\"},\"thumbnailUrl\":\"https:\\\/\\\/cbesrl.net\\\/wp-content\\\/uploads\\\/2023\\\/07\\\/40.jpg\",\"datePublished\":\"2023-08-01T16:14:37+00:00\",\"breadcrumb\":{\"@id\":\"https:\\\/\\\/cbesrl.net\\\/es\\\/prodotti\\\/sublimadores\\\/f400-pro-nuke-hidra\\\/#breadcrumb\"},\"inLanguage\":\"es\",\"potentialAction\":[{\"@type\":\"ReadAction\",\"target\":[\"https:\\\/\\\/cbesrl.net\\\/es\\\/prodotti\\\/sublimadores\\\/f400-pro-nuke-hidra\\\/\"]}]},{\"@type\":\"ImageObject\",\"inLanguage\":\"es\",\"@id\":\"https:\\\/\\\/cbesrl.net\\\/es\\\/prodotti\\\/sublimadores\\\/f400-pro-nuke-hidra\\\/#primaryimage\",\"url\":\"https:\\\/\\\/cbesrl.net\\\/wp-content\\\/uploads\\\/2023\\\/07\\\/40.jpg\",\"contentUrl\":\"https:\\\/\\\/cbesrl.net\\\/wp-content\\\/uploads\\\/2023\\\/07\\\/40.jpg\",\"width\":1645,\"height\":1228},{\"@type\":\"BreadcrumbList\",\"@id\":\"https:\\\/\\\/cbesrl.net\\\/es\\\/prodotti\\\/sublimadores\\\/f400-pro-nuke-hidra\\\/#breadcrumb\",\"itemListElement\":[{\"@type\":\"ListItem\",\"position\":1,\"name\":\"Home\",\"item\":\"https:\\\/\\\/cbesrl.net\\\/new-home\\\/\"},{\"@type\":\"ListItem\",\"position\":2,\"name\":\"Shop\",\"item\":\"https:\\\/\\\/cbesrl.net\\\/shop\\\/\"},{\"@type\":\"ListItem\",\"position\":3,\"name\":\"F400 PRO NUKE HIDRA\"}]},{\"@type\":\"WebSite\",\"@id\":\"https:\\\/\\\/cbesrl.net\\\/#website\",\"url\":\"https:\\\/\\\/cbesrl.net\\\/\",\"name\":\"CBE SRL\",\"description\":\"\",\"publisher\":{\"@id\":\"https:\\\/\\\/cbesrl.net\\\/#organization\"},\"potentialAction\":[{\"@type\":\"SearchAction\",\"target\":{\"@type\":\"EntryPoint\",\"urlTemplate\":\"https:\\\/\\\/cbesrl.net\\\/?s={search_term_string}\"},\"query-input\":{\"@type\":\"PropertyValueSpecification\",\"valueRequired\":true,\"valueName\":\"search_term_string\"}}],\"inLanguage\":\"es\"},{\"@type\":\"Organization\",\"@id\":\"https:\\\/\\\/cbesrl.net\\\/#organization\",\"name\":\"CBE SRL\",\"url\":\"https:\\\/\\\/cbesrl.net\\\/\",\"logo\":{\"@type\":\"ImageObject\",\"inLanguage\":\"es\",\"@id\":\"https:\\\/\\\/cbesrl.net\\\/#\\\/schema\\\/logo\\\/image\\\/\",\"url\":\"https:\\\/\\\/cbesrl.net\\\/wp-content\\\/uploads\\\/2022\\\/01\\\/cropped-cropped-home1-01logo-1-1.png\",\"contentUrl\":\"https:\\\/\\\/cbesrl.net\\\/wp-content\\\/uploads\\\/2022\\\/01\\\/cropped-cropped-home1-01logo-1-1.png\",\"width\":1200,\"height\":447,\"caption\":\"CBE SRL\"},\"image\":{\"@id\":\"https:\\\/\\\/cbesrl.net\\\/#\\\/schema\\\/logo\\\/image\\\/\"}}]}<\/script>\n<!-- \/ Yoast SEO plugin. -->","yoast_head_json":{"title":"F400 PRO NUKE HIDRA - CBE SRL","robots":{"index":"index","follow":"follow","max-snippet":"max-snippet:-1","max-image-preview":"max-image-preview:large","max-video-preview":"max-video-preview:-1"},"canonical":"https:\/\/cbesrl.net\/es\/prodotti\/sublimadores\/f400-pro-nuke-hidra\/","og_locale":"es_ES","og_type":"article","og_title":"F400 PRO NUKE HIDRA - CBE SRL","og_description":"Sublimador de \u00e1cido ox\u00e1lico mejorado Ultra pro, con grifo, versi\u00f3n universal. Sublimador modelo MEGA PRO NUKE, VERSI\u00d3N HIDRA LIGHT, NUEVA ENTRADA, SUPER POTENCIA, LO TIENE TODO, \u00a1HASTA 5 GR SI TIENES EL RESPIRACI\u00d3N PARA QUEDARTE DETR\u00c1S! &lt;400W 230V","og_url":"https:\/\/cbesrl.net\/es\/prodotti\/sublimadores\/f400-pro-nuke-hidra\/","og_site_name":"CBE SRL","og_image":[{"width":1645,"height":1228,"url":"https:\/\/cbesrl.net\/wp-content\/uploads\/2023\/07\/40.jpg","type":"image\/jpeg"}],"twitter_card":"summary_large_image","twitter_misc":{"Tiempo de lectura":"1 minuto"},"schema":{"@context":"https:\/\/schema.org","@graph":[{"@type":"WebPage","@id":"https:\/\/cbesrl.net\/es\/prodotti\/sublimadores\/f400-pro-nuke-hidra\/","url":"https:\/\/cbesrl.net\/es\/prodotti\/sublimadores\/f400-pro-nuke-hidra\/","name":"F400 PRO NUKE HIDRA - CBE SRL","isPartOf":{"@id":"https:\/\/cbesrl.net\/#website"},"primaryImageOfPage":{"@id":"https:\/\/cbesrl.net\/es\/prodotti\/sublimadores\/f400-pro-nuke-hidra\/#primaryimage"},"image":{"@id":"https:\/\/cbesrl.net\/es\/prodotti\/sublimadores\/f400-pro-nuke-hidra\/#primaryimage"},"thumbnailUrl":"https:\/\/cbesrl.net\/wp-content\/uploads\/2023\/07\/40.jpg","datePublished":"2023-08-01T16:14:37+00:00","breadcrumb":{"@id":"https:\/\/cbesrl.net\/es\/prodotti\/sublimadores\/f400-pro-nuke-hidra\/#breadcrumb"},"inLanguage":"es","potentialAction":[{"@type":"ReadAction","target":["https:\/\/cbesrl.net\/es\/prodotti\/sublimadores\/f400-pro-nuke-hidra\/"]}]},{"@type":"ImageObject","inLanguage":"es","@id":"https:\/\/cbesrl.net\/es\/prodotti\/sublimadores\/f400-pro-nuke-hidra\/#primaryimage","url":"https:\/\/cbesrl.net\/wp-content\/uploads\/2023\/07\/40.jpg","contentUrl":"https:\/\/cbesrl.net\/wp-content\/uploads\/2023\/07\/40.jpg","width":1645,"height":1228},{"@type":"BreadcrumbList","@id":"https:\/\/cbesrl.net\/es\/prodotti\/sublimadores\/f400-pro-nuke-hidra\/#breadcrumb","itemListElement":[{"@type":"ListItem","position":1,"name":"Home","item":"https:\/\/cbesrl.net\/new-home\/"},{"@type":"ListItem","position":2,"name":"Shop","item":"https:\/\/cbesrl.net\/shop\/"},{"@type":"ListItem","position":3,"name":"F400 PRO NUKE HIDRA"}]},{"@type":"WebSite","@id":"https:\/\/cbesrl.net\/#website","url":"https:\/\/cbesrl.net\/","name":"CBE SRL","description":"","publisher":{"@id":"https:\/\/cbesrl.net\/#organization"},"potentialAction":[{"@type":"SearchAction","target":{"@type":"EntryPoint","urlTemplate":"https:\/\/cbesrl.net\/?s={search_term_string}"},"query-input":{"@type":"PropertyValueSpecification","valueRequired":true,"valueName":"search_term_string"}}],"inLanguage":"es"},{"@type":"Organization","@id":"https:\/\/cbesrl.net\/#organization","name":"CBE SRL","url":"https:\/\/cbesrl.net\/","logo":{"@type":"ImageObject","inLanguage":"es","@id":"https:\/\/cbesrl.net\/#\/schema\/logo\/image\/","url":"https:\/\/cbesrl.net\/wp-content\/uploads\/2022\/01\/cropped-cropped-home1-01logo-1-1.png","contentUrl":"https:\/\/cbesrl.net\/wp-content\/uploads\/2022\/01\/cropped-cropped-home1-01logo-1-1.png","width":1200,"height":447,"caption":"CBE SRL"},"image":{"@id":"https:\/\/cbesrl.net\/#\/schema\/logo\/image\/"}}]}},"_links":{"self":[{"href":"https:\/\/cbesrl.net\/es\/wp-json\/wp\/v2\/product\/5704","targetHints":{"allow":["GET"]}}],"collection":[{"href":"https:\/\/cbesrl.net\/es\/wp-json\/wp\/v2\/product"}],"about":[{"href":"https:\/\/cbesrl.net\/es\/wp-json\/wp\/v2\/types\/product"}],"replies":[{"embeddable":true,"href":"https:\/\/cbesrl.net\/es\/wp-json\/wp\/v2\/comments?post=5704"}],"wp:featuredmedia":[{"embeddable":true,"href":"https:\/\/cbesrl.net\/es\/wp-json\/wp\/v2\/media\/5705"}],"wp:attachment":[{"href":"https:\/\/cbesrl.net\/es\/wp-json\/wp\/v2\/media?parent=5704"}],"wp:term":[{"taxonomy":"product_brand","embeddable":true,"href":"https:\/\/cbesrl.net\/es\/wp-json\/wp\/v2\/product_brand?post=5704"},{"taxonomy":"product_cat","embeddable":true,"href":"https:\/\/cbesrl.net\/es\/wp-json\/wp\/v2\/product_cat?post=5704"},{"taxonomy":"product_tag","embeddable":true,"href":"https:\/\/cbesrl.net\/es\/wp-json\/wp\/v2\/product_tag?post=5704"}],"curies":[{"name":"wp","href":"https:\/\/api.w.org\/{rel}","templated":true}]}}