{"id":5710,"date":"2023-08-01T15:31:09","date_gmt":"2023-08-01T13:31:09","guid":{"rendered":"https:\/\/cbesrl.net\/shop\/hidra-classic\/"},"modified":"2023-08-01T15:31:09","modified_gmt":"2023-08-01T13:31:09","slug":"hidra-classic","status":"publish","type":"product","link":"https:\/\/cbesrl.net\/es\/prodotti\/sublimadores\/hidra-classic\/","title":{"rendered":"HIDRA classic"},"content":{"rendered":"<p>Sublimador de \u00e1cido ox\u00e1lico f\u00e1cil de usar. Este sublimador, con su panel de control electr\u00f3nico (termorregulador) permite la sublimaci\u00f3n del \u00e1cido ox\u00e1lico a la temperatura correcta. Funciona el\u00e9ctricamente o con la bater\u00eda del coche y\/o inversor. Est\u00e1 cerrado por la tapa. La temperatura de sublimaci\u00f3n correcta (no la de ebullici\u00f3n) se controla autom\u00e1ticamente y siempre es claramente visible en la pantalla. Posibilidad de configurar la temperatura de trabajo seg\u00fan sus est\u00e1ndares. Posibilidad de cargar hasta 4 gr. Estructura de acero inoxidable Resistencia monof\u00e1sica de 220 voltios, con inversor para autom\u00f3vil (no incluido) Sublimaci\u00f3n r\u00e1pida Tubo de cobre antiobstrucci\u00f3n Sistema de autoaprendizaje exacto y preciso para limitar la deriva t\u00e9rmica. Construcci\u00f3n conforme a CE.<\/p>\n","protected":false},"excerpt":{"rendered":"<p>Sublimador de \u00e1cido ox\u00e1lico b\u00e1sico ultra profesional con fijaci\u00f3n frontal universal.<\/p>\n<p>Base Ultra Pro &#8211; la cl\u00e1sica &#8211; o con grip (opc.). Para apicultores profesionales o exigentes y para aquellos con poco tiempo disponible. Con grifo. Temperatura ajustable. Antiobstrucci\u00f3n. Para todas las posiciones de sublimaci\u00f3n aisladas, recomendadas en lugares con mucho viento y pesos de hasta 4 g, el peso lo decides t\u00fa con la jeringa. Recomendado para trabajar desde atr\u00e1s. \u00a1Sigue siendo el m\u00e1s querido y preferido por los profesionales!<\/p>\n<p><strong>&lt;400W 230V<\/strong><\/p>\n","protected":false},"featured_media":5711,"comment_status":"open","ping_status":"closed","template":"","meta":[],"product_brand":[],"product_cat":[144,141],"product_tag":[],"class_list":{"0":"post-5710","1":"product","2":"type-product","3":"status-publish","4":"has-post-thumbnail","6":"product_cat-iper-pro-es","7":"product_cat-sublimadores","9":"first","10":"instock","11":"featured","12":"taxable","13":"shipping-taxable","14":"purchasable","15":"product-type-simple"},"yoast_head":"<!-- This site is optimized with the Yoast SEO plugin v27.3 - https:\/\/yoast.com\/product\/yoast-seo-wordpress\/ -->\n<title>Sublimador de \u00e1cido ox\u00e1lico a pilas - Hidra Classic<\/title>\n<meta name=\"description\" content=\"Sublimador de \u00e1cido ox\u00e1lico a pilas CBE Hidra Classic para tratamientos seguros y eficaces. Garantiza el bienestar de tus abejas, descubre m\u00e1s\" \/>\n<meta name=\"robots\" content=\"index, follow, max-snippet:-1, max-image-preview:large, max-video-preview:-1\" \/>\n<link rel=\"canonical\" href=\"https:\/\/cbesrl.net\/es\/prodotti\/sublimadores\/hidra-classic\/\" \/>\n<meta property=\"og:locale\" content=\"es_ES\" \/>\n<meta property=\"og:type\" content=\"article\" \/>\n<meta property=\"og:title\" content=\"Sublimador de \u00e1cido ox\u00e1lico a pilas - Hidra Classic\" \/>\n<meta property=\"og:description\" content=\"Sublimador de \u00e1cido ox\u00e1lico a pilas CBE Hidra Classic para tratamientos seguros y eficaces. Garantiza el bienestar de tus abejas, descubre m\u00e1s\" \/>\n<meta property=\"og:url\" content=\"https:\/\/cbesrl.net\/es\/prodotti\/sublimadores\/hidra-classic\/\" \/>\n<meta property=\"og:site_name\" content=\"CBE SRL\" \/>\n<meta property=\"og:image\" content=\"https:\/\/cbesrl.net\/wp-content\/uploads\/2023\/07\/46.jpg\" \/>\n\t<meta property=\"og:image:width\" content=\"1600\" \/>\n\t<meta property=\"og:image:height\" content=\"1200\" \/>\n\t<meta property=\"og:image:type\" content=\"image\/jpeg\" \/>\n<meta name=\"twitter:card\" content=\"summary_large_image\" \/>\n<meta name=\"twitter:label1\" content=\"Tiempo de lectura\" \/>\n\t<meta name=\"twitter:data1\" content=\"1 minuto\" \/>\n<script type=\"application\/ld+json\" class=\"yoast-schema-graph\">{\"@context\":\"https:\\\/\\\/schema.org\",\"@graph\":[{\"@type\":\"WebPage\",\"@id\":\"https:\\\/\\\/cbesrl.net\\\/es\\\/prodotti\\\/sublimadores\\\/hidra-classic\\\/\",\"url\":\"https:\\\/\\\/cbesrl.net\\\/es\\\/prodotti\\\/sublimadores\\\/hidra-classic\\\/\",\"name\":\"Sublimador de \u00e1cido ox\u00e1lico a pilas - Hidra Classic\",\"isPartOf\":{\"@id\":\"https:\\\/\\\/cbesrl.net\\\/#website\"},\"primaryImageOfPage\":{\"@id\":\"https:\\\/\\\/cbesrl.net\\\/es\\\/prodotti\\\/sublimadores\\\/hidra-classic\\\/#primaryimage\"},\"image\":{\"@id\":\"https:\\\/\\\/cbesrl.net\\\/es\\\/prodotti\\\/sublimadores\\\/hidra-classic\\\/#primaryimage\"},\"thumbnailUrl\":\"https:\\\/\\\/cbesrl.net\\\/wp-content\\\/uploads\\\/2023\\\/07\\\/46.jpg\",\"datePublished\":\"2023-08-01T13:31:09+00:00\",\"description\":\"Sublimador de \u00e1cido ox\u00e1lico a pilas CBE Hidra Classic para tratamientos seguros y eficaces. Garantiza el bienestar de tus abejas, descubre m\u00e1s\",\"breadcrumb\":{\"@id\":\"https:\\\/\\\/cbesrl.net\\\/es\\\/prodotti\\\/sublimadores\\\/hidra-classic\\\/#breadcrumb\"},\"inLanguage\":\"es\",\"potentialAction\":[{\"@type\":\"ReadAction\",\"target\":[\"https:\\\/\\\/cbesrl.net\\\/es\\\/prodotti\\\/sublimadores\\\/hidra-classic\\\/\"]}]},{\"@type\":\"ImageObject\",\"inLanguage\":\"es\",\"@id\":\"https:\\\/\\\/cbesrl.net\\\/es\\\/prodotti\\\/sublimadores\\\/hidra-classic\\\/#primaryimage\",\"url\":\"https:\\\/\\\/cbesrl.net\\\/wp-content\\\/uploads\\\/2023\\\/07\\\/46.jpg\",\"contentUrl\":\"https:\\\/\\\/cbesrl.net\\\/wp-content\\\/uploads\\\/2023\\\/07\\\/46.jpg\",\"width\":1600,\"height\":1200,\"caption\":\"Sublimador de \u00e1cido ox\u00e1lico a pilas\"},{\"@type\":\"BreadcrumbList\",\"@id\":\"https:\\\/\\\/cbesrl.net\\\/es\\\/prodotti\\\/sublimadores\\\/hidra-classic\\\/#breadcrumb\",\"itemListElement\":[{\"@type\":\"ListItem\",\"position\":1,\"name\":\"Home\",\"item\":\"https:\\\/\\\/cbesrl.net\\\/new-home\\\/\"},{\"@type\":\"ListItem\",\"position\":2,\"name\":\"Shop\",\"item\":\"https:\\\/\\\/cbesrl.net\\\/shop\\\/\"},{\"@type\":\"ListItem\",\"position\":3,\"name\":\"HIDRA classic\"}]},{\"@type\":\"WebSite\",\"@id\":\"https:\\\/\\\/cbesrl.net\\\/#website\",\"url\":\"https:\\\/\\\/cbesrl.net\\\/\",\"name\":\"CBE SRL\",\"description\":\"\",\"publisher\":{\"@id\":\"https:\\\/\\\/cbesrl.net\\\/#organization\"},\"potentialAction\":[{\"@type\":\"SearchAction\",\"target\":{\"@type\":\"EntryPoint\",\"urlTemplate\":\"https:\\\/\\\/cbesrl.net\\\/?s={search_term_string}\"},\"query-input\":{\"@type\":\"PropertyValueSpecification\",\"valueRequired\":true,\"valueName\":\"search_term_string\"}}],\"inLanguage\":\"es\"},{\"@type\":\"Organization\",\"@id\":\"https:\\\/\\\/cbesrl.net\\\/#organization\",\"name\":\"CBE SRL\",\"url\":\"https:\\\/\\\/cbesrl.net\\\/\",\"logo\":{\"@type\":\"ImageObject\",\"inLanguage\":\"es\",\"@id\":\"https:\\\/\\\/cbesrl.net\\\/#\\\/schema\\\/logo\\\/image\\\/\",\"url\":\"https:\\\/\\\/cbesrl.net\\\/wp-content\\\/uploads\\\/2022\\\/01\\\/cropped-cropped-home1-01logo-1-1.png\",\"contentUrl\":\"https:\\\/\\\/cbesrl.net\\\/wp-content\\\/uploads\\\/2022\\\/01\\\/cropped-cropped-home1-01logo-1-1.png\",\"width\":1200,\"height\":447,\"caption\":\"CBE SRL\"},\"image\":{\"@id\":\"https:\\\/\\\/cbesrl.net\\\/#\\\/schema\\\/logo\\\/image\\\/\"}}]}<\/script>\n<!-- \/ Yoast SEO plugin. -->","yoast_head_json":{"title":"Sublimador de \u00e1cido ox\u00e1lico a pilas - Hidra Classic","description":"Sublimador de \u00e1cido ox\u00e1lico a pilas CBE Hidra Classic para tratamientos seguros y eficaces. Garantiza el bienestar de tus abejas, descubre m\u00e1s","robots":{"index":"index","follow":"follow","max-snippet":"max-snippet:-1","max-image-preview":"max-image-preview:large","max-video-preview":"max-video-preview:-1"},"canonical":"https:\/\/cbesrl.net\/es\/prodotti\/sublimadores\/hidra-classic\/","og_locale":"es_ES","og_type":"article","og_title":"Sublimador de \u00e1cido ox\u00e1lico a pilas - Hidra Classic","og_description":"Sublimador de \u00e1cido ox\u00e1lico a pilas CBE Hidra Classic para tratamientos seguros y eficaces. Garantiza el bienestar de tus abejas, descubre m\u00e1s","og_url":"https:\/\/cbesrl.net\/es\/prodotti\/sublimadores\/hidra-classic\/","og_site_name":"CBE SRL","og_image":[{"width":1600,"height":1200,"url":"https:\/\/cbesrl.net\/wp-content\/uploads\/2023\/07\/46.jpg","type":"image\/jpeg"}],"twitter_card":"summary_large_image","twitter_misc":{"Tiempo de lectura":"1 minuto"},"schema":{"@context":"https:\/\/schema.org","@graph":[{"@type":"WebPage","@id":"https:\/\/cbesrl.net\/es\/prodotti\/sublimadores\/hidra-classic\/","url":"https:\/\/cbesrl.net\/es\/prodotti\/sublimadores\/hidra-classic\/","name":"Sublimador de \u00e1cido ox\u00e1lico a pilas - Hidra Classic","isPartOf":{"@id":"https:\/\/cbesrl.net\/#website"},"primaryImageOfPage":{"@id":"https:\/\/cbesrl.net\/es\/prodotti\/sublimadores\/hidra-classic\/#primaryimage"},"image":{"@id":"https:\/\/cbesrl.net\/es\/prodotti\/sublimadores\/hidra-classic\/#primaryimage"},"thumbnailUrl":"https:\/\/cbesrl.net\/wp-content\/uploads\/2023\/07\/46.jpg","datePublished":"2023-08-01T13:31:09+00:00","description":"Sublimador de \u00e1cido ox\u00e1lico a pilas CBE Hidra Classic para tratamientos seguros y eficaces. Garantiza el bienestar de tus abejas, descubre m\u00e1s","breadcrumb":{"@id":"https:\/\/cbesrl.net\/es\/prodotti\/sublimadores\/hidra-classic\/#breadcrumb"},"inLanguage":"es","potentialAction":[{"@type":"ReadAction","target":["https:\/\/cbesrl.net\/es\/prodotti\/sublimadores\/hidra-classic\/"]}]},{"@type":"ImageObject","inLanguage":"es","@id":"https:\/\/cbesrl.net\/es\/prodotti\/sublimadores\/hidra-classic\/#primaryimage","url":"https:\/\/cbesrl.net\/wp-content\/uploads\/2023\/07\/46.jpg","contentUrl":"https:\/\/cbesrl.net\/wp-content\/uploads\/2023\/07\/46.jpg","width":1600,"height":1200,"caption":"Sublimador de \u00e1cido ox\u00e1lico a pilas"},{"@type":"BreadcrumbList","@id":"https:\/\/cbesrl.net\/es\/prodotti\/sublimadores\/hidra-classic\/#breadcrumb","itemListElement":[{"@type":"ListItem","position":1,"name":"Home","item":"https:\/\/cbesrl.net\/new-home\/"},{"@type":"ListItem","position":2,"name":"Shop","item":"https:\/\/cbesrl.net\/shop\/"},{"@type":"ListItem","position":3,"name":"HIDRA classic"}]},{"@type":"WebSite","@id":"https:\/\/cbesrl.net\/#website","url":"https:\/\/cbesrl.net\/","name":"CBE SRL","description":"","publisher":{"@id":"https:\/\/cbesrl.net\/#organization"},"potentialAction":[{"@type":"SearchAction","target":{"@type":"EntryPoint","urlTemplate":"https:\/\/cbesrl.net\/?s={search_term_string}"},"query-input":{"@type":"PropertyValueSpecification","valueRequired":true,"valueName":"search_term_string"}}],"inLanguage":"es"},{"@type":"Organization","@id":"https:\/\/cbesrl.net\/#organization","name":"CBE SRL","url":"https:\/\/cbesrl.net\/","logo":{"@type":"ImageObject","inLanguage":"es","@id":"https:\/\/cbesrl.net\/#\/schema\/logo\/image\/","url":"https:\/\/cbesrl.net\/wp-content\/uploads\/2022\/01\/cropped-cropped-home1-01logo-1-1.png","contentUrl":"https:\/\/cbesrl.net\/wp-content\/uploads\/2022\/01\/cropped-cropped-home1-01logo-1-1.png","width":1200,"height":447,"caption":"CBE SRL"},"image":{"@id":"https:\/\/cbesrl.net\/#\/schema\/logo\/image\/"}}]}},"_links":{"self":[{"href":"https:\/\/cbesrl.net\/es\/wp-json\/wp\/v2\/product\/5710","targetHints":{"allow":["GET"]}}],"collection":[{"href":"https:\/\/cbesrl.net\/es\/wp-json\/wp\/v2\/product"}],"about":[{"href":"https:\/\/cbesrl.net\/es\/wp-json\/wp\/v2\/types\/product"}],"replies":[{"embeddable":true,"href":"https:\/\/cbesrl.net\/es\/wp-json\/wp\/v2\/comments?post=5710"}],"wp:featuredmedia":[{"embeddable":true,"href":"https:\/\/cbesrl.net\/es\/wp-json\/wp\/v2\/media\/5711"}],"wp:attachment":[{"href":"https:\/\/cbesrl.net\/es\/wp-json\/wp\/v2\/media?parent=5710"}],"wp:term":[{"taxonomy":"product_brand","embeddable":true,"href":"https:\/\/cbesrl.net\/es\/wp-json\/wp\/v2\/product_brand?post=5710"},{"taxonomy":"product_cat","embeddable":true,"href":"https:\/\/cbesrl.net\/es\/wp-json\/wp\/v2\/product_cat?post=5710"},{"taxonomy":"product_tag","embeddable":true,"href":"https:\/\/cbesrl.net\/es\/wp-json\/wp\/v2\/product_tag?post=5710"}],"curies":[{"name":"wp","href":"https:\/\/api.w.org\/{rel}","templated":true}]}}