{"id":5738,"date":"2023-08-01T07:08:28","date_gmt":"2023-08-01T05:08:28","guid":{"rendered":"https:\/\/cbesrl.net\/shop\/f300-universal\/"},"modified":"2023-08-01T07:08:28","modified_gmt":"2023-08-01T05:08:28","slug":"f300-universal","status":"publish","type":"product","link":"https:\/\/cbesrl.net\/es\/prodotti\/sublimadores\/f300-universal\/","title":{"rendered":"F300 universal"},"content":{"rendered":"<p>El profesional b\u00e1sico. Sublimador para \u00e1cido ox\u00e1lico de f\u00e1cil uso, con su panel de control electr\u00f3nico (termorregulador) permite la sublimaci\u00f3n del \u00e1cido ox\u00e1lico a la temperatura correcta (sin hervir), se controla autom\u00e1ticamente y siempre est\u00e1 claramente visible en la pantalla. Funciona el\u00e9ctricamente o con la bater\u00eda del coche y\/o inversor. Est\u00e1 cerrado por la tapa. Posibilidad de cargar hasta 3 gr. Estructura de acero inoxidable Resistencia monof\u00e1sica de 220 voltios, o con inversor para coche (no incluido) Sublimaci\u00f3n r\u00e1pida Tubo de cobre antiobstrucci\u00f3n Sistema de autoaprendizaje exacto y preciso para limitar la deriva t\u00e9rmica. Construcci\u00f3n conforme a CE.<\/p>\n","protected":false},"excerpt":{"rendered":"<p>F300-classic SUBLIMADOR DE \u00c1CIDO OX\u00c1LICO PROFESIONAL B\u00c1SICO PARA TODO TIPO DE POSICIONES<\/p>\n<p>Sublimador modelo profesional. Para aquellos que tienen entre 20 y 50 ronchas, r\u00e1pido. Tap\u00f3n medidor de ox\u00e1lico autoportante. Temperatura ajustable. Antiobstrucci\u00f3n. Hasta 3 gr. \u00a1Y no lo pienses m\u00e1s!<\/p>\n<p><strong>&lt;300W 230V<\/strong><\/p>\n","protected":false},"featured_media":5741,"comment_status":"open","ping_status":"closed","template":"","meta":[],"product_brand":[],"product_cat":[147,141],"product_tag":[],"class_list":{"0":"post-5738","1":"product","2":"type-product","3":"status-publish","4":"has-post-thumbnail","6":"product_cat-profesional","7":"product_cat-sublimadores","9":"first","10":"instock","11":"featured","12":"taxable","13":"shipping-taxable","14":"purchasable","15":"product-type-simple"},"yoast_head":"<!-- This site is optimized with the Yoast SEO plugin v27.3 - https:\/\/yoast.com\/product\/yoast-seo-wordpress\/ -->\n<title>sublimador para \u00e1cido ox\u00e1lico - F300 Universal<\/title>\n<meta name=\"description\" content=\"El sublimador universal de \u00e1cido ox\u00e1lico CBE F300 es adecuado para la aplicaci\u00f3n precisa de \u00e1cido ox\u00e1lico. Garantiza la salud de tus abejas\" \/>\n<meta name=\"robots\" content=\"index, follow, max-snippet:-1, max-image-preview:large, max-video-preview:-1\" \/>\n<link rel=\"canonical\" href=\"https:\/\/cbesrl.net\/prodotti\/sublimatori\/professionale\/f300-universal\/\" \/>\n<meta property=\"og:locale\" content=\"es_ES\" \/>\n<meta property=\"og:type\" content=\"article\" \/>\n<meta property=\"og:title\" content=\"sublimador para \u00e1cido ox\u00e1lico - F300 Universal\" \/>\n<meta property=\"og:description\" content=\"El sublimador universal de \u00e1cido ox\u00e1lico CBE F300 es adecuado para la aplicaci\u00f3n precisa de \u00e1cido ox\u00e1lico. Garantiza la salud de tus abejas\" \/>\n<meta property=\"og:url\" content=\"https:\/\/cbesrl.net\/prodotti\/sublimatori\/professionale\/f300-universal\/\" \/>\n<meta property=\"og:site_name\" content=\"CBE SRL\" \/>\n<meta property=\"og:image\" content=\"https:\/\/cbesrl.net\/wp-content\/uploads\/2023\/07\/ECOX-UNIVERSAL.jpg\" \/>\n\t<meta property=\"og:image:width\" content=\"924\" \/>\n\t<meta property=\"og:image:height\" content=\"692\" \/>\n\t<meta property=\"og:image:type\" content=\"image\/jpeg\" \/>\n<meta name=\"twitter:card\" content=\"summary_large_image\" \/>\n<meta name=\"twitter:label1\" content=\"Tiempo de lectura\" \/>\n\t<meta name=\"twitter:data1\" content=\"1 minuto\" \/>\n<script type=\"application\/ld+json\" class=\"yoast-schema-graph\">{\"@context\":\"https:\\\/\\\/schema.org\",\"@graph\":[{\"@type\":\"WebPage\",\"@id\":\"https:\\\/\\\/cbesrl.net\\\/prodotti\\\/sublimatori\\\/professionale\\\/f300-universal\\\/\",\"url\":\"https:\\\/\\\/cbesrl.net\\\/prodotti\\\/sublimatori\\\/professionale\\\/f300-universal\\\/\",\"name\":\"sublimador para \u00e1cido ox\u00e1lico - F300 Universal\",\"isPartOf\":{\"@id\":\"https:\\\/\\\/cbesrl.net\\\/#website\"},\"primaryImageOfPage\":{\"@id\":\"https:\\\/\\\/cbesrl.net\\\/prodotti\\\/sublimatori\\\/professionale\\\/f300-universal\\\/#primaryimage\"},\"image\":{\"@id\":\"https:\\\/\\\/cbesrl.net\\\/prodotti\\\/sublimatori\\\/professionale\\\/f300-universal\\\/#primaryimage\"},\"thumbnailUrl\":\"https:\\\/\\\/cbesrl.net\\\/wp-content\\\/uploads\\\/2023\\\/07\\\/ECOX-UNIVERSAL.jpg\",\"datePublished\":\"2023-08-01T05:08:28+00:00\",\"description\":\"El sublimador universal de \u00e1cido ox\u00e1lico CBE F300 es adecuado para la aplicaci\u00f3n precisa de \u00e1cido ox\u00e1lico. Garantiza la salud de tus abejas\",\"breadcrumb\":{\"@id\":\"https:\\\/\\\/cbesrl.net\\\/prodotti\\\/sublimatori\\\/professionale\\\/f300-universal\\\/#breadcrumb\"},\"inLanguage\":\"es\",\"potentialAction\":[{\"@type\":\"ReadAction\",\"target\":[\"https:\\\/\\\/cbesrl.net\\\/prodotti\\\/sublimatori\\\/professionale\\\/f300-universal\\\/\"]}]},{\"@type\":\"ImageObject\",\"inLanguage\":\"es\",\"@id\":\"https:\\\/\\\/cbesrl.net\\\/prodotti\\\/sublimatori\\\/professionale\\\/f300-universal\\\/#primaryimage\",\"url\":\"https:\\\/\\\/cbesrl.net\\\/wp-content\\\/uploads\\\/2023\\\/07\\\/ECOX-UNIVERSAL.jpg\",\"contentUrl\":\"https:\\\/\\\/cbesrl.net\\\/wp-content\\\/uploads\\\/2023\\\/07\\\/ECOX-UNIVERSAL.jpg\",\"width\":924,\"height\":692},{\"@type\":\"BreadcrumbList\",\"@id\":\"https:\\\/\\\/cbesrl.net\\\/prodotti\\\/sublimatori\\\/professionale\\\/f300-universal\\\/#breadcrumb\",\"itemListElement\":[{\"@type\":\"ListItem\",\"position\":1,\"name\":\"Home\",\"item\":\"https:\\\/\\\/cbesrl.net\\\/new-home\\\/\"},{\"@type\":\"ListItem\",\"position\":2,\"name\":\"Shop\",\"item\":\"https:\\\/\\\/cbesrl.net\\\/shop\\\/\"},{\"@type\":\"ListItem\",\"position\":3,\"name\":\"F300 universal\"}]},{\"@type\":\"WebSite\",\"@id\":\"https:\\\/\\\/cbesrl.net\\\/#website\",\"url\":\"https:\\\/\\\/cbesrl.net\\\/\",\"name\":\"CBE SRL\",\"description\":\"\",\"publisher\":{\"@id\":\"https:\\\/\\\/cbesrl.net\\\/#organization\"},\"potentialAction\":[{\"@type\":\"SearchAction\",\"target\":{\"@type\":\"EntryPoint\",\"urlTemplate\":\"https:\\\/\\\/cbesrl.net\\\/?s={search_term_string}\"},\"query-input\":{\"@type\":\"PropertyValueSpecification\",\"valueRequired\":true,\"valueName\":\"search_term_string\"}}],\"inLanguage\":\"es\"},{\"@type\":\"Organization\",\"@id\":\"https:\\\/\\\/cbesrl.net\\\/#organization\",\"name\":\"CBE SRL\",\"url\":\"https:\\\/\\\/cbesrl.net\\\/\",\"logo\":{\"@type\":\"ImageObject\",\"inLanguage\":\"es\",\"@id\":\"https:\\\/\\\/cbesrl.net\\\/#\\\/schema\\\/logo\\\/image\\\/\",\"url\":\"https:\\\/\\\/cbesrl.net\\\/wp-content\\\/uploads\\\/2022\\\/01\\\/cropped-cropped-home1-01logo-1-1.png\",\"contentUrl\":\"https:\\\/\\\/cbesrl.net\\\/wp-content\\\/uploads\\\/2022\\\/01\\\/cropped-cropped-home1-01logo-1-1.png\",\"width\":1200,\"height\":447,\"caption\":\"CBE SRL\"},\"image\":{\"@id\":\"https:\\\/\\\/cbesrl.net\\\/#\\\/schema\\\/logo\\\/image\\\/\"}}]}<\/script>\n<!-- \/ Yoast SEO plugin. -->","yoast_head_json":{"title":"sublimador para \u00e1cido ox\u00e1lico - F300 Universal","description":"El sublimador universal de \u00e1cido ox\u00e1lico CBE F300 es adecuado para la aplicaci\u00f3n precisa de \u00e1cido ox\u00e1lico. Garantiza la salud de tus abejas","robots":{"index":"index","follow":"follow","max-snippet":"max-snippet:-1","max-image-preview":"max-image-preview:large","max-video-preview":"max-video-preview:-1"},"canonical":"https:\/\/cbesrl.net\/prodotti\/sublimatori\/professionale\/f300-universal\/","og_locale":"es_ES","og_type":"article","og_title":"sublimador para \u00e1cido ox\u00e1lico - F300 Universal","og_description":"El sublimador universal de \u00e1cido ox\u00e1lico CBE F300 es adecuado para la aplicaci\u00f3n precisa de \u00e1cido ox\u00e1lico. Garantiza la salud de tus abejas","og_url":"https:\/\/cbesrl.net\/prodotti\/sublimatori\/professionale\/f300-universal\/","og_site_name":"CBE SRL","og_image":[{"width":924,"height":692,"url":"https:\/\/cbesrl.net\/wp-content\/uploads\/2023\/07\/ECOX-UNIVERSAL.jpg","type":"image\/jpeg"}],"twitter_card":"summary_large_image","twitter_misc":{"Tiempo de lectura":"1 minuto"},"schema":{"@context":"https:\/\/schema.org","@graph":[{"@type":"WebPage","@id":"https:\/\/cbesrl.net\/prodotti\/sublimatori\/professionale\/f300-universal\/","url":"https:\/\/cbesrl.net\/prodotti\/sublimatori\/professionale\/f300-universal\/","name":"sublimador para \u00e1cido ox\u00e1lico - F300 Universal","isPartOf":{"@id":"https:\/\/cbesrl.net\/#website"},"primaryImageOfPage":{"@id":"https:\/\/cbesrl.net\/prodotti\/sublimatori\/professionale\/f300-universal\/#primaryimage"},"image":{"@id":"https:\/\/cbesrl.net\/prodotti\/sublimatori\/professionale\/f300-universal\/#primaryimage"},"thumbnailUrl":"https:\/\/cbesrl.net\/wp-content\/uploads\/2023\/07\/ECOX-UNIVERSAL.jpg","datePublished":"2023-08-01T05:08:28+00:00","description":"El sublimador universal de \u00e1cido ox\u00e1lico CBE F300 es adecuado para la aplicaci\u00f3n precisa de \u00e1cido ox\u00e1lico. Garantiza la salud de tus abejas","breadcrumb":{"@id":"https:\/\/cbesrl.net\/prodotti\/sublimatori\/professionale\/f300-universal\/#breadcrumb"},"inLanguage":"es","potentialAction":[{"@type":"ReadAction","target":["https:\/\/cbesrl.net\/prodotti\/sublimatori\/professionale\/f300-universal\/"]}]},{"@type":"ImageObject","inLanguage":"es","@id":"https:\/\/cbesrl.net\/prodotti\/sublimatori\/professionale\/f300-universal\/#primaryimage","url":"https:\/\/cbesrl.net\/wp-content\/uploads\/2023\/07\/ECOX-UNIVERSAL.jpg","contentUrl":"https:\/\/cbesrl.net\/wp-content\/uploads\/2023\/07\/ECOX-UNIVERSAL.jpg","width":924,"height":692},{"@type":"BreadcrumbList","@id":"https:\/\/cbesrl.net\/prodotti\/sublimatori\/professionale\/f300-universal\/#breadcrumb","itemListElement":[{"@type":"ListItem","position":1,"name":"Home","item":"https:\/\/cbesrl.net\/new-home\/"},{"@type":"ListItem","position":2,"name":"Shop","item":"https:\/\/cbesrl.net\/shop\/"},{"@type":"ListItem","position":3,"name":"F300 universal"}]},{"@type":"WebSite","@id":"https:\/\/cbesrl.net\/#website","url":"https:\/\/cbesrl.net\/","name":"CBE SRL","description":"","publisher":{"@id":"https:\/\/cbesrl.net\/#organization"},"potentialAction":[{"@type":"SearchAction","target":{"@type":"EntryPoint","urlTemplate":"https:\/\/cbesrl.net\/?s={search_term_string}"},"query-input":{"@type":"PropertyValueSpecification","valueRequired":true,"valueName":"search_term_string"}}],"inLanguage":"es"},{"@type":"Organization","@id":"https:\/\/cbesrl.net\/#organization","name":"CBE SRL","url":"https:\/\/cbesrl.net\/","logo":{"@type":"ImageObject","inLanguage":"es","@id":"https:\/\/cbesrl.net\/#\/schema\/logo\/image\/","url":"https:\/\/cbesrl.net\/wp-content\/uploads\/2022\/01\/cropped-cropped-home1-01logo-1-1.png","contentUrl":"https:\/\/cbesrl.net\/wp-content\/uploads\/2022\/01\/cropped-cropped-home1-01logo-1-1.png","width":1200,"height":447,"caption":"CBE SRL"},"image":{"@id":"https:\/\/cbesrl.net\/#\/schema\/logo\/image\/"}}]}},"_links":{"self":[{"href":"https:\/\/cbesrl.net\/es\/wp-json\/wp\/v2\/product\/5738","targetHints":{"allow":["GET"]}}],"collection":[{"href":"https:\/\/cbesrl.net\/es\/wp-json\/wp\/v2\/product"}],"about":[{"href":"https:\/\/cbesrl.net\/es\/wp-json\/wp\/v2\/types\/product"}],"replies":[{"embeddable":true,"href":"https:\/\/cbesrl.net\/es\/wp-json\/wp\/v2\/comments?post=5738"}],"wp:featuredmedia":[{"embeddable":true,"href":"https:\/\/cbesrl.net\/es\/wp-json\/wp\/v2\/media\/5741"}],"wp:attachment":[{"href":"https:\/\/cbesrl.net\/es\/wp-json\/wp\/v2\/media?parent=5738"}],"wp:term":[{"taxonomy":"product_brand","embeddable":true,"href":"https:\/\/cbesrl.net\/es\/wp-json\/wp\/v2\/product_brand?post=5738"},{"taxonomy":"product_cat","embeddable":true,"href":"https:\/\/cbesrl.net\/es\/wp-json\/wp\/v2\/product_cat?post=5738"},{"taxonomy":"product_tag","embeddable":true,"href":"https:\/\/cbesrl.net\/es\/wp-json\/wp\/v2\/product_tag?post=5738"}],"curies":[{"name":"wp","href":"https:\/\/api.w.org\/{rel}","templated":true}]}}