{"id":5744,"date":"2023-08-01T03:00:38","date_gmt":"2023-08-01T01:00:38","guid":{"rendered":"https:\/\/cbesrl.net\/shop\/ecox-no-sublimador-ecox-basico-para-nomadismo\/"},"modified":"2023-08-01T03:00:38","modified_gmt":"2023-08-01T01:00:38","slug":"ecox-no-sublimador-ecox-basico-para-nomadismo","status":"publish","type":"product","link":"https:\/\/cbesrl.net\/es\/prodotti\/sublimadores\/ecox-no-sublimador-ecox-basico-para-nomadismo\/","title":{"rendered":"ECOX-NO &#8211; Sublimador Ecox B\u00e1sico para Nomadismo"},"content":{"rendered":"","protected":false},"excerpt":{"rendered":"<p>Modelo IN+ b\u00e1sico con soporte para colmenas n\u00f3madas<\/p>\n<p><strong>&lt;300W 230V<\/strong><\/p>\n","protected":false},"featured_media":5745,"comment_status":"open","ping_status":"closed","template":"","meta":[],"product_brand":[],"product_cat":[148,141],"product_tag":[],"class_list":{"0":"post-5744","1":"product","2":"type-product","3":"status-publish","4":"has-post-thumbnail","6":"product_cat-doomies-es","7":"product_cat-sublimadores","9":"first","10":"instock","11":"featured","12":"taxable","13":"shipping-taxable","14":"purchasable","15":"product-type-simple"},"yoast_head":"<!-- This site is optimized with the Yoast SEO plugin v27.3 - https:\/\/yoast.com\/product\/yoast-seo-wordpress\/ -->\n<title>ECOX NO di CBE - mejor sublimador de \u00e1cido ox\u00e1lico<\/title>\n<meta name=\"description\" content=\"Descubra ECOX NO de CBE Srl, el mejor sublimador para \u00e1cido ox\u00e1lico. Ideal para la sublimaci\u00f3n de colmenas n\u00f3madas en el sector ap\u00edcola. Saber m\u00e1s\" \/>\n<meta name=\"robots\" content=\"index, follow, max-snippet:-1, max-image-preview:large, max-video-preview:-1\" \/>\n<link rel=\"canonical\" href=\"https:\/\/cbesrl.net\/prodotti\/sublimatori\/doomies\/ecox-no-sublimatore-ecox-base-per-nomadismo\/\" \/>\n<meta property=\"og:locale\" content=\"es_ES\" \/>\n<meta property=\"og:type\" content=\"article\" \/>\n<meta property=\"og:title\" content=\"ECOX NO di CBE - mejor sublimador de \u00e1cido ox\u00e1lico\" \/>\n<meta property=\"og:description\" content=\"Descubra ECOX NO de CBE Srl, el mejor sublimador para \u00e1cido ox\u00e1lico. Ideal para la sublimaci\u00f3n de colmenas n\u00f3madas en el sector ap\u00edcola. Saber m\u00e1s\" \/>\n<meta property=\"og:url\" content=\"https:\/\/cbesrl.net\/prodotti\/sublimatori\/doomies\/ecox-no-sublimatore-ecox-base-per-nomadismo\/\" \/>\n<meta property=\"og:site_name\" content=\"CBE SRL\" \/>\n<meta property=\"og:image\" content=\"https:\/\/cbesrl.net\/wp-content\/uploads\/2023\/07\/21-1.jpg\" \/>\n\t<meta property=\"og:image:width\" content=\"1210\" \/>\n\t<meta property=\"og:image:height\" content=\"908\" \/>\n\t<meta property=\"og:image:type\" content=\"image\/jpeg\" \/>\n<meta name=\"twitter:card\" content=\"summary_large_image\" \/>\n<script type=\"application\/ld+json\" class=\"yoast-schema-graph\">{\"@context\":\"https:\\\/\\\/schema.org\",\"@graph\":[{\"@type\":\"WebPage\",\"@id\":\"https:\\\/\\\/cbesrl.net\\\/prodotti\\\/sublimatori\\\/doomies\\\/ecox-no-sublimatore-ecox-base-per-nomadismo\\\/\",\"url\":\"https:\\\/\\\/cbesrl.net\\\/prodotti\\\/sublimatori\\\/doomies\\\/ecox-no-sublimatore-ecox-base-per-nomadismo\\\/\",\"name\":\"ECOX NO di CBE - mejor sublimador de \u00e1cido ox\u00e1lico\",\"isPartOf\":{\"@id\":\"https:\\\/\\\/cbesrl.net\\\/#website\"},\"primaryImageOfPage\":{\"@id\":\"https:\\\/\\\/cbesrl.net\\\/prodotti\\\/sublimatori\\\/doomies\\\/ecox-no-sublimatore-ecox-base-per-nomadismo\\\/#primaryimage\"},\"image\":{\"@id\":\"https:\\\/\\\/cbesrl.net\\\/prodotti\\\/sublimatori\\\/doomies\\\/ecox-no-sublimatore-ecox-base-per-nomadismo\\\/#primaryimage\"},\"thumbnailUrl\":\"https:\\\/\\\/cbesrl.net\\\/wp-content\\\/uploads\\\/2023\\\/07\\\/21-1.jpg\",\"datePublished\":\"2023-08-01T01:00:38+00:00\",\"description\":\"Descubra ECOX NO de CBE Srl, el mejor sublimador para \u00e1cido ox\u00e1lico. Ideal para la sublimaci\u00f3n de colmenas n\u00f3madas en el sector ap\u00edcola. Saber m\u00e1s\",\"breadcrumb\":{\"@id\":\"https:\\\/\\\/cbesrl.net\\\/prodotti\\\/sublimatori\\\/doomies\\\/ecox-no-sublimatore-ecox-base-per-nomadismo\\\/#breadcrumb\"},\"inLanguage\":\"es\",\"potentialAction\":[{\"@type\":\"ReadAction\",\"target\":[\"https:\\\/\\\/cbesrl.net\\\/prodotti\\\/sublimatori\\\/doomies\\\/ecox-no-sublimatore-ecox-base-per-nomadismo\\\/\"]}]},{\"@type\":\"ImageObject\",\"inLanguage\":\"es\",\"@id\":\"https:\\\/\\\/cbesrl.net\\\/prodotti\\\/sublimatori\\\/doomies\\\/ecox-no-sublimatore-ecox-base-per-nomadismo\\\/#primaryimage\",\"url\":\"https:\\\/\\\/cbesrl.net\\\/wp-content\\\/uploads\\\/2023\\\/07\\\/21-1.jpg\",\"contentUrl\":\"https:\\\/\\\/cbesrl.net\\\/wp-content\\\/uploads\\\/2023\\\/07\\\/21-1.jpg\",\"width\":1210,\"height\":908,\"caption\":\"mejor sublimador de \u00e1cido ox\u00e1lico\"},{\"@type\":\"BreadcrumbList\",\"@id\":\"https:\\\/\\\/cbesrl.net\\\/prodotti\\\/sublimatori\\\/doomies\\\/ecox-no-sublimatore-ecox-base-per-nomadismo\\\/#breadcrumb\",\"itemListElement\":[{\"@type\":\"ListItem\",\"position\":1,\"name\":\"Home\",\"item\":\"https:\\\/\\\/cbesrl.net\\\/new-home\\\/\"},{\"@type\":\"ListItem\",\"position\":2,\"name\":\"Shop\",\"item\":\"https:\\\/\\\/cbesrl.net\\\/shop\\\/\"},{\"@type\":\"ListItem\",\"position\":3,\"name\":\"ECOX-NO &#8211; Sublimador Ecox B\u00e1sico para Nomadismo\"}]},{\"@type\":\"WebSite\",\"@id\":\"https:\\\/\\\/cbesrl.net\\\/#website\",\"url\":\"https:\\\/\\\/cbesrl.net\\\/\",\"name\":\"CBE SRL\",\"description\":\"\",\"publisher\":{\"@id\":\"https:\\\/\\\/cbesrl.net\\\/#organization\"},\"potentialAction\":[{\"@type\":\"SearchAction\",\"target\":{\"@type\":\"EntryPoint\",\"urlTemplate\":\"https:\\\/\\\/cbesrl.net\\\/?s={search_term_string}\"},\"query-input\":{\"@type\":\"PropertyValueSpecification\",\"valueRequired\":true,\"valueName\":\"search_term_string\"}}],\"inLanguage\":\"es\"},{\"@type\":\"Organization\",\"@id\":\"https:\\\/\\\/cbesrl.net\\\/#organization\",\"name\":\"CBE SRL\",\"url\":\"https:\\\/\\\/cbesrl.net\\\/\",\"logo\":{\"@type\":\"ImageObject\",\"inLanguage\":\"es\",\"@id\":\"https:\\\/\\\/cbesrl.net\\\/#\\\/schema\\\/logo\\\/image\\\/\",\"url\":\"https:\\\/\\\/cbesrl.net\\\/wp-content\\\/uploads\\\/2022\\\/01\\\/cropped-cropped-home1-01logo-1-1.png\",\"contentUrl\":\"https:\\\/\\\/cbesrl.net\\\/wp-content\\\/uploads\\\/2022\\\/01\\\/cropped-cropped-home1-01logo-1-1.png\",\"width\":1200,\"height\":447,\"caption\":\"CBE SRL\"},\"image\":{\"@id\":\"https:\\\/\\\/cbesrl.net\\\/#\\\/schema\\\/logo\\\/image\\\/\"}}]}<\/script>\n<!-- \/ Yoast SEO plugin. -->","yoast_head_json":{"title":"ECOX NO di CBE - mejor sublimador de \u00e1cido ox\u00e1lico","description":"Descubra ECOX NO de CBE Srl, el mejor sublimador para \u00e1cido ox\u00e1lico. Ideal para la sublimaci\u00f3n de colmenas n\u00f3madas en el sector ap\u00edcola. Saber m\u00e1s","robots":{"index":"index","follow":"follow","max-snippet":"max-snippet:-1","max-image-preview":"max-image-preview:large","max-video-preview":"max-video-preview:-1"},"canonical":"https:\/\/cbesrl.net\/prodotti\/sublimatori\/doomies\/ecox-no-sublimatore-ecox-base-per-nomadismo\/","og_locale":"es_ES","og_type":"article","og_title":"ECOX NO di CBE - mejor sublimador de \u00e1cido ox\u00e1lico","og_description":"Descubra ECOX NO de CBE Srl, el mejor sublimador para \u00e1cido ox\u00e1lico. Ideal para la sublimaci\u00f3n de colmenas n\u00f3madas en el sector ap\u00edcola. Saber m\u00e1s","og_url":"https:\/\/cbesrl.net\/prodotti\/sublimatori\/doomies\/ecox-no-sublimatore-ecox-base-per-nomadismo\/","og_site_name":"CBE SRL","og_image":[{"width":1210,"height":908,"url":"https:\/\/cbesrl.net\/wp-content\/uploads\/2023\/07\/21-1.jpg","type":"image\/jpeg"}],"twitter_card":"summary_large_image","schema":{"@context":"https:\/\/schema.org","@graph":[{"@type":"WebPage","@id":"https:\/\/cbesrl.net\/prodotti\/sublimatori\/doomies\/ecox-no-sublimatore-ecox-base-per-nomadismo\/","url":"https:\/\/cbesrl.net\/prodotti\/sublimatori\/doomies\/ecox-no-sublimatore-ecox-base-per-nomadismo\/","name":"ECOX NO di CBE - mejor sublimador de \u00e1cido ox\u00e1lico","isPartOf":{"@id":"https:\/\/cbesrl.net\/#website"},"primaryImageOfPage":{"@id":"https:\/\/cbesrl.net\/prodotti\/sublimatori\/doomies\/ecox-no-sublimatore-ecox-base-per-nomadismo\/#primaryimage"},"image":{"@id":"https:\/\/cbesrl.net\/prodotti\/sublimatori\/doomies\/ecox-no-sublimatore-ecox-base-per-nomadismo\/#primaryimage"},"thumbnailUrl":"https:\/\/cbesrl.net\/wp-content\/uploads\/2023\/07\/21-1.jpg","datePublished":"2023-08-01T01:00:38+00:00","description":"Descubra ECOX NO de CBE Srl, el mejor sublimador para \u00e1cido ox\u00e1lico. Ideal para la sublimaci\u00f3n de colmenas n\u00f3madas en el sector ap\u00edcola. Saber m\u00e1s","breadcrumb":{"@id":"https:\/\/cbesrl.net\/prodotti\/sublimatori\/doomies\/ecox-no-sublimatore-ecox-base-per-nomadismo\/#breadcrumb"},"inLanguage":"es","potentialAction":[{"@type":"ReadAction","target":["https:\/\/cbesrl.net\/prodotti\/sublimatori\/doomies\/ecox-no-sublimatore-ecox-base-per-nomadismo\/"]}]},{"@type":"ImageObject","inLanguage":"es","@id":"https:\/\/cbesrl.net\/prodotti\/sublimatori\/doomies\/ecox-no-sublimatore-ecox-base-per-nomadismo\/#primaryimage","url":"https:\/\/cbesrl.net\/wp-content\/uploads\/2023\/07\/21-1.jpg","contentUrl":"https:\/\/cbesrl.net\/wp-content\/uploads\/2023\/07\/21-1.jpg","width":1210,"height":908,"caption":"mejor sublimador de \u00e1cido ox\u00e1lico"},{"@type":"BreadcrumbList","@id":"https:\/\/cbesrl.net\/prodotti\/sublimatori\/doomies\/ecox-no-sublimatore-ecox-base-per-nomadismo\/#breadcrumb","itemListElement":[{"@type":"ListItem","position":1,"name":"Home","item":"https:\/\/cbesrl.net\/new-home\/"},{"@type":"ListItem","position":2,"name":"Shop","item":"https:\/\/cbesrl.net\/shop\/"},{"@type":"ListItem","position":3,"name":"ECOX-NO &#8211; Sublimador Ecox B\u00e1sico para Nomadismo"}]},{"@type":"WebSite","@id":"https:\/\/cbesrl.net\/#website","url":"https:\/\/cbesrl.net\/","name":"CBE SRL","description":"","publisher":{"@id":"https:\/\/cbesrl.net\/#organization"},"potentialAction":[{"@type":"SearchAction","target":{"@type":"EntryPoint","urlTemplate":"https:\/\/cbesrl.net\/?s={search_term_string}"},"query-input":{"@type":"PropertyValueSpecification","valueRequired":true,"valueName":"search_term_string"}}],"inLanguage":"es"},{"@type":"Organization","@id":"https:\/\/cbesrl.net\/#organization","name":"CBE SRL","url":"https:\/\/cbesrl.net\/","logo":{"@type":"ImageObject","inLanguage":"es","@id":"https:\/\/cbesrl.net\/#\/schema\/logo\/image\/","url":"https:\/\/cbesrl.net\/wp-content\/uploads\/2022\/01\/cropped-cropped-home1-01logo-1-1.png","contentUrl":"https:\/\/cbesrl.net\/wp-content\/uploads\/2022\/01\/cropped-cropped-home1-01logo-1-1.png","width":1200,"height":447,"caption":"CBE SRL"},"image":{"@id":"https:\/\/cbesrl.net\/#\/schema\/logo\/image\/"}}]}},"_links":{"self":[{"href":"https:\/\/cbesrl.net\/es\/wp-json\/wp\/v2\/product\/5744","targetHints":{"allow":["GET"]}}],"collection":[{"href":"https:\/\/cbesrl.net\/es\/wp-json\/wp\/v2\/product"}],"about":[{"href":"https:\/\/cbesrl.net\/es\/wp-json\/wp\/v2\/types\/product"}],"replies":[{"embeddable":true,"href":"https:\/\/cbesrl.net\/es\/wp-json\/wp\/v2\/comments?post=5744"}],"wp:featuredmedia":[{"embeddable":true,"href":"https:\/\/cbesrl.net\/es\/wp-json\/wp\/v2\/media\/5745"}],"wp:attachment":[{"href":"https:\/\/cbesrl.net\/es\/wp-json\/wp\/v2\/media?parent=5744"}],"wp:term":[{"taxonomy":"product_brand","embeddable":true,"href":"https:\/\/cbesrl.net\/es\/wp-json\/wp\/v2\/product_brand?post=5744"},{"taxonomy":"product_cat","embeddable":true,"href":"https:\/\/cbesrl.net\/es\/wp-json\/wp\/v2\/product_cat?post=5744"},{"taxonomy":"product_tag","embeddable":true,"href":"https:\/\/cbesrl.net\/es\/wp-json\/wp\/v2\/product_tag?post=5744"}],"curies":[{"name":"wp","href":"https:\/\/api.w.org\/{rel}","templated":true}]}}