{"id":5749,"date":"2023-08-01T00:01:36","date_gmt":"2023-07-31T22:01:36","guid":{"rendered":"https:\/\/cbesrl.net\/shop\/ecox-universal-sublimador-base-ecox\/"},"modified":"2023-08-01T00:01:36","modified_gmt":"2023-07-31T22:01:36","slug":"ecox-universal-sublimador-base-ecox","status":"publish","type":"product","link":"https:\/\/cbesrl.net\/es\/prodotti\/sublimadores\/ecox-universal-sublimador-base-ecox\/","title":{"rendered":"ECOX UNIVERSAL &#8211; Sublimador Base Ecox"},"content":{"rendered":"<p><span data-sheets-formula-bar-text-style=\"font-size:27px;color:#000000;font-weight:normal;text-decoration:none;font-family:'docs-Calibri' ;font-style:normal;text-decoration-skip-ink:none;\">LO MEJOR PARA EMPEZAR CORRECTAMENTE.<br \/>\nF\u00e1cil de usar. Funciona el\u00e9ctricamente o con la bater\u00eda del coche y\/o inversor. Est\u00e1 cerrado por la tapa. La temperatura correcta de sublimaci\u00f3n (no de ebullici\u00f3n) se controla autom\u00e1ticamente y siempre es claramente visible en la pantalla PID. Posibilidad de configurar la temperatura de trabajo seg\u00fan sus est\u00e1ndares. Posibilidad de cargar hasta 2,5 g. Estructura de acero inoxidable Resistencia monof\u00e1sica de 220 voltios, o con inversor para autom\u00f3vil (no incluido) Sublimaci\u00f3n r\u00e1pida <\/span><span data-sheets-formula-bar-text-style=\"font-size:27px;color:#000000 ; font-weight:bold;text-decoration:none;font-family:'docs-Calibri';font-style:normal;text-decoration-skip-ink:none;\">Tubo de cobre antiobstrucci\u00f3n <\/span> < span data-sheets-formula-bar-text-style=\"font-size:27px;color:#000000;font-weight:normal;text-decoration:none;font-family:'docs-Calibri';font-style :normal;text-decoration-skip-ink:none;\">Sistema de autoaprendizaje exacto y preciso para limitar la deriva t\u00e9rmica. Construcci\u00f3n conforme a CE. <\/span><\/p>\n","protected":false},"excerpt":{"rendered":"<p>Sublimador modelo b\u00e1sico. Para todos los principiantes y para los que tienen pocas urticarias. Temperatura ajustable.<br \/>\nTap\u00f3n medidor de ox\u00e1lico autoportante. Antiobstrucci\u00f3n. Para todo tipo de puestos. \u00a1Lo mejor para las abejas, siempre!<\/p>\n<p><strong>&lt;300W 230V<\/strong><\/p>\n","protected":false},"featured_media":5741,"comment_status":"open","ping_status":"closed","template":"","meta":[],"product_brand":[],"product_cat":[148,141],"product_tag":[],"class_list":{"0":"post-5749","1":"product","2":"type-product","3":"status-publish","4":"has-post-thumbnail","6":"product_cat-doomies-es","7":"product_cat-sublimadores","9":"first","10":"instock","11":"featured","12":"taxable","13":"shipping-taxable","14":"purchasable","15":"product-type-simple"},"yoast_head":"<!-- This site is optimized with the Yoast SEO plugin v27.3 - https:\/\/yoast.com\/product\/yoast-seo-wordpress\/ -->\n<title>ECOX Universal by CBE - Sublimador Profesional de Abejas<\/title>\n<meta name=\"description\" content=\"Sublimador de abejas profesional Universal ECOX. Garantice la salud de sus abejas y de su negocio ap\u00edcola, compre online en CBE Srl\" \/>\n<meta name=\"robots\" content=\"index, follow, max-snippet:-1, max-image-preview:large, max-video-preview:-1\" \/>\n<link rel=\"canonical\" href=\"https:\/\/cbesrl.net\/prodotti\/sublimatori\/doomies\/ecox-universal-sublimatore-ecox-base\/\" \/>\n<meta property=\"og:locale\" content=\"es_ES\" \/>\n<meta property=\"og:type\" content=\"article\" \/>\n<meta property=\"og:title\" content=\"ECOX Universal by CBE - Sublimador Profesional de Abejas\" \/>\n<meta property=\"og:description\" content=\"Sublimador de abejas profesional Universal ECOX. Garantice la salud de sus abejas y de su negocio ap\u00edcola, compre online en CBE Srl\" \/>\n<meta property=\"og:url\" content=\"https:\/\/cbesrl.net\/prodotti\/sublimatori\/doomies\/ecox-universal-sublimatore-ecox-base\/\" \/>\n<meta property=\"og:site_name\" content=\"CBE SRL\" \/>\n<meta property=\"og:image\" content=\"https:\/\/cbesrl.net\/wp-content\/uploads\/2023\/07\/ECOX-UNIVERSAL.jpg\" \/>\n\t<meta property=\"og:image:width\" content=\"924\" \/>\n\t<meta property=\"og:image:height\" content=\"692\" \/>\n\t<meta property=\"og:image:type\" content=\"image\/jpeg\" \/>\n<meta name=\"twitter:card\" content=\"summary_large_image\" \/>\n<meta name=\"twitter:label1\" content=\"Tiempo de lectura\" \/>\n\t<meta name=\"twitter:data1\" content=\"1 minuto\" \/>\n<script type=\"application\/ld+json\" class=\"yoast-schema-graph\">{\"@context\":\"https:\\\/\\\/schema.org\",\"@graph\":[{\"@type\":\"WebPage\",\"@id\":\"https:\\\/\\\/cbesrl.net\\\/prodotti\\\/sublimatori\\\/doomies\\\/ecox-universal-sublimatore-ecox-base\\\/\",\"url\":\"https:\\\/\\\/cbesrl.net\\\/prodotti\\\/sublimatori\\\/doomies\\\/ecox-universal-sublimatore-ecox-base\\\/\",\"name\":\"ECOX Universal by CBE - Sublimador Profesional de Abejas\",\"isPartOf\":{\"@id\":\"https:\\\/\\\/cbesrl.net\\\/#website\"},\"primaryImageOfPage\":{\"@id\":\"https:\\\/\\\/cbesrl.net\\\/prodotti\\\/sublimatori\\\/doomies\\\/ecox-universal-sublimatore-ecox-base\\\/#primaryimage\"},\"image\":{\"@id\":\"https:\\\/\\\/cbesrl.net\\\/prodotti\\\/sublimatori\\\/doomies\\\/ecox-universal-sublimatore-ecox-base\\\/#primaryimage\"},\"thumbnailUrl\":\"https:\\\/\\\/cbesrl.net\\\/wp-content\\\/uploads\\\/2023\\\/07\\\/ECOX-UNIVERSAL.jpg\",\"datePublished\":\"2023-07-31T22:01:36+00:00\",\"description\":\"Sublimador de abejas profesional Universal ECOX. Garantice la salud de sus abejas y de su negocio ap\u00edcola, compre online en CBE Srl\",\"breadcrumb\":{\"@id\":\"https:\\\/\\\/cbesrl.net\\\/prodotti\\\/sublimatori\\\/doomies\\\/ecox-universal-sublimatore-ecox-base\\\/#breadcrumb\"},\"inLanguage\":\"es\",\"potentialAction\":[{\"@type\":\"ReadAction\",\"target\":[\"https:\\\/\\\/cbesrl.net\\\/prodotti\\\/sublimatori\\\/doomies\\\/ecox-universal-sublimatore-ecox-base\\\/\"]}]},{\"@type\":\"ImageObject\",\"inLanguage\":\"es\",\"@id\":\"https:\\\/\\\/cbesrl.net\\\/prodotti\\\/sublimatori\\\/doomies\\\/ecox-universal-sublimatore-ecox-base\\\/#primaryimage\",\"url\":\"https:\\\/\\\/cbesrl.net\\\/wp-content\\\/uploads\\\/2023\\\/07\\\/ECOX-UNIVERSAL.jpg\",\"contentUrl\":\"https:\\\/\\\/cbesrl.net\\\/wp-content\\\/uploads\\\/2023\\\/07\\\/ECOX-UNIVERSAL.jpg\",\"width\":924,\"height\":692},{\"@type\":\"BreadcrumbList\",\"@id\":\"https:\\\/\\\/cbesrl.net\\\/prodotti\\\/sublimatori\\\/doomies\\\/ecox-universal-sublimatore-ecox-base\\\/#breadcrumb\",\"itemListElement\":[{\"@type\":\"ListItem\",\"position\":1,\"name\":\"Home\",\"item\":\"https:\\\/\\\/cbesrl.net\\\/new-home\\\/\"},{\"@type\":\"ListItem\",\"position\":2,\"name\":\"Shop\",\"item\":\"https:\\\/\\\/cbesrl.net\\\/shop\\\/\"},{\"@type\":\"ListItem\",\"position\":3,\"name\":\"ECOX UNIVERSAL &#8211; Sublimador Base Ecox\"}]},{\"@type\":\"WebSite\",\"@id\":\"https:\\\/\\\/cbesrl.net\\\/#website\",\"url\":\"https:\\\/\\\/cbesrl.net\\\/\",\"name\":\"CBE SRL\",\"description\":\"\",\"publisher\":{\"@id\":\"https:\\\/\\\/cbesrl.net\\\/#organization\"},\"potentialAction\":[{\"@type\":\"SearchAction\",\"target\":{\"@type\":\"EntryPoint\",\"urlTemplate\":\"https:\\\/\\\/cbesrl.net\\\/?s={search_term_string}\"},\"query-input\":{\"@type\":\"PropertyValueSpecification\",\"valueRequired\":true,\"valueName\":\"search_term_string\"}}],\"inLanguage\":\"es\"},{\"@type\":\"Organization\",\"@id\":\"https:\\\/\\\/cbesrl.net\\\/#organization\",\"name\":\"CBE SRL\",\"url\":\"https:\\\/\\\/cbesrl.net\\\/\",\"logo\":{\"@type\":\"ImageObject\",\"inLanguage\":\"es\",\"@id\":\"https:\\\/\\\/cbesrl.net\\\/#\\\/schema\\\/logo\\\/image\\\/\",\"url\":\"https:\\\/\\\/cbesrl.net\\\/wp-content\\\/uploads\\\/2022\\\/01\\\/cropped-cropped-home1-01logo-1-1.png\",\"contentUrl\":\"https:\\\/\\\/cbesrl.net\\\/wp-content\\\/uploads\\\/2022\\\/01\\\/cropped-cropped-home1-01logo-1-1.png\",\"width\":1200,\"height\":447,\"caption\":\"CBE SRL\"},\"image\":{\"@id\":\"https:\\\/\\\/cbesrl.net\\\/#\\\/schema\\\/logo\\\/image\\\/\"}}]}<\/script>\n<!-- \/ Yoast SEO plugin. -->","yoast_head_json":{"title":"ECOX Universal by CBE - Sublimador Profesional de Abejas","description":"Sublimador de abejas profesional Universal ECOX. Garantice la salud de sus abejas y de su negocio ap\u00edcola, compre online en CBE Srl","robots":{"index":"index","follow":"follow","max-snippet":"max-snippet:-1","max-image-preview":"max-image-preview:large","max-video-preview":"max-video-preview:-1"},"canonical":"https:\/\/cbesrl.net\/prodotti\/sublimatori\/doomies\/ecox-universal-sublimatore-ecox-base\/","og_locale":"es_ES","og_type":"article","og_title":"ECOX Universal by CBE - Sublimador Profesional de Abejas","og_description":"Sublimador de abejas profesional Universal ECOX. Garantice la salud de sus abejas y de su negocio ap\u00edcola, compre online en CBE Srl","og_url":"https:\/\/cbesrl.net\/prodotti\/sublimatori\/doomies\/ecox-universal-sublimatore-ecox-base\/","og_site_name":"CBE SRL","og_image":[{"width":924,"height":692,"url":"https:\/\/cbesrl.net\/wp-content\/uploads\/2023\/07\/ECOX-UNIVERSAL.jpg","type":"image\/jpeg"}],"twitter_card":"summary_large_image","twitter_misc":{"Tiempo de lectura":"1 minuto"},"schema":{"@context":"https:\/\/schema.org","@graph":[{"@type":"WebPage","@id":"https:\/\/cbesrl.net\/prodotti\/sublimatori\/doomies\/ecox-universal-sublimatore-ecox-base\/","url":"https:\/\/cbesrl.net\/prodotti\/sublimatori\/doomies\/ecox-universal-sublimatore-ecox-base\/","name":"ECOX Universal by CBE - Sublimador Profesional de Abejas","isPartOf":{"@id":"https:\/\/cbesrl.net\/#website"},"primaryImageOfPage":{"@id":"https:\/\/cbesrl.net\/prodotti\/sublimatori\/doomies\/ecox-universal-sublimatore-ecox-base\/#primaryimage"},"image":{"@id":"https:\/\/cbesrl.net\/prodotti\/sublimatori\/doomies\/ecox-universal-sublimatore-ecox-base\/#primaryimage"},"thumbnailUrl":"https:\/\/cbesrl.net\/wp-content\/uploads\/2023\/07\/ECOX-UNIVERSAL.jpg","datePublished":"2023-07-31T22:01:36+00:00","description":"Sublimador de abejas profesional Universal ECOX. Garantice la salud de sus abejas y de su negocio ap\u00edcola, compre online en CBE Srl","breadcrumb":{"@id":"https:\/\/cbesrl.net\/prodotti\/sublimatori\/doomies\/ecox-universal-sublimatore-ecox-base\/#breadcrumb"},"inLanguage":"es","potentialAction":[{"@type":"ReadAction","target":["https:\/\/cbesrl.net\/prodotti\/sublimatori\/doomies\/ecox-universal-sublimatore-ecox-base\/"]}]},{"@type":"ImageObject","inLanguage":"es","@id":"https:\/\/cbesrl.net\/prodotti\/sublimatori\/doomies\/ecox-universal-sublimatore-ecox-base\/#primaryimage","url":"https:\/\/cbesrl.net\/wp-content\/uploads\/2023\/07\/ECOX-UNIVERSAL.jpg","contentUrl":"https:\/\/cbesrl.net\/wp-content\/uploads\/2023\/07\/ECOX-UNIVERSAL.jpg","width":924,"height":692},{"@type":"BreadcrumbList","@id":"https:\/\/cbesrl.net\/prodotti\/sublimatori\/doomies\/ecox-universal-sublimatore-ecox-base\/#breadcrumb","itemListElement":[{"@type":"ListItem","position":1,"name":"Home","item":"https:\/\/cbesrl.net\/new-home\/"},{"@type":"ListItem","position":2,"name":"Shop","item":"https:\/\/cbesrl.net\/shop\/"},{"@type":"ListItem","position":3,"name":"ECOX UNIVERSAL &#8211; Sublimador Base Ecox"}]},{"@type":"WebSite","@id":"https:\/\/cbesrl.net\/#website","url":"https:\/\/cbesrl.net\/","name":"CBE SRL","description":"","publisher":{"@id":"https:\/\/cbesrl.net\/#organization"},"potentialAction":[{"@type":"SearchAction","target":{"@type":"EntryPoint","urlTemplate":"https:\/\/cbesrl.net\/?s={search_term_string}"},"query-input":{"@type":"PropertyValueSpecification","valueRequired":true,"valueName":"search_term_string"}}],"inLanguage":"es"},{"@type":"Organization","@id":"https:\/\/cbesrl.net\/#organization","name":"CBE SRL","url":"https:\/\/cbesrl.net\/","logo":{"@type":"ImageObject","inLanguage":"es","@id":"https:\/\/cbesrl.net\/#\/schema\/logo\/image\/","url":"https:\/\/cbesrl.net\/wp-content\/uploads\/2022\/01\/cropped-cropped-home1-01logo-1-1.png","contentUrl":"https:\/\/cbesrl.net\/wp-content\/uploads\/2022\/01\/cropped-cropped-home1-01logo-1-1.png","width":1200,"height":447,"caption":"CBE SRL"},"image":{"@id":"https:\/\/cbesrl.net\/#\/schema\/logo\/image\/"}}]}},"_links":{"self":[{"href":"https:\/\/cbesrl.net\/es\/wp-json\/wp\/v2\/product\/5749","targetHints":{"allow":["GET"]}}],"collection":[{"href":"https:\/\/cbesrl.net\/es\/wp-json\/wp\/v2\/product"}],"about":[{"href":"https:\/\/cbesrl.net\/es\/wp-json\/wp\/v2\/types\/product"}],"replies":[{"embeddable":true,"href":"https:\/\/cbesrl.net\/es\/wp-json\/wp\/v2\/comments?post=5749"}],"wp:featuredmedia":[{"embeddable":true,"href":"https:\/\/cbesrl.net\/es\/wp-json\/wp\/v2\/media\/5741"}],"wp:attachment":[{"href":"https:\/\/cbesrl.net\/es\/wp-json\/wp\/v2\/media?parent=5749"}],"wp:term":[{"taxonomy":"product_brand","embeddable":true,"href":"https:\/\/cbesrl.net\/es\/wp-json\/wp\/v2\/product_brand?post=5749"},{"taxonomy":"product_cat","embeddable":true,"href":"https:\/\/cbesrl.net\/es\/wp-json\/wp\/v2\/product_cat?post=5749"},{"taxonomy":"product_tag","embeddable":true,"href":"https:\/\/cbesrl.net\/es\/wp-json\/wp\/v2\/product_tag?post=5749"}],"curies":[{"name":"wp","href":"https:\/\/api.w.org\/{rel}","templated":true}]}}