{"id":6835,"date":"2025-04-11T12:00:15","date_gmt":"2025-04-11T10:00:16","guid":{"rendered":"https:\/\/cbesrl.net\/?post_type=product&#038;p=6835"},"modified":"2025-07-01T00:00:05","modified_gmt":"2025-06-30T22:00:05","slug":"big-daddy-sublimador-10gr-copia","status":"publish","type":"product","link":"https:\/\/cbesrl.net\/es\/prodotti\/sublimadores\/big-daddy-sublimador-10gr-copia\/","title":{"rendered":"HandyOX &#8211; Sublimador"},"content":{"rendered":"<p>Tambi\u00e9n se trata de una sublimadora de alta presi\u00f3n, gracias a los componentes desarrollados por CBE, la empresa m\u00e1s especializada en el campo de la sublimaci\u00f3n con \u00e1cido ox\u00e1lico.<\/p>\n<p><strong>Este sublimador monta una bater\u00eda, Dewalt o Makita a elecci\u00f3n del cliente, de 18V y 5A (bater\u00eda no suministrada).<\/strong> Tambi\u00e9n puede montar bater\u00edas de mayor amperaje pero siempre hasta 18V como m\u00e1ximo. De uso sencillo, puede utilizarse donde el colmenar est\u00e9 situado en lugares de dif\u00edcil acceso.<\/p>\n<p>Mantiene las caracter\u00edsticas de los sublimadores anteriores, por lo que tiene el controlador de temperatura para mantener la temperatura correcta y para ver f\u00e1cilmente cu\u00e1ndo poner el \u00e1cido ox\u00e1lico. Est\u00e1 equipada con varios opcionales, como toda la serie F, tanto para su uso con las cajas Qubike, con un paso corto (opc. QB Clamp) como para su uso por detr\u00e1s, despu\u00e9s de taladrar un peque\u00f1o agujero casi en la base de la caja (opc. APDIE). F\u00e1cil de montar y ajustar. Viene con un tap\u00f3n autoportante, que puede contener, una vez lleno, 2,7\/3 g, la dosis recomendada para una sola familia.<\/p>\n<p>Est\u00e1 aislado y dispone de protecciones para evitar la p\u00e9rdida de calor y las quemaduras.<\/p>\n","protected":false},"excerpt":{"rendered":"<p>Sublimador de \u00e1cido ox\u00e1lico mega pro, para colmenas simples o dobles<\/p>\n<p>Sublimador que puede contener, una vez lleno, 2,7\/3 g, la dosis recomendada para una sola familia.<\/p>\n<p><strong>Sublimador que monta una bater\u00eda, Dewalt o Makita a elecci\u00f3n del cliente, de 18V y 5A (bater\u00eda no suministrada).<\/strong><\/p>\n","protected":false},"featured_media":6720,"comment_status":"open","ping_status":"closed","template":"","meta":[],"product_brand":[],"product_cat":[141,146],"product_tag":[],"class_list":{"0":"post-6835","1":"product","2":"type-product","3":"status-publish","4":"has-post-thumbnail","6":"product_cat-sublimadores","7":"product_cat-super-profesional","9":"first","10":"instock","11":"featured","12":"taxable","13":"shipping-taxable","14":"purchasable","15":"product-type-simple"},"yoast_head":"<!-- This site is optimized with the Yoast SEO plugin v27.3 - https:\/\/yoast.com\/product\/yoast-seo-wordpress\/ -->\n<title>HandyOX - Sublimador - CBE SRL<\/title>\n<meta name=\"robots\" content=\"index, follow, max-snippet:-1, max-image-preview:large, max-video-preview:-1\" \/>\n<link rel=\"canonical\" href=\"https:\/\/cbesrl.net\/prodotti\/sublimatori\/super-professionale\/handyox-sublimatore\/\" \/>\n<meta property=\"og:locale\" content=\"es_ES\" \/>\n<meta property=\"og:type\" content=\"article\" \/>\n<meta property=\"og:title\" content=\"HandyOX - Sublimador - CBE SRL\" \/>\n<meta property=\"og:description\" content=\"Sublimador de \u00e1cido ox\u00e1lico mega pro, para colmenas simples o dobles  Sublimador que puede contener, una vez lleno, 2,7\/3 g, la dosis recomendada para una sola familia.  Sublimador que monta una bater\u00eda, Dewalt o Makita a elecci\u00f3n del cliente, de 18V y 5A (bater\u00eda no suministrada).\" \/>\n<meta property=\"og:url\" content=\"https:\/\/cbesrl.net\/prodotti\/sublimatori\/super-professionale\/handyox-sublimatore\/\" \/>\n<meta property=\"og:site_name\" content=\"CBE SRL\" \/>\n<meta property=\"article:modified_time\" content=\"2025-06-30T22:00:05+00:00\" \/>\n<meta property=\"og:image\" content=\"https:\/\/cbesrl.net\/wp-content\/uploads\/2025\/02\/handy-ox-ok-scaled-e1739269538889.jpg\" \/>\n\t<meta property=\"og:image:width\" content=\"2560\" \/>\n\t<meta property=\"og:image:height\" content=\"1441\" \/>\n\t<meta property=\"og:image:type\" content=\"image\/jpeg\" \/>\n<meta name=\"twitter:card\" content=\"summary_large_image\" \/>\n<meta name=\"twitter:label1\" content=\"Tiempo de lectura\" \/>\n\t<meta name=\"twitter:data1\" content=\"1 minuto\" \/>\n<script type=\"application\/ld+json\" class=\"yoast-schema-graph\">{\"@context\":\"https:\\\/\\\/schema.org\",\"@graph\":[{\"@type\":\"WebPage\",\"@id\":\"https:\\\/\\\/cbesrl.net\\\/prodotti\\\/sublimatori\\\/super-professionale\\\/handyox-sublimatore\\\/\",\"url\":\"https:\\\/\\\/cbesrl.net\\\/prodotti\\\/sublimatori\\\/super-professionale\\\/handyox-sublimatore\\\/\",\"name\":\"HandyOX - Sublimador - CBE SRL\",\"isPartOf\":{\"@id\":\"https:\\\/\\\/cbesrl.net\\\/#website\"},\"primaryImageOfPage\":{\"@id\":\"https:\\\/\\\/cbesrl.net\\\/prodotti\\\/sublimatori\\\/super-professionale\\\/handyox-sublimatore\\\/#primaryimage\"},\"image\":{\"@id\":\"https:\\\/\\\/cbesrl.net\\\/prodotti\\\/sublimatori\\\/super-professionale\\\/handyox-sublimatore\\\/#primaryimage\"},\"thumbnailUrl\":\"https:\\\/\\\/cbesrl.net\\\/wp-content\\\/uploads\\\/2025\\\/02\\\/handy-ox-ok-scaled-e1739269538889.jpg\",\"datePublished\":\"2025-04-11T10:00:16+00:00\",\"dateModified\":\"2025-06-30T22:00:05+00:00\",\"breadcrumb\":{\"@id\":\"https:\\\/\\\/cbesrl.net\\\/prodotti\\\/sublimatori\\\/super-professionale\\\/handyox-sublimatore\\\/#breadcrumb\"},\"inLanguage\":\"es\",\"potentialAction\":[{\"@type\":\"ReadAction\",\"target\":[\"https:\\\/\\\/cbesrl.net\\\/prodotti\\\/sublimatori\\\/super-professionale\\\/handyox-sublimatore\\\/\"]}]},{\"@type\":\"ImageObject\",\"inLanguage\":\"es\",\"@id\":\"https:\\\/\\\/cbesrl.net\\\/prodotti\\\/sublimatori\\\/super-professionale\\\/handyox-sublimatore\\\/#primaryimage\",\"url\":\"https:\\\/\\\/cbesrl.net\\\/wp-content\\\/uploads\\\/2025\\\/02\\\/handy-ox-ok-scaled-e1739269538889.jpg\",\"contentUrl\":\"https:\\\/\\\/cbesrl.net\\\/wp-content\\\/uploads\\\/2025\\\/02\\\/handy-ox-ok-scaled-e1739269538889.jpg\",\"width\":2560,\"height\":1441},{\"@type\":\"BreadcrumbList\",\"@id\":\"https:\\\/\\\/cbesrl.net\\\/prodotti\\\/sublimatori\\\/super-professionale\\\/handyox-sublimatore\\\/#breadcrumb\",\"itemListElement\":[{\"@type\":\"ListItem\",\"position\":1,\"name\":\"Home\",\"item\":\"https:\\\/\\\/cbesrl.net\\\/new-home\\\/\"},{\"@type\":\"ListItem\",\"position\":2,\"name\":\"Shop\",\"item\":\"https:\\\/\\\/cbesrl.net\\\/shop\\\/\"},{\"@type\":\"ListItem\",\"position\":3,\"name\":\"HandyOX &#8211; Sublimador\"}]},{\"@type\":\"WebSite\",\"@id\":\"https:\\\/\\\/cbesrl.net\\\/#website\",\"url\":\"https:\\\/\\\/cbesrl.net\\\/\",\"name\":\"CBE SRL\",\"description\":\"\",\"publisher\":{\"@id\":\"https:\\\/\\\/cbesrl.net\\\/#organization\"},\"potentialAction\":[{\"@type\":\"SearchAction\",\"target\":{\"@type\":\"EntryPoint\",\"urlTemplate\":\"https:\\\/\\\/cbesrl.net\\\/?s={search_term_string}\"},\"query-input\":{\"@type\":\"PropertyValueSpecification\",\"valueRequired\":true,\"valueName\":\"search_term_string\"}}],\"inLanguage\":\"es\"},{\"@type\":\"Organization\",\"@id\":\"https:\\\/\\\/cbesrl.net\\\/#organization\",\"name\":\"CBE SRL\",\"url\":\"https:\\\/\\\/cbesrl.net\\\/\",\"logo\":{\"@type\":\"ImageObject\",\"inLanguage\":\"es\",\"@id\":\"https:\\\/\\\/cbesrl.net\\\/#\\\/schema\\\/logo\\\/image\\\/\",\"url\":\"https:\\\/\\\/cbesrl.net\\\/wp-content\\\/uploads\\\/2022\\\/01\\\/cropped-cropped-home1-01logo-1-1.png\",\"contentUrl\":\"https:\\\/\\\/cbesrl.net\\\/wp-content\\\/uploads\\\/2022\\\/01\\\/cropped-cropped-home1-01logo-1-1.png\",\"width\":1200,\"height\":447,\"caption\":\"CBE SRL\"},\"image\":{\"@id\":\"https:\\\/\\\/cbesrl.net\\\/#\\\/schema\\\/logo\\\/image\\\/\"}}]}<\/script>\n<!-- \/ Yoast SEO plugin. -->","yoast_head_json":{"title":"HandyOX - Sublimador - CBE SRL","robots":{"index":"index","follow":"follow","max-snippet":"max-snippet:-1","max-image-preview":"max-image-preview:large","max-video-preview":"max-video-preview:-1"},"canonical":"https:\/\/cbesrl.net\/prodotti\/sublimatori\/super-professionale\/handyox-sublimatore\/","og_locale":"es_ES","og_type":"article","og_title":"HandyOX - Sublimador - CBE SRL","og_description":"Sublimador de \u00e1cido ox\u00e1lico mega pro, para colmenas simples o dobles  Sublimador que puede contener, una vez lleno, 2,7\/3 g, la dosis recomendada para una sola familia.  Sublimador que monta una bater\u00eda, Dewalt o Makita a elecci\u00f3n del cliente, de 18V y 5A (bater\u00eda no suministrada).","og_url":"https:\/\/cbesrl.net\/prodotti\/sublimatori\/super-professionale\/handyox-sublimatore\/","og_site_name":"CBE SRL","article_modified_time":"2025-06-30T22:00:05+00:00","og_image":[{"width":2560,"height":1441,"url":"https:\/\/cbesrl.net\/wp-content\/uploads\/2025\/02\/handy-ox-ok-scaled-e1739269538889.jpg","type":"image\/jpeg"}],"twitter_card":"summary_large_image","twitter_misc":{"Tiempo de lectura":"1 minuto"},"schema":{"@context":"https:\/\/schema.org","@graph":[{"@type":"WebPage","@id":"https:\/\/cbesrl.net\/prodotti\/sublimatori\/super-professionale\/handyox-sublimatore\/","url":"https:\/\/cbesrl.net\/prodotti\/sublimatori\/super-professionale\/handyox-sublimatore\/","name":"HandyOX - Sublimador - CBE SRL","isPartOf":{"@id":"https:\/\/cbesrl.net\/#website"},"primaryImageOfPage":{"@id":"https:\/\/cbesrl.net\/prodotti\/sublimatori\/super-professionale\/handyox-sublimatore\/#primaryimage"},"image":{"@id":"https:\/\/cbesrl.net\/prodotti\/sublimatori\/super-professionale\/handyox-sublimatore\/#primaryimage"},"thumbnailUrl":"https:\/\/cbesrl.net\/wp-content\/uploads\/2025\/02\/handy-ox-ok-scaled-e1739269538889.jpg","datePublished":"2025-04-11T10:00:16+00:00","dateModified":"2025-06-30T22:00:05+00:00","breadcrumb":{"@id":"https:\/\/cbesrl.net\/prodotti\/sublimatori\/super-professionale\/handyox-sublimatore\/#breadcrumb"},"inLanguage":"es","potentialAction":[{"@type":"ReadAction","target":["https:\/\/cbesrl.net\/prodotti\/sublimatori\/super-professionale\/handyox-sublimatore\/"]}]},{"@type":"ImageObject","inLanguage":"es","@id":"https:\/\/cbesrl.net\/prodotti\/sublimatori\/super-professionale\/handyox-sublimatore\/#primaryimage","url":"https:\/\/cbesrl.net\/wp-content\/uploads\/2025\/02\/handy-ox-ok-scaled-e1739269538889.jpg","contentUrl":"https:\/\/cbesrl.net\/wp-content\/uploads\/2025\/02\/handy-ox-ok-scaled-e1739269538889.jpg","width":2560,"height":1441},{"@type":"BreadcrumbList","@id":"https:\/\/cbesrl.net\/prodotti\/sublimatori\/super-professionale\/handyox-sublimatore\/#breadcrumb","itemListElement":[{"@type":"ListItem","position":1,"name":"Home","item":"https:\/\/cbesrl.net\/new-home\/"},{"@type":"ListItem","position":2,"name":"Shop","item":"https:\/\/cbesrl.net\/shop\/"},{"@type":"ListItem","position":3,"name":"HandyOX &#8211; Sublimador"}]},{"@type":"WebSite","@id":"https:\/\/cbesrl.net\/#website","url":"https:\/\/cbesrl.net\/","name":"CBE SRL","description":"","publisher":{"@id":"https:\/\/cbesrl.net\/#organization"},"potentialAction":[{"@type":"SearchAction","target":{"@type":"EntryPoint","urlTemplate":"https:\/\/cbesrl.net\/?s={search_term_string}"},"query-input":{"@type":"PropertyValueSpecification","valueRequired":true,"valueName":"search_term_string"}}],"inLanguage":"es"},{"@type":"Organization","@id":"https:\/\/cbesrl.net\/#organization","name":"CBE SRL","url":"https:\/\/cbesrl.net\/","logo":{"@type":"ImageObject","inLanguage":"es","@id":"https:\/\/cbesrl.net\/#\/schema\/logo\/image\/","url":"https:\/\/cbesrl.net\/wp-content\/uploads\/2022\/01\/cropped-cropped-home1-01logo-1-1.png","contentUrl":"https:\/\/cbesrl.net\/wp-content\/uploads\/2022\/01\/cropped-cropped-home1-01logo-1-1.png","width":1200,"height":447,"caption":"CBE SRL"},"image":{"@id":"https:\/\/cbesrl.net\/#\/schema\/logo\/image\/"}}]}},"_links":{"self":[{"href":"https:\/\/cbesrl.net\/es\/wp-json\/wp\/v2\/product\/6835","targetHints":{"allow":["GET"]}}],"collection":[{"href":"https:\/\/cbesrl.net\/es\/wp-json\/wp\/v2\/product"}],"about":[{"href":"https:\/\/cbesrl.net\/es\/wp-json\/wp\/v2\/types\/product"}],"replies":[{"embeddable":true,"href":"https:\/\/cbesrl.net\/es\/wp-json\/wp\/v2\/comments?post=6835"}],"wp:featuredmedia":[{"embeddable":true,"href":"https:\/\/cbesrl.net\/es\/wp-json\/wp\/v2\/media\/6720"}],"wp:attachment":[{"href":"https:\/\/cbesrl.net\/es\/wp-json\/wp\/v2\/media?parent=6835"}],"wp:term":[{"taxonomy":"product_brand","embeddable":true,"href":"https:\/\/cbesrl.net\/es\/wp-json\/wp\/v2\/product_brand?post=6835"},{"taxonomy":"product_cat","embeddable":true,"href":"https:\/\/cbesrl.net\/es\/wp-json\/wp\/v2\/product_cat?post=6835"},{"taxonomy":"product_tag","embeddable":true,"href":"https:\/\/cbesrl.net\/es\/wp-json\/wp\/v2\/product_tag?post=6835"}],"curies":[{"name":"wp","href":"https:\/\/api.w.org\/{rel}","templated":true}]}}