{"id":5776,"date":"2024-04-17T11:10:40","date_gmt":"2024-04-17T09:10:40","guid":{"rendered":"https:\/\/cbesrl.net\/conditions-generales-de-vente\/"},"modified":"2024-04-17T11:10:40","modified_gmt":"2024-04-17T09:10:40","slug":"conditions-generales-de-vente","status":"publish","type":"page","link":"https:\/\/cbesrl.net\/fr\/conditions-generales-de-vente\/","title":{"rendered":"Conditions g\u00e9n\u00e9rales de vente"},"content":{"rendered":"\t\t<div data-elementor-type=\"wp-page\" data-elementor-id=\"5776\" class=\"elementor elementor-5776 elementor-4027\" data-elementor-post-type=\"page\">\n\t\t\t\t\t\t<section class=\"elementor-section elementor-top-section elementor-element elementor-element-9725c90 elementor-section-full_width elementor-section-height-default elementor-section-height-default\" data-id=\"9725c90\" data-element_type=\"section\" data-e-type=\"section\">\n\t\t\t\t\t\t<div class=\"elementor-container elementor-column-gap-no\">\n\t\t\t\t\t<div class=\"elementor-column elementor-col-100 elementor-top-column elementor-element elementor-element-383a61d\" data-id=\"383a61d\" data-element_type=\"column\" data-e-type=\"column\">\n\t\t\t<div class=\"elementor-widget-wrap elementor-element-populated\">\n\t\t\t\t\t\t<div class=\"elementor-element elementor-element-6cd6978 elementor-widget elementor-widget-template\" data-id=\"6cd6978\" data-element_type=\"widget\" data-e-type=\"widget\" data-widget_type=\"template.default\">\n\t\t\t\t<div class=\"elementor-widget-container\">\n\t\t\t\t\t\t\t<div class=\"elementor-template\">\n\t\t\t\t\t<div data-elementor-type=\"section\" data-elementor-id=\"441\" class=\"elementor elementor-441\" data-elementor-post-type=\"elementor_library\">\n\t\t\t\t\t<section class=\"elementor-section elementor-top-section elementor-element elementor-element-c0a9c8e elementor-section-height-min-height elementor-section-stretched elementor-section-boxed elementor-section-height-default elementor-section-items-middle\" data-id=\"c0a9c8e\" data-element_type=\"section\" data-e-type=\"section\" data-settings=\"{&quot;background_background&quot;:&quot;classic&quot;,&quot;stretch_section&quot;:&quot;section-stretched&quot;,&quot;background_motion_fx_motion_fx_scrolling&quot;:&quot;yes&quot;,&quot;background_motion_fx_translateY_effect&quot;:&quot;yes&quot;,&quot;background_motion_fx_translateY_speed&quot;:{&quot;unit&quot;:&quot;px&quot;,&quot;size&quot;:4,&quot;sizes&quot;:[]},&quot;background_motion_fx_translateY_affectedRange&quot;:{&quot;unit&quot;:&quot;%&quot;,&quot;size&quot;:&quot;&quot;,&quot;sizes&quot;:{&quot;start&quot;:0,&quot;end&quot;:100}},&quot;background_motion_fx_devices&quot;:[&quot;desktop&quot;,&quot;tablet&quot;,&quot;mobile&quot;]}\">\n\t\t\t\t\t\t\t<div class=\"elementor-background-overlay\"><\/div>\n\t\t\t\t\t\t\t<div class=\"elementor-container elementor-column-gap-no\">\n\t\t\t\t\t<div class=\"elementor-column elementor-col-100 elementor-top-column elementor-element elementor-element-d17b142\" data-id=\"d17b142\" data-element_type=\"column\" data-e-type=\"column\">\n\t\t\t<div class=\"elementor-widget-wrap elementor-element-populated\">\n\t\t\t\t\t\t<div class=\"elementor-element elementor-element-3a99725 elementor-widget elementor-widget-heading\" data-id=\"3a99725\" data-element_type=\"widget\" data-e-type=\"widget\" data-widget_type=\"heading.default\">\n\t\t\t\t<div class=\"elementor-widget-container\">\n\t\t\t\t\t<h2 class=\"elementor-heading-title elementor-size-default\">Conditions g\u00e9n\u00e9rales de vente<\/h2>\t\t\t\t<\/div>\n\t\t\t\t<\/div>\n\t\t\t\t\t<\/div>\n\t\t<\/div>\n\t\t\t\t\t<\/div>\n\t\t<\/section>\n\t\t\t\t<\/div>\n\t\t\t\t<\/div>\n\t\t\t\t\t\t<\/div>\n\t\t\t\t<\/div>\n\t\t\t\t\t<\/div>\n\t\t<\/div>\n\t\t\t\t\t<\/div>\n\t\t<\/section>\n\t\t\t\t<section class=\"elementor-section elementor-top-section elementor-element elementor-element-602d3fd elementor-section-boxed elementor-section-height-default elementor-section-height-default\" data-id=\"602d3fd\" data-element_type=\"section\" data-e-type=\"section\">\n\t\t\t\t\t\t<div class=\"elementor-container elementor-column-gap-default\">\n\t\t\t\t\t<div class=\"elementor-column elementor-col-100 elementor-top-column elementor-element elementor-element-576b4c4\" data-id=\"576b4c4\" data-element_type=\"column\" data-e-type=\"column\">\n\t\t\t<div class=\"elementor-widget-wrap elementor-element-populated\">\n\t\t\t\t\t\t<div class=\"elementor-element elementor-element-fb82959 elementor-widget elementor-widget-text-editor\" data-id=\"fb82959\" data-element_type=\"widget\" data-e-type=\"widget\" data-widget_type=\"text-editor.default\">\n\t\t\t\t<div class=\"elementor-widget-container\">\n\t\t\t\t\t\t\t\t\t<p>Conditions G\u00e9n\u00e9rales de Vente<\/p>\n<p>1. <b>Acceptation des Conditions<\/b><br \/>Les pr\u00e9sentes Conditions G\u00e9n\u00e9rales de Vente r\u00e9gissent la relation entre le client et notre boutique en ligne. En passant une commande, vous acceptez d&rsquo;\u00eatre li\u00e9 par ces conditions. Veuillez lire attentivement les Conditions G\u00e9n\u00e9rales de Vente avant d&rsquo;effectuer un achat.<\/p>\n<p>2.<b> Informations sur le Vendeur<\/b><br \/>Le vendeur est CBE s.r.l., dont le si\u00e8ge social est \u00e0 Via Lazio, 13 36015 Santorso VI Italie, num\u00e9ro de TVA\u00a0<span style=\"color: var( --e-global-color-46ca63a ); font-size: 1rem;\">03272120241<\/span><span style=\"color : var( --e-global-color-46ca63a ); taille de police\u00a0: 1rem;\">. Vous pouvez nous contacter via\u00a0<\/span><a style=\"background-color: #ffffff; color: #333366;\" href=\"mailto:info@cbesrl.net\">info@cbesrl.net<\/a><span style=\"color: var( --e-global-color-46ca63a ); font-size: 1rem;\">\u00a0o <\/span>0445 069080<span style=\"color: var( --e-global-color-46ca63a ); font-size: 1rem;\">\u00a0pour obtenir de l&rsquo;aide ou des informations suppl\u00e9mentaires.<\/span><\/p>\n<p >3. <b>Produits et descriptions<\/b><br \/>Nous faisons de notre mieux pour fournir des descriptions pr\u00e9cises et d\u00e9taill\u00e9es des produits dans notre boutique en ligne. Toutefois, des erreurs ou des inexactitudes peuvent survenir. Si un produit ne correspond pas \u00e0 la description, contactez-nous imm\u00e9diatement pour une solution.<\/p>\n<p>4. <b>Prix et paiements<\/b><br \/>Les prix des produits sont indiqu\u00e9s dans notre boutique en ligne et sont exprim\u00e9s en euros, sauf indication contraire. Les frais d&rsquo;exp\u00e9dition et toutes taxes ou droits suppl\u00e9mentaires seront pr\u00e9cis\u00e9s lors du processus d&rsquo;achat. <\/p>\n<p>5. <b>Processus d&rsquo;achat<\/b><br \/>Pour effectuer un achat dans notre boutique en ligne, ajoutez les produits souhait\u00e9s au panier et suivez les instructions pour finaliser la commande. Pendant le processus d&rsquo;achat, veuillez fournir les informations demand\u00e9es de mani\u00e8re pr\u00e9cise et compl\u00e8te. Une fois que vous avez pass\u00e9 votre commande, vous recevrez une confirmation par e-mail avec les d\u00e9tails de l&rsquo;achat.<\/p>\n<p>6. <b>Exp\u00e9dition et livraison<\/b><br \/>Les m\u00e9thodes et d\u00e9lais d&rsquo;exp\u00e9dition seront indiqu\u00e9s dans nos informations d&rsquo;exp\u00e9dition. Nous ferons de notre mieux pour livrer les commandes le plus rapidement possible, mais nous ne pouvons \u00eatre tenus responsables de tout retard caus\u00e9 par des circonstances ind\u00e9pendantes de notre volont\u00e9.<\/p>\n<p>7. <b>Droits de r\u00e9tractation<\/b><br \/>Comme l&rsquo;exige la loi applicable, vous avez le droit de vous r\u00e9tracter de l&rsquo;achat dans les 14 jours suivant la r\u00e9ception des produits. Pour exercer ce droit, contactez-nous dans le d\u00e9lai indiqu\u00e9 et nous vous fournirons les instructions de retour. Les produits retourn\u00e9s doivent \u00eatre dans le m\u00eame \u00e9tat dans lequel ils ont \u00e9t\u00e9 re\u00e7us.<\/p>\n<p>8. <b>Limitation de responsabilit\u00e9<\/b><br \/>Dans toute la mesure permise par la loi, notre boutique en ligne ne sera pas responsable de tout dommage direct, indirect, sp\u00e9cial, cons\u00e9cutif ou autre d\u00e9coulant de l&rsquo;utilisation de nos produits ou services. .<\/p>\n<p>9. <b>Protection des donn\u00e9es personnelles<\/b><br \/>Nous traitons vos donn\u00e9es personnelles conform\u00e9ment aux lois applicables en mati\u00e8re de confidentialit\u00e9. Veuillez consulter notre Politique de confidentialit\u00e9 pour plus d&rsquo;informations sur la fa\u00e7on dont nous g\u00e9rons et prot\u00e9geons vos donn\u00e9es.<\/p>\n<p>10. <b>Modifications des Conditions<\/b><br \/>Nous nous r\u00e9servons le droit de modifier les pr\u00e9sentes Conditions G\u00e9n\u00e9rales de Vente \u00e0 tout moment. Les modifications entreront en vigueur d\u00e8s leur publication dans notre boutique en ligne. Nous vous recommandons de v\u00e9rifier r\u00e9guli\u00e8rement les mises \u00e0 jour.<\/p>\n<p>Ceci sont les Conditions G\u00e9n\u00e9rales de Vente de notre boutique en ligne. En acceptant ces conditions, vous confirmez que vous \u00eates l\u00e9galement autoris\u00e9 \u00e0 effectuer des achats dans notre boutique. Merci de votre confiance et d&rsquo;avoir choisi nos produits.<\/p>\n\t\t\t\t\t\t\t\t<\/div>\n\t\t\t\t<\/div>\n\t\t\t\t\t<\/div>\n\t\t<\/div>\n\t\t\t\t\t<\/div>\n\t\t<\/section>\n\t\t\t\t<section class=\"elementor-section elementor-top-section elementor-element elementor-element-f338bca elementor-section-boxed elementor-section-height-default elementor-section-height-default\" data-id=\"f338bca\" data-element_type=\"section\" data-e-type=\"section\" data-settings=\"{&quot;background_background&quot;:&quot;classic&quot;}\">\n\t\t\t\t\t\t<div class=\"elementor-container elementor-column-gap-default\">\n\t\t\t\t\t<div class=\"elementor-column elementor-col-100 elementor-top-column elementor-element elementor-element-a464257\" data-id=\"a464257\" data-element_type=\"column\" data-e-type=\"column\">\n\t\t\t<div class=\"elementor-widget-wrap elementor-element-populated\">\n\t\t\t\t\t\t<section class=\"elementor-section elementor-inner-section elementor-element elementor-element-30f9aa7 elementor-section-boxed elementor-section-height-default elementor-section-height-default\" data-id=\"30f9aa7\" data-element_type=\"section\" data-e-type=\"section\">\n\t\t\t\t\t\t<div class=\"elementor-container elementor-column-gap-default\">\n\t\t\t\t\t<div class=\"elementor-column elementor-col-100 elementor-inner-column elementor-element elementor-element-4ea9edb\" data-id=\"4ea9edb\" data-element_type=\"column\" data-e-type=\"column\">\n\t\t\t<div class=\"elementor-widget-wrap elementor-element-populated\">\n\t\t\t\t\t\t<div class=\"elementor-element elementor-element-5788185 elementor-widget elementor-widget-heading\" data-id=\"5788185\" data-element_type=\"widget\" data-e-type=\"widget\" data-widget_type=\"heading.default\">\n\t\t\t\t<div class=\"elementor-widget-container\">\n\t\t\t\t\t<h2 class=\"elementor-heading-title elementor-size-default\">Contactez-nous<\/h2>\t\t\t\t<\/div>\n\t\t\t\t<\/div>\n\t\t\t\t\t<\/div>\n\t\t<\/div>\n\t\t\t\t\t<\/div>\n\t\t<\/section>\n\t\t\t\t<section class=\"elementor-section elementor-inner-section elementor-element elementor-element-5d83ea8 elementor-section-boxed elementor-section-height-default elementor-section-height-default\" data-id=\"5d83ea8\" data-element_type=\"section\" data-e-type=\"section\">\n\t\t\t\t\t\t<div class=\"elementor-container elementor-column-gap-default\">\n\t\t\t\t\t<div class=\"elementor-column elementor-col-50 elementor-inner-column elementor-element elementor-element-e85a8bc\" data-id=\"e85a8bc\" data-element_type=\"column\" data-e-type=\"column\">\n\t\t\t<div class=\"elementor-widget-wrap elementor-element-populated\">\n\t\t\t\t\t\t<div class=\"elementor-element elementor-element-5a3463d elementor-widget elementor-widget-text-editor\" data-id=\"5a3463d\" data-element_type=\"widget\" data-e-type=\"widget\" data-widget_type=\"text-editor.default\">\n\t\t\t\t<div class=\"elementor-widget-container\">\n\t\t\t\t\t\t\t\t\t<p>G\u00e9n\u00e9ral<\/p>\n\t\t\t\t\t\t\t\t<\/div>\n\t\t\t\t<\/div>\n\t\t\t\t<div class=\"elementor-element elementor-element-634157a elementor-icon-list--layout-traditional elementor-list-item-link-full_width elementor-widget elementor-widget-icon-list\" data-id=\"634157a\" data-element_type=\"widget\" data-e-type=\"widget\" data-widget_type=\"icon-list.default\">\n\t\t\t\t<div class=\"elementor-widget-container\">\n\t\t\t\t\t\t\t<ul class=\"elementor-icon-list-items\">\n\t\t\t\t\t\t\t<li class=\"elementor-icon-list-item\">\n\t\t\t\t\t\t\t\t\t\t\t<a href=\"mailto:info@cbesrl.net\">\n\n\t\t\t\t\t\t\t\t\t\t\t\t<span class=\"elementor-icon-list-icon\">\n\t\t\t\t\t\t\t<i aria-hidden=\"true\" class=\"fas fa-envelope\"><\/i>\t\t\t\t\t\t<\/span>\n\t\t\t\t\t\t\t\t\t\t<span class=\"elementor-icon-list-text\">info@cbesrl.net<\/span>\n\t\t\t\t\t\t\t\t\t\t\t<\/a>\n\t\t\t\t\t\t\t\t\t<\/li>\n\t\t\t\t\t\t\t\t<li class=\"elementor-icon-list-item\">\n\t\t\t\t\t\t\t\t\t\t\t<a href=\"tel:+390445069080\">\n\n\t\t\t\t\t\t\t\t\t\t\t\t<span class=\"elementor-icon-list-icon\">\n\t\t\t\t\t\t\t<i aria-hidden=\"true\" class=\"fas fa-phone-square-alt\"><\/i>\t\t\t\t\t\t<\/span>\n\t\t\t\t\t\t\t\t\t\t<span class=\"elementor-icon-list-text\">+39 0445 069080<\/span>\n\t\t\t\t\t\t\t\t\t\t\t<\/a>\n\t\t\t\t\t\t\t\t\t<\/li>\n\t\t\t\t\t\t<\/ul>\n\t\t\t\t\t\t<\/div>\n\t\t\t\t<\/div>\n\t\t\t\t\t<\/div>\n\t\t<\/div>\n\t\t\t\t<div class=\"elementor-column elementor-col-50 elementor-inner-column elementor-element elementor-element-baba0b0\" data-id=\"baba0b0\" data-element_type=\"column\" data-e-type=\"column\">\n\t\t\t<div class=\"elementor-widget-wrap elementor-element-populated\">\n\t\t\t\t\t\t<div class=\"elementor-element elementor-element-2c49a9e elementor-widget elementor-widget-text-editor\" data-id=\"2c49a9e\" data-element_type=\"widget\" data-e-type=\"widget\" data-widget_type=\"text-editor.default\">\n\t\t\t\t<div class=\"elementor-widget-container\">\n\t\t\t\t\t\t\t\t\t<p>Service Technique \/ Achats:<\/p>\n\t\t\t\t\t\t\t\t<\/div>\n\t\t\t\t<\/div>\n\t\t\t\t<div class=\"elementor-element elementor-element-2617c16 elementor-icon-list--layout-traditional elementor-list-item-link-full_width elementor-widget elementor-widget-icon-list\" data-id=\"2617c16\" data-element_type=\"widget\" data-e-type=\"widget\" data-widget_type=\"icon-list.default\">\n\t\t\t\t<div class=\"elementor-widget-container\">\n\t\t\t\t\t\t\t<ul class=\"elementor-icon-list-items\">\n\t\t\t\t\t\t\t<li class=\"elementor-icon-list-item\">\n\t\t\t\t\t\t\t\t\t\t\t<a href=\"mailto:tech@cbesrl.net\">\n\n\t\t\t\t\t\t\t\t\t\t\t\t<span class=\"elementor-icon-list-icon\">\n\t\t\t\t\t\t\t<i aria-hidden=\"true\" class=\"fas fa-envelope\"><\/i>\t\t\t\t\t\t<\/span>\n\t\t\t\t\t\t\t\t\t\t<span class=\"elementor-icon-list-text\">tech@cbesrl.net<\/span>\n\t\t\t\t\t\t\t\t\t\t\t<\/a>\n\t\t\t\t\t\t\t\t\t<\/li>\n\t\t\t\t\t\t\t\t<li class=\"elementor-icon-list-item\">\n\t\t\t\t\t\t\t\t\t\t\t<a href=\"tel:+390445069080\">\n\n\t\t\t\t\t\t\t\t\t\t\t\t<span class=\"elementor-icon-list-icon\">\n\t\t\t\t\t\t\t<i aria-hidden=\"true\" class=\"fas fa-phone-square-alt\"><\/i>\t\t\t\t\t\t<\/span>\n\t\t\t\t\t\t\t\t\t\t<span class=\"elementor-icon-list-text\">+39 0445 069080<\/span>\n\t\t\t\t\t\t\t\t\t\t\t<\/a>\n\t\t\t\t\t\t\t\t\t<\/li>\n\t\t\t\t\t\t<\/ul>\n\t\t\t\t\t\t<\/div>\n\t\t\t\t<\/div>\n\t\t\t\t\t<\/div>\n\t\t<\/div>\n\t\t\t\t\t<\/div>\n\t\t<\/section>\n\t\t\t\t\t<\/div>\n\t\t<\/div>\n\t\t\t\t\t<\/div>\n\t\t<\/section>\n\t\t\t\t<\/div>\n\t\t","protected":false},"excerpt":{"rendered":"<p>Conditions G\u00e9n\u00e9rales de Vente 1. Acceptation des ConditionsLes pr\u00e9sentes Conditions G\u00e9n\u00e9rales de Vente r\u00e9gissent la relation entre le client et notre boutique en ligne. En passant une commande, vous acceptez d&rsquo;\u00eatre li\u00e9 par ces conditions. Veuillez lire attentivement les Conditions G\u00e9n\u00e9rales de Vente avant d&rsquo;effectuer un achat. 2. Informations sur le VendeurLe vendeur est CBE [&hellip;]<\/p>\n","protected":false},"author":1,"featured_media":0,"parent":0,"menu_order":0,"comment_status":"closed","ping_status":"closed","template":"","meta":{"footnotes":""},"class_list":["post-5776","page","type-page","status-publish","hentry"],"yoast_head":"<!-- This site is optimized with the Yoast SEO plugin v27.3 - https:\/\/yoast.com\/product\/yoast-seo-wordpress\/ -->\n<title>Conditions g\u00e9n\u00e9rales de vente - CBE SRL<\/title>\n<meta name=\"robots\" content=\"index, follow, max-snippet:-1, max-image-preview:large, max-video-preview:-1\" \/>\n<link rel=\"canonical\" href=\"https:\/\/cbesrl.net\/condizioni-generali-di-vendita\/\" \/>\n<meta property=\"og:locale\" content=\"fr_FR\" \/>\n<meta property=\"og:type\" content=\"article\" \/>\n<meta property=\"og:title\" content=\"Conditions g\u00e9n\u00e9rales de vente - CBE SRL\" \/>\n<meta property=\"og:description\" content=\"Conditions G\u00e9n\u00e9rales de Vente 1. Acceptation des ConditionsLes pr\u00e9sentes Conditions G\u00e9n\u00e9rales de Vente r\u00e9gissent la relation entre le client et notre boutique en ligne. En passant une commande, vous acceptez d&rsquo;\u00eatre li\u00e9 par ces conditions. Veuillez lire attentivement les Conditions G\u00e9n\u00e9rales de Vente avant d&rsquo;effectuer un achat. 2. Informations sur le VendeurLe vendeur est CBE [&hellip;]\" \/>\n<meta property=\"og:url\" content=\"https:\/\/cbesrl.net\/condizioni-generali-di-vendita\/\" \/>\n<meta property=\"og:site_name\" content=\"CBE SRL\" \/>\n<meta name=\"twitter:card\" content=\"summary_large_image\" \/>\n<meta name=\"twitter:label1\" content=\"Dur\u00e9e de lecture estim\u00e9e\" \/>\n\t<meta name=\"twitter:data1\" content=\"3 minutes\" \/>\n<script type=\"application\/ld+json\" class=\"yoast-schema-graph\">{\"@context\":\"https:\\\/\\\/schema.org\",\"@graph\":[{\"@type\":\"WebPage\",\"@id\":\"https:\\\/\\\/cbesrl.net\\\/condizioni-generali-di-vendita\\\/\",\"url\":\"https:\\\/\\\/cbesrl.net\\\/condizioni-generali-di-vendita\\\/\",\"name\":\"Conditions g\u00e9n\u00e9rales de vente - CBE SRL\",\"isPartOf\":{\"@id\":\"https:\\\/\\\/cbesrl.net\\\/#website\"},\"datePublished\":\"2024-04-17T09:10:40+00:00\",\"breadcrumb\":{\"@id\":\"https:\\\/\\\/cbesrl.net\\\/condizioni-generali-di-vendita\\\/#breadcrumb\"},\"inLanguage\":\"fr-FR\",\"potentialAction\":[{\"@type\":\"ReadAction\",\"target\":[\"https:\\\/\\\/cbesrl.net\\\/condizioni-generali-di-vendita\\\/\"]}]},{\"@type\":\"BreadcrumbList\",\"@id\":\"https:\\\/\\\/cbesrl.net\\\/condizioni-generali-di-vendita\\\/#breadcrumb\",\"itemListElement\":[{\"@type\":\"ListItem\",\"position\":1,\"name\":\"Home\",\"item\":\"https:\\\/\\\/cbesrl.net\\\/new-home\\\/\"},{\"@type\":\"ListItem\",\"position\":2,\"name\":\"Conditions g\u00e9n\u00e9rales de vente\"}]},{\"@type\":\"WebSite\",\"@id\":\"https:\\\/\\\/cbesrl.net\\\/#website\",\"url\":\"https:\\\/\\\/cbesrl.net\\\/\",\"name\":\"CBE SRL\",\"description\":\"\",\"publisher\":{\"@id\":\"https:\\\/\\\/cbesrl.net\\\/#organization\"},\"potentialAction\":[{\"@type\":\"SearchAction\",\"target\":{\"@type\":\"EntryPoint\",\"urlTemplate\":\"https:\\\/\\\/cbesrl.net\\\/?s={search_term_string}\"},\"query-input\":{\"@type\":\"PropertyValueSpecification\",\"valueRequired\":true,\"valueName\":\"search_term_string\"}}],\"inLanguage\":\"fr-FR\"},{\"@type\":\"Organization\",\"@id\":\"https:\\\/\\\/cbesrl.net\\\/#organization\",\"name\":\"CBE SRL\",\"url\":\"https:\\\/\\\/cbesrl.net\\\/\",\"logo\":{\"@type\":\"ImageObject\",\"inLanguage\":\"fr-FR\",\"@id\":\"https:\\\/\\\/cbesrl.net\\\/#\\\/schema\\\/logo\\\/image\\\/\",\"url\":\"https:\\\/\\\/cbesrl.net\\\/wp-content\\\/uploads\\\/2022\\\/01\\\/cropped-cropped-home1-01logo-1-1.png\",\"contentUrl\":\"https:\\\/\\\/cbesrl.net\\\/wp-content\\\/uploads\\\/2022\\\/01\\\/cropped-cropped-home1-01logo-1-1.png\",\"width\":1200,\"height\":447,\"caption\":\"CBE SRL\"},\"image\":{\"@id\":\"https:\\\/\\\/cbesrl.net\\\/#\\\/schema\\\/logo\\\/image\\\/\"}}]}<\/script>\n<!-- \/ Yoast SEO plugin. -->","yoast_head_json":{"title":"Conditions g\u00e9n\u00e9rales de vente - CBE SRL","robots":{"index":"index","follow":"follow","max-snippet":"max-snippet:-1","max-image-preview":"max-image-preview:large","max-video-preview":"max-video-preview:-1"},"canonical":"https:\/\/cbesrl.net\/condizioni-generali-di-vendita\/","og_locale":"fr_FR","og_type":"article","og_title":"Conditions g\u00e9n\u00e9rales de vente - CBE SRL","og_description":"Conditions G\u00e9n\u00e9rales de Vente 1. Acceptation des ConditionsLes pr\u00e9sentes Conditions G\u00e9n\u00e9rales de Vente r\u00e9gissent la relation entre le client et notre boutique en ligne. En passant une commande, vous acceptez d&rsquo;\u00eatre li\u00e9 par ces conditions. Veuillez lire attentivement les Conditions G\u00e9n\u00e9rales de Vente avant d&rsquo;effectuer un achat. 2. Informations sur le VendeurLe vendeur est CBE [&hellip;]","og_url":"https:\/\/cbesrl.net\/condizioni-generali-di-vendita\/","og_site_name":"CBE SRL","twitter_card":"summary_large_image","twitter_misc":{"Dur\u00e9e de lecture estim\u00e9e":"3 minutes"},"schema":{"@context":"https:\/\/schema.org","@graph":[{"@type":"WebPage","@id":"https:\/\/cbesrl.net\/condizioni-generali-di-vendita\/","url":"https:\/\/cbesrl.net\/condizioni-generali-di-vendita\/","name":"Conditions g\u00e9n\u00e9rales de vente - CBE SRL","isPartOf":{"@id":"https:\/\/cbesrl.net\/#website"},"datePublished":"2024-04-17T09:10:40+00:00","breadcrumb":{"@id":"https:\/\/cbesrl.net\/condizioni-generali-di-vendita\/#breadcrumb"},"inLanguage":"fr-FR","potentialAction":[{"@type":"ReadAction","target":["https:\/\/cbesrl.net\/condizioni-generali-di-vendita\/"]}]},{"@type":"BreadcrumbList","@id":"https:\/\/cbesrl.net\/condizioni-generali-di-vendita\/#breadcrumb","itemListElement":[{"@type":"ListItem","position":1,"name":"Home","item":"https:\/\/cbesrl.net\/new-home\/"},{"@type":"ListItem","position":2,"name":"Conditions g\u00e9n\u00e9rales de vente"}]},{"@type":"WebSite","@id":"https:\/\/cbesrl.net\/#website","url":"https:\/\/cbesrl.net\/","name":"CBE SRL","description":"","publisher":{"@id":"https:\/\/cbesrl.net\/#organization"},"potentialAction":[{"@type":"SearchAction","target":{"@type":"EntryPoint","urlTemplate":"https:\/\/cbesrl.net\/?s={search_term_string}"},"query-input":{"@type":"PropertyValueSpecification","valueRequired":true,"valueName":"search_term_string"}}],"inLanguage":"fr-FR"},{"@type":"Organization","@id":"https:\/\/cbesrl.net\/#organization","name":"CBE SRL","url":"https:\/\/cbesrl.net\/","logo":{"@type":"ImageObject","inLanguage":"fr-FR","@id":"https:\/\/cbesrl.net\/#\/schema\/logo\/image\/","url":"https:\/\/cbesrl.net\/wp-content\/uploads\/2022\/01\/cropped-cropped-home1-01logo-1-1.png","contentUrl":"https:\/\/cbesrl.net\/wp-content\/uploads\/2022\/01\/cropped-cropped-home1-01logo-1-1.png","width":1200,"height":447,"caption":"CBE SRL"},"image":{"@id":"https:\/\/cbesrl.net\/#\/schema\/logo\/image\/"}}]}},"_links":{"self":[{"href":"https:\/\/cbesrl.net\/fr\/wp-json\/wp\/v2\/pages\/5776","targetHints":{"allow":["GET"]}}],"collection":[{"href":"https:\/\/cbesrl.net\/fr\/wp-json\/wp\/v2\/pages"}],"about":[{"href":"https:\/\/cbesrl.net\/fr\/wp-json\/wp\/v2\/types\/page"}],"author":[{"embeddable":true,"href":"https:\/\/cbesrl.net\/fr\/wp-json\/wp\/v2\/users\/1"}],"replies":[{"embeddable":true,"href":"https:\/\/cbesrl.net\/fr\/wp-json\/wp\/v2\/comments?post=5776"}],"version-history":[{"count":1,"href":"https:\/\/cbesrl.net\/fr\/wp-json\/wp\/v2\/pages\/5776\/revisions"}],"predecessor-version":[{"id":5777,"href":"https:\/\/cbesrl.net\/fr\/wp-json\/wp\/v2\/pages\/5776\/revisions\/5777"}],"wp:attachment":[{"href":"https:\/\/cbesrl.net\/fr\/wp-json\/wp\/v2\/media?parent=5776"}],"curies":[{"name":"wp","href":"https:\/\/api.w.org\/{rel}","templated":true}]}}