{"id":7393,"date":"2025-07-16T16:07:10","date_gmt":"2025-07-16T14:07:10","guid":{"rendered":"https:\/\/cbesrl.net\/convoyeur-a-palettes\/"},"modified":"2025-07-16T17:44:06","modified_gmt":"2025-07-16T15:44:06","slug":"convoyeur-a-palettes","status":"publish","type":"page","link":"https:\/\/cbesrl.net\/fr\/machines-dautomatisation\/convoyeur-a-palettes\/","title":{"rendered":"CONVOYEUR \u00c0 PALETTES"},"content":{"rendered":"\t\t<div data-elementor-type=\"wp-page\" data-elementor-id=\"7393\" class=\"elementor elementor-7393 elementor-7157\" data-elementor-post-type=\"page\">\n\t\t\t\t\t\t<section class=\"elementor-section elementor-top-section elementor-element elementor-element-42f661b2 elementor-section-height-min-height elementor-section-stretched elementor-section-boxed elementor-section-height-default elementor-section-items-middle\" data-id=\"42f661b2\" data-element_type=\"section\" data-e-type=\"section\" data-settings=\"{&quot;background_background&quot;:&quot;classic&quot;,&quot;stretch_section&quot;:&quot;section-stretched&quot;,&quot;background_motion_fx_motion_fx_scrolling&quot;:&quot;yes&quot;,&quot;background_motion_fx_translateY_effect&quot;:&quot;yes&quot;,&quot;background_motion_fx_translateY_speed&quot;:{&quot;unit&quot;:&quot;px&quot;,&quot;size&quot;:4,&quot;sizes&quot;:[]},&quot;background_motion_fx_translateY_affectedRange&quot;:{&quot;unit&quot;:&quot;%&quot;,&quot;size&quot;:&quot;&quot;,&quot;sizes&quot;:{&quot;start&quot;:0,&quot;end&quot;:100}},&quot;background_motion_fx_devices&quot;:[&quot;desktop&quot;,&quot;tablet&quot;,&quot;mobile&quot;]}\">\n\t\t\t\t\t\t\t<div class=\"elementor-background-overlay\"><\/div>\n\t\t\t\t\t\t\t<div class=\"elementor-container elementor-column-gap-no\">\n\t\t\t\t\t<div class=\"elementor-column elementor-col-100 elementor-top-column elementor-element elementor-element-36412f7d\" data-id=\"36412f7d\" data-element_type=\"column\" data-e-type=\"column\">\n\t\t\t<div class=\"elementor-widget-wrap elementor-element-populated\">\n\t\t\t\t\t\t<div class=\"elementor-element elementor-element-4f983cf0 elementor-widget elementor-widget-heading\" data-id=\"4f983cf0\" data-element_type=\"widget\" data-e-type=\"widget\" data-widget_type=\"heading.default\">\n\t\t\t\t<div class=\"elementor-widget-container\">\n\t\t\t\t\t<h2 class=\"elementor-heading-title elementor-size-default\">CONVOYEUR \u00c0 PALETTES<\/h2>\t\t\t\t<\/div>\n\t\t\t\t<\/div>\n\t\t\t\t\t<\/div>\n\t\t<\/div>\n\t\t\t\t\t<\/div>\n\t\t<\/section>\n\t\t\t\t<section class=\"elementor-section elementor-top-section elementor-element elementor-element-902c5b7 elementor-section-boxed elementor-section-height-default elementor-section-height-default\" data-id=\"902c5b7\" data-element_type=\"section\" data-e-type=\"section\">\n\t\t\t\t\t\t<div class=\"elementor-container elementor-column-gap-default\">\n\t\t\t\t\t<div class=\"elementor-column elementor-col-100 elementor-top-column elementor-element elementor-element-9eca9e1\" data-id=\"9eca9e1\" data-element_type=\"column\" data-e-type=\"column\">\n\t\t\t<div class=\"elementor-widget-wrap elementor-element-populated\">\n\t\t\t\t\t\t<section class=\"elementor-section elementor-inner-section elementor-element elementor-element-2f26ba4 elementor-section-boxed elementor-section-height-default elementor-section-height-default\" data-id=\"2f26ba4\" data-element_type=\"section\" data-e-type=\"section\">\n\t\t\t\t\t\t<div class=\"elementor-container elementor-column-gap-default\">\n\t\t\t\t\t<div class=\"elementor-column elementor-col-50 elementor-inner-column elementor-element elementor-element-0addab7\" data-id=\"0addab7\" data-element_type=\"column\" data-e-type=\"column\">\n\t\t\t<div class=\"elementor-widget-wrap elementor-element-populated\">\n\t\t\t\t\t\t<div class=\"elementor-element elementor-element-fc46ebb elementor-widget elementor-widget-heading\" data-id=\"fc46ebb\" data-element_type=\"widget\" data-e-type=\"widget\" data-widget_type=\"heading.default\">\n\t\t\t\t<div class=\"elementor-widget-container\">\n\t\t\t\t\t<h2 class=\"elementor-heading-title elementor-size-default\">CONVOYEUR \u00c0 PALETTES<\/h2>\t\t\t\t<\/div>\n\t\t\t\t<\/div>\n\t\t\t\t<div class=\"elementor-element elementor-element-b08bf48 elementor-widget elementor-widget-text-editor\" data-id=\"b08bf48\" data-element_type=\"widget\" data-e-type=\"widget\" data-widget_type=\"text-editor.default\">\n\t\t\t\t<div class=\"elementor-widget-container\">\n\t\t\t\t\t\t\t\t\t<p>CONVOYEUR \u00c0 PALETTES<br \/>Install\u00e9s sous le plancher, ils permettent le passage de chariots \u00e9l\u00e9vateurs ou de transpalettes lorsque le convoyeur est \u00e0 l&rsquo;arr\u00eat.<br \/>En fonctionnement, ils peuvent manipuler des palettes jusqu&rsquo;\u00e0 1\u00a0500 kg.<br \/>Une fosse d&rsquo;au moins 700 mm de profondeur est requise pour l&rsquo;installation. La vitesse standard est de 15 m\/min \u00e0 50 Hz. Ils peuvent \u00eatre command\u00e9s par variateur.<br \/>Moteur standard\u00a0: <br \/>Motovario, puissance de 1,5 kW.<br \/>Structure en acier thermolaqu\u00e9.<br \/>Disponible en versions unidirectionnelle et bidirectionnelle.<br \/>Dimensions\u00a0: longueur x largeur x hauteur (mm).<\/p>\n<ul>\n<li>2\u00a0300 x 1\u00a0000 x 700 palettes, 800 palettes.<\/li>\n<li>2\u00a0300 x 1\u00a0200 x 700 palettes. 1000<\/li>\n<li>2300x1500x700 palettes 1200<\/li>\n<\/ul>\n<p>Nous pouvons fournir des solutions personnalis\u00e9es sur demande<\/p>\n\t\t\t\t\t\t\t\t<\/div>\n\t\t\t\t<\/div>\n\t\t\t\t\t<\/div>\n\t\t<\/div>\n\t\t\t\t<div class=\"elementor-column elementor-col-50 elementor-inner-column elementor-element elementor-element-a371fdd\" data-id=\"a371fdd\" data-element_type=\"column\" data-e-type=\"column\">\n\t\t\t<div class=\"elementor-widget-wrap elementor-element-populated\">\n\t\t\t\t\t\t<div class=\"elementor-element elementor-element-e65e459 elementor-widget elementor-widget-image\" data-id=\"e65e459\" data-element_type=\"widget\" data-e-type=\"widget\" data-widget_type=\"image.default\">\n\t\t\t\t<div class=\"elementor-widget-container\">\n\t\t\t\t\t\t\t\t\t\t\t\t\t\t\t<img fetchpriority=\"high\" decoding=\"async\" width=\"800\" height=\"533\" src=\"https:\/\/cbesrl.net\/wp-content\/uploads\/2025\/07\/slat-conveyor.jpg\" class=\"attachment-large size-large wp-image-7162\" alt=\"Nastro trasportatore pallet\" srcset=\"https:\/\/cbesrl.net\/wp-content\/uploads\/2025\/07\/slat-conveyor.jpg 800w, https:\/\/cbesrl.net\/wp-content\/uploads\/2025\/07\/slat-conveyor-300x200.jpg 300w, https:\/\/cbesrl.net\/wp-content\/uploads\/2025\/07\/slat-conveyor-768x512.jpg 768w, https:\/\/cbesrl.net\/wp-content\/uploads\/2025\/07\/slat-conveyor-600x400.jpg 600w\" sizes=\"(max-width: 800px) 100vw, 800px\" \/>\t\t\t\t\t\t\t\t\t\t\t\t\t\t\t<\/div>\n\t\t\t\t<\/div>\n\t\t\t\t\t<\/div>\n\t\t<\/div>\n\t\t\t\t\t<\/div>\n\t\t<\/section>\n\t\t\t\t\t<\/div>\n\t\t<\/div>\n\t\t\t\t\t<\/div>\n\t\t<\/section>\n\t\t\t\t<section class=\"elementor-section elementor-top-section elementor-element elementor-element-23644479 elementor-section-height-min-height elementor-section-stretched elementor-section-boxed elementor-section-height-default elementor-section-items-middle\" data-id=\"23644479\" data-element_type=\"section\" data-e-type=\"section\" data-settings=\"{&quot;background_background&quot;:&quot;classic&quot;,&quot;background_motion_fx_motion_fx_mouse&quot;:&quot;yes&quot;,&quot;background_motion_fx_motion_fx_scrolling&quot;:&quot;yes&quot;,&quot;background_motion_fx_translateY_effect&quot;:&quot;yes&quot;,&quot;background_motion_fx_translateY_speed&quot;:{&quot;unit&quot;:&quot;px&quot;,&quot;size&quot;:10,&quot;sizes&quot;:[]},&quot;stretch_section&quot;:&quot;section-stretched&quot;,&quot;background_motion_fx_translateY_affectedRange&quot;:{&quot;unit&quot;:&quot;%&quot;,&quot;size&quot;:&quot;&quot;,&quot;sizes&quot;:{&quot;start&quot;:0,&quot;end&quot;:100}},&quot;background_motion_fx_devices&quot;:[&quot;desktop&quot;,&quot;tablet&quot;,&quot;mobile&quot;]}\">\n\t\t\t\t\t\t\t<div class=\"elementor-background-overlay\"><\/div>\n\t\t\t\t\t\t\t<div class=\"elementor-container elementor-column-gap-default\">\n\t\t\t\t\t<div class=\"elementor-column elementor-col-100 elementor-top-column elementor-element elementor-element-615e6f54\" data-id=\"615e6f54\" data-element_type=\"column\" data-e-type=\"column\">\n\t\t\t<div class=\"elementor-widget-wrap elementor-element-populated\">\n\t\t\t\t\t\t<section class=\"elementor-section elementor-inner-section elementor-element elementor-element-6deb38e5 elementor-section-boxed elementor-section-height-default elementor-section-height-default\" data-id=\"6deb38e5\" data-element_type=\"section\" data-e-type=\"section\">\n\t\t\t\t\t\t<div class=\"elementor-container elementor-column-gap-default\">\n\t\t\t\t\t<div class=\"elementor-column elementor-col-50 elementor-inner-column elementor-element elementor-element-6bbc3dc4\" data-id=\"6bbc3dc4\" data-element_type=\"column\" data-e-type=\"column\">\n\t\t\t<div class=\"elementor-widget-wrap elementor-element-populated\">\n\t\t\t\t\t\t<div class=\"elementor-element elementor-element-6641710f elementor-widget elementor-widget-menu-anchor\" data-id=\"6641710f\" data-element_type=\"widget\" data-e-type=\"widget\" data-widget_type=\"menu-anchor.default\">\n\t\t\t\t<div class=\"elementor-widget-container\">\n\t\t\t\t\t\t\t<div class=\"elementor-menu-anchor\" id=\"contatto\"><\/div>\n\t\t\t\t\t\t<\/div>\n\t\t\t\t<\/div>\n\t\t\t\t<div class=\"elementor-element elementor-element-7da7a507 elementor-widget elementor-widget-heading\" data-id=\"7da7a507\" data-element_type=\"widget\" data-e-type=\"widget\" data-widget_type=\"heading.default\">\n\t\t\t\t<div class=\"elementor-widget-container\">\n\t\t\t\t\t<h2 class=\"elementor-heading-title elementor-size-default\">Contactez-nous <br> pour plus d'informations<\/h2>\t\t\t\t<\/div>\n\t\t\t\t<\/div>\n\t\t\t\t<div class=\"elementor-element elementor-element-2d24889 elementor-widget elementor-widget-text-editor\" data-id=\"2d24889\" data-element_type=\"widget\" data-e-type=\"widget\" data-widget_type=\"text-editor.default\">\n\t\t\t\t<div class=\"elementor-widget-container\">\n\t\t\t\t\t\t\t\t\tVous souhaitez obtenir plus d&rsquo;informations ou demander un devis ?<br>Appelez-nous ou \u00e9crivez-nous, nous vous r\u00e9pondrons dans les plus brefs d\u00e9lais.\t\t\t\t\t\t\t\t<\/div>\n\t\t\t\t<\/div>\n\t\t\t\t\t<\/div>\n\t\t<\/div>\n\t\t\t\t<div class=\"elementor-column elementor-col-50 elementor-inner-column elementor-element elementor-element-3cf9f4c1\" data-id=\"3cf9f4c1\" data-element_type=\"column\" data-e-type=\"column\">\n\t\t\t<div class=\"elementor-widget-wrap elementor-element-populated\">\n\t\t\t\t\t\t<div class=\"elementor-element elementor-element-4daa7c19 linkcampo elementor-button-align-stretch elementor-widget elementor-widget-form\" data-id=\"4daa7c19\" data-element_type=\"widget\" data-e-type=\"widget\" data-settings=\"{&quot;step_next_label&quot;:&quot;Next&quot;,&quot;step_previous_label&quot;:&quot;Previous&quot;,&quot;button_width&quot;:&quot;100&quot;,&quot;step_type&quot;:&quot;number_text&quot;,&quot;step_icon_shape&quot;:&quot;circle&quot;}\" data-widget_type=\"form.default\">\n\t\t\t\t<div class=\"elementor-widget-container\">\n\t\t\t\t\t\t\t<form class=\"elementor-form\" method=\"post\" name=\"Form automazione \" aria-label=\"Form automazione \">\n\t\t\t<input type=\"hidden\" name=\"post_id\" value=\"7393\"\/>\n\t\t\t<input type=\"hidden\" name=\"form_id\" value=\"4daa7c19\"\/>\n\t\t\t<input type=\"hidden\" name=\"referer_title\" value=\"CONVOYEUR \u00c0 PALETTES - CBE SRL\" \/>\n\n\t\t\t\t\t\t\t<input type=\"hidden\" name=\"queried_id\" value=\"7393\"\/>\n\t\t\t\n\t\t\t<div class=\"elementor-form-fields-wrapper elementor-labels-above\">\n\t\t\t\t\t\t\t\t<div class=\"elementor-field-type-text elementor-field-group elementor-column elementor-field-group-name elementor-col-50\">\n\t\t\t\t\t\t\t\t\t\t\t\t\t<input size=\"1\" type=\"text\" name=\"form_fields[name]\" id=\"form-field-name\" class=\"elementor-field elementor-size-sm  elementor-field-textual\" placeholder=\"Pr\u00e9nom\">\n\t\t\t\t\t\t\t\t\t\t\t<\/div>\n\t\t\t\t\t\t\t\t<div class=\"elementor-field-type-text elementor-field-group elementor-column elementor-field-group-field_5e034d2 elementor-col-50\">\n\t\t\t\t\t\t\t\t\t\t\t\t\t<input size=\"1\" type=\"text\" name=\"form_fields[field_5e034d2]\" id=\"form-field-field_5e034d2\" class=\"elementor-field elementor-size-sm  elementor-field-textual\" placeholder=\"Entreprise\">\n\t\t\t\t\t\t\t\t\t\t\t<\/div>\n\t\t\t\t\t\t\t\t<div class=\"elementor-field-type-email elementor-field-group elementor-column elementor-field-group-email elementor-col-100 elementor-field-required\">\n\t\t\t\t\t\t\t\t\t\t\t\t\t<input size=\"1\" type=\"email\" name=\"form_fields[email]\" id=\"form-field-email\" class=\"elementor-field elementor-size-sm  elementor-field-textual\" placeholder=\"Email\" required=\"required\">\n\t\t\t\t\t\t\t\t\t\t\t<\/div>\n\t\t\t\t\t\t\t\t<div class=\"elementor-field-type-textarea elementor-field-group elementor-column elementor-field-group-message elementor-col-100\">\n\t\t\t\t\t<textarea class=\"elementor-field-textual elementor-field  elementor-size-sm\" name=\"form_fields[message]\" id=\"form-field-message\" rows=\"4\" placeholder=\"Un message\"><\/textarea>\t\t\t\t<\/div>\n\t\t\t\t\t\t\t\t<div class=\"elementor-field-type-acceptance elementor-field-group elementor-column elementor-field-group-field_ec3d547 elementor-col-100 elementor-field-required\">\n\t\t\t\t\t\t\t<div class=\"elementor-field-subgroup\">\n\t\t\t<span class=\"elementor-field-option\">\n\t\t\t\t<input type=\"checkbox\" name=\"form_fields[field_ec3d547]\" id=\"form-field-field_ec3d547\" class=\"elementor-field elementor-size-sm  elementor-acceptance-field\" required=\"required\">\n\t\t\t\t<label for=\"form-field-field_ec3d547\">Pour envoyer la demande de contact, il est n\u00e9cessaire d'accepter les conditions de confidentialit\u00e9. Je d\u00e9clare avoir lu les <a href=\"https:\/\/cbesrl.net\/informativa\/\" target=\"_blank\"> informations <\/a> ci-dessus et j'autorise le traitement.<\/label>\t\t\t<\/span>\n\t\t<\/div>\n\t\t\t\t\t\t<\/div>\n\t\t\t\t\t\t\t\t<div class=\"elementor-field-type-recaptcha_v3 elementor-field-group elementor-column elementor-field-group-field_43fc4d3 elementor-col-100 recaptcha_v3-inline\">\n\t\t\t\t\t<div class=\"elementor-field\" id=\"form-field-field_43fc4d3\"><div class=\"elementor-g-recaptcha\" data-sitekey=\"6Lc90-IrAAAAAJcnn7LcmpUkWzi4vUegYsJkfgOA\" data-type=\"v3\" data-action=\"Form\" data-badge=\"inline\" data-size=\"invisible\"><\/div><\/div>\t\t\t\t<\/div>\n\t\t\t\t\t\t\t\t<div class=\"elementor-field-type-text\">\n\t\t\t\t\t<input size=\"1\" type=\"text\" name=\"form_fields[field_5f6bf92]\" id=\"form-field-field_5f6bf92\" class=\"elementor-field elementor-size-sm \" style=\"display:none !important;\">\t\t\t\t<\/div>\n\t\t\t\t\t\t\t\t<div class=\"elementor-field-group elementor-column elementor-field-type-submit elementor-col-100 e-form__buttons\">\n\t\t\t\t\t<button class=\"elementor-button elementor-size-sm\" type=\"submit\">\n\t\t\t\t\t\t<span class=\"elementor-button-content-wrapper\">\n\t\t\t\t\t\t\t\t\t\t\t\t\t\t\t\t\t\t\t\t\t\t<span class=\"elementor-button-text\">Soumettre<\/span>\n\t\t\t\t\t\t\t\t\t\t\t\t\t<\/span>\n\t\t\t\t\t<\/button>\n\t\t\t\t<\/div>\n\t\t\t<\/div>\n\t\t<\/form>\n\t\t\t\t\t\t<\/div>\n\t\t\t\t<\/div>\n\t\t\t\t\t<\/div>\n\t\t<\/div>\n\t\t\t\t\t<\/div>\n\t\t<\/section>\n\t\t\t\t\t<\/div>\n\t\t<\/div>\n\t\t\t\t\t<\/div>\n\t\t<\/section>\n\t\t\t\t<\/div>\n\t\t","protected":false},"excerpt":{"rendered":"<p>CONVOYEUR \u00c0 PALETTESInstall\u00e9s sous le plancher, ils permettent le passage de chariots \u00e9l\u00e9vateurs ou de transpalettes lorsque le convoyeur est \u00e0 l&rsquo;arr\u00eat.En fonctionnement, ils peuvent manipuler des palettes jusqu&rsquo;\u00e0 1\u00a0500 kg.Une fosse d&rsquo;au moins 700 mm de profondeur est requise pour l&rsquo;installation. La vitesse standard est de 15 m\/min \u00e0 50 Hz. Ils peuvent \u00eatre [&hellip;]<\/p>\n","protected":false},"author":1,"featured_media":0,"parent":7467,"menu_order":0,"comment_status":"closed","ping_status":"closed","template":"elementor_header_footer","meta":{"footnotes":""},"class_list":["post-7393","page","type-page","status-publish","hentry"],"yoast_head":"<!-- This site is optimized with the Yoast SEO plugin v27.3 - https:\/\/yoast.com\/product\/yoast-seo-wordpress\/ -->\n<title>CONVOYEUR \u00c0 PALETTES - CBE SRL<\/title>\n<meta name=\"robots\" content=\"index, follow, max-snippet:-1, max-image-preview:large, max-video-preview:-1\" \/>\n<link rel=\"canonical\" href=\"https:\/\/cbesrl.net\/macchinari-per-lautomazione\/pallet-slat-conveyor\/\" \/>\n<meta property=\"og:locale\" content=\"fr_FR\" \/>\n<meta property=\"og:type\" content=\"article\" \/>\n<meta property=\"og:title\" content=\"CONVOYEUR \u00c0 PALETTES - CBE SRL\" \/>\n<meta property=\"og:description\" content=\"CONVOYEUR \u00c0 PALETTESInstall\u00e9s sous le plancher, ils permettent le passage de chariots \u00e9l\u00e9vateurs ou de transpalettes lorsque le convoyeur est \u00e0 l&rsquo;arr\u00eat.En fonctionnement, ils peuvent manipuler des palettes jusqu&rsquo;\u00e0 1\u00a0500 kg.Une fosse d&rsquo;au moins 700 mm de profondeur est requise pour l&rsquo;installation. La vitesse standard est de 15 m\/min \u00e0 50 Hz. Ils peuvent \u00eatre [&hellip;]\" \/>\n<meta property=\"og:url\" content=\"https:\/\/cbesrl.net\/macchinari-per-lautomazione\/pallet-slat-conveyor\/\" \/>\n<meta property=\"og:site_name\" content=\"CBE SRL\" \/>\n<meta property=\"article:modified_time\" content=\"2025-07-16T15:44:06+00:00\" \/>\n<meta property=\"og:image\" content=\"https:\/\/cbesrl.net\/wp-content\/uploads\/2025\/07\/slat-conveyor.jpg\" \/>\n\t<meta property=\"og:image:width\" content=\"800\" \/>\n\t<meta property=\"og:image:height\" content=\"533\" \/>\n\t<meta property=\"og:image:type\" content=\"image\/jpeg\" \/>\n<meta name=\"twitter:card\" content=\"summary_large_image\" \/>\n<meta name=\"twitter:label1\" content=\"Dur\u00e9e de lecture estim\u00e9e\" \/>\n\t<meta name=\"twitter:data1\" content=\"1 minute\" \/>\n<script type=\"application\/ld+json\" class=\"yoast-schema-graph\">{\"@context\":\"https:\\\/\\\/schema.org\",\"@graph\":[{\"@type\":\"WebPage\",\"@id\":\"https:\\\/\\\/cbesrl.net\\\/macchinari-per-lautomazione\\\/pallet-slat-conveyor\\\/\",\"url\":\"https:\\\/\\\/cbesrl.net\\\/macchinari-per-lautomazione\\\/pallet-slat-conveyor\\\/\",\"name\":\"CONVOYEUR \u00c0 PALETTES - CBE SRL\",\"isPartOf\":{\"@id\":\"https:\\\/\\\/cbesrl.net\\\/#website\"},\"primaryImageOfPage\":{\"@id\":\"https:\\\/\\\/cbesrl.net\\\/macchinari-per-lautomazione\\\/pallet-slat-conveyor\\\/#primaryimage\"},\"image\":{\"@id\":\"https:\\\/\\\/cbesrl.net\\\/macchinari-per-lautomazione\\\/pallet-slat-conveyor\\\/#primaryimage\"},\"thumbnailUrl\":\"https:\\\/\\\/cbesrl.net\\\/wp-content\\\/uploads\\\/2025\\\/07\\\/slat-conveyor.jpg\",\"datePublished\":\"2025-07-16T14:07:10+00:00\",\"dateModified\":\"2025-07-16T15:44:06+00:00\",\"breadcrumb\":{\"@id\":\"https:\\\/\\\/cbesrl.net\\\/macchinari-per-lautomazione\\\/pallet-slat-conveyor\\\/#breadcrumb\"},\"inLanguage\":\"fr-FR\",\"potentialAction\":[{\"@type\":\"ReadAction\",\"target\":[\"https:\\\/\\\/cbesrl.net\\\/macchinari-per-lautomazione\\\/pallet-slat-conveyor\\\/\"]}]},{\"@type\":\"ImageObject\",\"inLanguage\":\"fr-FR\",\"@id\":\"https:\\\/\\\/cbesrl.net\\\/macchinari-per-lautomazione\\\/pallet-slat-conveyor\\\/#primaryimage\",\"url\":\"https:\\\/\\\/cbesrl.net\\\/wp-content\\\/uploads\\\/2025\\\/07\\\/slat-conveyor.jpg\",\"contentUrl\":\"https:\\\/\\\/cbesrl.net\\\/wp-content\\\/uploads\\\/2025\\\/07\\\/slat-conveyor.jpg\"},{\"@type\":\"BreadcrumbList\",\"@id\":\"https:\\\/\\\/cbesrl.net\\\/macchinari-per-lautomazione\\\/pallet-slat-conveyor\\\/#breadcrumb\",\"itemListElement\":[{\"@type\":\"ListItem\",\"position\":1,\"name\":\"Home\",\"item\":\"https:\\\/\\\/cbesrl.net\\\/new-home\\\/\"},{\"@type\":\"ListItem\",\"position\":2,\"name\":\"Machines d&rsquo;automatisation\",\"item\":\"https:\\\/\\\/cbesrl.net\\\/macchinari-per-lautomazione\\\/\"},{\"@type\":\"ListItem\",\"position\":3,\"name\":\"CONVOYEUR \u00c0 PALETTES\"}]},{\"@type\":\"WebSite\",\"@id\":\"https:\\\/\\\/cbesrl.net\\\/#website\",\"url\":\"https:\\\/\\\/cbesrl.net\\\/\",\"name\":\"CBE SRL\",\"description\":\"\",\"publisher\":{\"@id\":\"https:\\\/\\\/cbesrl.net\\\/#organization\"},\"potentialAction\":[{\"@type\":\"SearchAction\",\"target\":{\"@type\":\"EntryPoint\",\"urlTemplate\":\"https:\\\/\\\/cbesrl.net\\\/?s={search_term_string}\"},\"query-input\":{\"@type\":\"PropertyValueSpecification\",\"valueRequired\":true,\"valueName\":\"search_term_string\"}}],\"inLanguage\":\"fr-FR\"},{\"@type\":\"Organization\",\"@id\":\"https:\\\/\\\/cbesrl.net\\\/#organization\",\"name\":\"CBE SRL\",\"url\":\"https:\\\/\\\/cbesrl.net\\\/\",\"logo\":{\"@type\":\"ImageObject\",\"inLanguage\":\"fr-FR\",\"@id\":\"https:\\\/\\\/cbesrl.net\\\/#\\\/schema\\\/logo\\\/image\\\/\",\"url\":\"https:\\\/\\\/cbesrl.net\\\/wp-content\\\/uploads\\\/2022\\\/01\\\/cropped-cropped-home1-01logo-1-1.png\",\"contentUrl\":\"https:\\\/\\\/cbesrl.net\\\/wp-content\\\/uploads\\\/2022\\\/01\\\/cropped-cropped-home1-01logo-1-1.png\",\"width\":1200,\"height\":447,\"caption\":\"CBE SRL\"},\"image\":{\"@id\":\"https:\\\/\\\/cbesrl.net\\\/#\\\/schema\\\/logo\\\/image\\\/\"}}]}<\/script>\n<!-- \/ Yoast SEO plugin. -->","yoast_head_json":{"title":"CONVOYEUR \u00c0 PALETTES - CBE SRL","robots":{"index":"index","follow":"follow","max-snippet":"max-snippet:-1","max-image-preview":"max-image-preview:large","max-video-preview":"max-video-preview:-1"},"canonical":"https:\/\/cbesrl.net\/macchinari-per-lautomazione\/pallet-slat-conveyor\/","og_locale":"fr_FR","og_type":"article","og_title":"CONVOYEUR \u00c0 PALETTES - CBE SRL","og_description":"CONVOYEUR \u00c0 PALETTESInstall\u00e9s sous le plancher, ils permettent le passage de chariots \u00e9l\u00e9vateurs ou de transpalettes lorsque le convoyeur est \u00e0 l&rsquo;arr\u00eat.En fonctionnement, ils peuvent manipuler des palettes jusqu&rsquo;\u00e0 1\u00a0500 kg.Une fosse d&rsquo;au moins 700 mm de profondeur est requise pour l&rsquo;installation. La vitesse standard est de 15 m\/min \u00e0 50 Hz. Ils peuvent \u00eatre [&hellip;]","og_url":"https:\/\/cbesrl.net\/macchinari-per-lautomazione\/pallet-slat-conveyor\/","og_site_name":"CBE SRL","article_modified_time":"2025-07-16T15:44:06+00:00","og_image":[{"width":800,"height":533,"url":"https:\/\/cbesrl.net\/wp-content\/uploads\/2025\/07\/slat-conveyor.jpg","type":"image\/jpeg"}],"twitter_card":"summary_large_image","twitter_misc":{"Dur\u00e9e de lecture estim\u00e9e":"1 minute"},"schema":{"@context":"https:\/\/schema.org","@graph":[{"@type":"WebPage","@id":"https:\/\/cbesrl.net\/macchinari-per-lautomazione\/pallet-slat-conveyor\/","url":"https:\/\/cbesrl.net\/macchinari-per-lautomazione\/pallet-slat-conveyor\/","name":"CONVOYEUR \u00c0 PALETTES - CBE SRL","isPartOf":{"@id":"https:\/\/cbesrl.net\/#website"},"primaryImageOfPage":{"@id":"https:\/\/cbesrl.net\/macchinari-per-lautomazione\/pallet-slat-conveyor\/#primaryimage"},"image":{"@id":"https:\/\/cbesrl.net\/macchinari-per-lautomazione\/pallet-slat-conveyor\/#primaryimage"},"thumbnailUrl":"https:\/\/cbesrl.net\/wp-content\/uploads\/2025\/07\/slat-conveyor.jpg","datePublished":"2025-07-16T14:07:10+00:00","dateModified":"2025-07-16T15:44:06+00:00","breadcrumb":{"@id":"https:\/\/cbesrl.net\/macchinari-per-lautomazione\/pallet-slat-conveyor\/#breadcrumb"},"inLanguage":"fr-FR","potentialAction":[{"@type":"ReadAction","target":["https:\/\/cbesrl.net\/macchinari-per-lautomazione\/pallet-slat-conveyor\/"]}]},{"@type":"ImageObject","inLanguage":"fr-FR","@id":"https:\/\/cbesrl.net\/macchinari-per-lautomazione\/pallet-slat-conveyor\/#primaryimage","url":"https:\/\/cbesrl.net\/wp-content\/uploads\/2025\/07\/slat-conveyor.jpg","contentUrl":"https:\/\/cbesrl.net\/wp-content\/uploads\/2025\/07\/slat-conveyor.jpg"},{"@type":"BreadcrumbList","@id":"https:\/\/cbesrl.net\/macchinari-per-lautomazione\/pallet-slat-conveyor\/#breadcrumb","itemListElement":[{"@type":"ListItem","position":1,"name":"Home","item":"https:\/\/cbesrl.net\/new-home\/"},{"@type":"ListItem","position":2,"name":"Machines d&rsquo;automatisation","item":"https:\/\/cbesrl.net\/macchinari-per-lautomazione\/"},{"@type":"ListItem","position":3,"name":"CONVOYEUR \u00c0 PALETTES"}]},{"@type":"WebSite","@id":"https:\/\/cbesrl.net\/#website","url":"https:\/\/cbesrl.net\/","name":"CBE SRL","description":"","publisher":{"@id":"https:\/\/cbesrl.net\/#organization"},"potentialAction":[{"@type":"SearchAction","target":{"@type":"EntryPoint","urlTemplate":"https:\/\/cbesrl.net\/?s={search_term_string}"},"query-input":{"@type":"PropertyValueSpecification","valueRequired":true,"valueName":"search_term_string"}}],"inLanguage":"fr-FR"},{"@type":"Organization","@id":"https:\/\/cbesrl.net\/#organization","name":"CBE SRL","url":"https:\/\/cbesrl.net\/","logo":{"@type":"ImageObject","inLanguage":"fr-FR","@id":"https:\/\/cbesrl.net\/#\/schema\/logo\/image\/","url":"https:\/\/cbesrl.net\/wp-content\/uploads\/2022\/01\/cropped-cropped-home1-01logo-1-1.png","contentUrl":"https:\/\/cbesrl.net\/wp-content\/uploads\/2022\/01\/cropped-cropped-home1-01logo-1-1.png","width":1200,"height":447,"caption":"CBE SRL"},"image":{"@id":"https:\/\/cbesrl.net\/#\/schema\/logo\/image\/"}}]}},"_links":{"self":[{"href":"https:\/\/cbesrl.net\/fr\/wp-json\/wp\/v2\/pages\/7393","targetHints":{"allow":["GET"]}}],"collection":[{"href":"https:\/\/cbesrl.net\/fr\/wp-json\/wp\/v2\/pages"}],"about":[{"href":"https:\/\/cbesrl.net\/fr\/wp-json\/wp\/v2\/types\/page"}],"author":[{"embeddable":true,"href":"https:\/\/cbesrl.net\/fr\/wp-json\/wp\/v2\/users\/1"}],"replies":[{"embeddable":true,"href":"https:\/\/cbesrl.net\/fr\/wp-json\/wp\/v2\/comments?post=7393"}],"version-history":[{"count":1,"href":"https:\/\/cbesrl.net\/fr\/wp-json\/wp\/v2\/pages\/7393\/revisions"}],"predecessor-version":[{"id":7394,"href":"https:\/\/cbesrl.net\/fr\/wp-json\/wp\/v2\/pages\/7393\/revisions\/7394"}],"up":[{"embeddable":true,"href":"https:\/\/cbesrl.net\/fr\/wp-json\/wp\/v2\/pages\/7467"}],"wp:attachment":[{"href":"https:\/\/cbesrl.net\/fr\/wp-json\/wp\/v2\/media?parent=7393"}],"curies":[{"name":"wp","href":"https:\/\/api.w.org\/{rel}","templated":true}]}}