{"id":4427,"date":"2023-07-01T12:22:31","date_gmt":"2023-07-01T10:22:31","guid":{"rendered":"https:\/\/cbesrl.net\/shop\/masque-semi-facial\/"},"modified":"2024-03-07T12:57:25","modified_gmt":"2024-03-07T11:57:25","slug":"masque-semi-facial","status":"publish","type":"product","link":"https:\/\/cbesrl.net\/fr\/prodotti\/accessoires-et-pieces-detachees-pour-sublimateurs\/masque-semi-facial\/","title":{"rendered":"Masque semi-facial"},"content":{"rendered":"<p>Semi-masque complet avec jeu de filtres ABEK+FP3 et embouts : (Masque s\u00e9rie 6200 + 3M ABEK1 FILTER + FIXING JIG + filtres \u00e0 particules P3)<br \/>\nFacile \u00e0 entretenir<br \/>\nTailles disponibles<br \/>\nM : 115-125mm<br \/>\nL : &gt;125mm<\/p>\n","protected":false},"excerpt":{"rendered":"<p>N&rsquo;oubliez pas la protection respiratoire ! Utilisez le masque garanti par 3M Le demi-masque r\u00e9utilisable 3M\u2122 6000 Series est facile \u00e0 manipuler et confortable pour le porteur.<br \/>\nCaract\u00e9ristiques principales &#8211; Le masque respiratoire en \u00e9lastom\u00e8re souple et l\u00e9ger offre un confort pendant les longues p\u00e9riodes de travail.<\/p>\n","protected":false},"featured_media":4140,"comment_status":"open","ping_status":"closed","template":"","meta":[],"product_brand":[],"product_cat":[79],"product_tag":[],"class_list":{"0":"post-4427","1":"product","2":"type-product","3":"status-publish","4":"has-post-thumbnail","6":"product_cat-accessoires-et-pieces-detachees-pour-sublimateurs","7":"pa_taglie-l-fr","8":"pa_taglie-m-fr","10":"first","11":"instock","12":"taxable","13":"shipping-taxable","14":"product-type-simple"},"yoast_head":"<!-- This site is optimized with the Yoast SEO plugin v27.3 - https:\/\/yoast.com\/product\/yoast-seo-wordpress\/ -->\n<title>Masque d&#039;Apiculteur - CBE SRL - Mat\u00e9riel apicole<\/title>\n<meta name=\"description\" content=\"Assurez la s\u00e9curit\u00e9 lors de vos activit\u00e9s apicoles avec notre masque d&#039;apiculteur, chez CBESRL.\" \/>\n<meta name=\"robots\" content=\"index, follow, max-snippet:-1, max-image-preview:large, max-video-preview:-1\" \/>\n<link rel=\"canonical\" href=\"https:\/\/cbesrl.net\/prodotti\/accessori\/maschera-semifacciale\/\" \/>\n<meta property=\"og:locale\" content=\"fr_FR\" \/>\n<meta property=\"og:type\" content=\"article\" \/>\n<meta property=\"og:title\" content=\"Masque d&#039;Apiculteur - CBE SRL - Mat\u00e9riel apicole\" \/>\n<meta property=\"og:description\" content=\"Assurez la s\u00e9curit\u00e9 lors de vos activit\u00e9s apicoles avec notre masque d&#039;apiculteur, chez CBESRL.\" \/>\n<meta property=\"og:url\" content=\"https:\/\/cbesrl.net\/prodotti\/accessori\/maschera-semifacciale\/\" \/>\n<meta property=\"og:site_name\" content=\"CBE SRL\" \/>\n<meta property=\"article:modified_time\" content=\"2024-03-07T11:57:25+00:00\" \/>\n<meta property=\"og:image\" content=\"https:\/\/cbesrl.net\/wp-content\/uploads\/2023\/08\/image004.png\" \/>\n\t<meta property=\"og:image:width\" content=\"550\" \/>\n\t<meta property=\"og:image:height\" content=\"496\" \/>\n\t<meta property=\"og:image:type\" content=\"image\/png\" \/>\n<meta name=\"twitter:card\" content=\"summary_large_image\" \/>\n<meta name=\"twitter:label1\" content=\"Dur\u00e9e de lecture estim\u00e9e\" \/>\n\t<meta name=\"twitter:data1\" content=\"1 minute\" \/>\n<script type=\"application\/ld+json\" class=\"yoast-schema-graph\">{\"@context\":\"https:\\\/\\\/schema.org\",\"@graph\":[{\"@type\":\"WebPage\",\"@id\":\"https:\\\/\\\/cbesrl.net\\\/prodotti\\\/accessori\\\/maschera-semifacciale\\\/\",\"url\":\"https:\\\/\\\/cbesrl.net\\\/prodotti\\\/accessori\\\/maschera-semifacciale\\\/\",\"name\":\"Masque d'Apiculteur - CBE SRL - Mat\u00e9riel apicole\",\"isPartOf\":{\"@id\":\"https:\\\/\\\/cbesrl.net\\\/#website\"},\"primaryImageOfPage\":{\"@id\":\"https:\\\/\\\/cbesrl.net\\\/prodotti\\\/accessori\\\/maschera-semifacciale\\\/#primaryimage\"},\"image\":{\"@id\":\"https:\\\/\\\/cbesrl.net\\\/prodotti\\\/accessori\\\/maschera-semifacciale\\\/#primaryimage\"},\"thumbnailUrl\":\"https:\\\/\\\/cbesrl.net\\\/wp-content\\\/uploads\\\/2023\\\/08\\\/image004.png\",\"datePublished\":\"2023-07-01T10:22:31+00:00\",\"dateModified\":\"2024-03-07T11:57:25+00:00\",\"description\":\"Assurez la s\u00e9curit\u00e9 lors de vos activit\u00e9s apicoles avec notre masque d'apiculteur, chez CBESRL.\",\"breadcrumb\":{\"@id\":\"https:\\\/\\\/cbesrl.net\\\/prodotti\\\/accessori\\\/maschera-semifacciale\\\/#breadcrumb\"},\"inLanguage\":\"fr-FR\",\"potentialAction\":[{\"@type\":\"ReadAction\",\"target\":[\"https:\\\/\\\/cbesrl.net\\\/prodotti\\\/accessori\\\/maschera-semifacciale\\\/\"]}]},{\"@type\":\"ImageObject\",\"inLanguage\":\"fr-FR\",\"@id\":\"https:\\\/\\\/cbesrl.net\\\/prodotti\\\/accessori\\\/maschera-semifacciale\\\/#primaryimage\",\"url\":\"https:\\\/\\\/cbesrl.net\\\/wp-content\\\/uploads\\\/2023\\\/08\\\/image004.png\",\"contentUrl\":\"https:\\\/\\\/cbesrl.net\\\/wp-content\\\/uploads\\\/2023\\\/08\\\/image004.png\",\"width\":550,\"height\":496,\"caption\":\"maschera apicoltura\"},{\"@type\":\"BreadcrumbList\",\"@id\":\"https:\\\/\\\/cbesrl.net\\\/prodotti\\\/accessori\\\/maschera-semifacciale\\\/#breadcrumb\",\"itemListElement\":[{\"@type\":\"ListItem\",\"position\":1,\"name\":\"Home\",\"item\":\"https:\\\/\\\/cbesrl.net\\\/new-home\\\/\"},{\"@type\":\"ListItem\",\"position\":2,\"name\":\"Boutique\",\"item\":\"https:\\\/\\\/cbesrl.net\\\/fr\\\/boutique\\\/\"},{\"@type\":\"ListItem\",\"position\":3,\"name\":\"Masque semi-facial\"}]},{\"@type\":\"WebSite\",\"@id\":\"https:\\\/\\\/cbesrl.net\\\/#website\",\"url\":\"https:\\\/\\\/cbesrl.net\\\/\",\"name\":\"CBE SRL\",\"description\":\"\",\"publisher\":{\"@id\":\"https:\\\/\\\/cbesrl.net\\\/#organization\"},\"potentialAction\":[{\"@type\":\"SearchAction\",\"target\":{\"@type\":\"EntryPoint\",\"urlTemplate\":\"https:\\\/\\\/cbesrl.net\\\/?s={search_term_string}\"},\"query-input\":{\"@type\":\"PropertyValueSpecification\",\"valueRequired\":true,\"valueName\":\"search_term_string\"}}],\"inLanguage\":\"fr-FR\"},{\"@type\":\"Organization\",\"@id\":\"https:\\\/\\\/cbesrl.net\\\/#organization\",\"name\":\"CBE SRL\",\"url\":\"https:\\\/\\\/cbesrl.net\\\/\",\"logo\":{\"@type\":\"ImageObject\",\"inLanguage\":\"fr-FR\",\"@id\":\"https:\\\/\\\/cbesrl.net\\\/#\\\/schema\\\/logo\\\/image\\\/\",\"url\":\"https:\\\/\\\/cbesrl.net\\\/wp-content\\\/uploads\\\/2022\\\/01\\\/cropped-cropped-home1-01logo-1-1.png\",\"contentUrl\":\"https:\\\/\\\/cbesrl.net\\\/wp-content\\\/uploads\\\/2022\\\/01\\\/cropped-cropped-home1-01logo-1-1.png\",\"width\":1200,\"height\":447,\"caption\":\"CBE SRL\"},\"image\":{\"@id\":\"https:\\\/\\\/cbesrl.net\\\/#\\\/schema\\\/logo\\\/image\\\/\"}}]}<\/script>\n<!-- \/ Yoast SEO plugin. -->","yoast_head_json":{"title":"Masque d'Apiculteur - CBE SRL - Mat\u00e9riel apicole","description":"Assurez la s\u00e9curit\u00e9 lors de vos activit\u00e9s apicoles avec notre masque d'apiculteur, chez CBESRL.","robots":{"index":"index","follow":"follow","max-snippet":"max-snippet:-1","max-image-preview":"max-image-preview:large","max-video-preview":"max-video-preview:-1"},"canonical":"https:\/\/cbesrl.net\/prodotti\/accessori\/maschera-semifacciale\/","og_locale":"fr_FR","og_type":"article","og_title":"Masque d'Apiculteur - CBE SRL - Mat\u00e9riel apicole","og_description":"Assurez la s\u00e9curit\u00e9 lors de vos activit\u00e9s apicoles avec notre masque d'apiculteur, chez CBESRL.","og_url":"https:\/\/cbesrl.net\/prodotti\/accessori\/maschera-semifacciale\/","og_site_name":"CBE SRL","article_modified_time":"2024-03-07T11:57:25+00:00","og_image":[{"width":550,"height":496,"url":"https:\/\/cbesrl.net\/wp-content\/uploads\/2023\/08\/image004.png","type":"image\/png"}],"twitter_card":"summary_large_image","twitter_misc":{"Dur\u00e9e de lecture estim\u00e9e":"1 minute"},"schema":{"@context":"https:\/\/schema.org","@graph":[{"@type":"WebPage","@id":"https:\/\/cbesrl.net\/prodotti\/accessori\/maschera-semifacciale\/","url":"https:\/\/cbesrl.net\/prodotti\/accessori\/maschera-semifacciale\/","name":"Masque d'Apiculteur - CBE SRL - Mat\u00e9riel apicole","isPartOf":{"@id":"https:\/\/cbesrl.net\/#website"},"primaryImageOfPage":{"@id":"https:\/\/cbesrl.net\/prodotti\/accessori\/maschera-semifacciale\/#primaryimage"},"image":{"@id":"https:\/\/cbesrl.net\/prodotti\/accessori\/maschera-semifacciale\/#primaryimage"},"thumbnailUrl":"https:\/\/cbesrl.net\/wp-content\/uploads\/2023\/08\/image004.png","datePublished":"2023-07-01T10:22:31+00:00","dateModified":"2024-03-07T11:57:25+00:00","description":"Assurez la s\u00e9curit\u00e9 lors de vos activit\u00e9s apicoles avec notre masque d'apiculteur, chez CBESRL.","breadcrumb":{"@id":"https:\/\/cbesrl.net\/prodotti\/accessori\/maschera-semifacciale\/#breadcrumb"},"inLanguage":"fr-FR","potentialAction":[{"@type":"ReadAction","target":["https:\/\/cbesrl.net\/prodotti\/accessori\/maschera-semifacciale\/"]}]},{"@type":"ImageObject","inLanguage":"fr-FR","@id":"https:\/\/cbesrl.net\/prodotti\/accessori\/maschera-semifacciale\/#primaryimage","url":"https:\/\/cbesrl.net\/wp-content\/uploads\/2023\/08\/image004.png","contentUrl":"https:\/\/cbesrl.net\/wp-content\/uploads\/2023\/08\/image004.png","width":550,"height":496,"caption":"maschera apicoltura"},{"@type":"BreadcrumbList","@id":"https:\/\/cbesrl.net\/prodotti\/accessori\/maschera-semifacciale\/#breadcrumb","itemListElement":[{"@type":"ListItem","position":1,"name":"Home","item":"https:\/\/cbesrl.net\/new-home\/"},{"@type":"ListItem","position":2,"name":"Boutique","item":"https:\/\/cbesrl.net\/fr\/boutique\/"},{"@type":"ListItem","position":3,"name":"Masque semi-facial"}]},{"@type":"WebSite","@id":"https:\/\/cbesrl.net\/#website","url":"https:\/\/cbesrl.net\/","name":"CBE SRL","description":"","publisher":{"@id":"https:\/\/cbesrl.net\/#organization"},"potentialAction":[{"@type":"SearchAction","target":{"@type":"EntryPoint","urlTemplate":"https:\/\/cbesrl.net\/?s={search_term_string}"},"query-input":{"@type":"PropertyValueSpecification","valueRequired":true,"valueName":"search_term_string"}}],"inLanguage":"fr-FR"},{"@type":"Organization","@id":"https:\/\/cbesrl.net\/#organization","name":"CBE SRL","url":"https:\/\/cbesrl.net\/","logo":{"@type":"ImageObject","inLanguage":"fr-FR","@id":"https:\/\/cbesrl.net\/#\/schema\/logo\/image\/","url":"https:\/\/cbesrl.net\/wp-content\/uploads\/2022\/01\/cropped-cropped-home1-01logo-1-1.png","contentUrl":"https:\/\/cbesrl.net\/wp-content\/uploads\/2022\/01\/cropped-cropped-home1-01logo-1-1.png","width":1200,"height":447,"caption":"CBE SRL"},"image":{"@id":"https:\/\/cbesrl.net\/#\/schema\/logo\/image\/"}}]}},"_links":{"self":[{"href":"https:\/\/cbesrl.net\/fr\/wp-json\/wp\/v2\/product\/4427","targetHints":{"allow":["GET"]}}],"collection":[{"href":"https:\/\/cbesrl.net\/fr\/wp-json\/wp\/v2\/product"}],"about":[{"href":"https:\/\/cbesrl.net\/fr\/wp-json\/wp\/v2\/types\/product"}],"replies":[{"embeddable":true,"href":"https:\/\/cbesrl.net\/fr\/wp-json\/wp\/v2\/comments?post=4427"}],"wp:featuredmedia":[{"embeddable":true,"href":"https:\/\/cbesrl.net\/fr\/wp-json\/wp\/v2\/media\/4140"}],"wp:attachment":[{"href":"https:\/\/cbesrl.net\/fr\/wp-json\/wp\/v2\/media?parent=4427"}],"wp:term":[{"taxonomy":"product_brand","embeddable":true,"href":"https:\/\/cbesrl.net\/fr\/wp-json\/wp\/v2\/product_brand?post=4427"},{"taxonomy":"product_cat","embeddable":true,"href":"https:\/\/cbesrl.net\/fr\/wp-json\/wp\/v2\/product_cat?post=4427"},{"taxonomy":"product_tag","embeddable":true,"href":"https:\/\/cbesrl.net\/fr\/wp-json\/wp\/v2\/product_tag?post=4427"}],"curies":[{"name":"wp","href":"https:\/\/api.w.org\/{rel}","templated":true}]}}