{"id":4428,"date":"2023-07-01T12:11:19","date_gmt":"2023-07-01T10:11:19","guid":{"rendered":"https:\/\/cbesrl.net\/shop\/combinaison-de-protection\/"},"modified":"2024-03-07T12:57:49","modified_gmt":"2024-03-07T11:57:49","slug":"combinaison-de-protection","status":"publish","type":"product","link":"https:\/\/cbesrl.net\/fr\/prodotti\/accessoires-et-pieces-detachees-pour-sublimateurs\/combinaison-de-protection\/","title":{"rendered":"Combinaison de protection"},"content":{"rendered":"<p><strong>Caract\u00e9ristiques principales<\/strong><\/p>\n<ul>\n<li>V\u00eatement de protection de type 5\/6 fabriqu\u00e9 dans un mat\u00e9riau extr\u00eamement l\u00e9ger et respirant, con\u00e7u pour offrir une protection contre les poussi\u00e8res dangereuses, les projections limit\u00e9es de liquides et les \u00e9claboussures<\/li>\n<li>Fabriqu\u00e9 en tissu non tiss\u00e9 SMMMS hautement respirant, assurant une dispersion efficace de la chaleur et de l&rsquo;humidit\u00e9 corporelles et r\u00e9duisant le stress thermique<\/li>\n<li>SMS multicouche de 43 g\/m2 souple et durable pour de hautes performances<\/li>\n<li>Capuche \u00e0 3 rabats, fermeture \u00e0 double glissi\u00e8re, rabat de protection avec \u00e9lastique au dos et aux chevilles pour r\u00e9duire le risque d&rsquo;exposition de la peau<\/li>\n<li>Enduction antistatique EN 1149-5 r\u00e9duisant les d\u00e9charges \u00e9lectrostatiques et le risque d&rsquo;\u00e9tincelles<\/li>\n<li>R\u00e9sistance aux particules nucl\u00e9aires EN 1073-2<\/li>\n<li>Poignets tricot\u00e9s pour une insertion confortable et s\u00fbre du bras\n<p>Taille XL<\/li>\n<\/ul>\n","protected":false},"excerpt":{"rendered":"<p>Prot\u00e9gez-vous et prot\u00e9gez vos v\u00eatements des rafales de vent et de la fum\u00e9e avec la combinaison 3M\u2122.<br \/>\nCombinaison de protection de type 5\/6 en mat\u00e9riau extr\u00eamement l\u00e9ger et respirant, con\u00e7ue pour offrir une protection contre les poussi\u00e8res dangereuses. Fabriqu\u00e9e en tissu non tiss\u00e9 SMMMS hautement respirant, assurant une dispersion efficace de la chaleur et de l&rsquo;humidit\u00e9 corporelles et une r\u00e9duction du stress thermique.<\/p>\n","protected":false},"featured_media":4131,"comment_status":"open","ping_status":"closed","template":"","meta":[],"product_brand":[],"product_cat":[79],"product_tag":[],"class_list":{"0":"post-4428","1":"product","2":"type-product","3":"status-publish","4":"has-post-thumbnail","6":"product_cat-accessoires-et-pieces-detachees-pour-sublimateurs","7":"pa_taglie-xl-fr","9":"first","10":"instock","11":"taxable","12":"shipping-taxable","13":"purchasable","14":"product-type-simple"},"yoast_head":"<!-- This site is optimized with the Yoast SEO plugin v27.3 - https:\/\/yoast.com\/product\/yoast-seo-wordpress\/ -->\n<title>Combinaison d&#039;Apiculteur - CBE SRL - Mat\u00e9riel apicole<\/title>\n<meta name=\"description\" content=\"Restez prot\u00e9g\u00e9 pendant l&#039;apiculture avec notre combinaison d&#039;apiculteur, con\u00e7ue pour le confort et la s\u00e9curit\u00e9, chez CBESRL.\" \/>\n<meta name=\"robots\" content=\"index, follow, max-snippet:-1, max-image-preview:large, max-video-preview:-1\" \/>\n<link rel=\"canonical\" href=\"https:\/\/cbesrl.net\/prodotti\/accessori\/tuta-protettiva\/\" \/>\n<meta property=\"og:locale\" content=\"fr_FR\" \/>\n<meta property=\"og:type\" content=\"article\" \/>\n<meta property=\"og:title\" content=\"Combinaison d&#039;Apiculteur - CBE SRL - Mat\u00e9riel apicole\" \/>\n<meta property=\"og:description\" content=\"Restez prot\u00e9g\u00e9 pendant l&#039;apiculture avec notre combinaison d&#039;apiculteur, con\u00e7ue pour le confort et la s\u00e9curit\u00e9, chez CBESRL.\" \/>\n<meta property=\"og:url\" content=\"https:\/\/cbesrl.net\/prodotti\/accessori\/tuta-protettiva\/\" \/>\n<meta property=\"og:site_name\" content=\"CBE SRL\" \/>\n<meta property=\"article:modified_time\" content=\"2024-03-07T11:57:49+00:00\" \/>\n<meta property=\"og:image\" content=\"https:\/\/cbesrl.net\/wp-content\/uploads\/2023\/08\/image003.png\" \/>\n\t<meta property=\"og:image:width\" content=\"412\" \/>\n\t<meta property=\"og:image:height\" content=\"476\" \/>\n\t<meta property=\"og:image:type\" content=\"image\/png\" \/>\n<meta name=\"twitter:card\" content=\"summary_large_image\" \/>\n<meta name=\"twitter:label1\" content=\"Dur\u00e9e de lecture estim\u00e9e\" \/>\n\t<meta name=\"twitter:data1\" content=\"1 minute\" \/>\n<script type=\"application\/ld+json\" class=\"yoast-schema-graph\">{\"@context\":\"https:\\\/\\\/schema.org\",\"@graph\":[{\"@type\":\"WebPage\",\"@id\":\"https:\\\/\\\/cbesrl.net\\\/prodotti\\\/accessori\\\/tuta-protettiva\\\/\",\"url\":\"https:\\\/\\\/cbesrl.net\\\/prodotti\\\/accessori\\\/tuta-protettiva\\\/\",\"name\":\"Combinaison d'Apiculteur - CBE SRL - Mat\u00e9riel apicole\",\"isPartOf\":{\"@id\":\"https:\\\/\\\/cbesrl.net\\\/#website\"},\"primaryImageOfPage\":{\"@id\":\"https:\\\/\\\/cbesrl.net\\\/prodotti\\\/accessori\\\/tuta-protettiva\\\/#primaryimage\"},\"image\":{\"@id\":\"https:\\\/\\\/cbesrl.net\\\/prodotti\\\/accessori\\\/tuta-protettiva\\\/#primaryimage\"},\"thumbnailUrl\":\"https:\\\/\\\/cbesrl.net\\\/wp-content\\\/uploads\\\/2023\\\/08\\\/image003.png\",\"datePublished\":\"2023-07-01T10:11:19+00:00\",\"dateModified\":\"2024-03-07T11:57:49+00:00\",\"description\":\"Restez prot\u00e9g\u00e9 pendant l'apiculture avec notre combinaison d'apiculteur, con\u00e7ue pour le confort et la s\u00e9curit\u00e9, chez CBESRL.\",\"breadcrumb\":{\"@id\":\"https:\\\/\\\/cbesrl.net\\\/prodotti\\\/accessori\\\/tuta-protettiva\\\/#breadcrumb\"},\"inLanguage\":\"fr-FR\",\"potentialAction\":[{\"@type\":\"ReadAction\",\"target\":[\"https:\\\/\\\/cbesrl.net\\\/prodotti\\\/accessori\\\/tuta-protettiva\\\/\"]}]},{\"@type\":\"ImageObject\",\"inLanguage\":\"fr-FR\",\"@id\":\"https:\\\/\\\/cbesrl.net\\\/prodotti\\\/accessori\\\/tuta-protettiva\\\/#primaryimage\",\"url\":\"https:\\\/\\\/cbesrl.net\\\/wp-content\\\/uploads\\\/2023\\\/08\\\/image003.png\",\"contentUrl\":\"https:\\\/\\\/cbesrl.net\\\/wp-content\\\/uploads\\\/2023\\\/08\\\/image003.png\",\"width\":412,\"height\":476,\"caption\":\"tuta apicoltura\"},{\"@type\":\"BreadcrumbList\",\"@id\":\"https:\\\/\\\/cbesrl.net\\\/prodotti\\\/accessori\\\/tuta-protettiva\\\/#breadcrumb\",\"itemListElement\":[{\"@type\":\"ListItem\",\"position\":1,\"name\":\"Home\",\"item\":\"https:\\\/\\\/cbesrl.net\\\/new-home\\\/\"},{\"@type\":\"ListItem\",\"position\":2,\"name\":\"Boutique\",\"item\":\"https:\\\/\\\/cbesrl.net\\\/fr\\\/boutique\\\/\"},{\"@type\":\"ListItem\",\"position\":3,\"name\":\"Combinaison de protection\"}]},{\"@type\":\"WebSite\",\"@id\":\"https:\\\/\\\/cbesrl.net\\\/#website\",\"url\":\"https:\\\/\\\/cbesrl.net\\\/\",\"name\":\"CBE SRL\",\"description\":\"\",\"publisher\":{\"@id\":\"https:\\\/\\\/cbesrl.net\\\/#organization\"},\"potentialAction\":[{\"@type\":\"SearchAction\",\"target\":{\"@type\":\"EntryPoint\",\"urlTemplate\":\"https:\\\/\\\/cbesrl.net\\\/?s={search_term_string}\"},\"query-input\":{\"@type\":\"PropertyValueSpecification\",\"valueRequired\":true,\"valueName\":\"search_term_string\"}}],\"inLanguage\":\"fr-FR\"},{\"@type\":\"Organization\",\"@id\":\"https:\\\/\\\/cbesrl.net\\\/#organization\",\"name\":\"CBE SRL\",\"url\":\"https:\\\/\\\/cbesrl.net\\\/\",\"logo\":{\"@type\":\"ImageObject\",\"inLanguage\":\"fr-FR\",\"@id\":\"https:\\\/\\\/cbesrl.net\\\/#\\\/schema\\\/logo\\\/image\\\/\",\"url\":\"https:\\\/\\\/cbesrl.net\\\/wp-content\\\/uploads\\\/2022\\\/01\\\/cropped-cropped-home1-01logo-1-1.png\",\"contentUrl\":\"https:\\\/\\\/cbesrl.net\\\/wp-content\\\/uploads\\\/2022\\\/01\\\/cropped-cropped-home1-01logo-1-1.png\",\"width\":1200,\"height\":447,\"caption\":\"CBE SRL\"},\"image\":{\"@id\":\"https:\\\/\\\/cbesrl.net\\\/#\\\/schema\\\/logo\\\/image\\\/\"}}]}<\/script>\n<!-- \/ Yoast SEO plugin. -->","yoast_head_json":{"title":"Combinaison d'Apiculteur - CBE SRL - Mat\u00e9riel apicole","description":"Restez prot\u00e9g\u00e9 pendant l'apiculture avec notre combinaison d'apiculteur, con\u00e7ue pour le confort et la s\u00e9curit\u00e9, chez CBESRL.","robots":{"index":"index","follow":"follow","max-snippet":"max-snippet:-1","max-image-preview":"max-image-preview:large","max-video-preview":"max-video-preview:-1"},"canonical":"https:\/\/cbesrl.net\/prodotti\/accessori\/tuta-protettiva\/","og_locale":"fr_FR","og_type":"article","og_title":"Combinaison d'Apiculteur - CBE SRL - Mat\u00e9riel apicole","og_description":"Restez prot\u00e9g\u00e9 pendant l'apiculture avec notre combinaison d'apiculteur, con\u00e7ue pour le confort et la s\u00e9curit\u00e9, chez CBESRL.","og_url":"https:\/\/cbesrl.net\/prodotti\/accessori\/tuta-protettiva\/","og_site_name":"CBE SRL","article_modified_time":"2024-03-07T11:57:49+00:00","og_image":[{"width":412,"height":476,"url":"https:\/\/cbesrl.net\/wp-content\/uploads\/2023\/08\/image003.png","type":"image\/png"}],"twitter_card":"summary_large_image","twitter_misc":{"Dur\u00e9e de lecture estim\u00e9e":"1 minute"},"schema":{"@context":"https:\/\/schema.org","@graph":[{"@type":"WebPage","@id":"https:\/\/cbesrl.net\/prodotti\/accessori\/tuta-protettiva\/","url":"https:\/\/cbesrl.net\/prodotti\/accessori\/tuta-protettiva\/","name":"Combinaison d'Apiculteur - CBE SRL - Mat\u00e9riel apicole","isPartOf":{"@id":"https:\/\/cbesrl.net\/#website"},"primaryImageOfPage":{"@id":"https:\/\/cbesrl.net\/prodotti\/accessori\/tuta-protettiva\/#primaryimage"},"image":{"@id":"https:\/\/cbesrl.net\/prodotti\/accessori\/tuta-protettiva\/#primaryimage"},"thumbnailUrl":"https:\/\/cbesrl.net\/wp-content\/uploads\/2023\/08\/image003.png","datePublished":"2023-07-01T10:11:19+00:00","dateModified":"2024-03-07T11:57:49+00:00","description":"Restez prot\u00e9g\u00e9 pendant l'apiculture avec notre combinaison d'apiculteur, con\u00e7ue pour le confort et la s\u00e9curit\u00e9, chez CBESRL.","breadcrumb":{"@id":"https:\/\/cbesrl.net\/prodotti\/accessori\/tuta-protettiva\/#breadcrumb"},"inLanguage":"fr-FR","potentialAction":[{"@type":"ReadAction","target":["https:\/\/cbesrl.net\/prodotti\/accessori\/tuta-protettiva\/"]}]},{"@type":"ImageObject","inLanguage":"fr-FR","@id":"https:\/\/cbesrl.net\/prodotti\/accessori\/tuta-protettiva\/#primaryimage","url":"https:\/\/cbesrl.net\/wp-content\/uploads\/2023\/08\/image003.png","contentUrl":"https:\/\/cbesrl.net\/wp-content\/uploads\/2023\/08\/image003.png","width":412,"height":476,"caption":"tuta apicoltura"},{"@type":"BreadcrumbList","@id":"https:\/\/cbesrl.net\/prodotti\/accessori\/tuta-protettiva\/#breadcrumb","itemListElement":[{"@type":"ListItem","position":1,"name":"Home","item":"https:\/\/cbesrl.net\/new-home\/"},{"@type":"ListItem","position":2,"name":"Boutique","item":"https:\/\/cbesrl.net\/fr\/boutique\/"},{"@type":"ListItem","position":3,"name":"Combinaison de protection"}]},{"@type":"WebSite","@id":"https:\/\/cbesrl.net\/#website","url":"https:\/\/cbesrl.net\/","name":"CBE SRL","description":"","publisher":{"@id":"https:\/\/cbesrl.net\/#organization"},"potentialAction":[{"@type":"SearchAction","target":{"@type":"EntryPoint","urlTemplate":"https:\/\/cbesrl.net\/?s={search_term_string}"},"query-input":{"@type":"PropertyValueSpecification","valueRequired":true,"valueName":"search_term_string"}}],"inLanguage":"fr-FR"},{"@type":"Organization","@id":"https:\/\/cbesrl.net\/#organization","name":"CBE SRL","url":"https:\/\/cbesrl.net\/","logo":{"@type":"ImageObject","inLanguage":"fr-FR","@id":"https:\/\/cbesrl.net\/#\/schema\/logo\/image\/","url":"https:\/\/cbesrl.net\/wp-content\/uploads\/2022\/01\/cropped-cropped-home1-01logo-1-1.png","contentUrl":"https:\/\/cbesrl.net\/wp-content\/uploads\/2022\/01\/cropped-cropped-home1-01logo-1-1.png","width":1200,"height":447,"caption":"CBE SRL"},"image":{"@id":"https:\/\/cbesrl.net\/#\/schema\/logo\/image\/"}}]}},"_links":{"self":[{"href":"https:\/\/cbesrl.net\/fr\/wp-json\/wp\/v2\/product\/4428","targetHints":{"allow":["GET"]}}],"collection":[{"href":"https:\/\/cbesrl.net\/fr\/wp-json\/wp\/v2\/product"}],"about":[{"href":"https:\/\/cbesrl.net\/fr\/wp-json\/wp\/v2\/types\/product"}],"replies":[{"embeddable":true,"href":"https:\/\/cbesrl.net\/fr\/wp-json\/wp\/v2\/comments?post=4428"}],"wp:featuredmedia":[{"embeddable":true,"href":"https:\/\/cbesrl.net\/fr\/wp-json\/wp\/v2\/media\/4131"}],"wp:attachment":[{"href":"https:\/\/cbesrl.net\/fr\/wp-json\/wp\/v2\/media?parent=4428"}],"wp:term":[{"taxonomy":"product_brand","embeddable":true,"href":"https:\/\/cbesrl.net\/fr\/wp-json\/wp\/v2\/product_brand?post=4428"},{"taxonomy":"product_cat","embeddable":true,"href":"https:\/\/cbesrl.net\/fr\/wp-json\/wp\/v2\/product_cat?post=4428"},{"taxonomy":"product_tag","embeddable":true,"href":"https:\/\/cbesrl.net\/fr\/wp-json\/wp\/v2\/product_tag?post=4428"}],"curies":[{"name":"wp","href":"https:\/\/api.w.org\/{rel}","templated":true}]}}