{"id":4442,"date":"2023-07-12T14:24:39","date_gmt":"2023-07-12T12:24:39","guid":{"rendered":"https:\/\/cbesrl.net\/shop\/i350\/"},"modified":"2023-07-12T14:24:39","modified_gmt":"2023-07-12T12:24:39","slug":"i350","status":"publish","type":"product","link":"https:\/\/cbesrl.net\/fr\/prodotti\/accessoires-et-pieces-detachees-pour-sublimateurs\/i350\/","title":{"rendered":"i350 &#8211; Onduleur pour ECOX Sublimator, F300"},"content":{"rendered":"","protected":false},"excerpt":{"rendered":"<p>Onduleur pour sublimateur ECOX, F300.<\/p>\n<p>CHOISI PAR CBE SRL, \u00e0 brancher sur la batterie de la voiture.<\/p>\n<p>Convient \u00e0 tous les mod\u00e8les Ecox et F300.<\/p>\n<p><strong>350 W 230V<\/strong><\/p>\n","protected":false},"featured_media":3871,"comment_status":"closed","ping_status":"closed","template":"","meta":[],"product_brand":[],"product_cat":[79],"product_tag":[],"class_list":{"0":"post-4442","1":"product","2":"type-product","3":"status-publish","4":"has-post-thumbnail","6":"product_cat-accessoires-et-pieces-detachees-pour-sublimateurs","8":"first","9":"instock","10":"taxable","11":"shipping-taxable","12":"purchasable","13":"product-type-simple"},"yoast_head":"<!-- This site is optimized with the Yoast SEO plugin v27.3 - https:\/\/yoast.com\/product\/yoast-seo-wordpress\/ -->\n<title>i350 - Onduleur pour ECOX Sublimator, F300 - CBE SRL<\/title>\n<meta name=\"robots\" content=\"index, follow, max-snippet:-1, max-image-preview:large, max-video-preview:-1\" \/>\n<link rel=\"canonical\" href=\"https:\/\/cbesrl.net\/prodotti\/accessori\/i350\/\" \/>\n<meta property=\"og:locale\" content=\"fr_FR\" \/>\n<meta property=\"og:type\" content=\"article\" \/>\n<meta property=\"og:title\" content=\"i350 - Onduleur pour ECOX Sublimator, F300 - CBE SRL\" \/>\n<meta property=\"og:description\" content=\"Onduleur pour sublimateur ECOX, F300.  CHOISI PAR CBE SRL, \u00e0 brancher sur la batterie de la voiture.  Convient \u00e0 tous les mod\u00e8les Ecox et F300.  350 W 230V\" \/>\n<meta property=\"og:url\" content=\"https:\/\/cbesrl.net\/prodotti\/accessori\/i350\/\" \/>\n<meta property=\"og:site_name\" content=\"CBE SRL\" \/>\n<meta property=\"og:image\" content=\"https:\/\/cbesrl.net\/wp-content\/uploads\/2023\/07\/12.jpg\" \/>\n\t<meta property=\"og:image:width\" content=\"656\" \/>\n\t<meta property=\"og:image:height\" content=\"526\" \/>\n\t<meta property=\"og:image:type\" content=\"image\/jpeg\" \/>\n<meta name=\"twitter:card\" content=\"summary_large_image\" \/>\n<script type=\"application\/ld+json\" class=\"yoast-schema-graph\">{\"@context\":\"https:\\\/\\\/schema.org\",\"@graph\":[{\"@type\":\"WebPage\",\"@id\":\"https:\\\/\\\/cbesrl.net\\\/prodotti\\\/accessori\\\/i350\\\/\",\"url\":\"https:\\\/\\\/cbesrl.net\\\/prodotti\\\/accessori\\\/i350\\\/\",\"name\":\"i350 - Onduleur pour ECOX Sublimator, F300 - CBE SRL\",\"isPartOf\":{\"@id\":\"https:\\\/\\\/cbesrl.net\\\/#website\"},\"primaryImageOfPage\":{\"@id\":\"https:\\\/\\\/cbesrl.net\\\/prodotti\\\/accessori\\\/i350\\\/#primaryimage\"},\"image\":{\"@id\":\"https:\\\/\\\/cbesrl.net\\\/prodotti\\\/accessori\\\/i350\\\/#primaryimage\"},\"thumbnailUrl\":\"https:\\\/\\\/cbesrl.net\\\/wp-content\\\/uploads\\\/2023\\\/07\\\/12.jpg\",\"datePublished\":\"2023-07-12T12:24:39+00:00\",\"breadcrumb\":{\"@id\":\"https:\\\/\\\/cbesrl.net\\\/prodotti\\\/accessori\\\/i350\\\/#breadcrumb\"},\"inLanguage\":\"fr-FR\",\"potentialAction\":[{\"@type\":\"ReadAction\",\"target\":[\"https:\\\/\\\/cbesrl.net\\\/prodotti\\\/accessori\\\/i350\\\/\"]}]},{\"@type\":\"ImageObject\",\"inLanguage\":\"fr-FR\",\"@id\":\"https:\\\/\\\/cbesrl.net\\\/prodotti\\\/accessori\\\/i350\\\/#primaryimage\",\"url\":\"https:\\\/\\\/cbesrl.net\\\/wp-content\\\/uploads\\\/2023\\\/07\\\/12.jpg\",\"contentUrl\":\"https:\\\/\\\/cbesrl.net\\\/wp-content\\\/uploads\\\/2023\\\/07\\\/12.jpg\",\"width\":656,\"height\":526},{\"@type\":\"BreadcrumbList\",\"@id\":\"https:\\\/\\\/cbesrl.net\\\/prodotti\\\/accessori\\\/i350\\\/#breadcrumb\",\"itemListElement\":[{\"@type\":\"ListItem\",\"position\":1,\"name\":\"Home\",\"item\":\"https:\\\/\\\/cbesrl.net\\\/new-home\\\/\"},{\"@type\":\"ListItem\",\"position\":2,\"name\":\"Boutique\",\"item\":\"https:\\\/\\\/cbesrl.net\\\/fr\\\/boutique\\\/\"},{\"@type\":\"ListItem\",\"position\":3,\"name\":\"i350 &#8211; Onduleur pour ECOX Sublimator, F300\"}]},{\"@type\":\"WebSite\",\"@id\":\"https:\\\/\\\/cbesrl.net\\\/#website\",\"url\":\"https:\\\/\\\/cbesrl.net\\\/\",\"name\":\"CBE SRL\",\"description\":\"\",\"publisher\":{\"@id\":\"https:\\\/\\\/cbesrl.net\\\/#organization\"},\"potentialAction\":[{\"@type\":\"SearchAction\",\"target\":{\"@type\":\"EntryPoint\",\"urlTemplate\":\"https:\\\/\\\/cbesrl.net\\\/?s={search_term_string}\"},\"query-input\":{\"@type\":\"PropertyValueSpecification\",\"valueRequired\":true,\"valueName\":\"search_term_string\"}}],\"inLanguage\":\"fr-FR\"},{\"@type\":\"Organization\",\"@id\":\"https:\\\/\\\/cbesrl.net\\\/#organization\",\"name\":\"CBE SRL\",\"url\":\"https:\\\/\\\/cbesrl.net\\\/\",\"logo\":{\"@type\":\"ImageObject\",\"inLanguage\":\"fr-FR\",\"@id\":\"https:\\\/\\\/cbesrl.net\\\/#\\\/schema\\\/logo\\\/image\\\/\",\"url\":\"https:\\\/\\\/cbesrl.net\\\/wp-content\\\/uploads\\\/2022\\\/01\\\/cropped-cropped-home1-01logo-1-1.png\",\"contentUrl\":\"https:\\\/\\\/cbesrl.net\\\/wp-content\\\/uploads\\\/2022\\\/01\\\/cropped-cropped-home1-01logo-1-1.png\",\"width\":1200,\"height\":447,\"caption\":\"CBE SRL\"},\"image\":{\"@id\":\"https:\\\/\\\/cbesrl.net\\\/#\\\/schema\\\/logo\\\/image\\\/\"}}]}<\/script>\n<!-- \/ Yoast SEO plugin. -->","yoast_head_json":{"title":"i350 - Onduleur pour ECOX Sublimator, F300 - CBE SRL","robots":{"index":"index","follow":"follow","max-snippet":"max-snippet:-1","max-image-preview":"max-image-preview:large","max-video-preview":"max-video-preview:-1"},"canonical":"https:\/\/cbesrl.net\/prodotti\/accessori\/i350\/","og_locale":"fr_FR","og_type":"article","og_title":"i350 - Onduleur pour ECOX Sublimator, F300 - CBE SRL","og_description":"Onduleur pour sublimateur ECOX, F300.  CHOISI PAR CBE SRL, \u00e0 brancher sur la batterie de la voiture.  Convient \u00e0 tous les mod\u00e8les Ecox et F300.  350 W 230V","og_url":"https:\/\/cbesrl.net\/prodotti\/accessori\/i350\/","og_site_name":"CBE SRL","og_image":[{"width":656,"height":526,"url":"https:\/\/cbesrl.net\/wp-content\/uploads\/2023\/07\/12.jpg","type":"image\/jpeg"}],"twitter_card":"summary_large_image","schema":{"@context":"https:\/\/schema.org","@graph":[{"@type":"WebPage","@id":"https:\/\/cbesrl.net\/prodotti\/accessori\/i350\/","url":"https:\/\/cbesrl.net\/prodotti\/accessori\/i350\/","name":"i350 - Onduleur pour ECOX Sublimator, F300 - CBE SRL","isPartOf":{"@id":"https:\/\/cbesrl.net\/#website"},"primaryImageOfPage":{"@id":"https:\/\/cbesrl.net\/prodotti\/accessori\/i350\/#primaryimage"},"image":{"@id":"https:\/\/cbesrl.net\/prodotti\/accessori\/i350\/#primaryimage"},"thumbnailUrl":"https:\/\/cbesrl.net\/wp-content\/uploads\/2023\/07\/12.jpg","datePublished":"2023-07-12T12:24:39+00:00","breadcrumb":{"@id":"https:\/\/cbesrl.net\/prodotti\/accessori\/i350\/#breadcrumb"},"inLanguage":"fr-FR","potentialAction":[{"@type":"ReadAction","target":["https:\/\/cbesrl.net\/prodotti\/accessori\/i350\/"]}]},{"@type":"ImageObject","inLanguage":"fr-FR","@id":"https:\/\/cbesrl.net\/prodotti\/accessori\/i350\/#primaryimage","url":"https:\/\/cbesrl.net\/wp-content\/uploads\/2023\/07\/12.jpg","contentUrl":"https:\/\/cbesrl.net\/wp-content\/uploads\/2023\/07\/12.jpg","width":656,"height":526},{"@type":"BreadcrumbList","@id":"https:\/\/cbesrl.net\/prodotti\/accessori\/i350\/#breadcrumb","itemListElement":[{"@type":"ListItem","position":1,"name":"Home","item":"https:\/\/cbesrl.net\/new-home\/"},{"@type":"ListItem","position":2,"name":"Boutique","item":"https:\/\/cbesrl.net\/fr\/boutique\/"},{"@type":"ListItem","position":3,"name":"i350 &#8211; Onduleur pour ECOX Sublimator, F300"}]},{"@type":"WebSite","@id":"https:\/\/cbesrl.net\/#website","url":"https:\/\/cbesrl.net\/","name":"CBE SRL","description":"","publisher":{"@id":"https:\/\/cbesrl.net\/#organization"},"potentialAction":[{"@type":"SearchAction","target":{"@type":"EntryPoint","urlTemplate":"https:\/\/cbesrl.net\/?s={search_term_string}"},"query-input":{"@type":"PropertyValueSpecification","valueRequired":true,"valueName":"search_term_string"}}],"inLanguage":"fr-FR"},{"@type":"Organization","@id":"https:\/\/cbesrl.net\/#organization","name":"CBE SRL","url":"https:\/\/cbesrl.net\/","logo":{"@type":"ImageObject","inLanguage":"fr-FR","@id":"https:\/\/cbesrl.net\/#\/schema\/logo\/image\/","url":"https:\/\/cbesrl.net\/wp-content\/uploads\/2022\/01\/cropped-cropped-home1-01logo-1-1.png","contentUrl":"https:\/\/cbesrl.net\/wp-content\/uploads\/2022\/01\/cropped-cropped-home1-01logo-1-1.png","width":1200,"height":447,"caption":"CBE SRL"},"image":{"@id":"https:\/\/cbesrl.net\/#\/schema\/logo\/image\/"}}]}},"_links":{"self":[{"href":"https:\/\/cbesrl.net\/fr\/wp-json\/wp\/v2\/product\/4442","targetHints":{"allow":["GET"]}}],"collection":[{"href":"https:\/\/cbesrl.net\/fr\/wp-json\/wp\/v2\/product"}],"about":[{"href":"https:\/\/cbesrl.net\/fr\/wp-json\/wp\/v2\/types\/product"}],"replies":[{"embeddable":true,"href":"https:\/\/cbesrl.net\/fr\/wp-json\/wp\/v2\/comments?post=4442"}],"wp:featuredmedia":[{"embeddable":true,"href":"https:\/\/cbesrl.net\/fr\/wp-json\/wp\/v2\/media\/3871"}],"wp:attachment":[{"href":"https:\/\/cbesrl.net\/fr\/wp-json\/wp\/v2\/media?parent=4442"}],"wp:term":[{"taxonomy":"product_brand","embeddable":true,"href":"https:\/\/cbesrl.net\/fr\/wp-json\/wp\/v2\/product_brand?post=4442"},{"taxonomy":"product_cat","embeddable":true,"href":"https:\/\/cbesrl.net\/fr\/wp-json\/wp\/v2\/product_cat?post=4442"},{"taxonomy":"product_tag","embeddable":true,"href":"https:\/\/cbesrl.net\/fr\/wp-json\/wp\/v2\/product_tag?post=4442"}],"curies":[{"name":"wp","href":"https:\/\/api.w.org\/{rel}","templated":true}]}}