{"id":4443,"date":"2023-08-01T20:21:52","date_gmt":"2023-08-01T18:21:52","guid":{"rendered":"https:\/\/cbesrl.net\/shop\/type-ox\/"},"modified":"2024-04-17T10:10:18","modified_gmt":"2024-04-17T08:10:18","slug":"type-ox","status":"publish","type":"product","link":"https:\/\/cbesrl.net\/fr\/prodotti\/rocket-fr\/type-ox\/","title":{"rendered":"TYPE OX &#8211; Canon sublimateur de type am\u00e9ricain"},"content":{"rendered":"","protected":false},"excerpt":{"rendered":"<p>Canon sublimateur de type am\u00e9ricain.<\/p>\n<p>Canon pour travail continu, charge de 50 g, petit compresseur n\u00e9cessaire. La fum\u00e9e se concentre dans la chambre de stase et est expuls\u00e9e sur commande. Seul, il produit environ 500\/600 caisses par heure en stand-up et seul.<\/p>\n<p><strong>Puissance : MOINS DE 2 KW<\/strong><\/p>\n","protected":false},"featured_media":4234,"comment_status":"open","ping_status":"closed","template":"","meta":[],"product_brand":[],"product_cat":[86,117],"product_tag":[],"class_list":{"0":"post-4443","1":"product","2":"type-product","3":"status-publish","4":"has-post-thumbnail","6":"product_cat-rocket-fr","7":"product_cat-sublimateurs","9":"first","10":"instock","11":"featured","12":"taxable","13":"shipping-taxable","14":"purchasable","15":"product-type-simple"},"yoast_head":"<!-- This site is optimized with the Yoast SEO plugin v27.3 - https:\/\/yoast.com\/product\/yoast-seo-wordpress\/ -->\n<title>Sublimateur d&#039;Acide Oxalique - CBE SRL - Mat\u00e9riel apicole<\/title>\n<meta name=\"description\" content=\"Trouvez le sublimateur d&#039;acide oxalique id\u00e9al pour vos besoins apicoles, chez CBESRL.\" \/>\n<meta name=\"robots\" content=\"index, follow, max-snippet:-1, max-image-preview:large, max-video-preview:-1\" \/>\n<link rel=\"canonical\" href=\"https:\/\/cbesrl.net\/prodotti\/sublimatori\/rocket\/type-ox-cannone-sublimatore-stile-usa\/\" \/>\n<meta property=\"og:locale\" content=\"fr_FR\" \/>\n<meta property=\"og:type\" content=\"article\" \/>\n<meta property=\"og:title\" content=\"Sublimateur d&#039;Acide Oxalique - CBE SRL - Mat\u00e9riel apicole\" \/>\n<meta property=\"og:description\" content=\"Trouvez le sublimateur d&#039;acide oxalique id\u00e9al pour vos besoins apicoles, chez CBESRL.\" \/>\n<meta property=\"og:url\" content=\"https:\/\/cbesrl.net\/prodotti\/sublimatori\/rocket\/type-ox-cannone-sublimatore-stile-usa\/\" \/>\n<meta property=\"og:site_name\" content=\"CBE SRL\" \/>\n<meta property=\"article:modified_time\" content=\"2024-04-17T08:10:18+00:00\" \/>\n<meta property=\"og:image\" content=\"https:\/\/cbesrl.net\/wp-content\/uploads\/2023\/07\/cannone-americano.jpg\" \/>\n\t<meta property=\"og:image:width\" content=\"600\" \/>\n\t<meta property=\"og:image:height\" content=\"800\" \/>\n\t<meta property=\"og:image:type\" content=\"image\/jpeg\" \/>\n<meta name=\"twitter:card\" content=\"summary_large_image\" \/>\n<meta name=\"twitter:label1\" content=\"Dur\u00e9e de lecture estim\u00e9e\" \/>\n\t<meta name=\"twitter:data1\" content=\"1 minute\" \/>\n<script type=\"application\/ld+json\" class=\"yoast-schema-graph\">{\"@context\":\"https:\\\/\\\/schema.org\",\"@graph\":[{\"@type\":\"WebPage\",\"@id\":\"https:\\\/\\\/cbesrl.net\\\/prodotti\\\/sublimatori\\\/rocket\\\/type-ox-cannone-sublimatore-stile-usa\\\/\",\"url\":\"https:\\\/\\\/cbesrl.net\\\/prodotti\\\/sublimatori\\\/rocket\\\/type-ox-cannone-sublimatore-stile-usa\\\/\",\"name\":\"Sublimateur d'Acide Oxalique - CBE SRL - Mat\u00e9riel apicole\",\"isPartOf\":{\"@id\":\"https:\\\/\\\/cbesrl.net\\\/#website\"},\"primaryImageOfPage\":{\"@id\":\"https:\\\/\\\/cbesrl.net\\\/prodotti\\\/sublimatori\\\/rocket\\\/type-ox-cannone-sublimatore-stile-usa\\\/#primaryimage\"},\"image\":{\"@id\":\"https:\\\/\\\/cbesrl.net\\\/prodotti\\\/sublimatori\\\/rocket\\\/type-ox-cannone-sublimatore-stile-usa\\\/#primaryimage\"},\"thumbnailUrl\":\"https:\\\/\\\/cbesrl.net\\\/wp-content\\\/uploads\\\/2023\\\/07\\\/cannone-americano.jpg\",\"datePublished\":\"2023-08-01T18:21:52+00:00\",\"dateModified\":\"2024-04-17T08:10:18+00:00\",\"description\":\"Trouvez le sublimateur d'acide oxalique id\u00e9al pour vos besoins apicoles, chez CBESRL.\",\"breadcrumb\":{\"@id\":\"https:\\\/\\\/cbesrl.net\\\/prodotti\\\/sublimatori\\\/rocket\\\/type-ox-cannone-sublimatore-stile-usa\\\/#breadcrumb\"},\"inLanguage\":\"fr-FR\",\"potentialAction\":[{\"@type\":\"ReadAction\",\"target\":[\"https:\\\/\\\/cbesrl.net\\\/prodotti\\\/sublimatori\\\/rocket\\\/type-ox-cannone-sublimatore-stile-usa\\\/\"]}]},{\"@type\":\"ImageObject\",\"inLanguage\":\"fr-FR\",\"@id\":\"https:\\\/\\\/cbesrl.net\\\/prodotti\\\/sublimatori\\\/rocket\\\/type-ox-cannone-sublimatore-stile-usa\\\/#primaryimage\",\"url\":\"https:\\\/\\\/cbesrl.net\\\/wp-content\\\/uploads\\\/2023\\\/07\\\/cannone-americano.jpg\",\"contentUrl\":\"https:\\\/\\\/cbesrl.net\\\/wp-content\\\/uploads\\\/2023\\\/07\\\/cannone-americano.jpg\",\"width\":600,\"height\":800,\"caption\":\"sublimatore di acido ossalico\"},{\"@type\":\"BreadcrumbList\",\"@id\":\"https:\\\/\\\/cbesrl.net\\\/prodotti\\\/sublimatori\\\/rocket\\\/type-ox-cannone-sublimatore-stile-usa\\\/#breadcrumb\",\"itemListElement\":[{\"@type\":\"ListItem\",\"position\":1,\"name\":\"Home\",\"item\":\"https:\\\/\\\/cbesrl.net\\\/new-home\\\/\"},{\"@type\":\"ListItem\",\"position\":2,\"name\":\"Boutique\",\"item\":\"https:\\\/\\\/cbesrl.net\\\/fr\\\/boutique\\\/\"},{\"@type\":\"ListItem\",\"position\":3,\"name\":\"TYPE OX &#8211; Canon sublimateur de type am\u00e9ricain\"}]},{\"@type\":\"WebSite\",\"@id\":\"https:\\\/\\\/cbesrl.net\\\/#website\",\"url\":\"https:\\\/\\\/cbesrl.net\\\/\",\"name\":\"CBE SRL\",\"description\":\"\",\"publisher\":{\"@id\":\"https:\\\/\\\/cbesrl.net\\\/#organization\"},\"potentialAction\":[{\"@type\":\"SearchAction\",\"target\":{\"@type\":\"EntryPoint\",\"urlTemplate\":\"https:\\\/\\\/cbesrl.net\\\/?s={search_term_string}\"},\"query-input\":{\"@type\":\"PropertyValueSpecification\",\"valueRequired\":true,\"valueName\":\"search_term_string\"}}],\"inLanguage\":\"fr-FR\"},{\"@type\":\"Organization\",\"@id\":\"https:\\\/\\\/cbesrl.net\\\/#organization\",\"name\":\"CBE SRL\",\"url\":\"https:\\\/\\\/cbesrl.net\\\/\",\"logo\":{\"@type\":\"ImageObject\",\"inLanguage\":\"fr-FR\",\"@id\":\"https:\\\/\\\/cbesrl.net\\\/#\\\/schema\\\/logo\\\/image\\\/\",\"url\":\"https:\\\/\\\/cbesrl.net\\\/wp-content\\\/uploads\\\/2022\\\/01\\\/cropped-cropped-home1-01logo-1-1.png\",\"contentUrl\":\"https:\\\/\\\/cbesrl.net\\\/wp-content\\\/uploads\\\/2022\\\/01\\\/cropped-cropped-home1-01logo-1-1.png\",\"width\":1200,\"height\":447,\"caption\":\"CBE SRL\"},\"image\":{\"@id\":\"https:\\\/\\\/cbesrl.net\\\/#\\\/schema\\\/logo\\\/image\\\/\"}}]}<\/script>\n<!-- \/ Yoast SEO plugin. -->","yoast_head_json":{"title":"Sublimateur d'Acide Oxalique - CBE SRL - Mat\u00e9riel apicole","description":"Trouvez le sublimateur d'acide oxalique id\u00e9al pour vos besoins apicoles, chez CBESRL.","robots":{"index":"index","follow":"follow","max-snippet":"max-snippet:-1","max-image-preview":"max-image-preview:large","max-video-preview":"max-video-preview:-1"},"canonical":"https:\/\/cbesrl.net\/prodotti\/sublimatori\/rocket\/type-ox-cannone-sublimatore-stile-usa\/","og_locale":"fr_FR","og_type":"article","og_title":"Sublimateur d'Acide Oxalique - CBE SRL - Mat\u00e9riel apicole","og_description":"Trouvez le sublimateur d'acide oxalique id\u00e9al pour vos besoins apicoles, chez CBESRL.","og_url":"https:\/\/cbesrl.net\/prodotti\/sublimatori\/rocket\/type-ox-cannone-sublimatore-stile-usa\/","og_site_name":"CBE SRL","article_modified_time":"2024-04-17T08:10:18+00:00","og_image":[{"width":600,"height":800,"url":"https:\/\/cbesrl.net\/wp-content\/uploads\/2023\/07\/cannone-americano.jpg","type":"image\/jpeg"}],"twitter_card":"summary_large_image","twitter_misc":{"Dur\u00e9e de lecture estim\u00e9e":"1 minute"},"schema":{"@context":"https:\/\/schema.org","@graph":[{"@type":"WebPage","@id":"https:\/\/cbesrl.net\/prodotti\/sublimatori\/rocket\/type-ox-cannone-sublimatore-stile-usa\/","url":"https:\/\/cbesrl.net\/prodotti\/sublimatori\/rocket\/type-ox-cannone-sublimatore-stile-usa\/","name":"Sublimateur d'Acide Oxalique - CBE SRL - Mat\u00e9riel apicole","isPartOf":{"@id":"https:\/\/cbesrl.net\/#website"},"primaryImageOfPage":{"@id":"https:\/\/cbesrl.net\/prodotti\/sublimatori\/rocket\/type-ox-cannone-sublimatore-stile-usa\/#primaryimage"},"image":{"@id":"https:\/\/cbesrl.net\/prodotti\/sublimatori\/rocket\/type-ox-cannone-sublimatore-stile-usa\/#primaryimage"},"thumbnailUrl":"https:\/\/cbesrl.net\/wp-content\/uploads\/2023\/07\/cannone-americano.jpg","datePublished":"2023-08-01T18:21:52+00:00","dateModified":"2024-04-17T08:10:18+00:00","description":"Trouvez le sublimateur d'acide oxalique id\u00e9al pour vos besoins apicoles, chez CBESRL.","breadcrumb":{"@id":"https:\/\/cbesrl.net\/prodotti\/sublimatori\/rocket\/type-ox-cannone-sublimatore-stile-usa\/#breadcrumb"},"inLanguage":"fr-FR","potentialAction":[{"@type":"ReadAction","target":["https:\/\/cbesrl.net\/prodotti\/sublimatori\/rocket\/type-ox-cannone-sublimatore-stile-usa\/"]}]},{"@type":"ImageObject","inLanguage":"fr-FR","@id":"https:\/\/cbesrl.net\/prodotti\/sublimatori\/rocket\/type-ox-cannone-sublimatore-stile-usa\/#primaryimage","url":"https:\/\/cbesrl.net\/wp-content\/uploads\/2023\/07\/cannone-americano.jpg","contentUrl":"https:\/\/cbesrl.net\/wp-content\/uploads\/2023\/07\/cannone-americano.jpg","width":600,"height":800,"caption":"sublimatore di acido ossalico"},{"@type":"BreadcrumbList","@id":"https:\/\/cbesrl.net\/prodotti\/sublimatori\/rocket\/type-ox-cannone-sublimatore-stile-usa\/#breadcrumb","itemListElement":[{"@type":"ListItem","position":1,"name":"Home","item":"https:\/\/cbesrl.net\/new-home\/"},{"@type":"ListItem","position":2,"name":"Boutique","item":"https:\/\/cbesrl.net\/fr\/boutique\/"},{"@type":"ListItem","position":3,"name":"TYPE OX &#8211; Canon sublimateur de type am\u00e9ricain"}]},{"@type":"WebSite","@id":"https:\/\/cbesrl.net\/#website","url":"https:\/\/cbesrl.net\/","name":"CBE SRL","description":"","publisher":{"@id":"https:\/\/cbesrl.net\/#organization"},"potentialAction":[{"@type":"SearchAction","target":{"@type":"EntryPoint","urlTemplate":"https:\/\/cbesrl.net\/?s={search_term_string}"},"query-input":{"@type":"PropertyValueSpecification","valueRequired":true,"valueName":"search_term_string"}}],"inLanguage":"fr-FR"},{"@type":"Organization","@id":"https:\/\/cbesrl.net\/#organization","name":"CBE SRL","url":"https:\/\/cbesrl.net\/","logo":{"@type":"ImageObject","inLanguage":"fr-FR","@id":"https:\/\/cbesrl.net\/#\/schema\/logo\/image\/","url":"https:\/\/cbesrl.net\/wp-content\/uploads\/2022\/01\/cropped-cropped-home1-01logo-1-1.png","contentUrl":"https:\/\/cbesrl.net\/wp-content\/uploads\/2022\/01\/cropped-cropped-home1-01logo-1-1.png","width":1200,"height":447,"caption":"CBE SRL"},"image":{"@id":"https:\/\/cbesrl.net\/#\/schema\/logo\/image\/"}}]}},"_links":{"self":[{"href":"https:\/\/cbesrl.net\/fr\/wp-json\/wp\/v2\/product\/4443","targetHints":{"allow":["GET"]}}],"collection":[{"href":"https:\/\/cbesrl.net\/fr\/wp-json\/wp\/v2\/product"}],"about":[{"href":"https:\/\/cbesrl.net\/fr\/wp-json\/wp\/v2\/types\/product"}],"replies":[{"embeddable":true,"href":"https:\/\/cbesrl.net\/fr\/wp-json\/wp\/v2\/comments?post=4443"}],"wp:featuredmedia":[{"embeddable":true,"href":"https:\/\/cbesrl.net\/fr\/wp-json\/wp\/v2\/media\/4234"}],"wp:attachment":[{"href":"https:\/\/cbesrl.net\/fr\/wp-json\/wp\/v2\/media?parent=4443"}],"wp:term":[{"taxonomy":"product_brand","embeddable":true,"href":"https:\/\/cbesrl.net\/fr\/wp-json\/wp\/v2\/product_brand?post=4443"},{"taxonomy":"product_cat","embeddable":true,"href":"https:\/\/cbesrl.net\/fr\/wp-json\/wp\/v2\/product_cat?post=4443"},{"taxonomy":"product_tag","embeddable":true,"href":"https:\/\/cbesrl.net\/fr\/wp-json\/wp\/v2\/product_tag?post=4443"}],"curies":[{"name":"wp","href":"https:\/\/api.w.org\/{rel}","templated":true}]}}