{"id":4567,"date":"2023-08-01T17:37:41","date_gmt":"2023-08-01T15:37:41","guid":{"rendered":"https:\/\/cbesrl.net\/shop\/f400-pro-nuke-eski\/"},"modified":"2023-09-21T16:03:54","modified_gmt":"2023-09-21T14:03:54","slug":"f400-pro-nuke-eski","status":"publish","type":"product","link":"https:\/\/cbesrl.net\/fr\/prodotti\/super-pro-fr\/f400-pro-nuke-eski\/","title":{"rendered":"F400 PRO NUKE ESKI"},"content":{"rendered":"<p>Sublimateur d&rsquo;acide oxalique facile \u00e0 utiliser, avec son panneau de contr\u00f4le \u00e9lectronique (r\u00e9gulateur de temp\u00e9rature) permettant la sublimation de l&rsquo;acide oxalique \u00e0 la bonne temp\u00e9rature (pas d&rsquo;\u00e9bullition) est automatiquement contr\u00f4l\u00e9, et est toujours clairement visible sur l&rsquo;\u00e9cran. Il fonctionne \u00e9lectriquement ou avec la batterie de la voiture et\/ou l&rsquo;onduleur. Il est ferm\u00e9 par le bouchon. Peut \u00eatre charg\u00e9 jusqu&rsquo;\u00e0 5,0 g. Construction en acier inoxydable R\u00e9sistance en 220 volts monophas\u00e9, ou avec l&rsquo;onduleur de la voiture (non inclus) Sublimation rapide Tube en cuivre anti-colmatage Syst\u00e8me d&rsquo;auto-apprentissage pr\u00e9cis et exact pour limiter la d\u00e9rive thermique. Construction conforme aux normes CE.<\/p>\n","protected":false},"excerpt":{"rendered":"<p>F400-ESK ENHACED et pro nouveau mod\u00e8le.<\/p>\n<p>Sublimator model mega pro nuke vesion eskimox light, new entry, super powered has everything. Jusqu&rsquo;\u00e0 5 gr recommand\u00e9 avec au moins +3 caps, si vous avez du souffle \u00e0 revendre !<\/p>\n<p><strong>&lt;400 W 230V<\/strong><\/p>\n","protected":false},"featured_media":3835,"comment_status":"open","ping_status":"closed","template":"","meta":[],"product_brand":[],"product_cat":[117,102],"product_tag":[],"class_list":{"0":"post-4567","1":"product","2":"type-product","3":"status-publish","4":"has-post-thumbnail","6":"product_cat-sublimateurs","7":"product_cat-super-pro-fr","9":"first","10":"instock","11":"featured","12":"taxable","13":"shipping-taxable","14":"purchasable","15":"product-type-simple"},"yoast_head":"<!-- This site is optimized with the Yoast SEO plugin v27.3 - https:\/\/yoast.com\/product\/yoast-seo-wordpress\/ -->\n<title>F400 PRO NUKE ESKI - CBE SRL<\/title>\n<meta name=\"robots\" content=\"index, follow, max-snippet:-1, max-image-preview:large, max-video-preview:-1\" \/>\n<link rel=\"canonical\" href=\"https:\/\/cbesrl.net\/prodotti\/sublimatori\/super-pro\/f400-pro-nuke-eski\/\" \/>\n<meta property=\"og:locale\" content=\"fr_FR\" \/>\n<meta property=\"og:type\" content=\"article\" \/>\n<meta property=\"og:title\" content=\"F400 PRO NUKE ESKI - CBE SRL\" \/>\n<meta property=\"og:description\" content=\"F400-ESK ENHACED et pro nouveau mod\u00e8le.  Sublimator model mega pro nuke vesion eskimox light, new entry, super powered has everything. Jusqu&#039;\u00e0 5 gr recommand\u00e9 avec au moins +3 caps, si vous avez du souffle \u00e0 revendre !  &lt;400 W 230V\" \/>\n<meta property=\"og:url\" content=\"https:\/\/cbesrl.net\/prodotti\/sublimatori\/super-pro\/f400-pro-nuke-eski\/\" \/>\n<meta property=\"og:site_name\" content=\"CBE SRL\" \/>\n<meta property=\"article:modified_time\" content=\"2023-09-21T14:03:54+00:00\" \/>\n<meta property=\"og:image\" content=\"https:\/\/cbesrl.net\/wp-content\/uploads\/2023\/07\/39.jpg\" \/>\n\t<meta property=\"og:image:width\" content=\"1507\" \/>\n\t<meta property=\"og:image:height\" content=\"1130\" \/>\n\t<meta property=\"og:image:type\" content=\"image\/jpeg\" \/>\n<meta name=\"twitter:card\" content=\"summary_large_image\" \/>\n<meta name=\"twitter:label1\" content=\"Dur\u00e9e de lecture estim\u00e9e\" \/>\n\t<meta name=\"twitter:data1\" content=\"1 minute\" \/>\n<script type=\"application\/ld+json\" class=\"yoast-schema-graph\">{\"@context\":\"https:\\\/\\\/schema.org\",\"@graph\":[{\"@type\":\"WebPage\",\"@id\":\"https:\\\/\\\/cbesrl.net\\\/prodotti\\\/sublimatori\\\/super-pro\\\/f400-pro-nuke-eski\\\/\",\"url\":\"https:\\\/\\\/cbesrl.net\\\/prodotti\\\/sublimatori\\\/super-pro\\\/f400-pro-nuke-eski\\\/\",\"name\":\"F400 PRO NUKE ESKI - CBE SRL\",\"isPartOf\":{\"@id\":\"https:\\\/\\\/cbesrl.net\\\/#website\"},\"primaryImageOfPage\":{\"@id\":\"https:\\\/\\\/cbesrl.net\\\/prodotti\\\/sublimatori\\\/super-pro\\\/f400-pro-nuke-eski\\\/#primaryimage\"},\"image\":{\"@id\":\"https:\\\/\\\/cbesrl.net\\\/prodotti\\\/sublimatori\\\/super-pro\\\/f400-pro-nuke-eski\\\/#primaryimage\"},\"thumbnailUrl\":\"https:\\\/\\\/cbesrl.net\\\/wp-content\\\/uploads\\\/2023\\\/07\\\/39.jpg\",\"datePublished\":\"2023-08-01T15:37:41+00:00\",\"dateModified\":\"2023-09-21T14:03:54+00:00\",\"breadcrumb\":{\"@id\":\"https:\\\/\\\/cbesrl.net\\\/prodotti\\\/sublimatori\\\/super-pro\\\/f400-pro-nuke-eski\\\/#breadcrumb\"},\"inLanguage\":\"fr-FR\",\"potentialAction\":[{\"@type\":\"ReadAction\",\"target\":[\"https:\\\/\\\/cbesrl.net\\\/prodotti\\\/sublimatori\\\/super-pro\\\/f400-pro-nuke-eski\\\/\"]}]},{\"@type\":\"ImageObject\",\"inLanguage\":\"fr-FR\",\"@id\":\"https:\\\/\\\/cbesrl.net\\\/prodotti\\\/sublimatori\\\/super-pro\\\/f400-pro-nuke-eski\\\/#primaryimage\",\"url\":\"https:\\\/\\\/cbesrl.net\\\/wp-content\\\/uploads\\\/2023\\\/07\\\/39.jpg\",\"contentUrl\":\"https:\\\/\\\/cbesrl.net\\\/wp-content\\\/uploads\\\/2023\\\/07\\\/39.jpg\",\"width\":1507,\"height\":1130},{\"@type\":\"BreadcrumbList\",\"@id\":\"https:\\\/\\\/cbesrl.net\\\/prodotti\\\/sublimatori\\\/super-pro\\\/f400-pro-nuke-eski\\\/#breadcrumb\",\"itemListElement\":[{\"@type\":\"ListItem\",\"position\":1,\"name\":\"Home\",\"item\":\"https:\\\/\\\/cbesrl.net\\\/new-home\\\/\"},{\"@type\":\"ListItem\",\"position\":2,\"name\":\"Boutique\",\"item\":\"https:\\\/\\\/cbesrl.net\\\/fr\\\/boutique\\\/\"},{\"@type\":\"ListItem\",\"position\":3,\"name\":\"F400 PRO NUKE ESKI\"}]},{\"@type\":\"WebSite\",\"@id\":\"https:\\\/\\\/cbesrl.net\\\/#website\",\"url\":\"https:\\\/\\\/cbesrl.net\\\/\",\"name\":\"CBE SRL\",\"description\":\"\",\"publisher\":{\"@id\":\"https:\\\/\\\/cbesrl.net\\\/#organization\"},\"potentialAction\":[{\"@type\":\"SearchAction\",\"target\":{\"@type\":\"EntryPoint\",\"urlTemplate\":\"https:\\\/\\\/cbesrl.net\\\/?s={search_term_string}\"},\"query-input\":{\"@type\":\"PropertyValueSpecification\",\"valueRequired\":true,\"valueName\":\"search_term_string\"}}],\"inLanguage\":\"fr-FR\"},{\"@type\":\"Organization\",\"@id\":\"https:\\\/\\\/cbesrl.net\\\/#organization\",\"name\":\"CBE SRL\",\"url\":\"https:\\\/\\\/cbesrl.net\\\/\",\"logo\":{\"@type\":\"ImageObject\",\"inLanguage\":\"fr-FR\",\"@id\":\"https:\\\/\\\/cbesrl.net\\\/#\\\/schema\\\/logo\\\/image\\\/\",\"url\":\"https:\\\/\\\/cbesrl.net\\\/wp-content\\\/uploads\\\/2022\\\/01\\\/cropped-cropped-home1-01logo-1-1.png\",\"contentUrl\":\"https:\\\/\\\/cbesrl.net\\\/wp-content\\\/uploads\\\/2022\\\/01\\\/cropped-cropped-home1-01logo-1-1.png\",\"width\":1200,\"height\":447,\"caption\":\"CBE SRL\"},\"image\":{\"@id\":\"https:\\\/\\\/cbesrl.net\\\/#\\\/schema\\\/logo\\\/image\\\/\"}}]}<\/script>\n<!-- \/ Yoast SEO plugin. -->","yoast_head_json":{"title":"F400 PRO NUKE ESKI - CBE SRL","robots":{"index":"index","follow":"follow","max-snippet":"max-snippet:-1","max-image-preview":"max-image-preview:large","max-video-preview":"max-video-preview:-1"},"canonical":"https:\/\/cbesrl.net\/prodotti\/sublimatori\/super-pro\/f400-pro-nuke-eski\/","og_locale":"fr_FR","og_type":"article","og_title":"F400 PRO NUKE ESKI - CBE SRL","og_description":"F400-ESK ENHACED et pro nouveau mod\u00e8le.  Sublimator model mega pro nuke vesion eskimox light, new entry, super powered has everything. Jusqu'\u00e0 5 gr recommand\u00e9 avec au moins +3 caps, si vous avez du souffle \u00e0 revendre !  &lt;400 W 230V","og_url":"https:\/\/cbesrl.net\/prodotti\/sublimatori\/super-pro\/f400-pro-nuke-eski\/","og_site_name":"CBE SRL","article_modified_time":"2023-09-21T14:03:54+00:00","og_image":[{"width":1507,"height":1130,"url":"https:\/\/cbesrl.net\/wp-content\/uploads\/2023\/07\/39.jpg","type":"image\/jpeg"}],"twitter_card":"summary_large_image","twitter_misc":{"Dur\u00e9e de lecture estim\u00e9e":"1 minute"},"schema":{"@context":"https:\/\/schema.org","@graph":[{"@type":"WebPage","@id":"https:\/\/cbesrl.net\/prodotti\/sublimatori\/super-pro\/f400-pro-nuke-eski\/","url":"https:\/\/cbesrl.net\/prodotti\/sublimatori\/super-pro\/f400-pro-nuke-eski\/","name":"F400 PRO NUKE ESKI - CBE SRL","isPartOf":{"@id":"https:\/\/cbesrl.net\/#website"},"primaryImageOfPage":{"@id":"https:\/\/cbesrl.net\/prodotti\/sublimatori\/super-pro\/f400-pro-nuke-eski\/#primaryimage"},"image":{"@id":"https:\/\/cbesrl.net\/prodotti\/sublimatori\/super-pro\/f400-pro-nuke-eski\/#primaryimage"},"thumbnailUrl":"https:\/\/cbesrl.net\/wp-content\/uploads\/2023\/07\/39.jpg","datePublished":"2023-08-01T15:37:41+00:00","dateModified":"2023-09-21T14:03:54+00:00","breadcrumb":{"@id":"https:\/\/cbesrl.net\/prodotti\/sublimatori\/super-pro\/f400-pro-nuke-eski\/#breadcrumb"},"inLanguage":"fr-FR","potentialAction":[{"@type":"ReadAction","target":["https:\/\/cbesrl.net\/prodotti\/sublimatori\/super-pro\/f400-pro-nuke-eski\/"]}]},{"@type":"ImageObject","inLanguage":"fr-FR","@id":"https:\/\/cbesrl.net\/prodotti\/sublimatori\/super-pro\/f400-pro-nuke-eski\/#primaryimage","url":"https:\/\/cbesrl.net\/wp-content\/uploads\/2023\/07\/39.jpg","contentUrl":"https:\/\/cbesrl.net\/wp-content\/uploads\/2023\/07\/39.jpg","width":1507,"height":1130},{"@type":"BreadcrumbList","@id":"https:\/\/cbesrl.net\/prodotti\/sublimatori\/super-pro\/f400-pro-nuke-eski\/#breadcrumb","itemListElement":[{"@type":"ListItem","position":1,"name":"Home","item":"https:\/\/cbesrl.net\/new-home\/"},{"@type":"ListItem","position":2,"name":"Boutique","item":"https:\/\/cbesrl.net\/fr\/boutique\/"},{"@type":"ListItem","position":3,"name":"F400 PRO NUKE ESKI"}]},{"@type":"WebSite","@id":"https:\/\/cbesrl.net\/#website","url":"https:\/\/cbesrl.net\/","name":"CBE SRL","description":"","publisher":{"@id":"https:\/\/cbesrl.net\/#organization"},"potentialAction":[{"@type":"SearchAction","target":{"@type":"EntryPoint","urlTemplate":"https:\/\/cbesrl.net\/?s={search_term_string}"},"query-input":{"@type":"PropertyValueSpecification","valueRequired":true,"valueName":"search_term_string"}}],"inLanguage":"fr-FR"},{"@type":"Organization","@id":"https:\/\/cbesrl.net\/#organization","name":"CBE SRL","url":"https:\/\/cbesrl.net\/","logo":{"@type":"ImageObject","inLanguage":"fr-FR","@id":"https:\/\/cbesrl.net\/#\/schema\/logo\/image\/","url":"https:\/\/cbesrl.net\/wp-content\/uploads\/2022\/01\/cropped-cropped-home1-01logo-1-1.png","contentUrl":"https:\/\/cbesrl.net\/wp-content\/uploads\/2022\/01\/cropped-cropped-home1-01logo-1-1.png","width":1200,"height":447,"caption":"CBE SRL"},"image":{"@id":"https:\/\/cbesrl.net\/#\/schema\/logo\/image\/"}}]}},"_links":{"self":[{"href":"https:\/\/cbesrl.net\/fr\/wp-json\/wp\/v2\/product\/4567","targetHints":{"allow":["GET"]}}],"collection":[{"href":"https:\/\/cbesrl.net\/fr\/wp-json\/wp\/v2\/product"}],"about":[{"href":"https:\/\/cbesrl.net\/fr\/wp-json\/wp\/v2\/types\/product"}],"replies":[{"embeddable":true,"href":"https:\/\/cbesrl.net\/fr\/wp-json\/wp\/v2\/comments?post=4567"}],"wp:featuredmedia":[{"embeddable":true,"href":"https:\/\/cbesrl.net\/fr\/wp-json\/wp\/v2\/media\/3835"}],"wp:attachment":[{"href":"https:\/\/cbesrl.net\/fr\/wp-json\/wp\/v2\/media?parent=4567"}],"wp:term":[{"taxonomy":"product_brand","embeddable":true,"href":"https:\/\/cbesrl.net\/fr\/wp-json\/wp\/v2\/product_brand?post=4567"},{"taxonomy":"product_cat","embeddable":true,"href":"https:\/\/cbesrl.net\/fr\/wp-json\/wp\/v2\/product_cat?post=4567"},{"taxonomy":"product_tag","embeddable":true,"href":"https:\/\/cbesrl.net\/fr\/wp-json\/wp\/v2\/product_tag?post=4567"}],"curies":[{"name":"wp","href":"https:\/\/api.w.org\/{rel}","templated":true}]}}