{"id":4569,"date":"2023-08-01T15:31:09","date_gmt":"2023-08-01T13:31:09","guid":{"rendered":"https:\/\/cbesrl.net\/shop\/hidra-classique\/"},"modified":"2024-03-07T12:56:56","modified_gmt":"2024-03-07T11:56:56","slug":"hidra-classique","status":"publish","type":"product","link":"https:\/\/cbesrl.net\/fr\/prodotti\/iper-pro-fr\/hidra-classique\/","title":{"rendered":"HIDRA classique"},"content":{"rendered":"<p>Sublimateur d&rsquo;acide oxalique facile \u00e0 utiliser. Ce sublimateur, avec son panneau de contr\u00f4le \u00e9lectronique (r\u00e9gulateur de temp\u00e9rature), permet de sublimer l&rsquo;acide oxalique \u00e0 la bonne temp\u00e9rature. Il fonctionne \u00e9lectriquement ou avec une batterie de voiture et\/ou un onduleur. Il est ferm\u00e9 par le bouchon. La temp\u00e9rature de sublimation correcte (pas d&rsquo;\u00e9bullition) est contr\u00f4l\u00e9e automatiquement et est toujours clairement visible sur l&rsquo;\u00e9cran. Possibilit\u00e9 de r\u00e9gler la temp\u00e9rature de travail selon vos propres crit\u00e8res Possibilit\u00e9 de charger jusqu&rsquo;\u00e0 4 g. Construction en acier inoxydable Chauffage monophas\u00e9 220 volts, avec onduleur pour voiture (non inclus) Sublimation rapide Tube en cuivre anti-colmatage Syst\u00e8me d&rsquo;auto-apprentissage pr\u00e9cis et exact pour limiter la d\u00e9rive thermique. Construction conforme aux normes CE.<\/p>\n","protected":false},"excerpt":{"rendered":"<p>Ultra pro base sublimateur d&rsquo;acide oxalique avec clapet frontal universel.<\/p>\n<p>Ultra pro base -le classique- ou avec fermoir (opt). Pour les professionnels ou les apiculteurs exigeants et ceux qui ont peu de temps. Avec robinet. Temp\u00e9rature r\u00e9glable. Anti-colmatage. Pour toutes les positions de sublimation isol\u00e9es, recommand\u00e9 dans les endroits venteux. Poids jusqu&rsquo;\u00e0 4 g, vous d\u00e9cidez avec la seringue. Recommand\u00e9 pour le travail par derri\u00e8re. Reste la plus aim\u00e9e et pr\u00e9f\u00e9r\u00e9e des pros !<\/p>\n<p><strong>&lt;400 W 230V<\/strong><\/p>\n","protected":false},"featured_media":3848,"comment_status":"open","ping_status":"closed","template":"","meta":[],"product_brand":[],"product_cat":[103,117],"product_tag":[],"class_list":{"0":"post-4569","1":"product","2":"type-product","3":"status-publish","4":"has-post-thumbnail","6":"product_cat-iper-pro-fr","7":"product_cat-sublimateurs","9":"first","10":"instock","11":"featured","12":"taxable","13":"shipping-taxable","14":"purchasable","15":"product-type-simple"},"yoast_head":"<!-- This site is optimized with the Yoast SEO plugin v27.3 - https:\/\/yoast.com\/product\/yoast-seo-wordpress\/ -->\n<title>Sublimateur d&#039;Acide Oxalique \u00e0 Batterie - CBE SRL - Machines apicoles<\/title>\n<meta name=\"description\" content=\"D\u00e9couvrez notre sublimateur d&#039;acide oxalique \u00e0 batterie pour des soins pratiques des ruches, chez CBESRL.\" \/>\n<meta name=\"robots\" content=\"index, follow, max-snippet:-1, max-image-preview:large, max-video-preview:-1\" \/>\n<link rel=\"canonical\" href=\"https:\/\/cbesrl.net\/prodotti\/sublimatori\/iper-pro\/hidra-classic\/\" \/>\n<meta property=\"og:locale\" content=\"fr_FR\" \/>\n<meta property=\"og:type\" content=\"article\" \/>\n<meta property=\"og:title\" content=\"Sublimateur d&#039;Acide Oxalique \u00e0 Batterie - CBE SRL - Machines apicoles\" \/>\n<meta property=\"og:description\" content=\"D\u00e9couvrez notre sublimateur d&#039;acide oxalique \u00e0 batterie pour des soins pratiques des ruches, chez CBESRL.\" \/>\n<meta property=\"og:url\" content=\"https:\/\/cbesrl.net\/prodotti\/sublimatori\/iper-pro\/hidra-classic\/\" \/>\n<meta property=\"og:site_name\" content=\"CBE SRL\" \/>\n<meta property=\"article:modified_time\" content=\"2024-03-07T11:56:56+00:00\" \/>\n<meta property=\"og:image\" content=\"https:\/\/cbesrl.net\/wp-content\/uploads\/2023\/07\/46.jpg\" \/>\n\t<meta property=\"og:image:width\" content=\"1600\" \/>\n\t<meta property=\"og:image:height\" content=\"1200\" \/>\n\t<meta property=\"og:image:type\" content=\"image\/jpeg\" \/>\n<meta name=\"twitter:card\" content=\"summary_large_image\" \/>\n<meta name=\"twitter:label1\" content=\"Dur\u00e9e de lecture estim\u00e9e\" \/>\n\t<meta name=\"twitter:data1\" content=\"1 minute\" \/>\n<script type=\"application\/ld+json\" class=\"yoast-schema-graph\">{\"@context\":\"https:\\\/\\\/schema.org\",\"@graph\":[{\"@type\":\"WebPage\",\"@id\":\"https:\\\/\\\/cbesrl.net\\\/prodotti\\\/sublimatori\\\/iper-pro\\\/hidra-classic\\\/\",\"url\":\"https:\\\/\\\/cbesrl.net\\\/prodotti\\\/sublimatori\\\/iper-pro\\\/hidra-classic\\\/\",\"name\":\"Sublimateur d'Acide Oxalique \u00e0 Batterie - CBE SRL - Machines apicoles\",\"isPartOf\":{\"@id\":\"https:\\\/\\\/cbesrl.net\\\/#website\"},\"primaryImageOfPage\":{\"@id\":\"https:\\\/\\\/cbesrl.net\\\/prodotti\\\/sublimatori\\\/iper-pro\\\/hidra-classic\\\/#primaryimage\"},\"image\":{\"@id\":\"https:\\\/\\\/cbesrl.net\\\/prodotti\\\/sublimatori\\\/iper-pro\\\/hidra-classic\\\/#primaryimage\"},\"thumbnailUrl\":\"https:\\\/\\\/cbesrl.net\\\/wp-content\\\/uploads\\\/2023\\\/07\\\/46.jpg\",\"datePublished\":\"2023-08-01T13:31:09+00:00\",\"dateModified\":\"2024-03-07T11:56:56+00:00\",\"description\":\"D\u00e9couvrez notre sublimateur d'acide oxalique \u00e0 batterie pour des soins pratiques des ruches, chez CBESRL.\",\"breadcrumb\":{\"@id\":\"https:\\\/\\\/cbesrl.net\\\/prodotti\\\/sublimatori\\\/iper-pro\\\/hidra-classic\\\/#breadcrumb\"},\"inLanguage\":\"fr-FR\",\"potentialAction\":[{\"@type\":\"ReadAction\",\"target\":[\"https:\\\/\\\/cbesrl.net\\\/prodotti\\\/sublimatori\\\/iper-pro\\\/hidra-classic\\\/\"]}]},{\"@type\":\"ImageObject\",\"inLanguage\":\"fr-FR\",\"@id\":\"https:\\\/\\\/cbesrl.net\\\/prodotti\\\/sublimatori\\\/iper-pro\\\/hidra-classic\\\/#primaryimage\",\"url\":\"https:\\\/\\\/cbesrl.net\\\/wp-content\\\/uploads\\\/2023\\\/07\\\/46.jpg\",\"contentUrl\":\"https:\\\/\\\/cbesrl.net\\\/wp-content\\\/uploads\\\/2023\\\/07\\\/46.jpg\",\"width\":1600,\"height\":1200,\"caption\":\"sublimatore per acido ossalico\"},{\"@type\":\"BreadcrumbList\",\"@id\":\"https:\\\/\\\/cbesrl.net\\\/prodotti\\\/sublimatori\\\/iper-pro\\\/hidra-classic\\\/#breadcrumb\",\"itemListElement\":[{\"@type\":\"ListItem\",\"position\":1,\"name\":\"Home\",\"item\":\"https:\\\/\\\/cbesrl.net\\\/new-home\\\/\"},{\"@type\":\"ListItem\",\"position\":2,\"name\":\"Boutique\",\"item\":\"https:\\\/\\\/cbesrl.net\\\/fr\\\/boutique\\\/\"},{\"@type\":\"ListItem\",\"position\":3,\"name\":\"HIDRA classique\"}]},{\"@type\":\"WebSite\",\"@id\":\"https:\\\/\\\/cbesrl.net\\\/#website\",\"url\":\"https:\\\/\\\/cbesrl.net\\\/\",\"name\":\"CBE SRL\",\"description\":\"\",\"publisher\":{\"@id\":\"https:\\\/\\\/cbesrl.net\\\/#organization\"},\"potentialAction\":[{\"@type\":\"SearchAction\",\"target\":{\"@type\":\"EntryPoint\",\"urlTemplate\":\"https:\\\/\\\/cbesrl.net\\\/?s={search_term_string}\"},\"query-input\":{\"@type\":\"PropertyValueSpecification\",\"valueRequired\":true,\"valueName\":\"search_term_string\"}}],\"inLanguage\":\"fr-FR\"},{\"@type\":\"Organization\",\"@id\":\"https:\\\/\\\/cbesrl.net\\\/#organization\",\"name\":\"CBE SRL\",\"url\":\"https:\\\/\\\/cbesrl.net\\\/\",\"logo\":{\"@type\":\"ImageObject\",\"inLanguage\":\"fr-FR\",\"@id\":\"https:\\\/\\\/cbesrl.net\\\/#\\\/schema\\\/logo\\\/image\\\/\",\"url\":\"https:\\\/\\\/cbesrl.net\\\/wp-content\\\/uploads\\\/2022\\\/01\\\/cropped-cropped-home1-01logo-1-1.png\",\"contentUrl\":\"https:\\\/\\\/cbesrl.net\\\/wp-content\\\/uploads\\\/2022\\\/01\\\/cropped-cropped-home1-01logo-1-1.png\",\"width\":1200,\"height\":447,\"caption\":\"CBE SRL\"},\"image\":{\"@id\":\"https:\\\/\\\/cbesrl.net\\\/#\\\/schema\\\/logo\\\/image\\\/\"}}]}<\/script>\n<!-- \/ Yoast SEO plugin. -->","yoast_head_json":{"title":"Sublimateur d'Acide Oxalique \u00e0 Batterie - CBE SRL - Machines apicoles","description":"D\u00e9couvrez notre sublimateur d'acide oxalique \u00e0 batterie pour des soins pratiques des ruches, chez CBESRL.","robots":{"index":"index","follow":"follow","max-snippet":"max-snippet:-1","max-image-preview":"max-image-preview:large","max-video-preview":"max-video-preview:-1"},"canonical":"https:\/\/cbesrl.net\/prodotti\/sublimatori\/iper-pro\/hidra-classic\/","og_locale":"fr_FR","og_type":"article","og_title":"Sublimateur d'Acide Oxalique \u00e0 Batterie - CBE SRL - Machines apicoles","og_description":"D\u00e9couvrez notre sublimateur d'acide oxalique \u00e0 batterie pour des soins pratiques des ruches, chez CBESRL.","og_url":"https:\/\/cbesrl.net\/prodotti\/sublimatori\/iper-pro\/hidra-classic\/","og_site_name":"CBE SRL","article_modified_time":"2024-03-07T11:56:56+00:00","og_image":[{"width":1600,"height":1200,"url":"https:\/\/cbesrl.net\/wp-content\/uploads\/2023\/07\/46.jpg","type":"image\/jpeg"}],"twitter_card":"summary_large_image","twitter_misc":{"Dur\u00e9e de lecture estim\u00e9e":"1 minute"},"schema":{"@context":"https:\/\/schema.org","@graph":[{"@type":"WebPage","@id":"https:\/\/cbesrl.net\/prodotti\/sublimatori\/iper-pro\/hidra-classic\/","url":"https:\/\/cbesrl.net\/prodotti\/sublimatori\/iper-pro\/hidra-classic\/","name":"Sublimateur d'Acide Oxalique \u00e0 Batterie - CBE SRL - Machines apicoles","isPartOf":{"@id":"https:\/\/cbesrl.net\/#website"},"primaryImageOfPage":{"@id":"https:\/\/cbesrl.net\/prodotti\/sublimatori\/iper-pro\/hidra-classic\/#primaryimage"},"image":{"@id":"https:\/\/cbesrl.net\/prodotti\/sublimatori\/iper-pro\/hidra-classic\/#primaryimage"},"thumbnailUrl":"https:\/\/cbesrl.net\/wp-content\/uploads\/2023\/07\/46.jpg","datePublished":"2023-08-01T13:31:09+00:00","dateModified":"2024-03-07T11:56:56+00:00","description":"D\u00e9couvrez notre sublimateur d'acide oxalique \u00e0 batterie pour des soins pratiques des ruches, chez CBESRL.","breadcrumb":{"@id":"https:\/\/cbesrl.net\/prodotti\/sublimatori\/iper-pro\/hidra-classic\/#breadcrumb"},"inLanguage":"fr-FR","potentialAction":[{"@type":"ReadAction","target":["https:\/\/cbesrl.net\/prodotti\/sublimatori\/iper-pro\/hidra-classic\/"]}]},{"@type":"ImageObject","inLanguage":"fr-FR","@id":"https:\/\/cbesrl.net\/prodotti\/sublimatori\/iper-pro\/hidra-classic\/#primaryimage","url":"https:\/\/cbesrl.net\/wp-content\/uploads\/2023\/07\/46.jpg","contentUrl":"https:\/\/cbesrl.net\/wp-content\/uploads\/2023\/07\/46.jpg","width":1600,"height":1200,"caption":"sublimatore per acido ossalico"},{"@type":"BreadcrumbList","@id":"https:\/\/cbesrl.net\/prodotti\/sublimatori\/iper-pro\/hidra-classic\/#breadcrumb","itemListElement":[{"@type":"ListItem","position":1,"name":"Home","item":"https:\/\/cbesrl.net\/new-home\/"},{"@type":"ListItem","position":2,"name":"Boutique","item":"https:\/\/cbesrl.net\/fr\/boutique\/"},{"@type":"ListItem","position":3,"name":"HIDRA classique"}]},{"@type":"WebSite","@id":"https:\/\/cbesrl.net\/#website","url":"https:\/\/cbesrl.net\/","name":"CBE SRL","description":"","publisher":{"@id":"https:\/\/cbesrl.net\/#organization"},"potentialAction":[{"@type":"SearchAction","target":{"@type":"EntryPoint","urlTemplate":"https:\/\/cbesrl.net\/?s={search_term_string}"},"query-input":{"@type":"PropertyValueSpecification","valueRequired":true,"valueName":"search_term_string"}}],"inLanguage":"fr-FR"},{"@type":"Organization","@id":"https:\/\/cbesrl.net\/#organization","name":"CBE SRL","url":"https:\/\/cbesrl.net\/","logo":{"@type":"ImageObject","inLanguage":"fr-FR","@id":"https:\/\/cbesrl.net\/#\/schema\/logo\/image\/","url":"https:\/\/cbesrl.net\/wp-content\/uploads\/2022\/01\/cropped-cropped-home1-01logo-1-1.png","contentUrl":"https:\/\/cbesrl.net\/wp-content\/uploads\/2022\/01\/cropped-cropped-home1-01logo-1-1.png","width":1200,"height":447,"caption":"CBE SRL"},"image":{"@id":"https:\/\/cbesrl.net\/#\/schema\/logo\/image\/"}}]}},"_links":{"self":[{"href":"https:\/\/cbesrl.net\/fr\/wp-json\/wp\/v2\/product\/4569","targetHints":{"allow":["GET"]}}],"collection":[{"href":"https:\/\/cbesrl.net\/fr\/wp-json\/wp\/v2\/product"}],"about":[{"href":"https:\/\/cbesrl.net\/fr\/wp-json\/wp\/v2\/types\/product"}],"replies":[{"embeddable":true,"href":"https:\/\/cbesrl.net\/fr\/wp-json\/wp\/v2\/comments?post=4569"}],"wp:featuredmedia":[{"embeddable":true,"href":"https:\/\/cbesrl.net\/fr\/wp-json\/wp\/v2\/media\/3848"}],"wp:attachment":[{"href":"https:\/\/cbesrl.net\/fr\/wp-json\/wp\/v2\/media?parent=4569"}],"wp:term":[{"taxonomy":"product_brand","embeddable":true,"href":"https:\/\/cbesrl.net\/fr\/wp-json\/wp\/v2\/product_brand?post=4569"},{"taxonomy":"product_cat","embeddable":true,"href":"https:\/\/cbesrl.net\/fr\/wp-json\/wp\/v2\/product_cat?post=4569"},{"taxonomy":"product_tag","embeddable":true,"href":"https:\/\/cbesrl.net\/fr\/wp-json\/wp\/v2\/product_tag?post=4569"}],"curies":[{"name":"wp","href":"https:\/\/api.w.org\/{rel}","templated":true}]}}