{"id":4570,"date":"2023-08-01T14:29:00","date_gmt":"2023-08-01T12:29:00","guid":{"rendered":"https:\/\/cbesrl.net\/shop\/eski-di-light\/"},"modified":"2023-09-21T16:04:26","modified_gmt":"2023-09-21T14:04:26","slug":"eski-di-light","status":"publish","type":"product","link":"https:\/\/cbesrl.net\/fr\/prodotti\/ultra-pro-fr\/eski-di-light\/","title":{"rendered":"ESKI-DI LIGHT"},"content":{"rendered":"","protected":false},"excerpt":{"rendered":"<p>Base ultra-professionnelle de sublimation \u00e0 l&rsquo;acide oxalique pour le trou arri\u00e8re dans le nid avec support.<\/p>\n<p>Plus : grappin pour travailler sur les qubikes par l&rsquo;avant. R\u00e9glable pour des \u00e9tapes personnalis\u00e9es, facilement amovible.<\/p>\n<p><strong>&lt;400 W 230V<\/strong><\/p>\n","protected":false},"featured_media":3835,"comment_status":"open","ping_status":"closed","template":"","meta":[],"product_brand":[],"product_cat":[117,104],"product_tag":[],"class_list":{"0":"post-4570","1":"product","2":"type-product","3":"status-publish","4":"has-post-thumbnail","6":"product_cat-sublimateurs","7":"product_cat-ultra-pro-fr","9":"first","10":"instock","11":"featured","12":"taxable","13":"shipping-taxable","14":"purchasable","15":"product-type-simple"},"yoast_head":"<!-- This site is optimized with the Yoast SEO plugin v27.3 - https:\/\/yoast.com\/product\/yoast-seo-wordpress\/ -->\n<title>ESKI-DI LIGHT - CBE SRL<\/title>\n<meta name=\"robots\" content=\"index, follow, max-snippet:-1, max-image-preview:large, max-video-preview:-1\" \/>\n<link rel=\"canonical\" href=\"https:\/\/cbesrl.net\/prodotti\/sublimatori\/ultra-pro\/eski-di-light\/\" \/>\n<meta property=\"og:locale\" content=\"fr_FR\" \/>\n<meta property=\"og:type\" content=\"article\" \/>\n<meta property=\"og:title\" content=\"ESKI-DI LIGHT - CBE SRL\" \/>\n<meta property=\"og:description\" content=\"Base ultra-professionnelle de sublimation \u00e0 l&#039;acide oxalique pour le trou arri\u00e8re dans le nid avec support.  Plus : grappin pour travailler sur les qubikes par l&#039;avant. R\u00e9glable pour des \u00e9tapes personnalis\u00e9es, facilement amovible.  &lt;400 W 230V\" \/>\n<meta property=\"og:url\" content=\"https:\/\/cbesrl.net\/prodotti\/sublimatori\/ultra-pro\/eski-di-light\/\" \/>\n<meta property=\"og:site_name\" content=\"CBE SRL\" \/>\n<meta property=\"article:modified_time\" content=\"2023-09-21T14:04:26+00:00\" \/>\n<meta property=\"og:image\" content=\"https:\/\/cbesrl.net\/wp-content\/uploads\/2023\/07\/39.jpg\" \/>\n\t<meta property=\"og:image:width\" content=\"1507\" \/>\n\t<meta property=\"og:image:height\" content=\"1130\" \/>\n\t<meta property=\"og:image:type\" content=\"image\/jpeg\" \/>\n<meta name=\"twitter:card\" content=\"summary_large_image\" \/>\n<script type=\"application\/ld+json\" class=\"yoast-schema-graph\">{\"@context\":\"https:\\\/\\\/schema.org\",\"@graph\":[{\"@type\":\"WebPage\",\"@id\":\"https:\\\/\\\/cbesrl.net\\\/prodotti\\\/sublimatori\\\/ultra-pro\\\/eski-di-light\\\/\",\"url\":\"https:\\\/\\\/cbesrl.net\\\/prodotti\\\/sublimatori\\\/ultra-pro\\\/eski-di-light\\\/\",\"name\":\"ESKI-DI LIGHT - CBE SRL\",\"isPartOf\":{\"@id\":\"https:\\\/\\\/cbesrl.net\\\/#website\"},\"primaryImageOfPage\":{\"@id\":\"https:\\\/\\\/cbesrl.net\\\/prodotti\\\/sublimatori\\\/ultra-pro\\\/eski-di-light\\\/#primaryimage\"},\"image\":{\"@id\":\"https:\\\/\\\/cbesrl.net\\\/prodotti\\\/sublimatori\\\/ultra-pro\\\/eski-di-light\\\/#primaryimage\"},\"thumbnailUrl\":\"https:\\\/\\\/cbesrl.net\\\/wp-content\\\/uploads\\\/2023\\\/07\\\/39.jpg\",\"datePublished\":\"2023-08-01T12:29:00+00:00\",\"dateModified\":\"2023-09-21T14:04:26+00:00\",\"breadcrumb\":{\"@id\":\"https:\\\/\\\/cbesrl.net\\\/prodotti\\\/sublimatori\\\/ultra-pro\\\/eski-di-light\\\/#breadcrumb\"},\"inLanguage\":\"fr-FR\",\"potentialAction\":[{\"@type\":\"ReadAction\",\"target\":[\"https:\\\/\\\/cbesrl.net\\\/prodotti\\\/sublimatori\\\/ultra-pro\\\/eski-di-light\\\/\"]}]},{\"@type\":\"ImageObject\",\"inLanguage\":\"fr-FR\",\"@id\":\"https:\\\/\\\/cbesrl.net\\\/prodotti\\\/sublimatori\\\/ultra-pro\\\/eski-di-light\\\/#primaryimage\",\"url\":\"https:\\\/\\\/cbesrl.net\\\/wp-content\\\/uploads\\\/2023\\\/07\\\/39.jpg\",\"contentUrl\":\"https:\\\/\\\/cbesrl.net\\\/wp-content\\\/uploads\\\/2023\\\/07\\\/39.jpg\",\"width\":1507,\"height\":1130},{\"@type\":\"BreadcrumbList\",\"@id\":\"https:\\\/\\\/cbesrl.net\\\/prodotti\\\/sublimatori\\\/ultra-pro\\\/eski-di-light\\\/#breadcrumb\",\"itemListElement\":[{\"@type\":\"ListItem\",\"position\":1,\"name\":\"Home\",\"item\":\"https:\\\/\\\/cbesrl.net\\\/new-home\\\/\"},{\"@type\":\"ListItem\",\"position\":2,\"name\":\"Boutique\",\"item\":\"https:\\\/\\\/cbesrl.net\\\/fr\\\/boutique\\\/\"},{\"@type\":\"ListItem\",\"position\":3,\"name\":\"ESKI-DI LIGHT\"}]},{\"@type\":\"WebSite\",\"@id\":\"https:\\\/\\\/cbesrl.net\\\/#website\",\"url\":\"https:\\\/\\\/cbesrl.net\\\/\",\"name\":\"CBE SRL\",\"description\":\"\",\"publisher\":{\"@id\":\"https:\\\/\\\/cbesrl.net\\\/#organization\"},\"potentialAction\":[{\"@type\":\"SearchAction\",\"target\":{\"@type\":\"EntryPoint\",\"urlTemplate\":\"https:\\\/\\\/cbesrl.net\\\/?s={search_term_string}\"},\"query-input\":{\"@type\":\"PropertyValueSpecification\",\"valueRequired\":true,\"valueName\":\"search_term_string\"}}],\"inLanguage\":\"fr-FR\"},{\"@type\":\"Organization\",\"@id\":\"https:\\\/\\\/cbesrl.net\\\/#organization\",\"name\":\"CBE SRL\",\"url\":\"https:\\\/\\\/cbesrl.net\\\/\",\"logo\":{\"@type\":\"ImageObject\",\"inLanguage\":\"fr-FR\",\"@id\":\"https:\\\/\\\/cbesrl.net\\\/#\\\/schema\\\/logo\\\/image\\\/\",\"url\":\"https:\\\/\\\/cbesrl.net\\\/wp-content\\\/uploads\\\/2022\\\/01\\\/cropped-cropped-home1-01logo-1-1.png\",\"contentUrl\":\"https:\\\/\\\/cbesrl.net\\\/wp-content\\\/uploads\\\/2022\\\/01\\\/cropped-cropped-home1-01logo-1-1.png\",\"width\":1200,\"height\":447,\"caption\":\"CBE SRL\"},\"image\":{\"@id\":\"https:\\\/\\\/cbesrl.net\\\/#\\\/schema\\\/logo\\\/image\\\/\"}}]}<\/script>\n<!-- \/ Yoast SEO plugin. -->","yoast_head_json":{"title":"ESKI-DI LIGHT - CBE SRL","robots":{"index":"index","follow":"follow","max-snippet":"max-snippet:-1","max-image-preview":"max-image-preview:large","max-video-preview":"max-video-preview:-1"},"canonical":"https:\/\/cbesrl.net\/prodotti\/sublimatori\/ultra-pro\/eski-di-light\/","og_locale":"fr_FR","og_type":"article","og_title":"ESKI-DI LIGHT - CBE SRL","og_description":"Base ultra-professionnelle de sublimation \u00e0 l'acide oxalique pour le trou arri\u00e8re dans le nid avec support.  Plus : grappin pour travailler sur les qubikes par l'avant. R\u00e9glable pour des \u00e9tapes personnalis\u00e9es, facilement amovible.  &lt;400 W 230V","og_url":"https:\/\/cbesrl.net\/prodotti\/sublimatori\/ultra-pro\/eski-di-light\/","og_site_name":"CBE SRL","article_modified_time":"2023-09-21T14:04:26+00:00","og_image":[{"width":1507,"height":1130,"url":"https:\/\/cbesrl.net\/wp-content\/uploads\/2023\/07\/39.jpg","type":"image\/jpeg"}],"twitter_card":"summary_large_image","schema":{"@context":"https:\/\/schema.org","@graph":[{"@type":"WebPage","@id":"https:\/\/cbesrl.net\/prodotti\/sublimatori\/ultra-pro\/eski-di-light\/","url":"https:\/\/cbesrl.net\/prodotti\/sublimatori\/ultra-pro\/eski-di-light\/","name":"ESKI-DI LIGHT - CBE SRL","isPartOf":{"@id":"https:\/\/cbesrl.net\/#website"},"primaryImageOfPage":{"@id":"https:\/\/cbesrl.net\/prodotti\/sublimatori\/ultra-pro\/eski-di-light\/#primaryimage"},"image":{"@id":"https:\/\/cbesrl.net\/prodotti\/sublimatori\/ultra-pro\/eski-di-light\/#primaryimage"},"thumbnailUrl":"https:\/\/cbesrl.net\/wp-content\/uploads\/2023\/07\/39.jpg","datePublished":"2023-08-01T12:29:00+00:00","dateModified":"2023-09-21T14:04:26+00:00","breadcrumb":{"@id":"https:\/\/cbesrl.net\/prodotti\/sublimatori\/ultra-pro\/eski-di-light\/#breadcrumb"},"inLanguage":"fr-FR","potentialAction":[{"@type":"ReadAction","target":["https:\/\/cbesrl.net\/prodotti\/sublimatori\/ultra-pro\/eski-di-light\/"]}]},{"@type":"ImageObject","inLanguage":"fr-FR","@id":"https:\/\/cbesrl.net\/prodotti\/sublimatori\/ultra-pro\/eski-di-light\/#primaryimage","url":"https:\/\/cbesrl.net\/wp-content\/uploads\/2023\/07\/39.jpg","contentUrl":"https:\/\/cbesrl.net\/wp-content\/uploads\/2023\/07\/39.jpg","width":1507,"height":1130},{"@type":"BreadcrumbList","@id":"https:\/\/cbesrl.net\/prodotti\/sublimatori\/ultra-pro\/eski-di-light\/#breadcrumb","itemListElement":[{"@type":"ListItem","position":1,"name":"Home","item":"https:\/\/cbesrl.net\/new-home\/"},{"@type":"ListItem","position":2,"name":"Boutique","item":"https:\/\/cbesrl.net\/fr\/boutique\/"},{"@type":"ListItem","position":3,"name":"ESKI-DI LIGHT"}]},{"@type":"WebSite","@id":"https:\/\/cbesrl.net\/#website","url":"https:\/\/cbesrl.net\/","name":"CBE SRL","description":"","publisher":{"@id":"https:\/\/cbesrl.net\/#organization"},"potentialAction":[{"@type":"SearchAction","target":{"@type":"EntryPoint","urlTemplate":"https:\/\/cbesrl.net\/?s={search_term_string}"},"query-input":{"@type":"PropertyValueSpecification","valueRequired":true,"valueName":"search_term_string"}}],"inLanguage":"fr-FR"},{"@type":"Organization","@id":"https:\/\/cbesrl.net\/#organization","name":"CBE SRL","url":"https:\/\/cbesrl.net\/","logo":{"@type":"ImageObject","inLanguage":"fr-FR","@id":"https:\/\/cbesrl.net\/#\/schema\/logo\/image\/","url":"https:\/\/cbesrl.net\/wp-content\/uploads\/2022\/01\/cropped-cropped-home1-01logo-1-1.png","contentUrl":"https:\/\/cbesrl.net\/wp-content\/uploads\/2022\/01\/cropped-cropped-home1-01logo-1-1.png","width":1200,"height":447,"caption":"CBE SRL"},"image":{"@id":"https:\/\/cbesrl.net\/#\/schema\/logo\/image\/"}}]}},"_links":{"self":[{"href":"https:\/\/cbesrl.net\/fr\/wp-json\/wp\/v2\/product\/4570","targetHints":{"allow":["GET"]}}],"collection":[{"href":"https:\/\/cbesrl.net\/fr\/wp-json\/wp\/v2\/product"}],"about":[{"href":"https:\/\/cbesrl.net\/fr\/wp-json\/wp\/v2\/types\/product"}],"replies":[{"embeddable":true,"href":"https:\/\/cbesrl.net\/fr\/wp-json\/wp\/v2\/comments?post=4570"}],"wp:featuredmedia":[{"embeddable":true,"href":"https:\/\/cbesrl.net\/fr\/wp-json\/wp\/v2\/media\/3835"}],"wp:attachment":[{"href":"https:\/\/cbesrl.net\/fr\/wp-json\/wp\/v2\/media?parent=4570"}],"wp:term":[{"taxonomy":"product_brand","embeddable":true,"href":"https:\/\/cbesrl.net\/fr\/wp-json\/wp\/v2\/product_brand?post=4570"},{"taxonomy":"product_cat","embeddable":true,"href":"https:\/\/cbesrl.net\/fr\/wp-json\/wp\/v2\/product_cat?post=4570"},{"taxonomy":"product_tag","embeddable":true,"href":"https:\/\/cbesrl.net\/fr\/wp-json\/wp\/v2\/product_tag?post=4570"}],"curies":[{"name":"wp","href":"https:\/\/api.w.org\/{rel}","templated":true}]}}