{"id":4581,"date":"2023-08-01T07:08:28","date_gmt":"2023-08-01T05:08:28","guid":{"rendered":"https:\/\/cbesrl.net\/shop\/f300-universel\/"},"modified":"2024-03-07T12:56:29","modified_gmt":"2024-03-07T11:56:29","slug":"f300-universel","status":"publish","type":"product","link":"https:\/\/cbesrl.net\/fr\/prodotti\/professionnel\/f300-universel\/","title":{"rendered":"F300 universel"},"content":{"rendered":"<p>Le professionnel de base. Le sublimateur d&rsquo;acide oxalique, facile \u00e0 utiliser, avec son panneau de contr\u00f4le \u00e9lectronique (r\u00e9gulateur de temp\u00e9rature) permet de sublimer l&rsquo;acide oxalique \u00e0 la bonne temp\u00e9rature (pas d&rsquo;\u00e9bullition) qui est automatiquement contr\u00f4l\u00e9e et toujours clairement visible sur l&rsquo;\u00e9cran. Il fonctionne \u00e9lectriquement ou avec la batterie de la voiture et\/ou l&rsquo;onduleur. Il est ferm\u00e9 par le bouchon. Possibilit\u00e9 de charger jusqu&rsquo;\u00e0 3 g. Construction en acier inoxydable Chauffage monophas\u00e9 220 volts, ou avec onduleur de voiture (non inclus) Sublimation rapide Tube en cuivre anti-colmatage Syst\u00e8me d&rsquo;auto-apprentissage pr\u00e9cis et exact pour limiter la d\u00e9rive thermique. Construction conforme aux normes CE.<\/p>\n","protected":false},"excerpt":{"rendered":"<p>F300-classic SUBLIMATEUR PROFESSIONNEL D&rsquo;ACIDE OXALIQUE POUR TOUS LES TYPES DE POSTES<\/p>\n<p>mod\u00e8le pro de sublimateur. Pour ceux qui ont entre 20 et 50 ruches, rapidement. Bouchon doseur d&rsquo;oxalique autoportant. Temp\u00e9rature r\u00e9glable. Anti-colmatage. Jusqu&rsquo;\u00e0 3 g. N&rsquo;y pensez plus !<\/p>\n<p><strong>&lt;300 W 230V<\/strong><\/p>\n","protected":false},"featured_media":3744,"comment_status":"open","ping_status":"closed","template":"","meta":[],"product_brand":[],"product_cat":[107,117],"product_tag":[],"class_list":{"0":"post-4581","1":"product","2":"type-product","3":"status-publish","4":"has-post-thumbnail","6":"product_cat-professionnel","7":"product_cat-sublimateurs","9":"first","10":"instock","11":"featured","12":"taxable","13":"shipping-taxable","14":"purchasable","15":"product-type-simple"},"yoast_head":"<!-- This site is optimized with the Yoast SEO plugin v27.3 - https:\/\/yoast.com\/product\/yoast-seo-wordpress\/ -->\n<title>Sublimateur d&#039;Acide Oxalique - CBE SRL - Machines apicoles<\/title>\n<meta name=\"description\" content=\"Trouvez le sublimateur d&#039;acide oxalique parfait pour vos besoins, chez CBE SRL. Mat\u00e9riel apicole Vente en ligne\" \/>\n<meta name=\"robots\" content=\"index, follow, max-snippet:-1, max-image-preview:large, max-video-preview:-1\" \/>\n<link rel=\"canonical\" href=\"https:\/\/cbesrl.net\/prodotti\/sublimatori\/professionale\/f300-universal\/\" \/>\n<meta property=\"og:locale\" content=\"fr_FR\" \/>\n<meta property=\"og:type\" content=\"article\" \/>\n<meta property=\"og:title\" content=\"Sublimateur d&#039;Acide Oxalique - CBE SRL - Machines apicoles\" \/>\n<meta property=\"og:description\" content=\"Trouvez le sublimateur d&#039;acide oxalique parfait pour vos besoins, chez CBE SRL. Mat\u00e9riel apicole Vente en ligne\" \/>\n<meta property=\"og:url\" content=\"https:\/\/cbesrl.net\/prodotti\/sublimatori\/professionale\/f300-universal\/\" \/>\n<meta property=\"og:site_name\" content=\"CBE SRL\" \/>\n<meta property=\"article:modified_time\" content=\"2024-03-07T11:56:29+00:00\" \/>\n<meta property=\"og:image\" content=\"https:\/\/cbesrl.net\/wp-content\/uploads\/2023\/07\/ECOX-UNIVERSAL.jpg\" \/>\n\t<meta property=\"og:image:width\" content=\"924\" \/>\n\t<meta property=\"og:image:height\" content=\"692\" \/>\n\t<meta property=\"og:image:type\" content=\"image\/jpeg\" \/>\n<meta name=\"twitter:card\" content=\"summary_large_image\" \/>\n<meta name=\"twitter:label1\" content=\"Dur\u00e9e de lecture estim\u00e9e\" \/>\n\t<meta name=\"twitter:data1\" content=\"1 minute\" \/>\n<script type=\"application\/ld+json\" class=\"yoast-schema-graph\">{\"@context\":\"https:\\\/\\\/schema.org\",\"@graph\":[{\"@type\":\"WebPage\",\"@id\":\"https:\\\/\\\/cbesrl.net\\\/prodotti\\\/sublimatori\\\/professionale\\\/f300-universal\\\/\",\"url\":\"https:\\\/\\\/cbesrl.net\\\/prodotti\\\/sublimatori\\\/professionale\\\/f300-universal\\\/\",\"name\":\"Sublimateur d'Acide Oxalique - CBE SRL - Machines apicoles\",\"isPartOf\":{\"@id\":\"https:\\\/\\\/cbesrl.net\\\/#website\"},\"primaryImageOfPage\":{\"@id\":\"https:\\\/\\\/cbesrl.net\\\/prodotti\\\/sublimatori\\\/professionale\\\/f300-universal\\\/#primaryimage\"},\"image\":{\"@id\":\"https:\\\/\\\/cbesrl.net\\\/prodotti\\\/sublimatori\\\/professionale\\\/f300-universal\\\/#primaryimage\"},\"thumbnailUrl\":\"https:\\\/\\\/cbesrl.net\\\/wp-content\\\/uploads\\\/2023\\\/07\\\/ECOX-UNIVERSAL.jpg\",\"datePublished\":\"2023-08-01T05:08:28+00:00\",\"dateModified\":\"2024-03-07T11:56:29+00:00\",\"description\":\"Trouvez le sublimateur d'acide oxalique parfait pour vos besoins, chez CBE SRL. Mat\u00e9riel apicole Vente en ligne\",\"breadcrumb\":{\"@id\":\"https:\\\/\\\/cbesrl.net\\\/prodotti\\\/sublimatori\\\/professionale\\\/f300-universal\\\/#breadcrumb\"},\"inLanguage\":\"fr-FR\",\"potentialAction\":[{\"@type\":\"ReadAction\",\"target\":[\"https:\\\/\\\/cbesrl.net\\\/prodotti\\\/sublimatori\\\/professionale\\\/f300-universal\\\/\"]}]},{\"@type\":\"ImageObject\",\"inLanguage\":\"fr-FR\",\"@id\":\"https:\\\/\\\/cbesrl.net\\\/prodotti\\\/sublimatori\\\/professionale\\\/f300-universal\\\/#primaryimage\",\"url\":\"https:\\\/\\\/cbesrl.net\\\/wp-content\\\/uploads\\\/2023\\\/07\\\/ECOX-UNIVERSAL.jpg\",\"contentUrl\":\"https:\\\/\\\/cbesrl.net\\\/wp-content\\\/uploads\\\/2023\\\/07\\\/ECOX-UNIVERSAL.jpg\",\"width\":924,\"height\":692,\"caption\":\"sublimatore per api\"},{\"@type\":\"BreadcrumbList\",\"@id\":\"https:\\\/\\\/cbesrl.net\\\/prodotti\\\/sublimatori\\\/professionale\\\/f300-universal\\\/#breadcrumb\",\"itemListElement\":[{\"@type\":\"ListItem\",\"position\":1,\"name\":\"Home\",\"item\":\"https:\\\/\\\/cbesrl.net\\\/new-home\\\/\"},{\"@type\":\"ListItem\",\"position\":2,\"name\":\"Boutique\",\"item\":\"https:\\\/\\\/cbesrl.net\\\/fr\\\/boutique\\\/\"},{\"@type\":\"ListItem\",\"position\":3,\"name\":\"F300 universel\"}]},{\"@type\":\"WebSite\",\"@id\":\"https:\\\/\\\/cbesrl.net\\\/#website\",\"url\":\"https:\\\/\\\/cbesrl.net\\\/\",\"name\":\"CBE SRL\",\"description\":\"\",\"publisher\":{\"@id\":\"https:\\\/\\\/cbesrl.net\\\/#organization\"},\"potentialAction\":[{\"@type\":\"SearchAction\",\"target\":{\"@type\":\"EntryPoint\",\"urlTemplate\":\"https:\\\/\\\/cbesrl.net\\\/?s={search_term_string}\"},\"query-input\":{\"@type\":\"PropertyValueSpecification\",\"valueRequired\":true,\"valueName\":\"search_term_string\"}}],\"inLanguage\":\"fr-FR\"},{\"@type\":\"Organization\",\"@id\":\"https:\\\/\\\/cbesrl.net\\\/#organization\",\"name\":\"CBE SRL\",\"url\":\"https:\\\/\\\/cbesrl.net\\\/\",\"logo\":{\"@type\":\"ImageObject\",\"inLanguage\":\"fr-FR\",\"@id\":\"https:\\\/\\\/cbesrl.net\\\/#\\\/schema\\\/logo\\\/image\\\/\",\"url\":\"https:\\\/\\\/cbesrl.net\\\/wp-content\\\/uploads\\\/2022\\\/01\\\/cropped-cropped-home1-01logo-1-1.png\",\"contentUrl\":\"https:\\\/\\\/cbesrl.net\\\/wp-content\\\/uploads\\\/2022\\\/01\\\/cropped-cropped-home1-01logo-1-1.png\",\"width\":1200,\"height\":447,\"caption\":\"CBE SRL\"},\"image\":{\"@id\":\"https:\\\/\\\/cbesrl.net\\\/#\\\/schema\\\/logo\\\/image\\\/\"}}]}<\/script>\n<!-- \/ Yoast SEO plugin. -->","yoast_head_json":{"title":"Sublimateur d'Acide Oxalique - CBE SRL - Machines apicoles","description":"Trouvez le sublimateur d'acide oxalique parfait pour vos besoins, chez CBE SRL. Mat\u00e9riel apicole Vente en ligne","robots":{"index":"index","follow":"follow","max-snippet":"max-snippet:-1","max-image-preview":"max-image-preview:large","max-video-preview":"max-video-preview:-1"},"canonical":"https:\/\/cbesrl.net\/prodotti\/sublimatori\/professionale\/f300-universal\/","og_locale":"fr_FR","og_type":"article","og_title":"Sublimateur d'Acide Oxalique - CBE SRL - Machines apicoles","og_description":"Trouvez le sublimateur d'acide oxalique parfait pour vos besoins, chez CBE SRL. Mat\u00e9riel apicole Vente en ligne","og_url":"https:\/\/cbesrl.net\/prodotti\/sublimatori\/professionale\/f300-universal\/","og_site_name":"CBE SRL","article_modified_time":"2024-03-07T11:56:29+00:00","og_image":[{"width":924,"height":692,"url":"https:\/\/cbesrl.net\/wp-content\/uploads\/2023\/07\/ECOX-UNIVERSAL.jpg","type":"image\/jpeg"}],"twitter_card":"summary_large_image","twitter_misc":{"Dur\u00e9e de lecture estim\u00e9e":"1 minute"},"schema":{"@context":"https:\/\/schema.org","@graph":[{"@type":"WebPage","@id":"https:\/\/cbesrl.net\/prodotti\/sublimatori\/professionale\/f300-universal\/","url":"https:\/\/cbesrl.net\/prodotti\/sublimatori\/professionale\/f300-universal\/","name":"Sublimateur d'Acide Oxalique - CBE SRL - Machines apicoles","isPartOf":{"@id":"https:\/\/cbesrl.net\/#website"},"primaryImageOfPage":{"@id":"https:\/\/cbesrl.net\/prodotti\/sublimatori\/professionale\/f300-universal\/#primaryimage"},"image":{"@id":"https:\/\/cbesrl.net\/prodotti\/sublimatori\/professionale\/f300-universal\/#primaryimage"},"thumbnailUrl":"https:\/\/cbesrl.net\/wp-content\/uploads\/2023\/07\/ECOX-UNIVERSAL.jpg","datePublished":"2023-08-01T05:08:28+00:00","dateModified":"2024-03-07T11:56:29+00:00","description":"Trouvez le sublimateur d'acide oxalique parfait pour vos besoins, chez CBE SRL. Mat\u00e9riel apicole Vente en ligne","breadcrumb":{"@id":"https:\/\/cbesrl.net\/prodotti\/sublimatori\/professionale\/f300-universal\/#breadcrumb"},"inLanguage":"fr-FR","potentialAction":[{"@type":"ReadAction","target":["https:\/\/cbesrl.net\/prodotti\/sublimatori\/professionale\/f300-universal\/"]}]},{"@type":"ImageObject","inLanguage":"fr-FR","@id":"https:\/\/cbesrl.net\/prodotti\/sublimatori\/professionale\/f300-universal\/#primaryimage","url":"https:\/\/cbesrl.net\/wp-content\/uploads\/2023\/07\/ECOX-UNIVERSAL.jpg","contentUrl":"https:\/\/cbesrl.net\/wp-content\/uploads\/2023\/07\/ECOX-UNIVERSAL.jpg","width":924,"height":692,"caption":"sublimatore per api"},{"@type":"BreadcrumbList","@id":"https:\/\/cbesrl.net\/prodotti\/sublimatori\/professionale\/f300-universal\/#breadcrumb","itemListElement":[{"@type":"ListItem","position":1,"name":"Home","item":"https:\/\/cbesrl.net\/new-home\/"},{"@type":"ListItem","position":2,"name":"Boutique","item":"https:\/\/cbesrl.net\/fr\/boutique\/"},{"@type":"ListItem","position":3,"name":"F300 universel"}]},{"@type":"WebSite","@id":"https:\/\/cbesrl.net\/#website","url":"https:\/\/cbesrl.net\/","name":"CBE SRL","description":"","publisher":{"@id":"https:\/\/cbesrl.net\/#organization"},"potentialAction":[{"@type":"SearchAction","target":{"@type":"EntryPoint","urlTemplate":"https:\/\/cbesrl.net\/?s={search_term_string}"},"query-input":{"@type":"PropertyValueSpecification","valueRequired":true,"valueName":"search_term_string"}}],"inLanguage":"fr-FR"},{"@type":"Organization","@id":"https:\/\/cbesrl.net\/#organization","name":"CBE SRL","url":"https:\/\/cbesrl.net\/","logo":{"@type":"ImageObject","inLanguage":"fr-FR","@id":"https:\/\/cbesrl.net\/#\/schema\/logo\/image\/","url":"https:\/\/cbesrl.net\/wp-content\/uploads\/2022\/01\/cropped-cropped-home1-01logo-1-1.png","contentUrl":"https:\/\/cbesrl.net\/wp-content\/uploads\/2022\/01\/cropped-cropped-home1-01logo-1-1.png","width":1200,"height":447,"caption":"CBE SRL"},"image":{"@id":"https:\/\/cbesrl.net\/#\/schema\/logo\/image\/"}}]}},"_links":{"self":[{"href":"https:\/\/cbesrl.net\/fr\/wp-json\/wp\/v2\/product\/4581","targetHints":{"allow":["GET"]}}],"collection":[{"href":"https:\/\/cbesrl.net\/fr\/wp-json\/wp\/v2\/product"}],"about":[{"href":"https:\/\/cbesrl.net\/fr\/wp-json\/wp\/v2\/types\/product"}],"replies":[{"embeddable":true,"href":"https:\/\/cbesrl.net\/fr\/wp-json\/wp\/v2\/comments?post=4581"}],"wp:featuredmedia":[{"embeddable":true,"href":"https:\/\/cbesrl.net\/fr\/wp-json\/wp\/v2\/media\/3744"}],"wp:attachment":[{"href":"https:\/\/cbesrl.net\/fr\/wp-json\/wp\/v2\/media?parent=4581"}],"wp:term":[{"taxonomy":"product_brand","embeddable":true,"href":"https:\/\/cbesrl.net\/fr\/wp-json\/wp\/v2\/product_brand?post=4581"},{"taxonomy":"product_cat","embeddable":true,"href":"https:\/\/cbesrl.net\/fr\/wp-json\/wp\/v2\/product_cat?post=4581"},{"taxonomy":"product_tag","embeddable":true,"href":"https:\/\/cbesrl.net\/fr\/wp-json\/wp\/v2\/product_tag?post=4581"}],"curies":[{"name":"wp","href":"https:\/\/api.w.org\/{rel}","templated":true}]}}