{"id":4585,"date":"2023-08-01T00:01:36","date_gmt":"2023-07-31T22:01:36","guid":{"rendered":"https:\/\/cbesrl.net\/shop\/ecox-universal-ecox-base-sublimator\/"},"modified":"2024-03-07T12:55:34","modified_gmt":"2024-03-07T11:55:34","slug":"ecox-universal-ecox-base-sublimator","status":"publish","type":"product","link":"https:\/\/cbesrl.net\/fr\/prodotti\/doomies-fr\/ecox-universal-ecox-base-sublimator\/","title":{"rendered":"ECOX UNIVERSAL &#8211; Ecox Base Sublimator"},"content":{"rendered":"<p>LE MEILLEUR POUR BIEN D\u00c9MARRER.<br \/>\nFacile \u00e0 utiliser. Fonctionne \u00e9lectriquement ou avec une batterie de voiture et\/ou un onduleur. Il est ferm\u00e9 par le bouchon. La temp\u00e9rature de sublimation correcte (pas d&rsquo;\u00e9bullition) est contr\u00f4l\u00e9e automatiquement et est toujours clairement visible sur l&rsquo;\u00e9cran PID. Possibilit\u00e9 de r\u00e9gler la temp\u00e9rature de travail selon vos propres normes Possibilit\u00e9 de charger jusqu&rsquo;\u00e0 2,5 g. Construction en acier inoxydable Chauffage monophas\u00e9 220 volts, ou avec onduleur pour voiture (non inclus) Sublimation rapide Tube en cuivre anti-colmatage Syst\u00e8me d&rsquo;auto-apprentissage pr\u00e9cis et exact pour limiter la d\u00e9rive thermique. Construction conforme aux normes CE.<\/p>\n","protected":false},"excerpt":{"rendered":"<p>Mod\u00e8le de base du sublimateur. Pour tous les d\u00e9butants et ceux qui ont peu de ruches. Temp\u00e9rature r\u00e9glable.<br \/>\nBouchon doseur d&rsquo;oxalique autoportant. Anti-colmatage. Pour tous les types de position. Le meilleur pour les abeilles, toujours!<\/p>\n<p><strong>&lt;300 W 230V<\/strong><\/p>\n","protected":false},"featured_media":3744,"comment_status":"open","ping_status":"closed","template":"","meta":[],"product_brand":[],"product_cat":[108,117],"product_tag":[],"class_list":{"0":"post-4585","1":"product","2":"type-product","3":"status-publish","4":"has-post-thumbnail","6":"product_cat-doomies-fr","7":"product_cat-sublimateurs","9":"first","10":"instock","11":"featured","12":"taxable","13":"shipping-taxable","14":"purchasable","15":"product-type-simple"},"yoast_head":"<!-- This site is optimized with the Yoast SEO plugin v27.3 - https:\/\/yoast.com\/product\/yoast-seo-wordpress\/ -->\n<title>Sublimateur Universel pour les Abeilles - CBE SRL - Machines apicoles<\/title>\n<meta name=\"description\" content=\"D\u00e9couvrez notre sublimateur universel con\u00e7u pour l&#039;apiculture, chez CBE SRL. Mat\u00e9riel apicole Vente en ligne\" \/>\n<meta name=\"robots\" content=\"index, follow, max-snippet:-1, max-image-preview:large, max-video-preview:-1\" \/>\n<link rel=\"canonical\" href=\"https:\/\/cbesrl.net\/prodotti\/sublimatori\/doomies\/ecox-universal-sublimatore-ecox-base\/\" \/>\n<meta property=\"og:locale\" content=\"fr_FR\" \/>\n<meta property=\"og:type\" content=\"article\" \/>\n<meta property=\"og:title\" content=\"Sublimateur Universel pour les Abeilles - CBE SRL - Machines apicoles\" \/>\n<meta property=\"og:description\" content=\"D\u00e9couvrez notre sublimateur universel con\u00e7u pour l&#039;apiculture, chez CBE SRL. Mat\u00e9riel apicole Vente en ligne\" \/>\n<meta property=\"og:url\" content=\"https:\/\/cbesrl.net\/prodotti\/sublimatori\/doomies\/ecox-universal-sublimatore-ecox-base\/\" \/>\n<meta property=\"og:site_name\" content=\"CBE SRL\" \/>\n<meta property=\"article:modified_time\" content=\"2024-03-07T11:55:34+00:00\" \/>\n<meta property=\"og:image\" content=\"https:\/\/cbesrl.net\/wp-content\/uploads\/2023\/07\/ECOX-UNIVERSAL.jpg\" \/>\n\t<meta property=\"og:image:width\" content=\"924\" \/>\n\t<meta property=\"og:image:height\" content=\"692\" \/>\n\t<meta property=\"og:image:type\" content=\"image\/jpeg\" \/>\n<meta name=\"twitter:card\" content=\"summary_large_image\" \/>\n<meta name=\"twitter:label1\" content=\"Dur\u00e9e de lecture estim\u00e9e\" \/>\n\t<meta name=\"twitter:data1\" content=\"1 minute\" \/>\n<script type=\"application\/ld+json\" class=\"yoast-schema-graph\">{\"@context\":\"https:\\\/\\\/schema.org\",\"@graph\":[{\"@type\":\"WebPage\",\"@id\":\"https:\\\/\\\/cbesrl.net\\\/prodotti\\\/sublimatori\\\/doomies\\\/ecox-universal-sublimatore-ecox-base\\\/\",\"url\":\"https:\\\/\\\/cbesrl.net\\\/prodotti\\\/sublimatori\\\/doomies\\\/ecox-universal-sublimatore-ecox-base\\\/\",\"name\":\"Sublimateur Universel pour les Abeilles - CBE SRL - Machines apicoles\",\"isPartOf\":{\"@id\":\"https:\\\/\\\/cbesrl.net\\\/#website\"},\"primaryImageOfPage\":{\"@id\":\"https:\\\/\\\/cbesrl.net\\\/prodotti\\\/sublimatori\\\/doomies\\\/ecox-universal-sublimatore-ecox-base\\\/#primaryimage\"},\"image\":{\"@id\":\"https:\\\/\\\/cbesrl.net\\\/prodotti\\\/sublimatori\\\/doomies\\\/ecox-universal-sublimatore-ecox-base\\\/#primaryimage\"},\"thumbnailUrl\":\"https:\\\/\\\/cbesrl.net\\\/wp-content\\\/uploads\\\/2023\\\/07\\\/ECOX-UNIVERSAL.jpg\",\"datePublished\":\"2023-07-31T22:01:36+00:00\",\"dateModified\":\"2024-03-07T11:55:34+00:00\",\"description\":\"D\u00e9couvrez notre sublimateur universel con\u00e7u pour l'apiculture, chez CBE SRL. Mat\u00e9riel apicole Vente en ligne\",\"breadcrumb\":{\"@id\":\"https:\\\/\\\/cbesrl.net\\\/prodotti\\\/sublimatori\\\/doomies\\\/ecox-universal-sublimatore-ecox-base\\\/#breadcrumb\"},\"inLanguage\":\"fr-FR\",\"potentialAction\":[{\"@type\":\"ReadAction\",\"target\":[\"https:\\\/\\\/cbesrl.net\\\/prodotti\\\/sublimatori\\\/doomies\\\/ecox-universal-sublimatore-ecox-base\\\/\"]}]},{\"@type\":\"ImageObject\",\"inLanguage\":\"fr-FR\",\"@id\":\"https:\\\/\\\/cbesrl.net\\\/prodotti\\\/sublimatori\\\/doomies\\\/ecox-universal-sublimatore-ecox-base\\\/#primaryimage\",\"url\":\"https:\\\/\\\/cbesrl.net\\\/wp-content\\\/uploads\\\/2023\\\/07\\\/ECOX-UNIVERSAL.jpg\",\"contentUrl\":\"https:\\\/\\\/cbesrl.net\\\/wp-content\\\/uploads\\\/2023\\\/07\\\/ECOX-UNIVERSAL.jpg\",\"width\":924,\"height\":692,\"caption\":\"sublimatore per api\"},{\"@type\":\"BreadcrumbList\",\"@id\":\"https:\\\/\\\/cbesrl.net\\\/prodotti\\\/sublimatori\\\/doomies\\\/ecox-universal-sublimatore-ecox-base\\\/#breadcrumb\",\"itemListElement\":[{\"@type\":\"ListItem\",\"position\":1,\"name\":\"Home\",\"item\":\"https:\\\/\\\/cbesrl.net\\\/new-home\\\/\"},{\"@type\":\"ListItem\",\"position\":2,\"name\":\"Boutique\",\"item\":\"https:\\\/\\\/cbesrl.net\\\/fr\\\/boutique\\\/\"},{\"@type\":\"ListItem\",\"position\":3,\"name\":\"ECOX UNIVERSAL &#8211; Ecox Base Sublimator\"}]},{\"@type\":\"WebSite\",\"@id\":\"https:\\\/\\\/cbesrl.net\\\/#website\",\"url\":\"https:\\\/\\\/cbesrl.net\\\/\",\"name\":\"CBE SRL\",\"description\":\"\",\"publisher\":{\"@id\":\"https:\\\/\\\/cbesrl.net\\\/#organization\"},\"potentialAction\":[{\"@type\":\"SearchAction\",\"target\":{\"@type\":\"EntryPoint\",\"urlTemplate\":\"https:\\\/\\\/cbesrl.net\\\/?s={search_term_string}\"},\"query-input\":{\"@type\":\"PropertyValueSpecification\",\"valueRequired\":true,\"valueName\":\"search_term_string\"}}],\"inLanguage\":\"fr-FR\"},{\"@type\":\"Organization\",\"@id\":\"https:\\\/\\\/cbesrl.net\\\/#organization\",\"name\":\"CBE SRL\",\"url\":\"https:\\\/\\\/cbesrl.net\\\/\",\"logo\":{\"@type\":\"ImageObject\",\"inLanguage\":\"fr-FR\",\"@id\":\"https:\\\/\\\/cbesrl.net\\\/#\\\/schema\\\/logo\\\/image\\\/\",\"url\":\"https:\\\/\\\/cbesrl.net\\\/wp-content\\\/uploads\\\/2022\\\/01\\\/cropped-cropped-home1-01logo-1-1.png\",\"contentUrl\":\"https:\\\/\\\/cbesrl.net\\\/wp-content\\\/uploads\\\/2022\\\/01\\\/cropped-cropped-home1-01logo-1-1.png\",\"width\":1200,\"height\":447,\"caption\":\"CBE SRL\"},\"image\":{\"@id\":\"https:\\\/\\\/cbesrl.net\\\/#\\\/schema\\\/logo\\\/image\\\/\"}}]}<\/script>\n<!-- \/ Yoast SEO plugin. -->","yoast_head_json":{"title":"Sublimateur Universel pour les Abeilles - CBE SRL - Machines apicoles","description":"D\u00e9couvrez notre sublimateur universel con\u00e7u pour l'apiculture, chez CBE SRL. Mat\u00e9riel apicole Vente en ligne","robots":{"index":"index","follow":"follow","max-snippet":"max-snippet:-1","max-image-preview":"max-image-preview:large","max-video-preview":"max-video-preview:-1"},"canonical":"https:\/\/cbesrl.net\/prodotti\/sublimatori\/doomies\/ecox-universal-sublimatore-ecox-base\/","og_locale":"fr_FR","og_type":"article","og_title":"Sublimateur Universel pour les Abeilles - CBE SRL - Machines apicoles","og_description":"D\u00e9couvrez notre sublimateur universel con\u00e7u pour l'apiculture, chez CBE SRL. Mat\u00e9riel apicole Vente en ligne","og_url":"https:\/\/cbesrl.net\/prodotti\/sublimatori\/doomies\/ecox-universal-sublimatore-ecox-base\/","og_site_name":"CBE SRL","article_modified_time":"2024-03-07T11:55:34+00:00","og_image":[{"width":924,"height":692,"url":"https:\/\/cbesrl.net\/wp-content\/uploads\/2023\/07\/ECOX-UNIVERSAL.jpg","type":"image\/jpeg"}],"twitter_card":"summary_large_image","twitter_misc":{"Dur\u00e9e de lecture estim\u00e9e":"1 minute"},"schema":{"@context":"https:\/\/schema.org","@graph":[{"@type":"WebPage","@id":"https:\/\/cbesrl.net\/prodotti\/sublimatori\/doomies\/ecox-universal-sublimatore-ecox-base\/","url":"https:\/\/cbesrl.net\/prodotti\/sublimatori\/doomies\/ecox-universal-sublimatore-ecox-base\/","name":"Sublimateur Universel pour les Abeilles - CBE SRL - Machines apicoles","isPartOf":{"@id":"https:\/\/cbesrl.net\/#website"},"primaryImageOfPage":{"@id":"https:\/\/cbesrl.net\/prodotti\/sublimatori\/doomies\/ecox-universal-sublimatore-ecox-base\/#primaryimage"},"image":{"@id":"https:\/\/cbesrl.net\/prodotti\/sublimatori\/doomies\/ecox-universal-sublimatore-ecox-base\/#primaryimage"},"thumbnailUrl":"https:\/\/cbesrl.net\/wp-content\/uploads\/2023\/07\/ECOX-UNIVERSAL.jpg","datePublished":"2023-07-31T22:01:36+00:00","dateModified":"2024-03-07T11:55:34+00:00","description":"D\u00e9couvrez notre sublimateur universel con\u00e7u pour l'apiculture, chez CBE SRL. Mat\u00e9riel apicole Vente en ligne","breadcrumb":{"@id":"https:\/\/cbesrl.net\/prodotti\/sublimatori\/doomies\/ecox-universal-sublimatore-ecox-base\/#breadcrumb"},"inLanguage":"fr-FR","potentialAction":[{"@type":"ReadAction","target":["https:\/\/cbesrl.net\/prodotti\/sublimatori\/doomies\/ecox-universal-sublimatore-ecox-base\/"]}]},{"@type":"ImageObject","inLanguage":"fr-FR","@id":"https:\/\/cbesrl.net\/prodotti\/sublimatori\/doomies\/ecox-universal-sublimatore-ecox-base\/#primaryimage","url":"https:\/\/cbesrl.net\/wp-content\/uploads\/2023\/07\/ECOX-UNIVERSAL.jpg","contentUrl":"https:\/\/cbesrl.net\/wp-content\/uploads\/2023\/07\/ECOX-UNIVERSAL.jpg","width":924,"height":692,"caption":"sublimatore per api"},{"@type":"BreadcrumbList","@id":"https:\/\/cbesrl.net\/prodotti\/sublimatori\/doomies\/ecox-universal-sublimatore-ecox-base\/#breadcrumb","itemListElement":[{"@type":"ListItem","position":1,"name":"Home","item":"https:\/\/cbesrl.net\/new-home\/"},{"@type":"ListItem","position":2,"name":"Boutique","item":"https:\/\/cbesrl.net\/fr\/boutique\/"},{"@type":"ListItem","position":3,"name":"ECOX UNIVERSAL &#8211; Ecox Base Sublimator"}]},{"@type":"WebSite","@id":"https:\/\/cbesrl.net\/#website","url":"https:\/\/cbesrl.net\/","name":"CBE SRL","description":"","publisher":{"@id":"https:\/\/cbesrl.net\/#organization"},"potentialAction":[{"@type":"SearchAction","target":{"@type":"EntryPoint","urlTemplate":"https:\/\/cbesrl.net\/?s={search_term_string}"},"query-input":{"@type":"PropertyValueSpecification","valueRequired":true,"valueName":"search_term_string"}}],"inLanguage":"fr-FR"},{"@type":"Organization","@id":"https:\/\/cbesrl.net\/#organization","name":"CBE SRL","url":"https:\/\/cbesrl.net\/","logo":{"@type":"ImageObject","inLanguage":"fr-FR","@id":"https:\/\/cbesrl.net\/#\/schema\/logo\/image\/","url":"https:\/\/cbesrl.net\/wp-content\/uploads\/2022\/01\/cropped-cropped-home1-01logo-1-1.png","contentUrl":"https:\/\/cbesrl.net\/wp-content\/uploads\/2022\/01\/cropped-cropped-home1-01logo-1-1.png","width":1200,"height":447,"caption":"CBE SRL"},"image":{"@id":"https:\/\/cbesrl.net\/#\/schema\/logo\/image\/"}}]}},"_links":{"self":[{"href":"https:\/\/cbesrl.net\/fr\/wp-json\/wp\/v2\/product\/4585","targetHints":{"allow":["GET"]}}],"collection":[{"href":"https:\/\/cbesrl.net\/fr\/wp-json\/wp\/v2\/product"}],"about":[{"href":"https:\/\/cbesrl.net\/fr\/wp-json\/wp\/v2\/types\/product"}],"replies":[{"embeddable":true,"href":"https:\/\/cbesrl.net\/fr\/wp-json\/wp\/v2\/comments?post=4585"}],"wp:featuredmedia":[{"embeddable":true,"href":"https:\/\/cbesrl.net\/fr\/wp-json\/wp\/v2\/media\/3744"}],"wp:attachment":[{"href":"https:\/\/cbesrl.net\/fr\/wp-json\/wp\/v2\/media?parent=4585"}],"wp:term":[{"taxonomy":"product_brand","embeddable":true,"href":"https:\/\/cbesrl.net\/fr\/wp-json\/wp\/v2\/product_brand?post=4585"},{"taxonomy":"product_cat","embeddable":true,"href":"https:\/\/cbesrl.net\/fr\/wp-json\/wp\/v2\/product_cat?post=4585"},{"taxonomy":"product_tag","embeddable":true,"href":"https:\/\/cbesrl.net\/fr\/wp-json\/wp\/v2\/product_tag?post=4585"}],"curies":[{"name":"wp","href":"https:\/\/api.w.org\/{rel}","templated":true}]}}