{"id":6833,"date":"2025-04-11T12:00:15","date_gmt":"2025-04-11T10:00:16","guid":{"rendered":"https:\/\/cbesrl.net\/?post_type=product&#038;p=6833"},"modified":"2025-07-01T00:00:05","modified_gmt":"2025-06-30T22:00:05","slug":"big-daddy-sublimateur-10gr-copia","status":"publish","type":"product","link":"https:\/\/cbesrl.net\/fr\/prodotti\/super-professionnel\/big-daddy-sublimateur-10gr-copia\/","title":{"rendered":"HandyOX  &#8211; Sublimat\u00e9ur"},"content":{"rendered":"<p>Il s&rsquo;agit \u00e9galement d&rsquo;un sublimat\u00e9ur haute pression, gr\u00e2ce aux composants d\u00e9velopp\u00e9s par CBE, l&rsquo;entreprise la plus sp\u00e9cialis\u00e9e jamais cr\u00e9\u00e9e dans le domaine de la sublimation \u00e0 l&rsquo;acide oxalique.<\/p>\n<p><strong>C&rsquo;est un sublimat\u00e9ur qui monte une batterie, Dewalt ou Makita au choix du client, de 18V et 5A (batterie non fournie).<\/strong> Il peut \u00e9galement monter des batteries avec un amp\u00e9rage plus \u00e9lev\u00e9 mais toujours jusqu&rsquo;\u00e0 un maximum de 18V.<\/p>\n<p>Simple dans son utilisation, il peut \u00eatre utilis\u00e9 l\u00e0 o\u00f9 le rucher est situ\u00e9 dans des endroits difficiles d&rsquo;acc\u00e8s.<\/p>\n<p>Il conserve les caract\u00e9ristiques des sublimat\u00e9urs pr\u00e9c\u00e9dents, c&rsquo;est pourquoi il est \u00e9quip\u00e9 du thermor\u00e9gulateur pour maintenir la bonne temp\u00e9rature et voir facilement quand ajouter l&rsquo;acide oxalique.<\/p>\n<p>Il est \u00e9quip\u00e9 de diverses options, comme toute la s\u00e9rie F, aussi bien pour une utilisation avec les bo\u00eetiers Qubike, avec une entr\u00e9e courte (opt. Fixation QB) que pour une utilisation par derri\u00e8re, apr\u00e8s avoir perc\u00e9 un petit trou presque \u00e0 la base de la maison (opt. APDIE). Simple \u00e0 assembler et \u00e0 r\u00e9gler.<\/p>\n<p>Il est livr\u00e9 avec un bouchon autoportant, qui peut contenir, une fois rempli, 2,7\/3 g, soit la dose recommand\u00e9e pour une seule famille.<\/p>\n<p>Il est isol\u00e9 et \u00e9quip\u00e9 de protections pour \u00e9viter les d\u00e9perditions de chaleur et les br\u00fblures<\/p>\n","protected":false},"excerpt":{"rendered":"<p>Sublimateur d&rsquo;acide oxalique mega pro, pour ruches simples ou doubles.<\/p>\n<p>Sublimateur, qui peut contenir, une fois rempli, 2,7\/3 g, soit la dose recommand\u00e9e pour une seule famille.<\/p>\n<p><strong>C&rsquo;est un sublimat\u00e9ur qui monte une batterie, Dewalt ou Makita au choix du client, de 18V et 5A (batterie non fournie).<\/strong><\/p>\n","protected":false},"featured_media":6718,"comment_status":"open","ping_status":"closed","template":"","meta":[],"product_brand":[],"product_cat":[117,105],"product_tag":[],"class_list":{"0":"post-6833","1":"product","2":"type-product","3":"status-publish","4":"has-post-thumbnail","6":"product_cat-sublimateurs","7":"product_cat-super-professionnel","9":"first","10":"instock","11":"featured","12":"taxable","13":"shipping-taxable","14":"purchasable","15":"product-type-simple"},"yoast_head":"<!-- This site is optimized with the Yoast SEO plugin v27.3 - https:\/\/yoast.com\/product\/yoast-seo-wordpress\/ -->\n<title>HandyOX - Sublimat\u00e9ur - CBE SRL<\/title>\n<meta name=\"robots\" content=\"index, follow, max-snippet:-1, max-image-preview:large, max-video-preview:-1\" \/>\n<link rel=\"canonical\" href=\"https:\/\/cbesrl.net\/prodotti\/sublimatori\/super-professionale\/handyox-sublimatore\/\" \/>\n<meta property=\"og:locale\" content=\"fr_FR\" \/>\n<meta property=\"og:type\" content=\"article\" \/>\n<meta property=\"og:title\" content=\"HandyOX - Sublimat\u00e9ur - CBE SRL\" \/>\n<meta property=\"og:description\" content=\"Sublimateur d&#039;acide oxalique mega pro, pour ruches simples ou doubles.  Sublimateur, qui peut contenir, une fois rempli, 2,7\/3 g, soit la dose recommand\u00e9e pour une seule famille.  C&#039;est un sublimat\u00e9ur qui monte une batterie, Dewalt ou Makita au choix du client, de 18V et 5A (batterie non fournie).\" \/>\n<meta property=\"og:url\" content=\"https:\/\/cbesrl.net\/prodotti\/sublimatori\/super-professionale\/handyox-sublimatore\/\" \/>\n<meta property=\"og:site_name\" content=\"CBE SRL\" \/>\n<meta property=\"article:modified_time\" content=\"2025-06-30T22:00:05+00:00\" \/>\n<meta property=\"og:image\" content=\"https:\/\/cbesrl.net\/wp-content\/uploads\/2025\/02\/handy-ox-ok-scaled-e1739269538889.jpg\" \/>\n\t<meta property=\"og:image:width\" content=\"2560\" \/>\n\t<meta property=\"og:image:height\" content=\"1441\" \/>\n\t<meta property=\"og:image:type\" content=\"image\/jpeg\" \/>\n<meta name=\"twitter:card\" content=\"summary_large_image\" \/>\n<meta name=\"twitter:label1\" content=\"Dur\u00e9e de lecture estim\u00e9e\" \/>\n\t<meta name=\"twitter:data1\" content=\"1 minute\" \/>\n<script type=\"application\/ld+json\" class=\"yoast-schema-graph\">{\"@context\":\"https:\\\/\\\/schema.org\",\"@graph\":[{\"@type\":\"WebPage\",\"@id\":\"https:\\\/\\\/cbesrl.net\\\/prodotti\\\/sublimatori\\\/super-professionale\\\/handyox-sublimatore\\\/\",\"url\":\"https:\\\/\\\/cbesrl.net\\\/prodotti\\\/sublimatori\\\/super-professionale\\\/handyox-sublimatore\\\/\",\"name\":\"HandyOX - Sublimat\u00e9ur - CBE SRL\",\"isPartOf\":{\"@id\":\"https:\\\/\\\/cbesrl.net\\\/#website\"},\"primaryImageOfPage\":{\"@id\":\"https:\\\/\\\/cbesrl.net\\\/prodotti\\\/sublimatori\\\/super-professionale\\\/handyox-sublimatore\\\/#primaryimage\"},\"image\":{\"@id\":\"https:\\\/\\\/cbesrl.net\\\/prodotti\\\/sublimatori\\\/super-professionale\\\/handyox-sublimatore\\\/#primaryimage\"},\"thumbnailUrl\":\"https:\\\/\\\/cbesrl.net\\\/wp-content\\\/uploads\\\/2025\\\/02\\\/handy-ox-ok-scaled-e1739269538889.jpg\",\"datePublished\":\"2025-04-11T10:00:16+00:00\",\"dateModified\":\"2025-06-30T22:00:05+00:00\",\"breadcrumb\":{\"@id\":\"https:\\\/\\\/cbesrl.net\\\/prodotti\\\/sublimatori\\\/super-professionale\\\/handyox-sublimatore\\\/#breadcrumb\"},\"inLanguage\":\"fr-FR\",\"potentialAction\":[{\"@type\":\"ReadAction\",\"target\":[\"https:\\\/\\\/cbesrl.net\\\/prodotti\\\/sublimatori\\\/super-professionale\\\/handyox-sublimatore\\\/\"]}]},{\"@type\":\"ImageObject\",\"inLanguage\":\"fr-FR\",\"@id\":\"https:\\\/\\\/cbesrl.net\\\/prodotti\\\/sublimatori\\\/super-professionale\\\/handyox-sublimatore\\\/#primaryimage\",\"url\":\"https:\\\/\\\/cbesrl.net\\\/wp-content\\\/uploads\\\/2025\\\/02\\\/handy-ox-ok-scaled-e1739269538889.jpg\",\"contentUrl\":\"https:\\\/\\\/cbesrl.net\\\/wp-content\\\/uploads\\\/2025\\\/02\\\/handy-ox-ok-scaled-e1739269538889.jpg\",\"width\":2560,\"height\":1441},{\"@type\":\"BreadcrumbList\",\"@id\":\"https:\\\/\\\/cbesrl.net\\\/prodotti\\\/sublimatori\\\/super-professionale\\\/handyox-sublimatore\\\/#breadcrumb\",\"itemListElement\":[{\"@type\":\"ListItem\",\"position\":1,\"name\":\"Home\",\"item\":\"https:\\\/\\\/cbesrl.net\\\/new-home\\\/\"},{\"@type\":\"ListItem\",\"position\":2,\"name\":\"Boutique\",\"item\":\"https:\\\/\\\/cbesrl.net\\\/fr\\\/boutique\\\/\"},{\"@type\":\"ListItem\",\"position\":3,\"name\":\"HandyOX &#8211; Sublimat\u00e9ur\"}]},{\"@type\":\"WebSite\",\"@id\":\"https:\\\/\\\/cbesrl.net\\\/#website\",\"url\":\"https:\\\/\\\/cbesrl.net\\\/\",\"name\":\"CBE SRL\",\"description\":\"\",\"publisher\":{\"@id\":\"https:\\\/\\\/cbesrl.net\\\/#organization\"},\"potentialAction\":[{\"@type\":\"SearchAction\",\"target\":{\"@type\":\"EntryPoint\",\"urlTemplate\":\"https:\\\/\\\/cbesrl.net\\\/?s={search_term_string}\"},\"query-input\":{\"@type\":\"PropertyValueSpecification\",\"valueRequired\":true,\"valueName\":\"search_term_string\"}}],\"inLanguage\":\"fr-FR\"},{\"@type\":\"Organization\",\"@id\":\"https:\\\/\\\/cbesrl.net\\\/#organization\",\"name\":\"CBE SRL\",\"url\":\"https:\\\/\\\/cbesrl.net\\\/\",\"logo\":{\"@type\":\"ImageObject\",\"inLanguage\":\"fr-FR\",\"@id\":\"https:\\\/\\\/cbesrl.net\\\/#\\\/schema\\\/logo\\\/image\\\/\",\"url\":\"https:\\\/\\\/cbesrl.net\\\/wp-content\\\/uploads\\\/2022\\\/01\\\/cropped-cropped-home1-01logo-1-1.png\",\"contentUrl\":\"https:\\\/\\\/cbesrl.net\\\/wp-content\\\/uploads\\\/2022\\\/01\\\/cropped-cropped-home1-01logo-1-1.png\",\"width\":1200,\"height\":447,\"caption\":\"CBE SRL\"},\"image\":{\"@id\":\"https:\\\/\\\/cbesrl.net\\\/#\\\/schema\\\/logo\\\/image\\\/\"}}]}<\/script>\n<!-- \/ Yoast SEO plugin. -->","yoast_head_json":{"title":"HandyOX - Sublimat\u00e9ur - CBE SRL","robots":{"index":"index","follow":"follow","max-snippet":"max-snippet:-1","max-image-preview":"max-image-preview:large","max-video-preview":"max-video-preview:-1"},"canonical":"https:\/\/cbesrl.net\/prodotti\/sublimatori\/super-professionale\/handyox-sublimatore\/","og_locale":"fr_FR","og_type":"article","og_title":"HandyOX - Sublimat\u00e9ur - CBE SRL","og_description":"Sublimateur d'acide oxalique mega pro, pour ruches simples ou doubles.  Sublimateur, qui peut contenir, une fois rempli, 2,7\/3 g, soit la dose recommand\u00e9e pour une seule famille.  C'est un sublimat\u00e9ur qui monte une batterie, Dewalt ou Makita au choix du client, de 18V et 5A (batterie non fournie).","og_url":"https:\/\/cbesrl.net\/prodotti\/sublimatori\/super-professionale\/handyox-sublimatore\/","og_site_name":"CBE SRL","article_modified_time":"2025-06-30T22:00:05+00:00","og_image":[{"width":2560,"height":1441,"url":"https:\/\/cbesrl.net\/wp-content\/uploads\/2025\/02\/handy-ox-ok-scaled-e1739269538889.jpg","type":"image\/jpeg"}],"twitter_card":"summary_large_image","twitter_misc":{"Dur\u00e9e de lecture estim\u00e9e":"1 minute"},"schema":{"@context":"https:\/\/schema.org","@graph":[{"@type":"WebPage","@id":"https:\/\/cbesrl.net\/prodotti\/sublimatori\/super-professionale\/handyox-sublimatore\/","url":"https:\/\/cbesrl.net\/prodotti\/sublimatori\/super-professionale\/handyox-sublimatore\/","name":"HandyOX - Sublimat\u00e9ur - CBE SRL","isPartOf":{"@id":"https:\/\/cbesrl.net\/#website"},"primaryImageOfPage":{"@id":"https:\/\/cbesrl.net\/prodotti\/sublimatori\/super-professionale\/handyox-sublimatore\/#primaryimage"},"image":{"@id":"https:\/\/cbesrl.net\/prodotti\/sublimatori\/super-professionale\/handyox-sublimatore\/#primaryimage"},"thumbnailUrl":"https:\/\/cbesrl.net\/wp-content\/uploads\/2025\/02\/handy-ox-ok-scaled-e1739269538889.jpg","datePublished":"2025-04-11T10:00:16+00:00","dateModified":"2025-06-30T22:00:05+00:00","breadcrumb":{"@id":"https:\/\/cbesrl.net\/prodotti\/sublimatori\/super-professionale\/handyox-sublimatore\/#breadcrumb"},"inLanguage":"fr-FR","potentialAction":[{"@type":"ReadAction","target":["https:\/\/cbesrl.net\/prodotti\/sublimatori\/super-professionale\/handyox-sublimatore\/"]}]},{"@type":"ImageObject","inLanguage":"fr-FR","@id":"https:\/\/cbesrl.net\/prodotti\/sublimatori\/super-professionale\/handyox-sublimatore\/#primaryimage","url":"https:\/\/cbesrl.net\/wp-content\/uploads\/2025\/02\/handy-ox-ok-scaled-e1739269538889.jpg","contentUrl":"https:\/\/cbesrl.net\/wp-content\/uploads\/2025\/02\/handy-ox-ok-scaled-e1739269538889.jpg","width":2560,"height":1441},{"@type":"BreadcrumbList","@id":"https:\/\/cbesrl.net\/prodotti\/sublimatori\/super-professionale\/handyox-sublimatore\/#breadcrumb","itemListElement":[{"@type":"ListItem","position":1,"name":"Home","item":"https:\/\/cbesrl.net\/new-home\/"},{"@type":"ListItem","position":2,"name":"Boutique","item":"https:\/\/cbesrl.net\/fr\/boutique\/"},{"@type":"ListItem","position":3,"name":"HandyOX &#8211; Sublimat\u00e9ur"}]},{"@type":"WebSite","@id":"https:\/\/cbesrl.net\/#website","url":"https:\/\/cbesrl.net\/","name":"CBE SRL","description":"","publisher":{"@id":"https:\/\/cbesrl.net\/#organization"},"potentialAction":[{"@type":"SearchAction","target":{"@type":"EntryPoint","urlTemplate":"https:\/\/cbesrl.net\/?s={search_term_string}"},"query-input":{"@type":"PropertyValueSpecification","valueRequired":true,"valueName":"search_term_string"}}],"inLanguage":"fr-FR"},{"@type":"Organization","@id":"https:\/\/cbesrl.net\/#organization","name":"CBE SRL","url":"https:\/\/cbesrl.net\/","logo":{"@type":"ImageObject","inLanguage":"fr-FR","@id":"https:\/\/cbesrl.net\/#\/schema\/logo\/image\/","url":"https:\/\/cbesrl.net\/wp-content\/uploads\/2022\/01\/cropped-cropped-home1-01logo-1-1.png","contentUrl":"https:\/\/cbesrl.net\/wp-content\/uploads\/2022\/01\/cropped-cropped-home1-01logo-1-1.png","width":1200,"height":447,"caption":"CBE SRL"},"image":{"@id":"https:\/\/cbesrl.net\/#\/schema\/logo\/image\/"}}]}},"_links":{"self":[{"href":"https:\/\/cbesrl.net\/fr\/wp-json\/wp\/v2\/product\/6833","targetHints":{"allow":["GET"]}}],"collection":[{"href":"https:\/\/cbesrl.net\/fr\/wp-json\/wp\/v2\/product"}],"about":[{"href":"https:\/\/cbesrl.net\/fr\/wp-json\/wp\/v2\/types\/product"}],"replies":[{"embeddable":true,"href":"https:\/\/cbesrl.net\/fr\/wp-json\/wp\/v2\/comments?post=6833"}],"wp:featuredmedia":[{"embeddable":true,"href":"https:\/\/cbesrl.net\/fr\/wp-json\/wp\/v2\/media\/6718"}],"wp:attachment":[{"href":"https:\/\/cbesrl.net\/fr\/wp-json\/wp\/v2\/media?parent=6833"}],"wp:term":[{"taxonomy":"product_brand","embeddable":true,"href":"https:\/\/cbesrl.net\/fr\/wp-json\/wp\/v2\/product_brand?post=6833"},{"taxonomy":"product_cat","embeddable":true,"href":"https:\/\/cbesrl.net\/fr\/wp-json\/wp\/v2\/product_cat?post=6833"},{"taxonomy":"product_tag","embeddable":true,"href":"https:\/\/cbesrl.net\/fr\/wp-json\/wp\/v2\/product_tag?post=6833"}],"curies":[{"name":"wp","href":"https:\/\/api.w.org\/{rel}","templated":true}]}}